{"id":9260,"date":"2024-04-08T09:24:18","date_gmt":"2024-04-08T07:24:18","guid":{"rendered":"https:\/\/www.grills-saveurs.ch\/fr\/?post_type=product&#038;p=9260"},"modified":"2024-04-08T16:59:08","modified_gmt":"2024-04-08T14:59:08","slug":"housse-de-protection-pour-regal-pellet-400-2","status":"publish","type":"product","link":"https:\/\/www.grills-saveurs.ch\/fr\/produit\/housse-de-protection-pour-regal-pellet-400-2\/","title":{"rendered":"Housse de protection pour Regal Pellet 400"},"content":{"rendered":"<p>La housse de protection Broil King\u00ae Premium est fabriqu\u00e9e en PVC durable et r\u00e9sistant aux intemp\u00e9ries avec un tissu en polyester durable. Cette housse de haute qualit\u00e9 est dot\u00e9e de grandes poign\u00e9es en caoutchouc, de mailles cousues pour une meilleure circulation de l&rsquo;air et d&rsquo;un logo brod\u00e9.<\/p>\n","protected":false},"excerpt":{"rendered":"<p>La housse de protection Broil King\u00ae Premium est fabriqu\u00e9e en PVC durable et r\u00e9sistant aux intemp\u00e9ries avec un tissu en polyester durable. Cette housse de haute qualit\u00e9 est dot\u00e9e de grandes poign\u00e9es en caoutchouc, de mailles cousues pour une meilleure circulation de l&rsquo;air et d&rsquo;un logo brod\u00e9.<\/p>\n","protected":false},"featured_media":9261,"template":"","meta":[],"product_cat":[189,194,198,227],"product_tag":[],"yoast_head":"<!-- This site is optimized with the Yoast SEO plugin v18.2 - https:\/\/yoast.com\/wordpress\/plugins\/seo\/ -->\n<title>Housse de protection pour Regal Pellet 400 - Grills et Saveurs<\/title>\n<meta name=\"description\" content=\"La housse de protection Broil King\u00ae Premium est fabriqu\u00e9e en PVC durable et r\u00e9sistant aux intemp\u00e9ries avec un tissu en polyester durable. Cette housse de haute qualit\u00e9 est dot\u00e9e de grandes poign\u00e9es en caoutchouc, de mailles cousues pour une meilleure circulation de l&#039;air et d&#039;un logo brod\u00e9.\" \/>\n<meta name=\"robots\" content=\"index, follow, max-snippet:-1, max-image-preview:large, max-video-preview:-1\" \/>\n<link rel=\"canonical\" href=\"https:\/\/www.grills-saveurs.ch\/fr\/produit\/housse-de-protection-pour-regal-pellet-400-2\/\" \/>\n<meta property=\"og:locale\" content=\"fr_FR\" \/>\n<meta property=\"og:type\" content=\"article\" \/>\n<meta property=\"og:title\" content=\"Housse de protection pour Regal Pellet 400 - Grills et Saveurs\" \/>\n<meta property=\"og:description\" content=\"La housse de protection Broil King\u00ae Premium est fabriqu\u00e9e en PVC durable et r\u00e9sistant aux intemp\u00e9ries avec un tissu en polyester durable. Cette housse de haute qualit\u00e9 est dot\u00e9e de grandes poign\u00e9es en caoutchouc, de mailles cousues pour une meilleure circulation de l&#039;air et d&#039;un logo brod\u00e9.\" \/>\n<meta property=\"og:url\" content=\"https:\/\/www.grills-saveurs.ch\/fr\/produit\/housse-de-protection-pour-regal-pellet-400-2\/\" \/>\n<meta property=\"og:site_name\" content=\"Grills et Saveurs\" \/>\n<meta property=\"article:modified_time\" content=\"2024-04-08T14:59:08+00:00\" \/>\n<meta property=\"og:image\" content=\"https:\/\/www.grills-saveurs.ch\/fr\/wp-content\/uploads\/2024\/04\/IP311283-1.jpg\" \/>\n\t<meta property=\"og:image:width\" content=\"1510\" \/>\n\t<meta property=\"og:image:height\" content=\"1510\" \/>\n\t<meta property=\"og:image:type\" content=\"image\/jpeg\" \/>\n<meta name=\"twitter:card\" content=\"summary_large_image\" \/>\n<script type=\"application\/ld+json\" class=\"yoast-schema-graph\">{\"@context\":\"https:\/\/schema.org\",\"@graph\":[{\"@type\":\"WebSite\",\"@id\":\"https:\/\/www.grills-saveurs.ch\/fr\/#website\",\"url\":\"https:\/\/www.grills-saveurs.ch\/fr\/\",\"name\":\"Grills et Saveurs\",\"description\":\"Barbecues, Grills, Planchas, Chemin\u00e9es jardin - Lausanne, Suisse Romande\",\"potentialAction\":[{\"@type\":\"SearchAction\",\"target\":{\"@type\":\"EntryPoint\",\"urlTemplate\":\"https:\/\/www.grills-saveurs.ch\/fr\/?s={search_term_string}\"},\"query-input\":\"required name=search_term_string\"}],\"inLanguage\":\"fr-FR\"},{\"@type\":\"ImageObject\",\"@id\":\"https:\/\/www.grills-saveurs.ch\/fr\/produit\/housse-de-protection-pour-regal-pellet-400-2\/#primaryimage\",\"inLanguage\":\"fr-FR\",\"url\":\"https:\/\/www.grills-saveurs.ch\/fr\/wp-content\/uploads\/2024\/04\/IP311283-1.jpg\",\"contentUrl\":\"https:\/\/www.grills-saveurs.ch\/fr\/wp-content\/uploads\/2024\/04\/IP311283-1.jpg\",\"width\":1510,\"height\":1510},{\"@type\":\"WebPage\",\"@id\":\"https:\/\/www.grills-saveurs.ch\/fr\/produit\/housse-de-protection-pour-regal-pellet-400-2\/#webpage\",\"url\":\"https:\/\/www.grills-saveurs.ch\/fr\/produit\/housse-de-protection-pour-regal-pellet-400-2\/\",\"name\":\"Housse de protection pour Regal Pellet 400 - Grills et Saveurs\",\"isPartOf\":{\"@id\":\"https:\/\/www.grills-saveurs.ch\/fr\/#website\"},\"primaryImageOfPage\":{\"@id\":\"https:\/\/www.grills-saveurs.ch\/fr\/produit\/housse-de-protection-pour-regal-pellet-400-2\/#primaryimage\"},\"datePublished\":\"2024-04-08T07:24:18+00:00\",\"dateModified\":\"2024-04-08T14:59:08+00:00\",\"description\":\"La housse de protection Broil King\u00ae Premium est fabriqu\u00e9e en PVC durable et r\u00e9sistant aux intemp\u00e9ries avec un tissu en polyester durable. Cette housse de haute qualit\u00e9 est dot\u00e9e de grandes poign\u00e9es en caoutchouc, de mailles cousues pour une meilleure circulation de l'air et d'un logo brod\u00e9.\",\"breadcrumb\":{\"@id\":\"https:\/\/www.grills-saveurs.ch\/fr\/produit\/housse-de-protection-pour-regal-pellet-400-2\/#breadcrumb\"},\"inLanguage\":\"fr-FR\",\"potentialAction\":[{\"@type\":\"ReadAction\",\"target\":[\"https:\/\/www.grills-saveurs.ch\/fr\/produit\/housse-de-protection-pour-regal-pellet-400-2\/\"]}]},{\"@type\":\"BreadcrumbList\",\"@id\":\"https:\/\/www.grills-saveurs.ch\/fr\/produit\/housse-de-protection-pour-regal-pellet-400-2\/#breadcrumb\",\"itemListElement\":[{\"@type\":\"ListItem\",\"position\":1,\"name\":\"Accueil\",\"item\":\"https:\/\/www.grills-saveurs.ch\/fr\/\"},{\"@type\":\"ListItem\",\"position\":2,\"name\":\"Shop \/ Boutique\",\"item\":\"https:\/\/www.grills-saveurs.ch\/fr\/boutique\/\"},{\"@type\":\"ListItem\",\"position\":3,\"name\":\"Housse de protection pour Regal Pellet 400\"}]}]}<\/script>\n<!-- \/ Yoast SEO plugin. -->","yoast_head_json":{"title":"Housse de protection pour Regal Pellet 400 - Grills et Saveurs","description":"La housse de protection Broil King\u00ae Premium est fabriqu\u00e9e en PVC durable et r\u00e9sistant aux intemp\u00e9ries avec un tissu en polyester durable. Cette housse de haute qualit\u00e9 est dot\u00e9e de grandes poign\u00e9es en caoutchouc, de mailles cousues pour une meilleure circulation de l'air et d'un logo brod\u00e9.","robots":{"index":"index","follow":"follow","max-snippet":"max-snippet:-1","max-image-preview":"max-image-preview:large","max-video-preview":"max-video-preview:-1"},"canonical":"https:\/\/www.grills-saveurs.ch\/fr\/produit\/housse-de-protection-pour-regal-pellet-400-2\/","og_locale":"fr_FR","og_type":"article","og_title":"Housse de protection pour Regal Pellet 400 - Grills et Saveurs","og_description":"La housse de protection Broil King\u00ae Premium est fabriqu\u00e9e en PVC durable et r\u00e9sistant aux intemp\u00e9ries avec un tissu en polyester durable. Cette housse de haute qualit\u00e9 est dot\u00e9e de grandes poign\u00e9es en caoutchouc, de mailles cousues pour une meilleure circulation de l'air et d'un logo brod\u00e9.","og_url":"https:\/\/www.grills-saveurs.ch\/fr\/produit\/housse-de-protection-pour-regal-pellet-400-2\/","og_site_name":"Grills et Saveurs","article_modified_time":"2024-04-08T14:59:08+00:00","og_image":[{"width":1510,"height":1510,"url":"https:\/\/www.grills-saveurs.ch\/fr\/wp-content\/uploads\/2024\/04\/IP311283-1.jpg","type":"image\/jpeg"}],"twitter_card":"summary_large_image","schema":{"@context":"https:\/\/schema.org","@graph":[{"@type":"WebSite","@id":"https:\/\/www.grills-saveurs.ch\/fr\/#website","url":"https:\/\/www.grills-saveurs.ch\/fr\/","name":"Grills et Saveurs","description":"Barbecues, Grills, Planchas, Chemin\u00e9es jardin - Lausanne, Suisse Romande","potentialAction":[{"@type":"SearchAction","target":{"@type":"EntryPoint","urlTemplate":"https:\/\/www.grills-saveurs.ch\/fr\/?s={search_term_string}"},"query-input":"required name=search_term_string"}],"inLanguage":"fr-FR"},{"@type":"ImageObject","@id":"https:\/\/www.grills-saveurs.ch\/fr\/produit\/housse-de-protection-pour-regal-pellet-400-2\/#primaryimage","inLanguage":"fr-FR","url":"https:\/\/www.grills-saveurs.ch\/fr\/wp-content\/uploads\/2024\/04\/IP311283-1.jpg","contentUrl":"https:\/\/www.grills-saveurs.ch\/fr\/wp-content\/uploads\/2024\/04\/IP311283-1.jpg","width":1510,"height":1510},{"@type":"WebPage","@id":"https:\/\/www.grills-saveurs.ch\/fr\/produit\/housse-de-protection-pour-regal-pellet-400-2\/#webpage","url":"https:\/\/www.grills-saveurs.ch\/fr\/produit\/housse-de-protection-pour-regal-pellet-400-2\/","name":"Housse de protection pour Regal Pellet 400 - Grills et Saveurs","isPartOf":{"@id":"https:\/\/www.grills-saveurs.ch\/fr\/#website"},"primaryImageOfPage":{"@id":"https:\/\/www.grills-saveurs.ch\/fr\/produit\/housse-de-protection-pour-regal-pellet-400-2\/#primaryimage"},"datePublished":"2024-04-08T07:24:18+00:00","dateModified":"2024-04-08T14:59:08+00:00","description":"La housse de protection Broil King\u00ae Premium est fabriqu\u00e9e en PVC durable et r\u00e9sistant aux intemp\u00e9ries avec un tissu en polyester durable. Cette housse de haute qualit\u00e9 est dot\u00e9e de grandes poign\u00e9es en caoutchouc, de mailles cousues pour une meilleure circulation de l'air et d'un logo brod\u00e9.","breadcrumb":{"@id":"https:\/\/www.grills-saveurs.ch\/fr\/produit\/housse-de-protection-pour-regal-pellet-400-2\/#breadcrumb"},"inLanguage":"fr-FR","potentialAction":[{"@type":"ReadAction","target":["https:\/\/www.grills-saveurs.ch\/fr\/produit\/housse-de-protection-pour-regal-pellet-400-2\/"]}]},{"@type":"BreadcrumbList","@id":"https:\/\/www.grills-saveurs.ch\/fr\/produit\/housse-de-protection-pour-regal-pellet-400-2\/#breadcrumb","itemListElement":[{"@type":"ListItem","position":1,"name":"Accueil","item":"https:\/\/www.grills-saveurs.ch\/fr\/"},{"@type":"ListItem","position":2,"name":"Shop \/ Boutique","item":"https:\/\/www.grills-saveurs.ch\/fr\/boutique\/"},{"@type":"ListItem","position":3,"name":"Housse de protection pour Regal Pellet 400"}]}]}},"_links":{"self":[{"href":"https:\/\/www.grills-saveurs.ch\/fr\/wp-json\/wp\/v2\/product\/9260"}],"collection":[{"href":"https:\/\/www.grills-saveurs.ch\/fr\/wp-json\/wp\/v2\/product"}],"about":[{"href":"https:\/\/www.grills-saveurs.ch\/fr\/wp-json\/wp\/v2\/types\/product"}],"wp:featuredmedia":[{"embeddable":true,"href":"https:\/\/www.grills-saveurs.ch\/fr\/wp-json\/wp\/v2\/media\/9261"}],"wp:attachment":[{"href":"https:\/\/www.grills-saveurs.ch\/fr\/wp-json\/wp\/v2\/media?parent=9260"}],"wp:term":[{"taxonomy":"product_cat","embeddable":true,"href":"https:\/\/www.grills-saveurs.ch\/fr\/wp-json\/wp\/v2\/product_cat?post=9260"},{"taxonomy":"product_tag","embeddable":true,"href":"https:\/\/www.grills-saveurs.ch\/fr\/wp-json\/wp\/v2\/product_tag?post=9260"}],"curies":[{"name":"wp","href":"https:\/\/api.w.org\/{rel}","templated":true}]}}