{"id":9262,"date":"2024-04-08T09:24:18","date_gmt":"2024-04-08T07:24:18","guid":{"rendered":"https:\/\/www.grills-saveurs.ch\/fr\/?post_type=product&#038;p=9262"},"modified":"2024-05-18T11:22:50","modified_gmt":"2024-05-18T09:22:50","slug":"housse-de-protection-pour-imperial-xl-regal-xl","status":"publish","type":"product","link":"https:\/\/www.grills-saveurs.ch\/fr\/produit\/housse-de-protection-pour-imperial-xl-regal-xl\/","title":{"rendered":"Housse de protection pour Imperial Xl, Regal XL"},"content":{"rendered":"<p>76 po x 25 pox 48 po. PVC de qualit\u00e9 sup\u00e9rieure\/tissu de polyester. Convient aux grils \u00e0 gaz Broil King<sup>MD<\/sup>\u00a0suivants: S\u00e9rie Regal<sup>MC<\/sup>\u00a0XL, S\u00e9rie Imperial<sup>MC<\/sup>\u00a0XL.<\/p>\n","protected":false},"excerpt":{"rendered":"<p>76 po x 25 pox 48 po. PVC de qualit\u00e9 sup\u00e9rieure\/tissu de polyester. Convient aux grils \u00e0 gaz Broil KingMD\u00a0suivants: S\u00e9rie RegalMC\u00a0XL, S\u00e9rie ImperialMC\u00a0XL.<\/p>\n","protected":false},"featured_media":9256,"template":"","meta":[],"product_cat":[189,212,227],"product_tag":[],"yoast_head":"<!-- This site is optimized with the Yoast SEO plugin v18.2 - https:\/\/yoast.com\/wordpress\/plugins\/seo\/ -->\n<title>Housse de protection pour Imperial Xl, Regal XL - Grills et Saveurs<\/title>\n<meta name=\"description\" content=\"76 po x 25 pox 48 po. PVC de qualit\u00e9 sup\u00e9rieure\/tissu de polyester. Convient aux grils \u00e0 gaz Broil KingMD suivants: S\u00e9rie RegalMC XL, S\u00e9rie ImperialMC XL.\" \/>\n<meta name=\"robots\" content=\"index, follow, max-snippet:-1, max-image-preview:large, max-video-preview:-1\" \/>\n<link rel=\"canonical\" href=\"https:\/\/www.grills-saveurs.ch\/fr\/produit\/housse-de-protection-pour-imperial-xl-regal-xl\/\" \/>\n<meta property=\"og:locale\" content=\"fr_FR\" \/>\n<meta property=\"og:type\" content=\"article\" \/>\n<meta property=\"og:title\" content=\"Housse de protection pour Imperial Xl, Regal XL - Grills et Saveurs\" \/>\n<meta property=\"og:description\" content=\"76 po x 25 pox 48 po. PVC de qualit\u00e9 sup\u00e9rieure\/tissu de polyester. Convient aux grils \u00e0 gaz Broil KingMD suivants: S\u00e9rie RegalMC XL, S\u00e9rie ImperialMC XL.\" \/>\n<meta property=\"og:url\" content=\"https:\/\/www.grills-saveurs.ch\/fr\/produit\/housse-de-protection-pour-imperial-xl-regal-xl\/\" \/>\n<meta property=\"og:site_name\" content=\"Grills et Saveurs\" \/>\n<meta property=\"article:modified_time\" content=\"2024-05-18T09:22:50+00:00\" \/>\n<meta property=\"og:image\" content=\"https:\/\/www.grills-saveurs.ch\/fr\/wp-content\/uploads\/2024\/04\/accessory_68492-5.jpg\" \/>\n\t<meta property=\"og:image:width\" content=\"600\" \/>\n\t<meta property=\"og:image:height\" content=\"600\" \/>\n\t<meta property=\"og:image:type\" content=\"image\/jpeg\" \/>\n<meta name=\"twitter:card\" content=\"summary_large_image\" \/>\n<script type=\"application\/ld+json\" class=\"yoast-schema-graph\">{\"@context\":\"https:\/\/schema.org\",\"@graph\":[{\"@type\":\"WebSite\",\"@id\":\"https:\/\/www.grills-saveurs.ch\/fr\/#website\",\"url\":\"https:\/\/www.grills-saveurs.ch\/fr\/\",\"name\":\"Grills et Saveurs\",\"description\":\"Barbecues, Grills, Planchas, Chemin\u00e9es jardin - Lausanne, Suisse Romande\",\"potentialAction\":[{\"@type\":\"SearchAction\",\"target\":{\"@type\":\"EntryPoint\",\"urlTemplate\":\"https:\/\/www.grills-saveurs.ch\/fr\/?s={search_term_string}\"},\"query-input\":\"required name=search_term_string\"}],\"inLanguage\":\"fr-FR\"},{\"@type\":\"ImageObject\",\"@id\":\"https:\/\/www.grills-saveurs.ch\/fr\/produit\/housse-de-protection-pour-imperial-xl-regal-xl\/#primaryimage\",\"inLanguage\":\"fr-FR\",\"url\":\"https:\/\/www.grills-saveurs.ch\/fr\/wp-content\/uploads\/2024\/04\/accessory_68492-5.jpg\",\"contentUrl\":\"https:\/\/www.grills-saveurs.ch\/fr\/wp-content\/uploads\/2024\/04\/accessory_68492-5.jpg\",\"width\":600,\"height\":600},{\"@type\":\"WebPage\",\"@id\":\"https:\/\/www.grills-saveurs.ch\/fr\/produit\/housse-de-protection-pour-imperial-xl-regal-xl\/#webpage\",\"url\":\"https:\/\/www.grills-saveurs.ch\/fr\/produit\/housse-de-protection-pour-imperial-xl-regal-xl\/\",\"name\":\"Housse de protection pour Imperial Xl, Regal XL - Grills et Saveurs\",\"isPartOf\":{\"@id\":\"https:\/\/www.grills-saveurs.ch\/fr\/#website\"},\"primaryImageOfPage\":{\"@id\":\"https:\/\/www.grills-saveurs.ch\/fr\/produit\/housse-de-protection-pour-imperial-xl-regal-xl\/#primaryimage\"},\"datePublished\":\"2024-04-08T07:24:18+00:00\",\"dateModified\":\"2024-05-18T09:22:50+00:00\",\"description\":\"76 po x 25 pox 48 po. PVC de qualit\u00e9 sup\u00e9rieure\/tissu de polyester. Convient aux grils \u00e0 gaz Broil KingMD suivants: S\u00e9rie RegalMC XL, S\u00e9rie ImperialMC XL.\",\"breadcrumb\":{\"@id\":\"https:\/\/www.grills-saveurs.ch\/fr\/produit\/housse-de-protection-pour-imperial-xl-regal-xl\/#breadcrumb\"},\"inLanguage\":\"fr-FR\",\"potentialAction\":[{\"@type\":\"ReadAction\",\"target\":[\"https:\/\/www.grills-saveurs.ch\/fr\/produit\/housse-de-protection-pour-imperial-xl-regal-xl\/\"]}]},{\"@type\":\"BreadcrumbList\",\"@id\":\"https:\/\/www.grills-saveurs.ch\/fr\/produit\/housse-de-protection-pour-imperial-xl-regal-xl\/#breadcrumb\",\"itemListElement\":[{\"@type\":\"ListItem\",\"position\":1,\"name\":\"Accueil\",\"item\":\"https:\/\/www.grills-saveurs.ch\/fr\/\"},{\"@type\":\"ListItem\",\"position\":2,\"name\":\"Shop \/ Boutique\",\"item\":\"https:\/\/www.grills-saveurs.ch\/fr\/boutique\/\"},{\"@type\":\"ListItem\",\"position\":3,\"name\":\"Housse de protection pour Imperial Xl, Regal XL\"}]}]}<\/script>\n<!-- \/ Yoast SEO plugin. -->","yoast_head_json":{"title":"Housse de protection pour Imperial Xl, Regal XL - Grills et Saveurs","description":"76 po x 25 pox 48 po. PVC de qualit\u00e9 sup\u00e9rieure\/tissu de polyester. Convient aux grils \u00e0 gaz Broil KingMD suivants: S\u00e9rie RegalMC XL, S\u00e9rie ImperialMC XL.","robots":{"index":"index","follow":"follow","max-snippet":"max-snippet:-1","max-image-preview":"max-image-preview:large","max-video-preview":"max-video-preview:-1"},"canonical":"https:\/\/www.grills-saveurs.ch\/fr\/produit\/housse-de-protection-pour-imperial-xl-regal-xl\/","og_locale":"fr_FR","og_type":"article","og_title":"Housse de protection pour Imperial Xl, Regal XL - Grills et Saveurs","og_description":"76 po x 25 pox 48 po. PVC de qualit\u00e9 sup\u00e9rieure\/tissu de polyester. Convient aux grils \u00e0 gaz Broil KingMD suivants: S\u00e9rie RegalMC XL, S\u00e9rie ImperialMC XL.","og_url":"https:\/\/www.grills-saveurs.ch\/fr\/produit\/housse-de-protection-pour-imperial-xl-regal-xl\/","og_site_name":"Grills et Saveurs","article_modified_time":"2024-05-18T09:22:50+00:00","og_image":[{"width":600,"height":600,"url":"https:\/\/www.grills-saveurs.ch\/fr\/wp-content\/uploads\/2024\/04\/accessory_68492-5.jpg","type":"image\/jpeg"}],"twitter_card":"summary_large_image","schema":{"@context":"https:\/\/schema.org","@graph":[{"@type":"WebSite","@id":"https:\/\/www.grills-saveurs.ch\/fr\/#website","url":"https:\/\/www.grills-saveurs.ch\/fr\/","name":"Grills et Saveurs","description":"Barbecues, Grills, Planchas, Chemin\u00e9es jardin - Lausanne, Suisse Romande","potentialAction":[{"@type":"SearchAction","target":{"@type":"EntryPoint","urlTemplate":"https:\/\/www.grills-saveurs.ch\/fr\/?s={search_term_string}"},"query-input":"required name=search_term_string"}],"inLanguage":"fr-FR"},{"@type":"ImageObject","@id":"https:\/\/www.grills-saveurs.ch\/fr\/produit\/housse-de-protection-pour-imperial-xl-regal-xl\/#primaryimage","inLanguage":"fr-FR","url":"https:\/\/www.grills-saveurs.ch\/fr\/wp-content\/uploads\/2024\/04\/accessory_68492-5.jpg","contentUrl":"https:\/\/www.grills-saveurs.ch\/fr\/wp-content\/uploads\/2024\/04\/accessory_68492-5.jpg","width":600,"height":600},{"@type":"WebPage","@id":"https:\/\/www.grills-saveurs.ch\/fr\/produit\/housse-de-protection-pour-imperial-xl-regal-xl\/#webpage","url":"https:\/\/www.grills-saveurs.ch\/fr\/produit\/housse-de-protection-pour-imperial-xl-regal-xl\/","name":"Housse de protection pour Imperial Xl, Regal XL - Grills et Saveurs","isPartOf":{"@id":"https:\/\/www.grills-saveurs.ch\/fr\/#website"},"primaryImageOfPage":{"@id":"https:\/\/www.grills-saveurs.ch\/fr\/produit\/housse-de-protection-pour-imperial-xl-regal-xl\/#primaryimage"},"datePublished":"2024-04-08T07:24:18+00:00","dateModified":"2024-05-18T09:22:50+00:00","description":"76 po x 25 pox 48 po. PVC de qualit\u00e9 sup\u00e9rieure\/tissu de polyester. Convient aux grils \u00e0 gaz Broil KingMD suivants: S\u00e9rie RegalMC XL, S\u00e9rie ImperialMC XL.","breadcrumb":{"@id":"https:\/\/www.grills-saveurs.ch\/fr\/produit\/housse-de-protection-pour-imperial-xl-regal-xl\/#breadcrumb"},"inLanguage":"fr-FR","potentialAction":[{"@type":"ReadAction","target":["https:\/\/www.grills-saveurs.ch\/fr\/produit\/housse-de-protection-pour-imperial-xl-regal-xl\/"]}]},{"@type":"BreadcrumbList","@id":"https:\/\/www.grills-saveurs.ch\/fr\/produit\/housse-de-protection-pour-imperial-xl-regal-xl\/#breadcrumb","itemListElement":[{"@type":"ListItem","position":1,"name":"Accueil","item":"https:\/\/www.grills-saveurs.ch\/fr\/"},{"@type":"ListItem","position":2,"name":"Shop \/ Boutique","item":"https:\/\/www.grills-saveurs.ch\/fr\/boutique\/"},{"@type":"ListItem","position":3,"name":"Housse de protection pour Imperial Xl, Regal XL"}]}]}},"_links":{"self":[{"href":"https:\/\/www.grills-saveurs.ch\/fr\/wp-json\/wp\/v2\/product\/9262"}],"collection":[{"href":"https:\/\/www.grills-saveurs.ch\/fr\/wp-json\/wp\/v2\/product"}],"about":[{"href":"https:\/\/www.grills-saveurs.ch\/fr\/wp-json\/wp\/v2\/types\/product"}],"wp:featuredmedia":[{"embeddable":true,"href":"https:\/\/www.grills-saveurs.ch\/fr\/wp-json\/wp\/v2\/media\/9256"}],"wp:attachment":[{"href":"https:\/\/www.grills-saveurs.ch\/fr\/wp-json\/wp\/v2\/media?parent=9262"}],"wp:term":[{"taxonomy":"product_cat","embeddable":true,"href":"https:\/\/www.grills-saveurs.ch\/fr\/wp-json\/wp\/v2\/product_cat?post=9262"},{"taxonomy":"product_tag","embeddable":true,"href":"https:\/\/www.grills-saveurs.ch\/fr\/wp-json\/wp\/v2\/product_tag?post=9262"}],"curies":[{"name":"wp","href":"https:\/\/api.w.org\/{rel}","templated":true}]}}