{"id":9268,"date":"2024-04-08T09:24:27","date_gmt":"2024-04-08T07:24:27","guid":{"rendered":"https:\/\/www.grills-saveurs.ch\/fr\/?post_type=product&#038;p=9268"},"modified":"2024-04-08T09:24:28","modified_gmt":"2024-04-08T07:24:28","slug":"panier-pour-rotisserie-weber-en-acier-carbone","status":"publish","type":"product","link":"https:\/\/www.grills-saveurs.ch\/fr\/produit\/panier-pour-rotisserie-weber-en-acier-carbone\/","title":{"rendered":"Panier pour r\u00f4tisserie Weber &#8211; En acier carbone"},"content":{"rendered":"<p>Vous pouvez utiliser ce panier de marque Weber sur tous les barbecues \u00e0 grill pivotant. En acier inoxydable. Parfait pour des pommes de terre grill\u00e9es croustillantes ou de grands morceaux de l\u00e9gumes. Fabriqu\u00e9 avec des mat\u00e9riaux de haute qualit\u00e9. Marque\u202f: Weber. Convient \u00e0 tous les m\u00e9nages, qui fournit \u00e9galement \u00e0 l&rsquo;ext\u00e9rieur.<\/p>\n","protected":false},"excerpt":{"rendered":"<p>WB-17394<\/p>\n","protected":false},"featured_media":9272,"template":"","meta":[],"product_cat":[79,62,160,117,161],"product_tag":[],"yoast_head":"<!-- This site is optimized with the Yoast SEO plugin v18.2 - https:\/\/yoast.com\/wordpress\/plugins\/seo\/ -->\n<title>Panier pour r\u00f4tisserie Weber - En acier carbone - Grills et Saveurs<\/title>\n<meta name=\"description\" content=\"Vous pouvez utiliser ce panier de marque Weber sur tous les barbecues \u00e0 grill pivotant. En acier inoxydable. Parfait pour des pommes de terre grill\u00e9es croustillantes ou de grands morceaux de l\u00e9gumes. Fabriqu\u00e9 avec des mat\u00e9riaux de haute qualit\u00e9. Marque\u202f: Weber. Convient \u00e0 tous les m\u00e9nages, qui fournit \u00e9galement \u00e0 l&#039;ext\u00e9rieur.\" \/>\n<meta name=\"robots\" content=\"index, follow, max-snippet:-1, max-image-preview:large, max-video-preview:-1\" \/>\n<link rel=\"canonical\" href=\"https:\/\/www.grills-saveurs.ch\/fr\/produit\/panier-pour-rotisserie-weber-en-acier-carbone\/\" \/>\n<meta property=\"og:locale\" content=\"fr_FR\" \/>\n<meta property=\"og:type\" content=\"article\" \/>\n<meta property=\"og:title\" content=\"Panier pour r\u00f4tisserie Weber - En acier carbone - Grills et Saveurs\" \/>\n<meta property=\"og:description\" content=\"Vous pouvez utiliser ce panier de marque Weber sur tous les barbecues \u00e0 grill pivotant. En acier inoxydable. Parfait pour des pommes de terre grill\u00e9es croustillantes ou de grands morceaux de l\u00e9gumes. Fabriqu\u00e9 avec des mat\u00e9riaux de haute qualit\u00e9. Marque\u202f: Weber. Convient \u00e0 tous les m\u00e9nages, qui fournit \u00e9galement \u00e0 l&#039;ext\u00e9rieur.\" \/>\n<meta property=\"og:url\" content=\"https:\/\/www.grills-saveurs.ch\/fr\/produit\/panier-pour-rotisserie-weber-en-acier-carbone\/\" \/>\n<meta property=\"og:site_name\" content=\"Grills et Saveurs\" \/>\n<meta property=\"article:modified_time\" content=\"2024-04-08T07:24:28+00:00\" \/>\n<meta property=\"og:image\" content=\"https:\/\/www.grills-saveurs.ch\/fr\/wp-content\/uploads\/2024\/04\/61sq6WB2OGL._AC_SX679_.jpg\" \/>\n\t<meta property=\"og:image:width\" content=\"679\" \/>\n\t<meta property=\"og:image:height\" content=\"677\" \/>\n\t<meta property=\"og:image:type\" content=\"image\/jpeg\" \/>\n<meta name=\"twitter:card\" content=\"summary_large_image\" \/>\n<script type=\"application\/ld+json\" class=\"yoast-schema-graph\">{\"@context\":\"https:\/\/schema.org\",\"@graph\":[{\"@type\":\"WebSite\",\"@id\":\"https:\/\/www.grills-saveurs.ch\/fr\/#website\",\"url\":\"https:\/\/www.grills-saveurs.ch\/fr\/\",\"name\":\"Grills et Saveurs\",\"description\":\"Barbecues, Grills, Planchas, Chemin\u00e9es jardin - Lausanne, Suisse Romande\",\"potentialAction\":[{\"@type\":\"SearchAction\",\"target\":{\"@type\":\"EntryPoint\",\"urlTemplate\":\"https:\/\/www.grills-saveurs.ch\/fr\/?s={search_term_string}\"},\"query-input\":\"required name=search_term_string\"}],\"inLanguage\":\"fr-FR\"},{\"@type\":\"ImageObject\",\"@id\":\"https:\/\/www.grills-saveurs.ch\/fr\/produit\/panier-pour-rotisserie-weber-en-acier-carbone\/#primaryimage\",\"inLanguage\":\"fr-FR\",\"url\":\"https:\/\/www.grills-saveurs.ch\/fr\/wp-content\/uploads\/2024\/04\/61sq6WB2OGL._AC_SX679_.jpg\",\"contentUrl\":\"https:\/\/www.grills-saveurs.ch\/fr\/wp-content\/uploads\/2024\/04\/61sq6WB2OGL._AC_SX679_.jpg\",\"width\":679,\"height\":677},{\"@type\":\"WebPage\",\"@id\":\"https:\/\/www.grills-saveurs.ch\/fr\/produit\/panier-pour-rotisserie-weber-en-acier-carbone\/#webpage\",\"url\":\"https:\/\/www.grills-saveurs.ch\/fr\/produit\/panier-pour-rotisserie-weber-en-acier-carbone\/\",\"name\":\"Panier pour r\u00f4tisserie Weber - En acier carbone - Grills et Saveurs\",\"isPartOf\":{\"@id\":\"https:\/\/www.grills-saveurs.ch\/fr\/#website\"},\"primaryImageOfPage\":{\"@id\":\"https:\/\/www.grills-saveurs.ch\/fr\/produit\/panier-pour-rotisserie-weber-en-acier-carbone\/#primaryimage\"},\"datePublished\":\"2024-04-08T07:24:27+00:00\",\"dateModified\":\"2024-04-08T07:24:28+00:00\",\"description\":\"Vous pouvez utiliser ce panier de marque Weber sur tous les barbecues \u00e0 grill pivotant. En acier inoxydable. Parfait pour des pommes de terre grill\u00e9es croustillantes ou de grands morceaux de l\u00e9gumes. Fabriqu\u00e9 avec des mat\u00e9riaux de haute qualit\u00e9. Marque\u202f: Weber. Convient \u00e0 tous les m\u00e9nages, qui fournit \u00e9galement \u00e0 l'ext\u00e9rieur.\",\"breadcrumb\":{\"@id\":\"https:\/\/www.grills-saveurs.ch\/fr\/produit\/panier-pour-rotisserie-weber-en-acier-carbone\/#breadcrumb\"},\"inLanguage\":\"fr-FR\",\"potentialAction\":[{\"@type\":\"ReadAction\",\"target\":[\"https:\/\/www.grills-saveurs.ch\/fr\/produit\/panier-pour-rotisserie-weber-en-acier-carbone\/\"]}]},{\"@type\":\"BreadcrumbList\",\"@id\":\"https:\/\/www.grills-saveurs.ch\/fr\/produit\/panier-pour-rotisserie-weber-en-acier-carbone\/#breadcrumb\",\"itemListElement\":[{\"@type\":\"ListItem\",\"position\":1,\"name\":\"Accueil\",\"item\":\"https:\/\/www.grills-saveurs.ch\/fr\/\"},{\"@type\":\"ListItem\",\"position\":2,\"name\":\"Shop \/ Boutique\",\"item\":\"https:\/\/www.grills-saveurs.ch\/fr\/boutique\/\"},{\"@type\":\"ListItem\",\"position\":3,\"name\":\"Panier pour r\u00f4tisserie Weber &#8211; En acier carbone\"}]}]}<\/script>\n<!-- \/ Yoast SEO plugin. -->","yoast_head_json":{"title":"Panier pour r\u00f4tisserie Weber - En acier carbone - Grills et Saveurs","description":"Vous pouvez utiliser ce panier de marque Weber sur tous les barbecues \u00e0 grill pivotant. En acier inoxydable. Parfait pour des pommes de terre grill\u00e9es croustillantes ou de grands morceaux de l\u00e9gumes. Fabriqu\u00e9 avec des mat\u00e9riaux de haute qualit\u00e9. Marque\u202f: Weber. Convient \u00e0 tous les m\u00e9nages, qui fournit \u00e9galement \u00e0 l'ext\u00e9rieur.","robots":{"index":"index","follow":"follow","max-snippet":"max-snippet:-1","max-image-preview":"max-image-preview:large","max-video-preview":"max-video-preview:-1"},"canonical":"https:\/\/www.grills-saveurs.ch\/fr\/produit\/panier-pour-rotisserie-weber-en-acier-carbone\/","og_locale":"fr_FR","og_type":"article","og_title":"Panier pour r\u00f4tisserie Weber - En acier carbone - Grills et Saveurs","og_description":"Vous pouvez utiliser ce panier de marque Weber sur tous les barbecues \u00e0 grill pivotant. En acier inoxydable. Parfait pour des pommes de terre grill\u00e9es croustillantes ou de grands morceaux de l\u00e9gumes. Fabriqu\u00e9 avec des mat\u00e9riaux de haute qualit\u00e9. Marque\u202f: Weber. Convient \u00e0 tous les m\u00e9nages, qui fournit \u00e9galement \u00e0 l'ext\u00e9rieur.","og_url":"https:\/\/www.grills-saveurs.ch\/fr\/produit\/panier-pour-rotisserie-weber-en-acier-carbone\/","og_site_name":"Grills et Saveurs","article_modified_time":"2024-04-08T07:24:28+00:00","og_image":[{"width":679,"height":677,"url":"https:\/\/www.grills-saveurs.ch\/fr\/wp-content\/uploads\/2024\/04\/61sq6WB2OGL._AC_SX679_.jpg","type":"image\/jpeg"}],"twitter_card":"summary_large_image","schema":{"@context":"https:\/\/schema.org","@graph":[{"@type":"WebSite","@id":"https:\/\/www.grills-saveurs.ch\/fr\/#website","url":"https:\/\/www.grills-saveurs.ch\/fr\/","name":"Grills et Saveurs","description":"Barbecues, Grills, Planchas, Chemin\u00e9es jardin - Lausanne, Suisse Romande","potentialAction":[{"@type":"SearchAction","target":{"@type":"EntryPoint","urlTemplate":"https:\/\/www.grills-saveurs.ch\/fr\/?s={search_term_string}"},"query-input":"required name=search_term_string"}],"inLanguage":"fr-FR"},{"@type":"ImageObject","@id":"https:\/\/www.grills-saveurs.ch\/fr\/produit\/panier-pour-rotisserie-weber-en-acier-carbone\/#primaryimage","inLanguage":"fr-FR","url":"https:\/\/www.grills-saveurs.ch\/fr\/wp-content\/uploads\/2024\/04\/61sq6WB2OGL._AC_SX679_.jpg","contentUrl":"https:\/\/www.grills-saveurs.ch\/fr\/wp-content\/uploads\/2024\/04\/61sq6WB2OGL._AC_SX679_.jpg","width":679,"height":677},{"@type":"WebPage","@id":"https:\/\/www.grills-saveurs.ch\/fr\/produit\/panier-pour-rotisserie-weber-en-acier-carbone\/#webpage","url":"https:\/\/www.grills-saveurs.ch\/fr\/produit\/panier-pour-rotisserie-weber-en-acier-carbone\/","name":"Panier pour r\u00f4tisserie Weber - En acier carbone - Grills et Saveurs","isPartOf":{"@id":"https:\/\/www.grills-saveurs.ch\/fr\/#website"},"primaryImageOfPage":{"@id":"https:\/\/www.grills-saveurs.ch\/fr\/produit\/panier-pour-rotisserie-weber-en-acier-carbone\/#primaryimage"},"datePublished":"2024-04-08T07:24:27+00:00","dateModified":"2024-04-08T07:24:28+00:00","description":"Vous pouvez utiliser ce panier de marque Weber sur tous les barbecues \u00e0 grill pivotant. En acier inoxydable. Parfait pour des pommes de terre grill\u00e9es croustillantes ou de grands morceaux de l\u00e9gumes. Fabriqu\u00e9 avec des mat\u00e9riaux de haute qualit\u00e9. Marque\u202f: Weber. Convient \u00e0 tous les m\u00e9nages, qui fournit \u00e9galement \u00e0 l'ext\u00e9rieur.","breadcrumb":{"@id":"https:\/\/www.grills-saveurs.ch\/fr\/produit\/panier-pour-rotisserie-weber-en-acier-carbone\/#breadcrumb"},"inLanguage":"fr-FR","potentialAction":[{"@type":"ReadAction","target":["https:\/\/www.grills-saveurs.ch\/fr\/produit\/panier-pour-rotisserie-weber-en-acier-carbone\/"]}]},{"@type":"BreadcrumbList","@id":"https:\/\/www.grills-saveurs.ch\/fr\/produit\/panier-pour-rotisserie-weber-en-acier-carbone\/#breadcrumb","itemListElement":[{"@type":"ListItem","position":1,"name":"Accueil","item":"https:\/\/www.grills-saveurs.ch\/fr\/"},{"@type":"ListItem","position":2,"name":"Shop \/ Boutique","item":"https:\/\/www.grills-saveurs.ch\/fr\/boutique\/"},{"@type":"ListItem","position":3,"name":"Panier pour r\u00f4tisserie Weber &#8211; En acier carbone"}]}]}},"_links":{"self":[{"href":"https:\/\/www.grills-saveurs.ch\/fr\/wp-json\/wp\/v2\/product\/9268"}],"collection":[{"href":"https:\/\/www.grills-saveurs.ch\/fr\/wp-json\/wp\/v2\/product"}],"about":[{"href":"https:\/\/www.grills-saveurs.ch\/fr\/wp-json\/wp\/v2\/types\/product"}],"wp:featuredmedia":[{"embeddable":true,"href":"https:\/\/www.grills-saveurs.ch\/fr\/wp-json\/wp\/v2\/media\/9272"}],"wp:attachment":[{"href":"https:\/\/www.grills-saveurs.ch\/fr\/wp-json\/wp\/v2\/media?parent=9268"}],"wp:term":[{"taxonomy":"product_cat","embeddable":true,"href":"https:\/\/www.grills-saveurs.ch\/fr\/wp-json\/wp\/v2\/product_cat?post=9268"},{"taxonomy":"product_tag","embeddable":true,"href":"https:\/\/www.grills-saveurs.ch\/fr\/wp-json\/wp\/v2\/product_tag?post=9268"}],"curies":[{"name":"wp","href":"https:\/\/api.w.org\/{rel}","templated":true}]}}