{"id":9274,"date":"2024-04-08T09:24:19","date_gmt":"2024-04-08T07:24:19","guid":{"rendered":"https:\/\/www.grills-saveurs.ch\/fr\/?post_type=product&#038;p=9274"},"modified":"2024-04-08T09:24:19","modified_gmt":"2024-04-08T07:24:19","slug":"spatule-pour-plancha","status":"publish","type":"product","link":"https:\/\/www.grills-saveurs.ch\/fr\/produit\/spatule-pour-plancha\/","title":{"rendered":"Spatule pour plancha"},"content":{"rendered":"<p>Avec sa poign\u00e9e antid\u00e9rapante pour une bonne prise en main et son bord biseaut\u00e9 pour glisser facilement sous les aliments dans n\u2019importe quelle position, la spatule pour plancha vous apporte confort et facilit\u00e9 pour manipuler vos aliments. La forme sur\u00e9lev\u00e9e de la poign\u00e9e garantit qu&rsquo;elle ne reposera pas sur les plans de travail lat\u00e9raux salis par la cuisson.<\/p>\n<p>\u2022 Bord biseaut\u00e9 pour s&rsquo;ins\u00e9rer facilement sous les aliments dans n&rsquo;importe quelle position<br \/>\n\u2022 Poign\u00e9e antid\u00e9rapante et facile \u00e0 saisir pour une prise en main confortable<br \/>\n\u2022 La forme coud\u00e9e de la poign\u00e9e \u00e9vite qu&rsquo;elle ne touche les plans de travail salis<br \/>\n\u2022 Passe au lave-vaisselle<\/p>\n","protected":false},"excerpt":{"rendered":"<p>Avec sa poign\u00e9e antid\u00e9rapante pour une bonne prise en main et son bord biseaut\u00e9 pour glisser facilement sous les aliments dans n\u2019importe quelle position, la spatule pour plancha vous apporte confort et facilit\u00e9 pour manipuler vos aliments. La forme sur\u00e9lev\u00e9e de la poign\u00e9e garantit qu&rsquo;elle ne reposera pas sur les plans de travail lat\u00e9raux salis &hellip;<\/p>\n","protected":false},"featured_media":9275,"template":"","meta":[],"product_cat":[79,114,116,158,160],"product_tag":[],"yoast_head":"<!-- This site is optimized with the Yoast SEO plugin v18.2 - https:\/\/yoast.com\/wordpress\/plugins\/seo\/ -->\n<title>Spatule pour plancha - Grills et Saveurs<\/title>\n<meta name=\"description\" content=\"Avec sa poign\u00e9e antid\u00e9rapante pour une bonne prise en main et son bord biseaut\u00e9 pour glisser facilement sous les aliments dans n\u2019importe quelle position, la spatule pour plancha vous apporte confort et facilit\u00e9 pour manipuler vos aliments. La forme sur\u00e9lev\u00e9e de la poign\u00e9e garantit qu&#039;elle ne reposera pas sur les plans de travail lat\u00e9raux salis par la cuisson.\u2022 Bord biseaut\u00e9 pour s&#039;ins\u00e9rer facilement sous les aliments dans n&#039;importe quelle position\u2022 Poign\u00e9e antid\u00e9rapante et facile \u00e0 saisir pour une prise en main confortable\u2022 La forme coud\u00e9e de la poign\u00e9e \u00e9vite qu&#039;elle ne touche les plans de travail salis\u2022 Passe au lave-vaisselle\" \/>\n<meta name=\"robots\" content=\"index, follow, max-snippet:-1, max-image-preview:large, max-video-preview:-1\" \/>\n<link rel=\"canonical\" href=\"https:\/\/www.grills-saveurs.ch\/fr\/produit\/spatule-pour-plancha\/\" \/>\n<meta property=\"og:locale\" content=\"fr_FR\" \/>\n<meta property=\"og:type\" content=\"article\" \/>\n<meta property=\"og:title\" content=\"Spatule pour plancha - Grills et Saveurs\" \/>\n<meta property=\"og:description\" content=\"Avec sa poign\u00e9e antid\u00e9rapante pour une bonne prise en main et son bord biseaut\u00e9 pour glisser facilement sous les aliments dans n\u2019importe quelle position, la spatule pour plancha vous apporte confort et facilit\u00e9 pour manipuler vos aliments. La forme sur\u00e9lev\u00e9e de la poign\u00e9e garantit qu&#039;elle ne reposera pas sur les plans de travail lat\u00e9raux salis par la cuisson.\u2022 Bord biseaut\u00e9 pour s&#039;ins\u00e9rer facilement sous les aliments dans n&#039;importe quelle position\u2022 Poign\u00e9e antid\u00e9rapante et facile \u00e0 saisir pour une prise en main confortable\u2022 La forme coud\u00e9e de la poign\u00e9e \u00e9vite qu&#039;elle ne touche les plans de travail salis\u2022 Passe au lave-vaisselle\" \/>\n<meta property=\"og:url\" content=\"https:\/\/www.grills-saveurs.ch\/fr\/produit\/spatule-pour-plancha\/\" \/>\n<meta property=\"og:site_name\" content=\"Grills et Saveurs\" \/>\n<meta property=\"og:image\" content=\"https:\/\/www.grills-saveurs.ch\/fr\/wp-content\/uploads\/2024\/04\/6779A_1800x1800.jpg\" \/>\n\t<meta property=\"og:image:width\" content=\"800\" \/>\n\t<meta property=\"og:image:height\" content=\"800\" \/>\n\t<meta property=\"og:image:type\" content=\"image\/jpeg\" \/>\n<meta name=\"twitter:card\" content=\"summary_large_image\" \/>\n<meta name=\"twitter:label1\" content=\"Dur\u00e9e de lecture estim\u00e9e\" \/>\n\t<meta name=\"twitter:data1\" content=\"1 minute\" \/>\n<script type=\"application\/ld+json\" class=\"yoast-schema-graph\">{\"@context\":\"https:\/\/schema.org\",\"@graph\":[{\"@type\":\"WebSite\",\"@id\":\"https:\/\/www.grills-saveurs.ch\/fr\/#website\",\"url\":\"https:\/\/www.grills-saveurs.ch\/fr\/\",\"name\":\"Grills et Saveurs\",\"description\":\"Barbecues, Grills, Planchas, Chemin\u00e9es jardin - Lausanne, Suisse Romande\",\"potentialAction\":[{\"@type\":\"SearchAction\",\"target\":{\"@type\":\"EntryPoint\",\"urlTemplate\":\"https:\/\/www.grills-saveurs.ch\/fr\/?s={search_term_string}\"},\"query-input\":\"required name=search_term_string\"}],\"inLanguage\":\"fr-FR\"},{\"@type\":\"ImageObject\",\"@id\":\"https:\/\/www.grills-saveurs.ch\/fr\/produit\/spatule-pour-plancha\/#primaryimage\",\"inLanguage\":\"fr-FR\",\"url\":\"https:\/\/www.grills-saveurs.ch\/fr\/wp-content\/uploads\/2024\/04\/6779A_1800x1800.jpg\",\"contentUrl\":\"https:\/\/www.grills-saveurs.ch\/fr\/wp-content\/uploads\/2024\/04\/6779A_1800x1800.jpg\",\"width\":800,\"height\":800},{\"@type\":\"WebPage\",\"@id\":\"https:\/\/www.grills-saveurs.ch\/fr\/produit\/spatule-pour-plancha\/#webpage\",\"url\":\"https:\/\/www.grills-saveurs.ch\/fr\/produit\/spatule-pour-plancha\/\",\"name\":\"Spatule pour plancha - Grills et Saveurs\",\"isPartOf\":{\"@id\":\"https:\/\/www.grills-saveurs.ch\/fr\/#website\"},\"primaryImageOfPage\":{\"@id\":\"https:\/\/www.grills-saveurs.ch\/fr\/produit\/spatule-pour-plancha\/#primaryimage\"},\"datePublished\":\"2024-04-08T07:24:19+00:00\",\"dateModified\":\"2024-04-08T07:24:19+00:00\",\"description\":\"Avec sa poign\u00e9e antid\u00e9rapante pour une bonne prise en main et son bord biseaut\u00e9 pour glisser facilement sous les aliments dans n\u2019importe quelle position, la spatule pour plancha vous apporte confort et facilit\u00e9 pour manipuler vos aliments. La forme sur\u00e9lev\u00e9e de la poign\u00e9e garantit qu'elle ne reposera pas sur les plans de travail lat\u00e9raux salis par la cuisson.\u2022 Bord biseaut\u00e9 pour s'ins\u00e9rer facilement sous les aliments dans n'importe quelle position\u2022 Poign\u00e9e antid\u00e9rapante et facile \u00e0 saisir pour une prise en main confortable\u2022 La forme coud\u00e9e de la poign\u00e9e \u00e9vite qu'elle ne touche les plans de travail salis\u2022 Passe au lave-vaisselle\",\"breadcrumb\":{\"@id\":\"https:\/\/www.grills-saveurs.ch\/fr\/produit\/spatule-pour-plancha\/#breadcrumb\"},\"inLanguage\":\"fr-FR\",\"potentialAction\":[{\"@type\":\"ReadAction\",\"target\":[\"https:\/\/www.grills-saveurs.ch\/fr\/produit\/spatule-pour-plancha\/\"]}]},{\"@type\":\"BreadcrumbList\",\"@id\":\"https:\/\/www.grills-saveurs.ch\/fr\/produit\/spatule-pour-plancha\/#breadcrumb\",\"itemListElement\":[{\"@type\":\"ListItem\",\"position\":1,\"name\":\"Accueil\",\"item\":\"https:\/\/www.grills-saveurs.ch\/fr\/\"},{\"@type\":\"ListItem\",\"position\":2,\"name\":\"Shop \/ Boutique\",\"item\":\"https:\/\/www.grills-saveurs.ch\/fr\/boutique\/\"},{\"@type\":\"ListItem\",\"position\":3,\"name\":\"Spatule pour plancha\"}]}]}<\/script>\n<!-- \/ Yoast SEO plugin. -->","yoast_head_json":{"title":"Spatule pour plancha - Grills et Saveurs","description":"Avec sa poign\u00e9e antid\u00e9rapante pour une bonne prise en main et son bord biseaut\u00e9 pour glisser facilement sous les aliments dans n\u2019importe quelle position, la spatule pour plancha vous apporte confort et facilit\u00e9 pour manipuler vos aliments. La forme sur\u00e9lev\u00e9e de la poign\u00e9e garantit qu'elle ne reposera pas sur les plans de travail lat\u00e9raux salis par la cuisson.\u2022 Bord biseaut\u00e9 pour s'ins\u00e9rer facilement sous les aliments dans n'importe quelle position\u2022 Poign\u00e9e antid\u00e9rapante et facile \u00e0 saisir pour une prise en main confortable\u2022 La forme coud\u00e9e de la poign\u00e9e \u00e9vite qu'elle ne touche les plans de travail salis\u2022 Passe au lave-vaisselle","robots":{"index":"index","follow":"follow","max-snippet":"max-snippet:-1","max-image-preview":"max-image-preview:large","max-video-preview":"max-video-preview:-1"},"canonical":"https:\/\/www.grills-saveurs.ch\/fr\/produit\/spatule-pour-plancha\/","og_locale":"fr_FR","og_type":"article","og_title":"Spatule pour plancha - Grills et Saveurs","og_description":"Avec sa poign\u00e9e antid\u00e9rapante pour une bonne prise en main et son bord biseaut\u00e9 pour glisser facilement sous les aliments dans n\u2019importe quelle position, la spatule pour plancha vous apporte confort et facilit\u00e9 pour manipuler vos aliments. La forme sur\u00e9lev\u00e9e de la poign\u00e9e garantit qu'elle ne reposera pas sur les plans de travail lat\u00e9raux salis par la cuisson.\u2022 Bord biseaut\u00e9 pour s'ins\u00e9rer facilement sous les aliments dans n'importe quelle position\u2022 Poign\u00e9e antid\u00e9rapante et facile \u00e0 saisir pour une prise en main confortable\u2022 La forme coud\u00e9e de la poign\u00e9e \u00e9vite qu'elle ne touche les plans de travail salis\u2022 Passe au lave-vaisselle","og_url":"https:\/\/www.grills-saveurs.ch\/fr\/produit\/spatule-pour-plancha\/","og_site_name":"Grills et Saveurs","og_image":[{"width":800,"height":800,"url":"https:\/\/www.grills-saveurs.ch\/fr\/wp-content\/uploads\/2024\/04\/6779A_1800x1800.jpg","type":"image\/jpeg"}],"twitter_card":"summary_large_image","twitter_misc":{"Dur\u00e9e de lecture estim\u00e9e":"1 minute"},"schema":{"@context":"https:\/\/schema.org","@graph":[{"@type":"WebSite","@id":"https:\/\/www.grills-saveurs.ch\/fr\/#website","url":"https:\/\/www.grills-saveurs.ch\/fr\/","name":"Grills et Saveurs","description":"Barbecues, Grills, Planchas, Chemin\u00e9es jardin - Lausanne, Suisse Romande","potentialAction":[{"@type":"SearchAction","target":{"@type":"EntryPoint","urlTemplate":"https:\/\/www.grills-saveurs.ch\/fr\/?s={search_term_string}"},"query-input":"required name=search_term_string"}],"inLanguage":"fr-FR"},{"@type":"ImageObject","@id":"https:\/\/www.grills-saveurs.ch\/fr\/produit\/spatule-pour-plancha\/#primaryimage","inLanguage":"fr-FR","url":"https:\/\/www.grills-saveurs.ch\/fr\/wp-content\/uploads\/2024\/04\/6779A_1800x1800.jpg","contentUrl":"https:\/\/www.grills-saveurs.ch\/fr\/wp-content\/uploads\/2024\/04\/6779A_1800x1800.jpg","width":800,"height":800},{"@type":"WebPage","@id":"https:\/\/www.grills-saveurs.ch\/fr\/produit\/spatule-pour-plancha\/#webpage","url":"https:\/\/www.grills-saveurs.ch\/fr\/produit\/spatule-pour-plancha\/","name":"Spatule pour plancha - Grills et Saveurs","isPartOf":{"@id":"https:\/\/www.grills-saveurs.ch\/fr\/#website"},"primaryImageOfPage":{"@id":"https:\/\/www.grills-saveurs.ch\/fr\/produit\/spatule-pour-plancha\/#primaryimage"},"datePublished":"2024-04-08T07:24:19+00:00","dateModified":"2024-04-08T07:24:19+00:00","description":"Avec sa poign\u00e9e antid\u00e9rapante pour une bonne prise en main et son bord biseaut\u00e9 pour glisser facilement sous les aliments dans n\u2019importe quelle position, la spatule pour plancha vous apporte confort et facilit\u00e9 pour manipuler vos aliments. La forme sur\u00e9lev\u00e9e de la poign\u00e9e garantit qu'elle ne reposera pas sur les plans de travail lat\u00e9raux salis par la cuisson.\u2022 Bord biseaut\u00e9 pour s'ins\u00e9rer facilement sous les aliments dans n'importe quelle position\u2022 Poign\u00e9e antid\u00e9rapante et facile \u00e0 saisir pour une prise en main confortable\u2022 La forme coud\u00e9e de la poign\u00e9e \u00e9vite qu'elle ne touche les plans de travail salis\u2022 Passe au lave-vaisselle","breadcrumb":{"@id":"https:\/\/www.grills-saveurs.ch\/fr\/produit\/spatule-pour-plancha\/#breadcrumb"},"inLanguage":"fr-FR","potentialAction":[{"@type":"ReadAction","target":["https:\/\/www.grills-saveurs.ch\/fr\/produit\/spatule-pour-plancha\/"]}]},{"@type":"BreadcrumbList","@id":"https:\/\/www.grills-saveurs.ch\/fr\/produit\/spatule-pour-plancha\/#breadcrumb","itemListElement":[{"@type":"ListItem","position":1,"name":"Accueil","item":"https:\/\/www.grills-saveurs.ch\/fr\/"},{"@type":"ListItem","position":2,"name":"Shop \/ Boutique","item":"https:\/\/www.grills-saveurs.ch\/fr\/boutique\/"},{"@type":"ListItem","position":3,"name":"Spatule pour plancha"}]}]}},"_links":{"self":[{"href":"https:\/\/www.grills-saveurs.ch\/fr\/wp-json\/wp\/v2\/product\/9274"}],"collection":[{"href":"https:\/\/www.grills-saveurs.ch\/fr\/wp-json\/wp\/v2\/product"}],"about":[{"href":"https:\/\/www.grills-saveurs.ch\/fr\/wp-json\/wp\/v2\/types\/product"}],"wp:featuredmedia":[{"embeddable":true,"href":"https:\/\/www.grills-saveurs.ch\/fr\/wp-json\/wp\/v2\/media\/9275"}],"wp:attachment":[{"href":"https:\/\/www.grills-saveurs.ch\/fr\/wp-json\/wp\/v2\/media?parent=9274"}],"wp:term":[{"taxonomy":"product_cat","embeddable":true,"href":"https:\/\/www.grills-saveurs.ch\/fr\/wp-json\/wp\/v2\/product_cat?post=9274"},{"taxonomy":"product_tag","embeddable":true,"href":"https:\/\/www.grills-saveurs.ch\/fr\/wp-json\/wp\/v2\/product_tag?post=9274"}],"curies":[{"name":"wp","href":"https:\/\/api.w.org\/{rel}","templated":true}]}}