{"id":9279,"date":"2024-04-08T09:24:19","date_gmt":"2024-04-08T07:24:19","guid":{"rendered":"https:\/\/www.grills-saveurs.ch\/fr\/?post_type=product&#038;p=9279"},"modified":"2024-04-08T09:24:19","modified_gmt":"2024-04-08T07:24:19","slug":"spatule-pour-barbecue-et-plancha","status":"publish","type":"product","link":"https:\/\/www.grills-saveurs.ch\/fr\/produit\/spatule-pour-barbecue-et-plancha\/","title":{"rendered":"Spatule pour barbecue et plancha"},"content":{"rendered":"<p>La spatule en inox r\u00e9sistante pour barbecue et plancha d\u00e9tache et \u00e9limine la graisse et les aliments coll\u00e9s sur votre plancha. Avec son bord tranchant et son manche en silicone anti-d\u00e9rapant, cet accessoire robuste et stable d\u00e9tache et \u00e9limine les aliments br\u00fbl\u00e9s.<\/p>\n","protected":false},"excerpt":{"rendered":"<p>La spatule en inox r\u00e9sistante pour barbecue et plancha d\u00e9tache et \u00e9limine la graisse et les aliments coll\u00e9s sur votre plancha. Avec son bord tranchant et son manche en silicone anti-d\u00e9rapant, cet accessoire robuste et stable d\u00e9tache et \u00e9limine les aliments br\u00fbl\u00e9s.<\/p>\n","protected":false},"featured_media":9281,"template":"","meta":[],"product_cat":[79,114,158,160,203],"product_tag":[],"yoast_head":"<!-- This site is optimized with the Yoast SEO plugin v18.2 - https:\/\/yoast.com\/wordpress\/plugins\/seo\/ -->\n<title>Spatule pour barbecue et plancha - Grills et Saveurs<\/title>\n<meta name=\"description\" content=\"La spatule en inox r\u00e9sistante pour barbecue et plancha d\u00e9tache et \u00e9limine la graisse et les aliments coll\u00e9s sur votre plancha. Avec son bord tranchant et son manche en silicone anti-d\u00e9rapant, cet accessoire robuste et stable d\u00e9tache et \u00e9limine les aliments br\u00fbl\u00e9s.\" \/>\n<meta name=\"robots\" content=\"index, follow, max-snippet:-1, max-image-preview:large, max-video-preview:-1\" \/>\n<link rel=\"canonical\" href=\"https:\/\/www.grills-saveurs.ch\/fr\/produit\/spatule-pour-barbecue-et-plancha\/\" \/>\n<meta property=\"og:locale\" content=\"fr_FR\" \/>\n<meta property=\"og:type\" content=\"article\" \/>\n<meta property=\"og:title\" content=\"Spatule pour barbecue et plancha - Grills et Saveurs\" \/>\n<meta property=\"og:description\" content=\"La spatule en inox r\u00e9sistante pour barbecue et plancha d\u00e9tache et \u00e9limine la graisse et les aliments coll\u00e9s sur votre plancha. Avec son bord tranchant et son manche en silicone anti-d\u00e9rapant, cet accessoire robuste et stable d\u00e9tache et \u00e9limine les aliments br\u00fbl\u00e9s.\" \/>\n<meta property=\"og:url\" content=\"https:\/\/www.grills-saveurs.ch\/fr\/produit\/spatule-pour-barbecue-et-plancha\/\" \/>\n<meta property=\"og:site_name\" content=\"Grills et Saveurs\" \/>\n<meta property=\"og:image\" content=\"https:\/\/www.grills-saveurs.ch\/fr\/wp-content\/uploads\/2024\/04\/6206A.jpg\" \/>\n\t<meta property=\"og:image:width\" content=\"800\" \/>\n\t<meta property=\"og:image:height\" content=\"800\" \/>\n\t<meta property=\"og:image:type\" content=\"image\/jpeg\" \/>\n<meta name=\"twitter:card\" content=\"summary_large_image\" \/>\n<script type=\"application\/ld+json\" class=\"yoast-schema-graph\">{\"@context\":\"https:\/\/schema.org\",\"@graph\":[{\"@type\":\"WebSite\",\"@id\":\"https:\/\/www.grills-saveurs.ch\/fr\/#website\",\"url\":\"https:\/\/www.grills-saveurs.ch\/fr\/\",\"name\":\"Grills et Saveurs\",\"description\":\"Barbecues, Grills, Planchas, Chemin\u00e9es jardin - Lausanne, Suisse Romande\",\"potentialAction\":[{\"@type\":\"SearchAction\",\"target\":{\"@type\":\"EntryPoint\",\"urlTemplate\":\"https:\/\/www.grills-saveurs.ch\/fr\/?s={search_term_string}\"},\"query-input\":\"required name=search_term_string\"}],\"inLanguage\":\"fr-FR\"},{\"@type\":\"ImageObject\",\"@id\":\"https:\/\/www.grills-saveurs.ch\/fr\/produit\/spatule-pour-barbecue-et-plancha\/#primaryimage\",\"inLanguage\":\"fr-FR\",\"url\":\"https:\/\/www.grills-saveurs.ch\/fr\/wp-content\/uploads\/2024\/04\/6206A.jpg\",\"contentUrl\":\"https:\/\/www.grills-saveurs.ch\/fr\/wp-content\/uploads\/2024\/04\/6206A.jpg\",\"width\":800,\"height\":800},{\"@type\":\"WebPage\",\"@id\":\"https:\/\/www.grills-saveurs.ch\/fr\/produit\/spatule-pour-barbecue-et-plancha\/#webpage\",\"url\":\"https:\/\/www.grills-saveurs.ch\/fr\/produit\/spatule-pour-barbecue-et-plancha\/\",\"name\":\"Spatule pour barbecue et plancha - Grills et Saveurs\",\"isPartOf\":{\"@id\":\"https:\/\/www.grills-saveurs.ch\/fr\/#website\"},\"primaryImageOfPage\":{\"@id\":\"https:\/\/www.grills-saveurs.ch\/fr\/produit\/spatule-pour-barbecue-et-plancha\/#primaryimage\"},\"datePublished\":\"2024-04-08T07:24:19+00:00\",\"dateModified\":\"2024-04-08T07:24:19+00:00\",\"description\":\"La spatule en inox r\u00e9sistante pour barbecue et plancha d\u00e9tache et \u00e9limine la graisse et les aliments coll\u00e9s sur votre plancha. Avec son bord tranchant et son manche en silicone anti-d\u00e9rapant, cet accessoire robuste et stable d\u00e9tache et \u00e9limine les aliments br\u00fbl\u00e9s.\",\"breadcrumb\":{\"@id\":\"https:\/\/www.grills-saveurs.ch\/fr\/produit\/spatule-pour-barbecue-et-plancha\/#breadcrumb\"},\"inLanguage\":\"fr-FR\",\"potentialAction\":[{\"@type\":\"ReadAction\",\"target\":[\"https:\/\/www.grills-saveurs.ch\/fr\/produit\/spatule-pour-barbecue-et-plancha\/\"]}]},{\"@type\":\"BreadcrumbList\",\"@id\":\"https:\/\/www.grills-saveurs.ch\/fr\/produit\/spatule-pour-barbecue-et-plancha\/#breadcrumb\",\"itemListElement\":[{\"@type\":\"ListItem\",\"position\":1,\"name\":\"Accueil\",\"item\":\"https:\/\/www.grills-saveurs.ch\/fr\/\"},{\"@type\":\"ListItem\",\"position\":2,\"name\":\"Shop \/ Boutique\",\"item\":\"https:\/\/www.grills-saveurs.ch\/fr\/boutique\/\"},{\"@type\":\"ListItem\",\"position\":3,\"name\":\"Spatule pour barbecue et plancha\"}]}]}<\/script>\n<!-- \/ Yoast SEO plugin. -->","yoast_head_json":{"title":"Spatule pour barbecue et plancha - Grills et Saveurs","description":"La spatule en inox r\u00e9sistante pour barbecue et plancha d\u00e9tache et \u00e9limine la graisse et les aliments coll\u00e9s sur votre plancha. Avec son bord tranchant et son manche en silicone anti-d\u00e9rapant, cet accessoire robuste et stable d\u00e9tache et \u00e9limine les aliments br\u00fbl\u00e9s.","robots":{"index":"index","follow":"follow","max-snippet":"max-snippet:-1","max-image-preview":"max-image-preview:large","max-video-preview":"max-video-preview:-1"},"canonical":"https:\/\/www.grills-saveurs.ch\/fr\/produit\/spatule-pour-barbecue-et-plancha\/","og_locale":"fr_FR","og_type":"article","og_title":"Spatule pour barbecue et plancha - Grills et Saveurs","og_description":"La spatule en inox r\u00e9sistante pour barbecue et plancha d\u00e9tache et \u00e9limine la graisse et les aliments coll\u00e9s sur votre plancha. Avec son bord tranchant et son manche en silicone anti-d\u00e9rapant, cet accessoire robuste et stable d\u00e9tache et \u00e9limine les aliments br\u00fbl\u00e9s.","og_url":"https:\/\/www.grills-saveurs.ch\/fr\/produit\/spatule-pour-barbecue-et-plancha\/","og_site_name":"Grills et Saveurs","og_image":[{"width":800,"height":800,"url":"https:\/\/www.grills-saveurs.ch\/fr\/wp-content\/uploads\/2024\/04\/6206A.jpg","type":"image\/jpeg"}],"twitter_card":"summary_large_image","schema":{"@context":"https:\/\/schema.org","@graph":[{"@type":"WebSite","@id":"https:\/\/www.grills-saveurs.ch\/fr\/#website","url":"https:\/\/www.grills-saveurs.ch\/fr\/","name":"Grills et Saveurs","description":"Barbecues, Grills, Planchas, Chemin\u00e9es jardin - Lausanne, Suisse Romande","potentialAction":[{"@type":"SearchAction","target":{"@type":"EntryPoint","urlTemplate":"https:\/\/www.grills-saveurs.ch\/fr\/?s={search_term_string}"},"query-input":"required name=search_term_string"}],"inLanguage":"fr-FR"},{"@type":"ImageObject","@id":"https:\/\/www.grills-saveurs.ch\/fr\/produit\/spatule-pour-barbecue-et-plancha\/#primaryimage","inLanguage":"fr-FR","url":"https:\/\/www.grills-saveurs.ch\/fr\/wp-content\/uploads\/2024\/04\/6206A.jpg","contentUrl":"https:\/\/www.grills-saveurs.ch\/fr\/wp-content\/uploads\/2024\/04\/6206A.jpg","width":800,"height":800},{"@type":"WebPage","@id":"https:\/\/www.grills-saveurs.ch\/fr\/produit\/spatule-pour-barbecue-et-plancha\/#webpage","url":"https:\/\/www.grills-saveurs.ch\/fr\/produit\/spatule-pour-barbecue-et-plancha\/","name":"Spatule pour barbecue et plancha - Grills et Saveurs","isPartOf":{"@id":"https:\/\/www.grills-saveurs.ch\/fr\/#website"},"primaryImageOfPage":{"@id":"https:\/\/www.grills-saveurs.ch\/fr\/produit\/spatule-pour-barbecue-et-plancha\/#primaryimage"},"datePublished":"2024-04-08T07:24:19+00:00","dateModified":"2024-04-08T07:24:19+00:00","description":"La spatule en inox r\u00e9sistante pour barbecue et plancha d\u00e9tache et \u00e9limine la graisse et les aliments coll\u00e9s sur votre plancha. Avec son bord tranchant et son manche en silicone anti-d\u00e9rapant, cet accessoire robuste et stable d\u00e9tache et \u00e9limine les aliments br\u00fbl\u00e9s.","breadcrumb":{"@id":"https:\/\/www.grills-saveurs.ch\/fr\/produit\/spatule-pour-barbecue-et-plancha\/#breadcrumb"},"inLanguage":"fr-FR","potentialAction":[{"@type":"ReadAction","target":["https:\/\/www.grills-saveurs.ch\/fr\/produit\/spatule-pour-barbecue-et-plancha\/"]}]},{"@type":"BreadcrumbList","@id":"https:\/\/www.grills-saveurs.ch\/fr\/produit\/spatule-pour-barbecue-et-plancha\/#breadcrumb","itemListElement":[{"@type":"ListItem","position":1,"name":"Accueil","item":"https:\/\/www.grills-saveurs.ch\/fr\/"},{"@type":"ListItem","position":2,"name":"Shop \/ Boutique","item":"https:\/\/www.grills-saveurs.ch\/fr\/boutique\/"},{"@type":"ListItem","position":3,"name":"Spatule pour barbecue et plancha"}]}]}},"_links":{"self":[{"href":"https:\/\/www.grills-saveurs.ch\/fr\/wp-json\/wp\/v2\/product\/9279"}],"collection":[{"href":"https:\/\/www.grills-saveurs.ch\/fr\/wp-json\/wp\/v2\/product"}],"about":[{"href":"https:\/\/www.grills-saveurs.ch\/fr\/wp-json\/wp\/v2\/types\/product"}],"wp:featuredmedia":[{"embeddable":true,"href":"https:\/\/www.grills-saveurs.ch\/fr\/wp-json\/wp\/v2\/media\/9281"}],"wp:attachment":[{"href":"https:\/\/www.grills-saveurs.ch\/fr\/wp-json\/wp\/v2\/media?parent=9279"}],"wp:term":[{"taxonomy":"product_cat","embeddable":true,"href":"https:\/\/www.grills-saveurs.ch\/fr\/wp-json\/wp\/v2\/product_cat?post=9279"},{"taxonomy":"product_tag","embeddable":true,"href":"https:\/\/www.grills-saveurs.ch\/fr\/wp-json\/wp\/v2\/product_tag?post=9279"}],"curies":[{"name":"wp","href":"https:\/\/api.w.org\/{rel}","templated":true}]}}