{"id":9283,"date":"2024-04-08T09:24:19","date_gmt":"2024-04-08T07:24:19","guid":{"rendered":"https:\/\/www.grills-saveurs.ch\/fr\/?post_type=product&#038;p=9283"},"modified":"2024-04-08T09:24:19","modified_gmt":"2024-04-08T07:24:19","slug":"panier-a-griller-pour-poissons-et-legumes","status":"publish","type":"product","link":"https:\/\/www.grills-saveurs.ch\/fr\/produit\/panier-a-griller-pour-poissons-et-legumes\/","title":{"rendered":"Panier \u00e0 griller pour poissons et l\u00e9gumes"},"content":{"rendered":"<p>Grillez votre poisson favori ou votre p\u00eache du jour ou testez une nouvelle recette \u00e0 base de fruits de mer afin de r\u00e9galer votre famille et vos amis. Faites confiance au panier \u00e0 poisson pour obtenir un r\u00e9sultat parfait \u00e0 tous les coups. Le panier \u00e0 poisson assure une cuisson homog\u00e8ne et peut contenir une multitude d\u2019aliments.<\/p>\n","protected":false},"excerpt":{"rendered":"<p>Grillez votre poisson favori ou votre p\u00eache du jour ou testez une nouvelle recette \u00e0 base de fruits de mer afin de r\u00e9galer votre famille et vos amis. Faites confiance au panier \u00e0 poisson pour obtenir un r\u00e9sultat parfait \u00e0 tous les coups. Le panier \u00e0 poisson assure une cuisson homog\u00e8ne et peut contenir une &hellip;<\/p>\n","protected":false},"featured_media":9285,"template":"","meta":[],"product_cat":[79,114,160],"product_tag":[],"yoast_head":"<!-- This site is optimized with the Yoast SEO plugin v18.2 - https:\/\/yoast.com\/wordpress\/plugins\/seo\/ -->\n<title>Panier \u00e0 griller pour poissons et l\u00e9gumes - Grills et Saveurs<\/title>\n<meta name=\"description\" content=\"Grillez votre poisson favori ou votre p\u00eache du jour ou testez une nouvelle recette \u00e0 base de fruits de mer afin de r\u00e9galer votre famille et vos amis. Faites confiance au panier \u00e0 poisson pour obtenir un r\u00e9sultat parfait \u00e0 tous les coups. Le panier \u00e0 poisson assure une cuisson homog\u00e8ne et peut contenir une multitude d\u2019aliments.\" \/>\n<meta name=\"robots\" content=\"index, follow, max-snippet:-1, max-image-preview:large, max-video-preview:-1\" \/>\n<link rel=\"canonical\" href=\"https:\/\/www.grills-saveurs.ch\/fr\/produit\/panier-a-griller-pour-poissons-et-legumes\/\" \/>\n<meta property=\"og:locale\" content=\"fr_FR\" \/>\n<meta property=\"og:type\" content=\"article\" \/>\n<meta property=\"og:title\" content=\"Panier \u00e0 griller pour poissons et l\u00e9gumes - Grills et Saveurs\" \/>\n<meta property=\"og:description\" content=\"Grillez votre poisson favori ou votre p\u00eache du jour ou testez une nouvelle recette \u00e0 base de fruits de mer afin de r\u00e9galer votre famille et vos amis. Faites confiance au panier \u00e0 poisson pour obtenir un r\u00e9sultat parfait \u00e0 tous les coups. Le panier \u00e0 poisson assure une cuisson homog\u00e8ne et peut contenir une multitude d\u2019aliments.\" \/>\n<meta property=\"og:url\" content=\"https:\/\/www.grills-saveurs.ch\/fr\/produit\/panier-a-griller-pour-poissons-et-legumes\/\" \/>\n<meta property=\"og:site_name\" content=\"Grills et Saveurs\" \/>\n<meta property=\"og:image\" content=\"https:\/\/www.grills-saveurs.ch\/fr\/wp-content\/uploads\/2024\/04\/6470.jpg\" \/>\n\t<meta property=\"og:image:width\" content=\"800\" \/>\n\t<meta property=\"og:image:height\" content=\"800\" \/>\n\t<meta property=\"og:image:type\" content=\"image\/jpeg\" \/>\n<meta name=\"twitter:card\" content=\"summary_large_image\" \/>\n<script type=\"application\/ld+json\" class=\"yoast-schema-graph\">{\"@context\":\"https:\/\/schema.org\",\"@graph\":[{\"@type\":\"WebSite\",\"@id\":\"https:\/\/www.grills-saveurs.ch\/fr\/#website\",\"url\":\"https:\/\/www.grills-saveurs.ch\/fr\/\",\"name\":\"Grills et Saveurs\",\"description\":\"Barbecues, Grills, Planchas, Chemin\u00e9es jardin - Lausanne, Suisse Romande\",\"potentialAction\":[{\"@type\":\"SearchAction\",\"target\":{\"@type\":\"EntryPoint\",\"urlTemplate\":\"https:\/\/www.grills-saveurs.ch\/fr\/?s={search_term_string}\"},\"query-input\":\"required name=search_term_string\"}],\"inLanguage\":\"fr-FR\"},{\"@type\":\"ImageObject\",\"@id\":\"https:\/\/www.grills-saveurs.ch\/fr\/produit\/panier-a-griller-pour-poissons-et-legumes\/#primaryimage\",\"inLanguage\":\"fr-FR\",\"url\":\"https:\/\/www.grills-saveurs.ch\/fr\/wp-content\/uploads\/2024\/04\/6470.jpg\",\"contentUrl\":\"https:\/\/www.grills-saveurs.ch\/fr\/wp-content\/uploads\/2024\/04\/6470.jpg\",\"width\":800,\"height\":800},{\"@type\":\"WebPage\",\"@id\":\"https:\/\/www.grills-saveurs.ch\/fr\/produit\/panier-a-griller-pour-poissons-et-legumes\/#webpage\",\"url\":\"https:\/\/www.grills-saveurs.ch\/fr\/produit\/panier-a-griller-pour-poissons-et-legumes\/\",\"name\":\"Panier \u00e0 griller pour poissons et l\u00e9gumes - Grills et Saveurs\",\"isPartOf\":{\"@id\":\"https:\/\/www.grills-saveurs.ch\/fr\/#website\"},\"primaryImageOfPage\":{\"@id\":\"https:\/\/www.grills-saveurs.ch\/fr\/produit\/panier-a-griller-pour-poissons-et-legumes\/#primaryimage\"},\"datePublished\":\"2024-04-08T07:24:19+00:00\",\"dateModified\":\"2024-04-08T07:24:19+00:00\",\"description\":\"Grillez votre poisson favori ou votre p\u00eache du jour ou testez une nouvelle recette \u00e0 base de fruits de mer afin de r\u00e9galer votre famille et vos amis. Faites confiance au panier \u00e0 poisson pour obtenir un r\u00e9sultat parfait \u00e0 tous les coups. Le panier \u00e0 poisson assure une cuisson homog\u00e8ne et peut contenir une multitude d\u2019aliments.\",\"breadcrumb\":{\"@id\":\"https:\/\/www.grills-saveurs.ch\/fr\/produit\/panier-a-griller-pour-poissons-et-legumes\/#breadcrumb\"},\"inLanguage\":\"fr-FR\",\"potentialAction\":[{\"@type\":\"ReadAction\",\"target\":[\"https:\/\/www.grills-saveurs.ch\/fr\/produit\/panier-a-griller-pour-poissons-et-legumes\/\"]}]},{\"@type\":\"BreadcrumbList\",\"@id\":\"https:\/\/www.grills-saveurs.ch\/fr\/produit\/panier-a-griller-pour-poissons-et-legumes\/#breadcrumb\",\"itemListElement\":[{\"@type\":\"ListItem\",\"position\":1,\"name\":\"Accueil\",\"item\":\"https:\/\/www.grills-saveurs.ch\/fr\/\"},{\"@type\":\"ListItem\",\"position\":2,\"name\":\"Shop \/ Boutique\",\"item\":\"https:\/\/www.grills-saveurs.ch\/fr\/boutique\/\"},{\"@type\":\"ListItem\",\"position\":3,\"name\":\"Panier \u00e0 griller pour poissons et l\u00e9gumes\"}]}]}<\/script>\n<!-- \/ Yoast SEO plugin. -->","yoast_head_json":{"title":"Panier \u00e0 griller pour poissons et l\u00e9gumes - Grills et Saveurs","description":"Grillez votre poisson favori ou votre p\u00eache du jour ou testez une nouvelle recette \u00e0 base de fruits de mer afin de r\u00e9galer votre famille et vos amis. Faites confiance au panier \u00e0 poisson pour obtenir un r\u00e9sultat parfait \u00e0 tous les coups. Le panier \u00e0 poisson assure une cuisson homog\u00e8ne et peut contenir une multitude d\u2019aliments.","robots":{"index":"index","follow":"follow","max-snippet":"max-snippet:-1","max-image-preview":"max-image-preview:large","max-video-preview":"max-video-preview:-1"},"canonical":"https:\/\/www.grills-saveurs.ch\/fr\/produit\/panier-a-griller-pour-poissons-et-legumes\/","og_locale":"fr_FR","og_type":"article","og_title":"Panier \u00e0 griller pour poissons et l\u00e9gumes - Grills et Saveurs","og_description":"Grillez votre poisson favori ou votre p\u00eache du jour ou testez une nouvelle recette \u00e0 base de fruits de mer afin de r\u00e9galer votre famille et vos amis. Faites confiance au panier \u00e0 poisson pour obtenir un r\u00e9sultat parfait \u00e0 tous les coups. Le panier \u00e0 poisson assure une cuisson homog\u00e8ne et peut contenir une multitude d\u2019aliments.","og_url":"https:\/\/www.grills-saveurs.ch\/fr\/produit\/panier-a-griller-pour-poissons-et-legumes\/","og_site_name":"Grills et Saveurs","og_image":[{"width":800,"height":800,"url":"https:\/\/www.grills-saveurs.ch\/fr\/wp-content\/uploads\/2024\/04\/6470.jpg","type":"image\/jpeg"}],"twitter_card":"summary_large_image","schema":{"@context":"https:\/\/schema.org","@graph":[{"@type":"WebSite","@id":"https:\/\/www.grills-saveurs.ch\/fr\/#website","url":"https:\/\/www.grills-saveurs.ch\/fr\/","name":"Grills et Saveurs","description":"Barbecues, Grills, Planchas, Chemin\u00e9es jardin - Lausanne, Suisse Romande","potentialAction":[{"@type":"SearchAction","target":{"@type":"EntryPoint","urlTemplate":"https:\/\/www.grills-saveurs.ch\/fr\/?s={search_term_string}"},"query-input":"required name=search_term_string"}],"inLanguage":"fr-FR"},{"@type":"ImageObject","@id":"https:\/\/www.grills-saveurs.ch\/fr\/produit\/panier-a-griller-pour-poissons-et-legumes\/#primaryimage","inLanguage":"fr-FR","url":"https:\/\/www.grills-saveurs.ch\/fr\/wp-content\/uploads\/2024\/04\/6470.jpg","contentUrl":"https:\/\/www.grills-saveurs.ch\/fr\/wp-content\/uploads\/2024\/04\/6470.jpg","width":800,"height":800},{"@type":"WebPage","@id":"https:\/\/www.grills-saveurs.ch\/fr\/produit\/panier-a-griller-pour-poissons-et-legumes\/#webpage","url":"https:\/\/www.grills-saveurs.ch\/fr\/produit\/panier-a-griller-pour-poissons-et-legumes\/","name":"Panier \u00e0 griller pour poissons et l\u00e9gumes - Grills et Saveurs","isPartOf":{"@id":"https:\/\/www.grills-saveurs.ch\/fr\/#website"},"primaryImageOfPage":{"@id":"https:\/\/www.grills-saveurs.ch\/fr\/produit\/panier-a-griller-pour-poissons-et-legumes\/#primaryimage"},"datePublished":"2024-04-08T07:24:19+00:00","dateModified":"2024-04-08T07:24:19+00:00","description":"Grillez votre poisson favori ou votre p\u00eache du jour ou testez une nouvelle recette \u00e0 base de fruits de mer afin de r\u00e9galer votre famille et vos amis. Faites confiance au panier \u00e0 poisson pour obtenir un r\u00e9sultat parfait \u00e0 tous les coups. Le panier \u00e0 poisson assure une cuisson homog\u00e8ne et peut contenir une multitude d\u2019aliments.","breadcrumb":{"@id":"https:\/\/www.grills-saveurs.ch\/fr\/produit\/panier-a-griller-pour-poissons-et-legumes\/#breadcrumb"},"inLanguage":"fr-FR","potentialAction":[{"@type":"ReadAction","target":["https:\/\/www.grills-saveurs.ch\/fr\/produit\/panier-a-griller-pour-poissons-et-legumes\/"]}]},{"@type":"BreadcrumbList","@id":"https:\/\/www.grills-saveurs.ch\/fr\/produit\/panier-a-griller-pour-poissons-et-legumes\/#breadcrumb","itemListElement":[{"@type":"ListItem","position":1,"name":"Accueil","item":"https:\/\/www.grills-saveurs.ch\/fr\/"},{"@type":"ListItem","position":2,"name":"Shop \/ Boutique","item":"https:\/\/www.grills-saveurs.ch\/fr\/boutique\/"},{"@type":"ListItem","position":3,"name":"Panier \u00e0 griller pour poissons et l\u00e9gumes"}]}]}},"_links":{"self":[{"href":"https:\/\/www.grills-saveurs.ch\/fr\/wp-json\/wp\/v2\/product\/9283"}],"collection":[{"href":"https:\/\/www.grills-saveurs.ch\/fr\/wp-json\/wp\/v2\/product"}],"about":[{"href":"https:\/\/www.grills-saveurs.ch\/fr\/wp-json\/wp\/v2\/types\/product"}],"wp:featuredmedia":[{"embeddable":true,"href":"https:\/\/www.grills-saveurs.ch\/fr\/wp-json\/wp\/v2\/media\/9285"}],"wp:attachment":[{"href":"https:\/\/www.grills-saveurs.ch\/fr\/wp-json\/wp\/v2\/media?parent=9283"}],"wp:term":[{"taxonomy":"product_cat","embeddable":true,"href":"https:\/\/www.grills-saveurs.ch\/fr\/wp-json\/wp\/v2\/product_cat?post=9283"},{"taxonomy":"product_tag","embeddable":true,"href":"https:\/\/www.grills-saveurs.ch\/fr\/wp-json\/wp\/v2\/product_tag?post=9283"}],"curies":[{"name":"wp","href":"https:\/\/api.w.org\/{rel}","templated":true}]}}