{"id":9286,"date":"2024-04-08T09:24:19","date_gmt":"2024-04-08T07:24:19","guid":{"rendered":"https:\/\/www.grills-saveurs.ch\/fr\/?post_type=product&#038;p=9286"},"modified":"2024-04-08T09:24:19","modified_gmt":"2024-04-08T07:24:19","slug":"papier-de-boucher-weber-2","status":"publish","type":"product","link":"https:\/\/www.grills-saveurs.ch\/fr\/produit\/papier-de-boucher-weber-2\/","title":{"rendered":"Papier de boucher Weber"},"content":{"rendered":"<p>Servez une viande juteuse et savoureuse \u00e0 la cro\u00fbte parfaite en l\u2019enveloppant dans du papier de boucher Weber. Le fait d&rsquo;envelopper la viande en fin de processus de fumage \u00e0 basse temp\u00e9rature \u00e9vite qu&rsquo;elle ne se dess\u00e8che. Le logo des barbecues Kettle Weber est \u00e9galement imprim\u00e9 sur le papier de boucher Weber pour une touche de fantaisie.<\/p>\n<p>\u2022 Papier de boucher de qualit\u00e9 alimentaire avec encre comestible, s\u00e9curit\u00e9 alimentaire garantie<br \/>\n\u2022 Non cir\u00e9, non couch\u00e9, non blanchi \u00e0 des fins de s\u00e9curit\u00e9 alimentaire<br \/>\n\u2022 Papier \u00e0 base de p\u00e2te vierge 100\u00a0% naturelle<br \/>\n\u2022 Utilisez-le lorsque vous fumez des viandes, pour servir des aliments ou m\u00eame emballer des cadeaux<br \/>\n\u2022 45,72\u00a0cm x 47,85\u00a0m<\/p>\n","protected":false},"excerpt":{"rendered":"<p>Servez une viande juteuse et savoureuse \u00e0 la cro\u00fbte parfaite en l\u2019enveloppant dans du papier de boucher Weber. Le fait d&rsquo;envelopper la viande en fin de processus de fumage \u00e0 basse temp\u00e9rature \u00e9vite qu&rsquo;elle ne se dess\u00e8che. Le logo des barbecues Kettle Weber est \u00e9galement imprim\u00e9 sur le papier de boucher Weber pour une touche &hellip;<\/p>\n","protected":false},"featured_media":9290,"template":"","meta":[],"product_cat":[165],"product_tag":[],"yoast_head":"<!-- This site is optimized with the Yoast SEO plugin v18.2 - https:\/\/yoast.com\/wordpress\/plugins\/seo\/ -->\n<title>Papier de boucher Weber - Grills et Saveurs<\/title>\n<meta name=\"description\" content=\"Servez une viande juteuse et savoureuse \u00e0 la cro\u00fbte parfaite en l\u2019enveloppant dans du papier de boucher Weber. Le fait d&#039;envelopper la viande en fin de processus de fumage \u00e0 basse temp\u00e9rature \u00e9vite qu&#039;elle ne se dess\u00e8che. Le logo des barbecues Kettle Weber est \u00e9galement imprim\u00e9 sur le papier de boucher Weber pour une touche de fantaisie.\u2022 Papier de boucher de qualit\u00e9 alimentaire avec encre comestible, s\u00e9curit\u00e9 alimentaire garantie\u2022 Non cir\u00e9, non couch\u00e9, non blanchi \u00e0 des fins de s\u00e9curit\u00e9 alimentaire\u2022 Papier \u00e0 base de p\u00e2te vierge 100 % naturelle\u2022 Utilisez-le lorsque vous fumez des viandes, pour servir des aliments ou m\u00eame emballer des cadeaux\u2022 45,72 cm x 47,85 m\" \/>\n<meta name=\"robots\" content=\"index, follow, max-snippet:-1, max-image-preview:large, max-video-preview:-1\" \/>\n<link rel=\"canonical\" href=\"https:\/\/www.grills-saveurs.ch\/fr\/produit\/papier-de-boucher-weber-2\/\" \/>\n<meta property=\"og:locale\" content=\"fr_FR\" \/>\n<meta property=\"og:type\" content=\"article\" \/>\n<meta property=\"og:title\" content=\"Papier de boucher Weber - Grills et Saveurs\" \/>\n<meta property=\"og:description\" content=\"Servez une viande juteuse et savoureuse \u00e0 la cro\u00fbte parfaite en l\u2019enveloppant dans du papier de boucher Weber. Le fait d&#039;envelopper la viande en fin de processus de fumage \u00e0 basse temp\u00e9rature \u00e9vite qu&#039;elle ne se dess\u00e8che. Le logo des barbecues Kettle Weber est \u00e9galement imprim\u00e9 sur le papier de boucher Weber pour une touche de fantaisie.\u2022 Papier de boucher de qualit\u00e9 alimentaire avec encre comestible, s\u00e9curit\u00e9 alimentaire garantie\u2022 Non cir\u00e9, non couch\u00e9, non blanchi \u00e0 des fins de s\u00e9curit\u00e9 alimentaire\u2022 Papier \u00e0 base de p\u00e2te vierge 100 % naturelle\u2022 Utilisez-le lorsque vous fumez des viandes, pour servir des aliments ou m\u00eame emballer des cadeaux\u2022 45,72 cm x 47,85 m\" \/>\n<meta property=\"og:url\" content=\"https:\/\/www.grills-saveurs.ch\/fr\/produit\/papier-de-boucher-weber-2\/\" \/>\n<meta property=\"og:site_name\" content=\"Grills et Saveurs\" \/>\n<meta property=\"og:image\" content=\"https:\/\/www.grills-saveurs.ch\/fr\/wp-content\/uploads\/2024\/04\/7020E_1800x1800.jpg\" \/>\n\t<meta property=\"og:image:width\" content=\"800\" \/>\n\t<meta property=\"og:image:height\" content=\"800\" \/>\n\t<meta property=\"og:image:type\" content=\"image\/jpeg\" \/>\n<meta name=\"twitter:card\" content=\"summary_large_image\" \/>\n<meta name=\"twitter:label1\" content=\"Dur\u00e9e de lecture estim\u00e9e\" \/>\n\t<meta name=\"twitter:data1\" content=\"1 minute\" \/>\n<script type=\"application\/ld+json\" class=\"yoast-schema-graph\">{\"@context\":\"https:\/\/schema.org\",\"@graph\":[{\"@type\":\"WebSite\",\"@id\":\"https:\/\/www.grills-saveurs.ch\/fr\/#website\",\"url\":\"https:\/\/www.grills-saveurs.ch\/fr\/\",\"name\":\"Grills et Saveurs\",\"description\":\"Barbecues, Grills, Planchas, Chemin\u00e9es jardin - Lausanne, Suisse Romande\",\"potentialAction\":[{\"@type\":\"SearchAction\",\"target\":{\"@type\":\"EntryPoint\",\"urlTemplate\":\"https:\/\/www.grills-saveurs.ch\/fr\/?s={search_term_string}\"},\"query-input\":\"required name=search_term_string\"}],\"inLanguage\":\"fr-FR\"},{\"@type\":\"ImageObject\",\"@id\":\"https:\/\/www.grills-saveurs.ch\/fr\/produit\/papier-de-boucher-weber-2\/#primaryimage\",\"inLanguage\":\"fr-FR\",\"url\":\"https:\/\/www.grills-saveurs.ch\/fr\/wp-content\/uploads\/2024\/04\/7020E_1800x1800.jpg\",\"contentUrl\":\"https:\/\/www.grills-saveurs.ch\/fr\/wp-content\/uploads\/2024\/04\/7020E_1800x1800.jpg\",\"width\":800,\"height\":800},{\"@type\":\"WebPage\",\"@id\":\"https:\/\/www.grills-saveurs.ch\/fr\/produit\/papier-de-boucher-weber-2\/#webpage\",\"url\":\"https:\/\/www.grills-saveurs.ch\/fr\/produit\/papier-de-boucher-weber-2\/\",\"name\":\"Papier de boucher Weber - Grills et Saveurs\",\"isPartOf\":{\"@id\":\"https:\/\/www.grills-saveurs.ch\/fr\/#website\"},\"primaryImageOfPage\":{\"@id\":\"https:\/\/www.grills-saveurs.ch\/fr\/produit\/papier-de-boucher-weber-2\/#primaryimage\"},\"datePublished\":\"2024-04-08T07:24:19+00:00\",\"dateModified\":\"2024-04-08T07:24:19+00:00\",\"description\":\"Servez une viande juteuse et savoureuse \u00e0 la cro\u00fbte parfaite en l\u2019enveloppant dans du papier de boucher Weber. Le fait d'envelopper la viande en fin de processus de fumage \u00e0 basse temp\u00e9rature \u00e9vite qu'elle ne se dess\u00e8che. Le logo des barbecues Kettle Weber est \u00e9galement imprim\u00e9 sur le papier de boucher Weber pour une touche de fantaisie.\u2022 Papier de boucher de qualit\u00e9 alimentaire avec encre comestible, s\u00e9curit\u00e9 alimentaire garantie\u2022 Non cir\u00e9, non couch\u00e9, non blanchi \u00e0 des fins de s\u00e9curit\u00e9 alimentaire\u2022 Papier \u00e0 base de p\u00e2te vierge 100 % naturelle\u2022 Utilisez-le lorsque vous fumez des viandes, pour servir des aliments ou m\u00eame emballer des cadeaux\u2022 45,72 cm x 47,85 m\",\"breadcrumb\":{\"@id\":\"https:\/\/www.grills-saveurs.ch\/fr\/produit\/papier-de-boucher-weber-2\/#breadcrumb\"},\"inLanguage\":\"fr-FR\",\"potentialAction\":[{\"@type\":\"ReadAction\",\"target\":[\"https:\/\/www.grills-saveurs.ch\/fr\/produit\/papier-de-boucher-weber-2\/\"]}]},{\"@type\":\"BreadcrumbList\",\"@id\":\"https:\/\/www.grills-saveurs.ch\/fr\/produit\/papier-de-boucher-weber-2\/#breadcrumb\",\"itemListElement\":[{\"@type\":\"ListItem\",\"position\":1,\"name\":\"Accueil\",\"item\":\"https:\/\/www.grills-saveurs.ch\/fr\/\"},{\"@type\":\"ListItem\",\"position\":2,\"name\":\"Shop \/ Boutique\",\"item\":\"https:\/\/www.grills-saveurs.ch\/fr\/boutique\/\"},{\"@type\":\"ListItem\",\"position\":3,\"name\":\"Papier de boucher Weber\"}]}]}<\/script>\n<!-- \/ Yoast SEO plugin. -->","yoast_head_json":{"title":"Papier de boucher Weber - Grills et Saveurs","description":"Servez une viande juteuse et savoureuse \u00e0 la cro\u00fbte parfaite en l\u2019enveloppant dans du papier de boucher Weber. Le fait d'envelopper la viande en fin de processus de fumage \u00e0 basse temp\u00e9rature \u00e9vite qu'elle ne se dess\u00e8che. Le logo des barbecues Kettle Weber est \u00e9galement imprim\u00e9 sur le papier de boucher Weber pour une touche de fantaisie.\u2022 Papier de boucher de qualit\u00e9 alimentaire avec encre comestible, s\u00e9curit\u00e9 alimentaire garantie\u2022 Non cir\u00e9, non couch\u00e9, non blanchi \u00e0 des fins de s\u00e9curit\u00e9 alimentaire\u2022 Papier \u00e0 base de p\u00e2te vierge 100 % naturelle\u2022 Utilisez-le lorsque vous fumez des viandes, pour servir des aliments ou m\u00eame emballer des cadeaux\u2022 45,72 cm x 47,85 m","robots":{"index":"index","follow":"follow","max-snippet":"max-snippet:-1","max-image-preview":"max-image-preview:large","max-video-preview":"max-video-preview:-1"},"canonical":"https:\/\/www.grills-saveurs.ch\/fr\/produit\/papier-de-boucher-weber-2\/","og_locale":"fr_FR","og_type":"article","og_title":"Papier de boucher Weber - Grills et Saveurs","og_description":"Servez une viande juteuse et savoureuse \u00e0 la cro\u00fbte parfaite en l\u2019enveloppant dans du papier de boucher Weber. Le fait d'envelopper la viande en fin de processus de fumage \u00e0 basse temp\u00e9rature \u00e9vite qu'elle ne se dess\u00e8che. Le logo des barbecues Kettle Weber est \u00e9galement imprim\u00e9 sur le papier de boucher Weber pour une touche de fantaisie.\u2022 Papier de boucher de qualit\u00e9 alimentaire avec encre comestible, s\u00e9curit\u00e9 alimentaire garantie\u2022 Non cir\u00e9, non couch\u00e9, non blanchi \u00e0 des fins de s\u00e9curit\u00e9 alimentaire\u2022 Papier \u00e0 base de p\u00e2te vierge 100 % naturelle\u2022 Utilisez-le lorsque vous fumez des viandes, pour servir des aliments ou m\u00eame emballer des cadeaux\u2022 45,72 cm x 47,85 m","og_url":"https:\/\/www.grills-saveurs.ch\/fr\/produit\/papier-de-boucher-weber-2\/","og_site_name":"Grills et Saveurs","og_image":[{"width":800,"height":800,"url":"https:\/\/www.grills-saveurs.ch\/fr\/wp-content\/uploads\/2024\/04\/7020E_1800x1800.jpg","type":"image\/jpeg"}],"twitter_card":"summary_large_image","twitter_misc":{"Dur\u00e9e de lecture estim\u00e9e":"1 minute"},"schema":{"@context":"https:\/\/schema.org","@graph":[{"@type":"WebSite","@id":"https:\/\/www.grills-saveurs.ch\/fr\/#website","url":"https:\/\/www.grills-saveurs.ch\/fr\/","name":"Grills et Saveurs","description":"Barbecues, Grills, Planchas, Chemin\u00e9es jardin - Lausanne, Suisse Romande","potentialAction":[{"@type":"SearchAction","target":{"@type":"EntryPoint","urlTemplate":"https:\/\/www.grills-saveurs.ch\/fr\/?s={search_term_string}"},"query-input":"required name=search_term_string"}],"inLanguage":"fr-FR"},{"@type":"ImageObject","@id":"https:\/\/www.grills-saveurs.ch\/fr\/produit\/papier-de-boucher-weber-2\/#primaryimage","inLanguage":"fr-FR","url":"https:\/\/www.grills-saveurs.ch\/fr\/wp-content\/uploads\/2024\/04\/7020E_1800x1800.jpg","contentUrl":"https:\/\/www.grills-saveurs.ch\/fr\/wp-content\/uploads\/2024\/04\/7020E_1800x1800.jpg","width":800,"height":800},{"@type":"WebPage","@id":"https:\/\/www.grills-saveurs.ch\/fr\/produit\/papier-de-boucher-weber-2\/#webpage","url":"https:\/\/www.grills-saveurs.ch\/fr\/produit\/papier-de-boucher-weber-2\/","name":"Papier de boucher Weber - Grills et Saveurs","isPartOf":{"@id":"https:\/\/www.grills-saveurs.ch\/fr\/#website"},"primaryImageOfPage":{"@id":"https:\/\/www.grills-saveurs.ch\/fr\/produit\/papier-de-boucher-weber-2\/#primaryimage"},"datePublished":"2024-04-08T07:24:19+00:00","dateModified":"2024-04-08T07:24:19+00:00","description":"Servez une viande juteuse et savoureuse \u00e0 la cro\u00fbte parfaite en l\u2019enveloppant dans du papier de boucher Weber. Le fait d'envelopper la viande en fin de processus de fumage \u00e0 basse temp\u00e9rature \u00e9vite qu'elle ne se dess\u00e8che. Le logo des barbecues Kettle Weber est \u00e9galement imprim\u00e9 sur le papier de boucher Weber pour une touche de fantaisie.\u2022 Papier de boucher de qualit\u00e9 alimentaire avec encre comestible, s\u00e9curit\u00e9 alimentaire garantie\u2022 Non cir\u00e9, non couch\u00e9, non blanchi \u00e0 des fins de s\u00e9curit\u00e9 alimentaire\u2022 Papier \u00e0 base de p\u00e2te vierge 100 % naturelle\u2022 Utilisez-le lorsque vous fumez des viandes, pour servir des aliments ou m\u00eame emballer des cadeaux\u2022 45,72 cm x 47,85 m","breadcrumb":{"@id":"https:\/\/www.grills-saveurs.ch\/fr\/produit\/papier-de-boucher-weber-2\/#breadcrumb"},"inLanguage":"fr-FR","potentialAction":[{"@type":"ReadAction","target":["https:\/\/www.grills-saveurs.ch\/fr\/produit\/papier-de-boucher-weber-2\/"]}]},{"@type":"BreadcrumbList","@id":"https:\/\/www.grills-saveurs.ch\/fr\/produit\/papier-de-boucher-weber-2\/#breadcrumb","itemListElement":[{"@type":"ListItem","position":1,"name":"Accueil","item":"https:\/\/www.grills-saveurs.ch\/fr\/"},{"@type":"ListItem","position":2,"name":"Shop \/ Boutique","item":"https:\/\/www.grills-saveurs.ch\/fr\/boutique\/"},{"@type":"ListItem","position":3,"name":"Papier de boucher Weber"}]}]}},"_links":{"self":[{"href":"https:\/\/www.grills-saveurs.ch\/fr\/wp-json\/wp\/v2\/product\/9286"}],"collection":[{"href":"https:\/\/www.grills-saveurs.ch\/fr\/wp-json\/wp\/v2\/product"}],"about":[{"href":"https:\/\/www.grills-saveurs.ch\/fr\/wp-json\/wp\/v2\/types\/product"}],"wp:featuredmedia":[{"embeddable":true,"href":"https:\/\/www.grills-saveurs.ch\/fr\/wp-json\/wp\/v2\/media\/9290"}],"wp:attachment":[{"href":"https:\/\/www.grills-saveurs.ch\/fr\/wp-json\/wp\/v2\/media?parent=9286"}],"wp:term":[{"taxonomy":"product_cat","embeddable":true,"href":"https:\/\/www.grills-saveurs.ch\/fr\/wp-json\/wp\/v2\/product_cat?post=9286"},{"taxonomy":"product_tag","embeddable":true,"href":"https:\/\/www.grills-saveurs.ch\/fr\/wp-json\/wp\/v2\/product_tag?post=9286"}],"curies":[{"name":"wp","href":"https:\/\/api.w.org\/{rel}","templated":true}]}}