{"id":9308,"date":"2024-04-08T09:24:21","date_gmt":"2024-04-08T07:24:21","guid":{"rendered":"https:\/\/www.grills-saveurs.ch\/fr\/?post_type=product&#038;p=9308"},"modified":"2024-04-08T09:24:21","modified_gmt":"2024-04-08T07:24:21","slug":"housse-premium-pour-genesis-ii-serie-400","status":"publish","type":"product","link":"https:\/\/www.grills-saveurs.ch\/fr\/produit\/housse-premium-pour-genesis-ii-serie-400\/","title":{"rendered":"Housse premium pour  Genesis II S\u00e9rie 400"},"content":{"rendered":"<p>Gardez votre barbecue en parfait \u00e9tat. Gr\u00e2ce \u00e0 cette housse de barbecue Premium r\u00e9sistante, vous n\u2019avez pas \u00e0 craindre les \u00e9l\u00e9ments. Elle r\u00e9siste aux intemp\u00e9ries et est dot\u00e9e de sangles de fixation pour la maintenir en place m\u00eame dans les conditions les plus difficiles.\u200b\u00a0\u200b<\/p>\n<p>\u2022 Le tissu r\u00e9sistant aux intemp\u00e9ries prot\u00e8ge votre barbecue de la pluie et de la neige\u200b<br \/>\n\u2022 Fabriqu\u00e9e dans un mat\u00e9riau durable\u200b<br \/>\n\u2022 Sa conception l\u00e9g\u00e8re permet de couvrir et de d\u00e9couvrir facilement le barbecue<br \/>\n\u2022 Compatible avec les barbecues de la s\u00e9rie Genesis 400\u200b<br \/>\n\u2022 Les sangles de fixation maintiennent la housse en place<\/p>\n<p>Compatible : Barbecues \u00e0 gaz s\u00e9ries Genesis SPX\/E\/S 435 et Genesis 400<br \/>\nDimensions du produit110cm H x 180cm L x 65cm P<\/p>\n","protected":false},"excerpt":{"rendered":"<p>Gardez votre barbecue en parfait \u00e9tat. Gr\u00e2ce \u00e0 cette housse de barbecue Premium r\u00e9sistante, vous n\u2019avez pas \u00e0 craindre les \u00e9l\u00e9ments. Elle r\u00e9siste aux intemp\u00e9ries et est dot\u00e9e de sangles de fixation pour la maintenir en place m\u00eame dans les conditions les plus difficiles.\u200b\u00a0\u200b \u2022 Le tissu r\u00e9sistant aux intemp\u00e9ries prot\u00e8ge votre barbecue de la &hellip;<\/p>\n","protected":false},"featured_media":9306,"template":"","meta":[],"product_cat":[124],"product_tag":[],"yoast_head":"<!-- This site is optimized with the Yoast SEO plugin v18.2 - https:\/\/yoast.com\/wordpress\/plugins\/seo\/ -->\n<title>Housse premium pour Genesis II S\u00e9rie 400 - Grills et Saveurs<\/title>\n<meta name=\"description\" content=\"Gardez votre barbecue en parfait \u00e9tat. Gr\u00e2ce \u00e0 cette housse de barbecue Premium r\u00e9sistante, vous n\u2019avez pas \u00e0 craindre les \u00e9l\u00e9ments. Elle r\u00e9siste aux intemp\u00e9ries et est dot\u00e9e de sangles de fixation pour la maintenir en place m\u00eame dans les conditions les plus difficiles.\u200b \u200b\u2022 Le tissu r\u00e9sistant aux intemp\u00e9ries prot\u00e8ge votre barbecue de la pluie et de la neige\u200b\u2022 Fabriqu\u00e9e dans un mat\u00e9riau durable\u200b\u2022 Sa conception l\u00e9g\u00e8re permet de couvrir et de d\u00e9couvrir facilement le barbecue\u2022 Compatible avec les barbecues de la s\u00e9rie Genesis 400\u200b\u2022 Les sangles de fixation maintiennent la housse en place\" \/>\n<meta name=\"robots\" content=\"index, follow, max-snippet:-1, max-image-preview:large, max-video-preview:-1\" \/>\n<link rel=\"canonical\" href=\"https:\/\/www.grills-saveurs.ch\/fr\/produit\/housse-premium-pour-genesis-ii-serie-400\/\" \/>\n<meta property=\"og:locale\" content=\"fr_FR\" \/>\n<meta property=\"og:type\" content=\"article\" \/>\n<meta property=\"og:title\" content=\"Housse premium pour Genesis II S\u00e9rie 400 - Grills et Saveurs\" \/>\n<meta property=\"og:description\" content=\"Gardez votre barbecue en parfait \u00e9tat. Gr\u00e2ce \u00e0 cette housse de barbecue Premium r\u00e9sistante, vous n\u2019avez pas \u00e0 craindre les \u00e9l\u00e9ments. Elle r\u00e9siste aux intemp\u00e9ries et est dot\u00e9e de sangles de fixation pour la maintenir en place m\u00eame dans les conditions les plus difficiles.\u200b \u200b\u2022 Le tissu r\u00e9sistant aux intemp\u00e9ries prot\u00e8ge votre barbecue de la pluie et de la neige\u200b\u2022 Fabriqu\u00e9e dans un mat\u00e9riau durable\u200b\u2022 Sa conception l\u00e9g\u00e8re permet de couvrir et de d\u00e9couvrir facilement le barbecue\u2022 Compatible avec les barbecues de la s\u00e9rie Genesis 400\u200b\u2022 Les sangles de fixation maintiennent la housse en place\" \/>\n<meta property=\"og:url\" content=\"https:\/\/www.grills-saveurs.ch\/fr\/produit\/housse-premium-pour-genesis-ii-serie-400\/\" \/>\n<meta property=\"og:site_name\" content=\"Grills et Saveurs\" \/>\n<meta property=\"og:image\" content=\"https:\/\/www.grills-saveurs.ch\/fr\/wp-content\/uploads\/2024\/04\/7757_7194B_1800x1800.jpg\" \/>\n\t<meta property=\"og:image:width\" content=\"800\" \/>\n\t<meta property=\"og:image:height\" content=\"800\" \/>\n\t<meta property=\"og:image:type\" content=\"image\/jpeg\" \/>\n<meta name=\"twitter:card\" content=\"summary_large_image\" \/>\n<meta name=\"twitter:label1\" content=\"Dur\u00e9e de lecture estim\u00e9e\" \/>\n\t<meta name=\"twitter:data1\" content=\"1 minute\" \/>\n<script type=\"application\/ld+json\" class=\"yoast-schema-graph\">{\"@context\":\"https:\/\/schema.org\",\"@graph\":[{\"@type\":\"WebSite\",\"@id\":\"https:\/\/www.grills-saveurs.ch\/fr\/#website\",\"url\":\"https:\/\/www.grills-saveurs.ch\/fr\/\",\"name\":\"Grills et Saveurs\",\"description\":\"Barbecues, Grills, Planchas, Chemin\u00e9es jardin - Lausanne, Suisse Romande\",\"potentialAction\":[{\"@type\":\"SearchAction\",\"target\":{\"@type\":\"EntryPoint\",\"urlTemplate\":\"https:\/\/www.grills-saveurs.ch\/fr\/?s={search_term_string}\"},\"query-input\":\"required name=search_term_string\"}],\"inLanguage\":\"fr-FR\"},{\"@type\":\"ImageObject\",\"@id\":\"https:\/\/www.grills-saveurs.ch\/fr\/produit\/housse-premium-pour-genesis-ii-serie-400\/#primaryimage\",\"inLanguage\":\"fr-FR\",\"url\":\"https:\/\/www.grills-saveurs.ch\/fr\/wp-content\/uploads\/2024\/04\/7757_7194B_1800x1800.jpg\",\"contentUrl\":\"https:\/\/www.grills-saveurs.ch\/fr\/wp-content\/uploads\/2024\/04\/7757_7194B_1800x1800.jpg\",\"width\":800,\"height\":800},{\"@type\":\"WebPage\",\"@id\":\"https:\/\/www.grills-saveurs.ch\/fr\/produit\/housse-premium-pour-genesis-ii-serie-400\/#webpage\",\"url\":\"https:\/\/www.grills-saveurs.ch\/fr\/produit\/housse-premium-pour-genesis-ii-serie-400\/\",\"name\":\"Housse premium pour Genesis II S\u00e9rie 400 - Grills et Saveurs\",\"isPartOf\":{\"@id\":\"https:\/\/www.grills-saveurs.ch\/fr\/#website\"},\"primaryImageOfPage\":{\"@id\":\"https:\/\/www.grills-saveurs.ch\/fr\/produit\/housse-premium-pour-genesis-ii-serie-400\/#primaryimage\"},\"datePublished\":\"2024-04-08T07:24:21+00:00\",\"dateModified\":\"2024-04-08T07:24:21+00:00\",\"description\":\"Gardez votre barbecue en parfait \u00e9tat. Gr\u00e2ce \u00e0 cette housse de barbecue Premium r\u00e9sistante, vous n\u2019avez pas \u00e0 craindre les \u00e9l\u00e9ments. Elle r\u00e9siste aux intemp\u00e9ries et est dot\u00e9e de sangles de fixation pour la maintenir en place m\u00eame dans les conditions les plus difficiles.\u200b \u200b\u2022 Le tissu r\u00e9sistant aux intemp\u00e9ries prot\u00e8ge votre barbecue de la pluie et de la neige\u200b\u2022 Fabriqu\u00e9e dans un mat\u00e9riau durable\u200b\u2022 Sa conception l\u00e9g\u00e8re permet de couvrir et de d\u00e9couvrir facilement le barbecue\u2022 Compatible avec les barbecues de la s\u00e9rie Genesis 400\u200b\u2022 Les sangles de fixation maintiennent la housse en place\",\"breadcrumb\":{\"@id\":\"https:\/\/www.grills-saveurs.ch\/fr\/produit\/housse-premium-pour-genesis-ii-serie-400\/#breadcrumb\"},\"inLanguage\":\"fr-FR\",\"potentialAction\":[{\"@type\":\"ReadAction\",\"target\":[\"https:\/\/www.grills-saveurs.ch\/fr\/produit\/housse-premium-pour-genesis-ii-serie-400\/\"]}]},{\"@type\":\"BreadcrumbList\",\"@id\":\"https:\/\/www.grills-saveurs.ch\/fr\/produit\/housse-premium-pour-genesis-ii-serie-400\/#breadcrumb\",\"itemListElement\":[{\"@type\":\"ListItem\",\"position\":1,\"name\":\"Accueil\",\"item\":\"https:\/\/www.grills-saveurs.ch\/fr\/\"},{\"@type\":\"ListItem\",\"position\":2,\"name\":\"Shop \/ Boutique\",\"item\":\"https:\/\/www.grills-saveurs.ch\/fr\/boutique\/\"},{\"@type\":\"ListItem\",\"position\":3,\"name\":\"Housse premium pour Genesis II S\u00e9rie 400\"}]}]}<\/script>\n<!-- \/ Yoast SEO plugin. -->","yoast_head_json":{"title":"Housse premium pour Genesis II S\u00e9rie 400 - Grills et Saveurs","description":"Gardez votre barbecue en parfait \u00e9tat. Gr\u00e2ce \u00e0 cette housse de barbecue Premium r\u00e9sistante, vous n\u2019avez pas \u00e0 craindre les \u00e9l\u00e9ments. Elle r\u00e9siste aux intemp\u00e9ries et est dot\u00e9e de sangles de fixation pour la maintenir en place m\u00eame dans les conditions les plus difficiles.\u200b \u200b\u2022 Le tissu r\u00e9sistant aux intemp\u00e9ries prot\u00e8ge votre barbecue de la pluie et de la neige\u200b\u2022 Fabriqu\u00e9e dans un mat\u00e9riau durable\u200b\u2022 Sa conception l\u00e9g\u00e8re permet de couvrir et de d\u00e9couvrir facilement le barbecue\u2022 Compatible avec les barbecues de la s\u00e9rie Genesis 400\u200b\u2022 Les sangles de fixation maintiennent la housse en place","robots":{"index":"index","follow":"follow","max-snippet":"max-snippet:-1","max-image-preview":"max-image-preview:large","max-video-preview":"max-video-preview:-1"},"canonical":"https:\/\/www.grills-saveurs.ch\/fr\/produit\/housse-premium-pour-genesis-ii-serie-400\/","og_locale":"fr_FR","og_type":"article","og_title":"Housse premium pour Genesis II S\u00e9rie 400 - Grills et Saveurs","og_description":"Gardez votre barbecue en parfait \u00e9tat. Gr\u00e2ce \u00e0 cette housse de barbecue Premium r\u00e9sistante, vous n\u2019avez pas \u00e0 craindre les \u00e9l\u00e9ments. Elle r\u00e9siste aux intemp\u00e9ries et est dot\u00e9e de sangles de fixation pour la maintenir en place m\u00eame dans les conditions les plus difficiles.\u200b \u200b\u2022 Le tissu r\u00e9sistant aux intemp\u00e9ries prot\u00e8ge votre barbecue de la pluie et de la neige\u200b\u2022 Fabriqu\u00e9e dans un mat\u00e9riau durable\u200b\u2022 Sa conception l\u00e9g\u00e8re permet de couvrir et de d\u00e9couvrir facilement le barbecue\u2022 Compatible avec les barbecues de la s\u00e9rie Genesis 400\u200b\u2022 Les sangles de fixation maintiennent la housse en place","og_url":"https:\/\/www.grills-saveurs.ch\/fr\/produit\/housse-premium-pour-genesis-ii-serie-400\/","og_site_name":"Grills et Saveurs","og_image":[{"width":800,"height":800,"url":"https:\/\/www.grills-saveurs.ch\/fr\/wp-content\/uploads\/2024\/04\/7757_7194B_1800x1800.jpg","type":"image\/jpeg"}],"twitter_card":"summary_large_image","twitter_misc":{"Dur\u00e9e de lecture estim\u00e9e":"1 minute"},"schema":{"@context":"https:\/\/schema.org","@graph":[{"@type":"WebSite","@id":"https:\/\/www.grills-saveurs.ch\/fr\/#website","url":"https:\/\/www.grills-saveurs.ch\/fr\/","name":"Grills et Saveurs","description":"Barbecues, Grills, Planchas, Chemin\u00e9es jardin - Lausanne, Suisse Romande","potentialAction":[{"@type":"SearchAction","target":{"@type":"EntryPoint","urlTemplate":"https:\/\/www.grills-saveurs.ch\/fr\/?s={search_term_string}"},"query-input":"required name=search_term_string"}],"inLanguage":"fr-FR"},{"@type":"ImageObject","@id":"https:\/\/www.grills-saveurs.ch\/fr\/produit\/housse-premium-pour-genesis-ii-serie-400\/#primaryimage","inLanguage":"fr-FR","url":"https:\/\/www.grills-saveurs.ch\/fr\/wp-content\/uploads\/2024\/04\/7757_7194B_1800x1800.jpg","contentUrl":"https:\/\/www.grills-saveurs.ch\/fr\/wp-content\/uploads\/2024\/04\/7757_7194B_1800x1800.jpg","width":800,"height":800},{"@type":"WebPage","@id":"https:\/\/www.grills-saveurs.ch\/fr\/produit\/housse-premium-pour-genesis-ii-serie-400\/#webpage","url":"https:\/\/www.grills-saveurs.ch\/fr\/produit\/housse-premium-pour-genesis-ii-serie-400\/","name":"Housse premium pour Genesis II S\u00e9rie 400 - Grills et Saveurs","isPartOf":{"@id":"https:\/\/www.grills-saveurs.ch\/fr\/#website"},"primaryImageOfPage":{"@id":"https:\/\/www.grills-saveurs.ch\/fr\/produit\/housse-premium-pour-genesis-ii-serie-400\/#primaryimage"},"datePublished":"2024-04-08T07:24:21+00:00","dateModified":"2024-04-08T07:24:21+00:00","description":"Gardez votre barbecue en parfait \u00e9tat. Gr\u00e2ce \u00e0 cette housse de barbecue Premium r\u00e9sistante, vous n\u2019avez pas \u00e0 craindre les \u00e9l\u00e9ments. Elle r\u00e9siste aux intemp\u00e9ries et est dot\u00e9e de sangles de fixation pour la maintenir en place m\u00eame dans les conditions les plus difficiles.\u200b \u200b\u2022 Le tissu r\u00e9sistant aux intemp\u00e9ries prot\u00e8ge votre barbecue de la pluie et de la neige\u200b\u2022 Fabriqu\u00e9e dans un mat\u00e9riau durable\u200b\u2022 Sa conception l\u00e9g\u00e8re permet de couvrir et de d\u00e9couvrir facilement le barbecue\u2022 Compatible avec les barbecues de la s\u00e9rie Genesis 400\u200b\u2022 Les sangles de fixation maintiennent la housse en place","breadcrumb":{"@id":"https:\/\/www.grills-saveurs.ch\/fr\/produit\/housse-premium-pour-genesis-ii-serie-400\/#breadcrumb"},"inLanguage":"fr-FR","potentialAction":[{"@type":"ReadAction","target":["https:\/\/www.grills-saveurs.ch\/fr\/produit\/housse-premium-pour-genesis-ii-serie-400\/"]}]},{"@type":"BreadcrumbList","@id":"https:\/\/www.grills-saveurs.ch\/fr\/produit\/housse-premium-pour-genesis-ii-serie-400\/#breadcrumb","itemListElement":[{"@type":"ListItem","position":1,"name":"Accueil","item":"https:\/\/www.grills-saveurs.ch\/fr\/"},{"@type":"ListItem","position":2,"name":"Shop \/ Boutique","item":"https:\/\/www.grills-saveurs.ch\/fr\/boutique\/"},{"@type":"ListItem","position":3,"name":"Housse premium pour Genesis II S\u00e9rie 400"}]}]}},"_links":{"self":[{"href":"https:\/\/www.grills-saveurs.ch\/fr\/wp-json\/wp\/v2\/product\/9308"}],"collection":[{"href":"https:\/\/www.grills-saveurs.ch\/fr\/wp-json\/wp\/v2\/product"}],"about":[{"href":"https:\/\/www.grills-saveurs.ch\/fr\/wp-json\/wp\/v2\/types\/product"}],"wp:featuredmedia":[{"embeddable":true,"href":"https:\/\/www.grills-saveurs.ch\/fr\/wp-json\/wp\/v2\/media\/9306"}],"wp:attachment":[{"href":"https:\/\/www.grills-saveurs.ch\/fr\/wp-json\/wp\/v2\/media?parent=9308"}],"wp:term":[{"taxonomy":"product_cat","embeddable":true,"href":"https:\/\/www.grills-saveurs.ch\/fr\/wp-json\/wp\/v2\/product_cat?post=9308"},{"taxonomy":"product_tag","embeddable":true,"href":"https:\/\/www.grills-saveurs.ch\/fr\/wp-json\/wp\/v2\/product_tag?post=9308"}],"curies":[{"name":"wp","href":"https:\/\/api.w.org\/{rel}","templated":true}]}}