{"id":9310,"date":"2024-04-08T09:24:21","date_gmt":"2024-04-08T07:24:21","guid":{"rendered":"https:\/\/www.grills-saveurs.ch\/fr\/?post_type=product&#038;p=9310"},"modified":"2024-04-08T09:24:21","modified_gmt":"2024-04-08T07:24:21","slug":"poignee-de-grille-weber-gbs","status":"publish","type":"product","link":"https:\/\/www.grills-saveurs.ch\/fr\/produit\/poignee-de-grille-weber-gbs\/","title":{"rendered":"Poign\u00e9e de grille Weber &#8211; GBS"},"content":{"rendered":"<p>Garnissez votre grille de cuisson de hors d\u2019\u0153uvre, tandis que votre steak gr\u00e9sille. Une fois les coquilles Saint-Jacques dor\u00e9es et les amuse-bouches pr\u00eats \u00e0 \u00eatre servis, utilisez la poign\u00e9e de grille Gourmet BBQ System pour remplacer la partie centrale de la grille par une grille de saisie pour votre plat principal. La poign\u00e9e de grille vous permet de soulever une grille GBS chaude du barbecue, en toute simplicit\u00e9 et s\u00e9curit\u00e9, pour continuer \u00e0 nourrir vos convives.<\/p>\n<p><strong>CARACT\u00c9RISTIQUES<\/strong><\/p>\n<ul>\n<li>Permet de retirer simplement et prudemment la partie centrale de votre grille GBS<\/li>\n<li>Mat\u00e9riaux : acier inoxydable et poign\u00e9e en nylon<\/li>\n<li>Conseils de nettoyage : lavage \u00e0 la main<\/li>\n<\/ul>\n","protected":false},"excerpt":{"rendered":"<p>8844<\/p>\n","protected":false},"featured_media":9312,"template":"","meta":[],"product_cat":[79],"product_tag":[],"yoast_head":"<!-- This site is optimized with the Yoast SEO plugin v18.2 - https:\/\/yoast.com\/wordpress\/plugins\/seo\/ -->\n<title>Poign\u00e9e de grille Weber - GBS - Grills et Saveurs<\/title>\n<meta name=\"description\" content=\"Garnissez votre grille de cuisson de hors d\u2019\u0153uvre, tandis que votre steak gr\u00e9sille. Une fois les coquilles Saint-Jacques dor\u00e9es et les amuse-bouches pr\u00eats \u00e0 \u00eatre servis, utilisez la poign\u00e9e de grille Gourmet BBQ System pour remplacer la partie centrale de la grille par une grille de saisie pour votre plat principal. La poign\u00e9e de grille vous permet de soulever une grille GBS chaude du barbecue, en toute simplicit\u00e9 et s\u00e9curit\u00e9, pour continuer \u00e0 nourrir vos convives.CARACT\u00c9RISTIQUESPermet de retirer simplement et prudemment la partie centrale de votre grille GBSMat\u00e9riaux : acier inoxydable et poign\u00e9e en nylonConseils de nettoyage : lavage \u00e0 la main\" \/>\n<meta name=\"robots\" content=\"index, follow, max-snippet:-1, max-image-preview:large, max-video-preview:-1\" \/>\n<link rel=\"canonical\" href=\"https:\/\/www.grills-saveurs.ch\/fr\/produit\/poignee-de-grille-weber-gbs\/\" \/>\n<meta property=\"og:locale\" content=\"fr_FR\" \/>\n<meta property=\"og:type\" content=\"article\" \/>\n<meta property=\"og:title\" content=\"Poign\u00e9e de grille Weber - GBS - Grills et Saveurs\" \/>\n<meta property=\"og:description\" content=\"Garnissez votre grille de cuisson de hors d\u2019\u0153uvre, tandis que votre steak gr\u00e9sille. Une fois les coquilles Saint-Jacques dor\u00e9es et les amuse-bouches pr\u00eats \u00e0 \u00eatre servis, utilisez la poign\u00e9e de grille Gourmet BBQ System pour remplacer la partie centrale de la grille par une grille de saisie pour votre plat principal. La poign\u00e9e de grille vous permet de soulever une grille GBS chaude du barbecue, en toute simplicit\u00e9 et s\u00e9curit\u00e9, pour continuer \u00e0 nourrir vos convives.CARACT\u00c9RISTIQUESPermet de retirer simplement et prudemment la partie centrale de votre grille GBSMat\u00e9riaux : acier inoxydable et poign\u00e9e en nylonConseils de nettoyage : lavage \u00e0 la main\" \/>\n<meta property=\"og:url\" content=\"https:\/\/www.grills-saveurs.ch\/fr\/produit\/poignee-de-grille-weber-gbs\/\" \/>\n<meta property=\"og:site_name\" content=\"Grills et Saveurs\" \/>\n<meta property=\"og:image\" content=\"https:\/\/www.grills-saveurs.ch\/fr\/wp-content\/uploads\/2024\/04\/8844-Poignee-de-grille-GBS-680x646-1.png\" \/>\n\t<meta property=\"og:image:width\" content=\"680\" \/>\n\t<meta property=\"og:image:height\" content=\"646\" \/>\n\t<meta property=\"og:image:type\" content=\"image\/png\" \/>\n<meta name=\"twitter:card\" content=\"summary_large_image\" \/>\n<meta name=\"twitter:label1\" content=\"Dur\u00e9e de lecture estim\u00e9e\" \/>\n\t<meta name=\"twitter:data1\" content=\"1 minute\" \/>\n<script type=\"application\/ld+json\" class=\"yoast-schema-graph\">{\"@context\":\"https:\/\/schema.org\",\"@graph\":[{\"@type\":\"WebSite\",\"@id\":\"https:\/\/www.grills-saveurs.ch\/fr\/#website\",\"url\":\"https:\/\/www.grills-saveurs.ch\/fr\/\",\"name\":\"Grills et Saveurs\",\"description\":\"Barbecues, Grills, Planchas, Chemin\u00e9es jardin - Lausanne, Suisse Romande\",\"potentialAction\":[{\"@type\":\"SearchAction\",\"target\":{\"@type\":\"EntryPoint\",\"urlTemplate\":\"https:\/\/www.grills-saveurs.ch\/fr\/?s={search_term_string}\"},\"query-input\":\"required name=search_term_string\"}],\"inLanguage\":\"fr-FR\"},{\"@type\":\"ImageObject\",\"@id\":\"https:\/\/www.grills-saveurs.ch\/fr\/produit\/poignee-de-grille-weber-gbs\/#primaryimage\",\"inLanguage\":\"fr-FR\",\"url\":\"https:\/\/www.grills-saveurs.ch\/fr\/wp-content\/uploads\/2024\/04\/8844-Poignee-de-grille-GBS-680x646-1.png\",\"contentUrl\":\"https:\/\/www.grills-saveurs.ch\/fr\/wp-content\/uploads\/2024\/04\/8844-Poignee-de-grille-GBS-680x646-1.png\",\"width\":680,\"height\":646},{\"@type\":\"WebPage\",\"@id\":\"https:\/\/www.grills-saveurs.ch\/fr\/produit\/poignee-de-grille-weber-gbs\/#webpage\",\"url\":\"https:\/\/www.grills-saveurs.ch\/fr\/produit\/poignee-de-grille-weber-gbs\/\",\"name\":\"Poign\u00e9e de grille Weber - GBS - Grills et Saveurs\",\"isPartOf\":{\"@id\":\"https:\/\/www.grills-saveurs.ch\/fr\/#website\"},\"primaryImageOfPage\":{\"@id\":\"https:\/\/www.grills-saveurs.ch\/fr\/produit\/poignee-de-grille-weber-gbs\/#primaryimage\"},\"datePublished\":\"2024-04-08T07:24:21+00:00\",\"dateModified\":\"2024-04-08T07:24:21+00:00\",\"description\":\"Garnissez votre grille de cuisson de hors d\u2019\u0153uvre, tandis que votre steak gr\u00e9sille. Une fois les coquilles Saint-Jacques dor\u00e9es et les amuse-bouches pr\u00eats \u00e0 \u00eatre servis, utilisez la poign\u00e9e de grille Gourmet BBQ System pour remplacer la partie centrale de la grille par une grille de saisie pour votre plat principal. La poign\u00e9e de grille vous permet de soulever une grille GBS chaude du barbecue, en toute simplicit\u00e9 et s\u00e9curit\u00e9, pour continuer \u00e0 nourrir vos convives.CARACT\u00c9RISTIQUESPermet de retirer simplement et prudemment la partie centrale de votre grille GBSMat\u00e9riaux : acier inoxydable et poign\u00e9e en nylonConseils de nettoyage : lavage \u00e0 la main\",\"breadcrumb\":{\"@id\":\"https:\/\/www.grills-saveurs.ch\/fr\/produit\/poignee-de-grille-weber-gbs\/#breadcrumb\"},\"inLanguage\":\"fr-FR\",\"potentialAction\":[{\"@type\":\"ReadAction\",\"target\":[\"https:\/\/www.grills-saveurs.ch\/fr\/produit\/poignee-de-grille-weber-gbs\/\"]}]},{\"@type\":\"BreadcrumbList\",\"@id\":\"https:\/\/www.grills-saveurs.ch\/fr\/produit\/poignee-de-grille-weber-gbs\/#breadcrumb\",\"itemListElement\":[{\"@type\":\"ListItem\",\"position\":1,\"name\":\"Accueil\",\"item\":\"https:\/\/www.grills-saveurs.ch\/fr\/\"},{\"@type\":\"ListItem\",\"position\":2,\"name\":\"Shop \/ Boutique\",\"item\":\"https:\/\/www.grills-saveurs.ch\/fr\/boutique\/\"},{\"@type\":\"ListItem\",\"position\":3,\"name\":\"Poign\u00e9e de grille Weber &#8211; GBS\"}]}]}<\/script>\n<!-- \/ Yoast SEO plugin. -->","yoast_head_json":{"title":"Poign\u00e9e de grille Weber - GBS - Grills et Saveurs","description":"Garnissez votre grille de cuisson de hors d\u2019\u0153uvre, tandis que votre steak gr\u00e9sille. Une fois les coquilles Saint-Jacques dor\u00e9es et les amuse-bouches pr\u00eats \u00e0 \u00eatre servis, utilisez la poign\u00e9e de grille Gourmet BBQ System pour remplacer la partie centrale de la grille par une grille de saisie pour votre plat principal. La poign\u00e9e de grille vous permet de soulever une grille GBS chaude du barbecue, en toute simplicit\u00e9 et s\u00e9curit\u00e9, pour continuer \u00e0 nourrir vos convives.CARACT\u00c9RISTIQUESPermet de retirer simplement et prudemment la partie centrale de votre grille GBSMat\u00e9riaux : acier inoxydable et poign\u00e9e en nylonConseils de nettoyage : lavage \u00e0 la main","robots":{"index":"index","follow":"follow","max-snippet":"max-snippet:-1","max-image-preview":"max-image-preview:large","max-video-preview":"max-video-preview:-1"},"canonical":"https:\/\/www.grills-saveurs.ch\/fr\/produit\/poignee-de-grille-weber-gbs\/","og_locale":"fr_FR","og_type":"article","og_title":"Poign\u00e9e de grille Weber - GBS - Grills et Saveurs","og_description":"Garnissez votre grille de cuisson de hors d\u2019\u0153uvre, tandis que votre steak gr\u00e9sille. Une fois les coquilles Saint-Jacques dor\u00e9es et les amuse-bouches pr\u00eats \u00e0 \u00eatre servis, utilisez la poign\u00e9e de grille Gourmet BBQ System pour remplacer la partie centrale de la grille par une grille de saisie pour votre plat principal. La poign\u00e9e de grille vous permet de soulever une grille GBS chaude du barbecue, en toute simplicit\u00e9 et s\u00e9curit\u00e9, pour continuer \u00e0 nourrir vos convives.CARACT\u00c9RISTIQUESPermet de retirer simplement et prudemment la partie centrale de votre grille GBSMat\u00e9riaux : acier inoxydable et poign\u00e9e en nylonConseils de nettoyage : lavage \u00e0 la main","og_url":"https:\/\/www.grills-saveurs.ch\/fr\/produit\/poignee-de-grille-weber-gbs\/","og_site_name":"Grills et Saveurs","og_image":[{"width":680,"height":646,"url":"https:\/\/www.grills-saveurs.ch\/fr\/wp-content\/uploads\/2024\/04\/8844-Poignee-de-grille-GBS-680x646-1.png","type":"image\/png"}],"twitter_card":"summary_large_image","twitter_misc":{"Dur\u00e9e de lecture estim\u00e9e":"1 minute"},"schema":{"@context":"https:\/\/schema.org","@graph":[{"@type":"WebSite","@id":"https:\/\/www.grills-saveurs.ch\/fr\/#website","url":"https:\/\/www.grills-saveurs.ch\/fr\/","name":"Grills et Saveurs","description":"Barbecues, Grills, Planchas, Chemin\u00e9es jardin - Lausanne, Suisse Romande","potentialAction":[{"@type":"SearchAction","target":{"@type":"EntryPoint","urlTemplate":"https:\/\/www.grills-saveurs.ch\/fr\/?s={search_term_string}"},"query-input":"required name=search_term_string"}],"inLanguage":"fr-FR"},{"@type":"ImageObject","@id":"https:\/\/www.grills-saveurs.ch\/fr\/produit\/poignee-de-grille-weber-gbs\/#primaryimage","inLanguage":"fr-FR","url":"https:\/\/www.grills-saveurs.ch\/fr\/wp-content\/uploads\/2024\/04\/8844-Poignee-de-grille-GBS-680x646-1.png","contentUrl":"https:\/\/www.grills-saveurs.ch\/fr\/wp-content\/uploads\/2024\/04\/8844-Poignee-de-grille-GBS-680x646-1.png","width":680,"height":646},{"@type":"WebPage","@id":"https:\/\/www.grills-saveurs.ch\/fr\/produit\/poignee-de-grille-weber-gbs\/#webpage","url":"https:\/\/www.grills-saveurs.ch\/fr\/produit\/poignee-de-grille-weber-gbs\/","name":"Poign\u00e9e de grille Weber - GBS - Grills et Saveurs","isPartOf":{"@id":"https:\/\/www.grills-saveurs.ch\/fr\/#website"},"primaryImageOfPage":{"@id":"https:\/\/www.grills-saveurs.ch\/fr\/produit\/poignee-de-grille-weber-gbs\/#primaryimage"},"datePublished":"2024-04-08T07:24:21+00:00","dateModified":"2024-04-08T07:24:21+00:00","description":"Garnissez votre grille de cuisson de hors d\u2019\u0153uvre, tandis que votre steak gr\u00e9sille. Une fois les coquilles Saint-Jacques dor\u00e9es et les amuse-bouches pr\u00eats \u00e0 \u00eatre servis, utilisez la poign\u00e9e de grille Gourmet BBQ System pour remplacer la partie centrale de la grille par une grille de saisie pour votre plat principal. La poign\u00e9e de grille vous permet de soulever une grille GBS chaude du barbecue, en toute simplicit\u00e9 et s\u00e9curit\u00e9, pour continuer \u00e0 nourrir vos convives.CARACT\u00c9RISTIQUESPermet de retirer simplement et prudemment la partie centrale de votre grille GBSMat\u00e9riaux : acier inoxydable et poign\u00e9e en nylonConseils de nettoyage : lavage \u00e0 la main","breadcrumb":{"@id":"https:\/\/www.grills-saveurs.ch\/fr\/produit\/poignee-de-grille-weber-gbs\/#breadcrumb"},"inLanguage":"fr-FR","potentialAction":[{"@type":"ReadAction","target":["https:\/\/www.grills-saveurs.ch\/fr\/produit\/poignee-de-grille-weber-gbs\/"]}]},{"@type":"BreadcrumbList","@id":"https:\/\/www.grills-saveurs.ch\/fr\/produit\/poignee-de-grille-weber-gbs\/#breadcrumb","itemListElement":[{"@type":"ListItem","position":1,"name":"Accueil","item":"https:\/\/www.grills-saveurs.ch\/fr\/"},{"@type":"ListItem","position":2,"name":"Shop \/ Boutique","item":"https:\/\/www.grills-saveurs.ch\/fr\/boutique\/"},{"@type":"ListItem","position":3,"name":"Poign\u00e9e de grille Weber &#8211; GBS"}]}]}},"_links":{"self":[{"href":"https:\/\/www.grills-saveurs.ch\/fr\/wp-json\/wp\/v2\/product\/9310"}],"collection":[{"href":"https:\/\/www.grills-saveurs.ch\/fr\/wp-json\/wp\/v2\/product"}],"about":[{"href":"https:\/\/www.grills-saveurs.ch\/fr\/wp-json\/wp\/v2\/types\/product"}],"wp:featuredmedia":[{"embeddable":true,"href":"https:\/\/www.grills-saveurs.ch\/fr\/wp-json\/wp\/v2\/media\/9312"}],"wp:attachment":[{"href":"https:\/\/www.grills-saveurs.ch\/fr\/wp-json\/wp\/v2\/media?parent=9310"}],"wp:term":[{"taxonomy":"product_cat","embeddable":true,"href":"https:\/\/www.grills-saveurs.ch\/fr\/wp-json\/wp\/v2\/product_cat?post=9310"},{"taxonomy":"product_tag","embeddable":true,"href":"https:\/\/www.grills-saveurs.ch\/fr\/wp-json\/wp\/v2\/product_tag?post=9310"}],"curies":[{"name":"wp","href":"https:\/\/api.w.org\/{rel}","templated":true}]}}