{"id":9316,"date":"2024-04-08T09:24:22","date_gmt":"2024-04-08T07:24:22","guid":{"rendered":"https:\/\/www.grills-saveurs.ch\/fr\/?post_type=product&#038;p=9316"},"modified":"2024-04-08T09:24:22","modified_gmt":"2024-04-08T07:24:22","slug":"support-pour-igrill","status":"publish","type":"product","link":"https:\/\/www.grills-saveurs.ch\/fr\/produit\/support-pour-igrill\/","title":{"rendered":"Support pour iGrill"},"content":{"rendered":"<p>Le support pour iGrill vous permet d&rsquo;installer votre iGrill (vendu s\u00e9par\u00e9ment) sur la poign\u00e9e de votre barbecue \u00e0 charbon Weber. Les sondes iGrill peuvent \u00eatre rang\u00e9es dans le support pour un stockage s\u00fbr et pratique.<\/p>\n<p>Compatible avec les barbecues \u00e0 charbon Weber 47 cm, 57 cm et 67 cm (mod\u00e8les de 2011 et ult\u00e9rieurs)<br \/>\nNon compatible avec les barbecues ou les fumoirs Weber\u00ae Performer\u00ae<\/p>\n","protected":false},"excerpt":{"rendered":"<p>WB-7240<\/p>\n","protected":false},"featured_media":9319,"template":"","meta":[],"product_cat":[116],"product_tag":[],"yoast_head":"<!-- This site is optimized with the Yoast SEO plugin v18.2 - https:\/\/yoast.com\/wordpress\/plugins\/seo\/ -->\n<title>Support pour iGrill - Grills et Saveurs<\/title>\n<meta name=\"description\" content=\"Le support pour iGrill vous permet d&#039;installer votre iGrill (vendu s\u00e9par\u00e9ment) sur la poign\u00e9e de votre barbecue \u00e0 charbon Weber. Les sondes iGrill peuvent \u00eatre rang\u00e9es dans le support pour un stockage s\u00fbr et pratique.\" \/>\n<meta name=\"robots\" content=\"index, follow, max-snippet:-1, max-image-preview:large, max-video-preview:-1\" \/>\n<link rel=\"canonical\" href=\"https:\/\/www.grills-saveurs.ch\/fr\/produit\/support-pour-igrill\/\" \/>\n<meta property=\"og:locale\" content=\"fr_FR\" \/>\n<meta property=\"og:type\" content=\"article\" \/>\n<meta property=\"og:title\" content=\"Support pour iGrill - Grills et Saveurs\" \/>\n<meta property=\"og:description\" content=\"Le support pour iGrill vous permet d&#039;installer votre iGrill (vendu s\u00e9par\u00e9ment) sur la poign\u00e9e de votre barbecue \u00e0 charbon Weber. Les sondes iGrill peuvent \u00eatre rang\u00e9es dans le support pour un stockage s\u00fbr et pratique.\" \/>\n<meta property=\"og:url\" content=\"https:\/\/www.grills-saveurs.ch\/fr\/produit\/support-pour-igrill\/\" \/>\n<meta property=\"og:site_name\" content=\"Grills et Saveurs\" \/>\n<meta property=\"og:image\" content=\"https:\/\/www.grills-saveurs.ch\/fr\/wp-content\/uploads\/2024\/04\/7240.png\" \/>\n\t<meta property=\"og:image:width\" content=\"800\" \/>\n\t<meta property=\"og:image:height\" content=\"800\" \/>\n\t<meta property=\"og:image:type\" content=\"image\/png\" \/>\n<meta name=\"twitter:card\" content=\"summary_large_image\" \/>\n<script type=\"application\/ld+json\" class=\"yoast-schema-graph\">{\"@context\":\"https:\/\/schema.org\",\"@graph\":[{\"@type\":\"WebSite\",\"@id\":\"https:\/\/www.grills-saveurs.ch\/fr\/#website\",\"url\":\"https:\/\/www.grills-saveurs.ch\/fr\/\",\"name\":\"Grills et Saveurs\",\"description\":\"Barbecues, Grills, Planchas, Chemin\u00e9es jardin - Lausanne, Suisse Romande\",\"potentialAction\":[{\"@type\":\"SearchAction\",\"target\":{\"@type\":\"EntryPoint\",\"urlTemplate\":\"https:\/\/www.grills-saveurs.ch\/fr\/?s={search_term_string}\"},\"query-input\":\"required name=search_term_string\"}],\"inLanguage\":\"fr-FR\"},{\"@type\":\"ImageObject\",\"@id\":\"https:\/\/www.grills-saveurs.ch\/fr\/produit\/support-pour-igrill\/#primaryimage\",\"inLanguage\":\"fr-FR\",\"url\":\"https:\/\/www.grills-saveurs.ch\/fr\/wp-content\/uploads\/2024\/04\/7240.png\",\"contentUrl\":\"https:\/\/www.grills-saveurs.ch\/fr\/wp-content\/uploads\/2024\/04\/7240.png\",\"width\":800,\"height\":800},{\"@type\":\"WebPage\",\"@id\":\"https:\/\/www.grills-saveurs.ch\/fr\/produit\/support-pour-igrill\/#webpage\",\"url\":\"https:\/\/www.grills-saveurs.ch\/fr\/produit\/support-pour-igrill\/\",\"name\":\"Support pour iGrill - Grills et Saveurs\",\"isPartOf\":{\"@id\":\"https:\/\/www.grills-saveurs.ch\/fr\/#website\"},\"primaryImageOfPage\":{\"@id\":\"https:\/\/www.grills-saveurs.ch\/fr\/produit\/support-pour-igrill\/#primaryimage\"},\"datePublished\":\"2024-04-08T07:24:22+00:00\",\"dateModified\":\"2024-04-08T07:24:22+00:00\",\"description\":\"Le support pour iGrill vous permet d'installer votre iGrill (vendu s\u00e9par\u00e9ment) sur la poign\u00e9e de votre barbecue \u00e0 charbon Weber. Les sondes iGrill peuvent \u00eatre rang\u00e9es dans le support pour un stockage s\u00fbr et pratique.\",\"breadcrumb\":{\"@id\":\"https:\/\/www.grills-saveurs.ch\/fr\/produit\/support-pour-igrill\/#breadcrumb\"},\"inLanguage\":\"fr-FR\",\"potentialAction\":[{\"@type\":\"ReadAction\",\"target\":[\"https:\/\/www.grills-saveurs.ch\/fr\/produit\/support-pour-igrill\/\"]}]},{\"@type\":\"BreadcrumbList\",\"@id\":\"https:\/\/www.grills-saveurs.ch\/fr\/produit\/support-pour-igrill\/#breadcrumb\",\"itemListElement\":[{\"@type\":\"ListItem\",\"position\":1,\"name\":\"Accueil\",\"item\":\"https:\/\/www.grills-saveurs.ch\/fr\/\"},{\"@type\":\"ListItem\",\"position\":2,\"name\":\"Shop \/ Boutique\",\"item\":\"https:\/\/www.grills-saveurs.ch\/fr\/boutique\/\"},{\"@type\":\"ListItem\",\"position\":3,\"name\":\"Support pour iGrill\"}]}]}<\/script>\n<!-- \/ Yoast SEO plugin. -->","yoast_head_json":{"title":"Support pour iGrill - Grills et Saveurs","description":"Le support pour iGrill vous permet d'installer votre iGrill (vendu s\u00e9par\u00e9ment) sur la poign\u00e9e de votre barbecue \u00e0 charbon Weber. Les sondes iGrill peuvent \u00eatre rang\u00e9es dans le support pour un stockage s\u00fbr et pratique.","robots":{"index":"index","follow":"follow","max-snippet":"max-snippet:-1","max-image-preview":"max-image-preview:large","max-video-preview":"max-video-preview:-1"},"canonical":"https:\/\/www.grills-saveurs.ch\/fr\/produit\/support-pour-igrill\/","og_locale":"fr_FR","og_type":"article","og_title":"Support pour iGrill - Grills et Saveurs","og_description":"Le support pour iGrill vous permet d'installer votre iGrill (vendu s\u00e9par\u00e9ment) sur la poign\u00e9e de votre barbecue \u00e0 charbon Weber. Les sondes iGrill peuvent \u00eatre rang\u00e9es dans le support pour un stockage s\u00fbr et pratique.","og_url":"https:\/\/www.grills-saveurs.ch\/fr\/produit\/support-pour-igrill\/","og_site_name":"Grills et Saveurs","og_image":[{"width":800,"height":800,"url":"https:\/\/www.grills-saveurs.ch\/fr\/wp-content\/uploads\/2024\/04\/7240.png","type":"image\/png"}],"twitter_card":"summary_large_image","schema":{"@context":"https:\/\/schema.org","@graph":[{"@type":"WebSite","@id":"https:\/\/www.grills-saveurs.ch\/fr\/#website","url":"https:\/\/www.grills-saveurs.ch\/fr\/","name":"Grills et Saveurs","description":"Barbecues, Grills, Planchas, Chemin\u00e9es jardin - Lausanne, Suisse Romande","potentialAction":[{"@type":"SearchAction","target":{"@type":"EntryPoint","urlTemplate":"https:\/\/www.grills-saveurs.ch\/fr\/?s={search_term_string}"},"query-input":"required name=search_term_string"}],"inLanguage":"fr-FR"},{"@type":"ImageObject","@id":"https:\/\/www.grills-saveurs.ch\/fr\/produit\/support-pour-igrill\/#primaryimage","inLanguage":"fr-FR","url":"https:\/\/www.grills-saveurs.ch\/fr\/wp-content\/uploads\/2024\/04\/7240.png","contentUrl":"https:\/\/www.grills-saveurs.ch\/fr\/wp-content\/uploads\/2024\/04\/7240.png","width":800,"height":800},{"@type":"WebPage","@id":"https:\/\/www.grills-saveurs.ch\/fr\/produit\/support-pour-igrill\/#webpage","url":"https:\/\/www.grills-saveurs.ch\/fr\/produit\/support-pour-igrill\/","name":"Support pour iGrill - Grills et Saveurs","isPartOf":{"@id":"https:\/\/www.grills-saveurs.ch\/fr\/#website"},"primaryImageOfPage":{"@id":"https:\/\/www.grills-saveurs.ch\/fr\/produit\/support-pour-igrill\/#primaryimage"},"datePublished":"2024-04-08T07:24:22+00:00","dateModified":"2024-04-08T07:24:22+00:00","description":"Le support pour iGrill vous permet d'installer votre iGrill (vendu s\u00e9par\u00e9ment) sur la poign\u00e9e de votre barbecue \u00e0 charbon Weber. Les sondes iGrill peuvent \u00eatre rang\u00e9es dans le support pour un stockage s\u00fbr et pratique.","breadcrumb":{"@id":"https:\/\/www.grills-saveurs.ch\/fr\/produit\/support-pour-igrill\/#breadcrumb"},"inLanguage":"fr-FR","potentialAction":[{"@type":"ReadAction","target":["https:\/\/www.grills-saveurs.ch\/fr\/produit\/support-pour-igrill\/"]}]},{"@type":"BreadcrumbList","@id":"https:\/\/www.grills-saveurs.ch\/fr\/produit\/support-pour-igrill\/#breadcrumb","itemListElement":[{"@type":"ListItem","position":1,"name":"Accueil","item":"https:\/\/www.grills-saveurs.ch\/fr\/"},{"@type":"ListItem","position":2,"name":"Shop \/ Boutique","item":"https:\/\/www.grills-saveurs.ch\/fr\/boutique\/"},{"@type":"ListItem","position":3,"name":"Support pour iGrill"}]}]}},"_links":{"self":[{"href":"https:\/\/www.grills-saveurs.ch\/fr\/wp-json\/wp\/v2\/product\/9316"}],"collection":[{"href":"https:\/\/www.grills-saveurs.ch\/fr\/wp-json\/wp\/v2\/product"}],"about":[{"href":"https:\/\/www.grills-saveurs.ch\/fr\/wp-json\/wp\/v2\/types\/product"}],"wp:featuredmedia":[{"embeddable":true,"href":"https:\/\/www.grills-saveurs.ch\/fr\/wp-json\/wp\/v2\/media\/9319"}],"wp:attachment":[{"href":"https:\/\/www.grills-saveurs.ch\/fr\/wp-json\/wp\/v2\/media?parent=9316"}],"wp:term":[{"taxonomy":"product_cat","embeddable":true,"href":"https:\/\/www.grills-saveurs.ch\/fr\/wp-json\/wp\/v2\/product_cat?post=9316"},{"taxonomy":"product_tag","embeddable":true,"href":"https:\/\/www.grills-saveurs.ch\/fr\/wp-json\/wp\/v2\/product_tag?post=9316"}],"curies":[{"name":"wp","href":"https:\/\/api.w.org\/{rel}","templated":true}]}}