{"id":9321,"date":"2024-04-08T09:24:22","date_gmt":"2024-04-08T07:24:22","guid":{"rendered":"https:\/\/www.grills-saveurs.ch\/fr\/?post_type=product&#038;p=9321"},"modified":"2024-04-08T09:24:22","modified_gmt":"2024-04-08T07:24:22","slug":"boite-de-fumage-weber-noir","status":"publish","type":"product","link":"https:\/\/www.grills-saveurs.ch\/fr\/produit\/boite-de-fumage-weber-noir\/","title":{"rendered":"Bo\u00eete de fumage Weber &#8211; Noir"},"content":{"rendered":"<ul class=\"a-unordered-list a-vertical a-spacing-mini\">\n<li class=\"a-spacing-mini\"><span class=\"a-list-item\">UN GO\u00dbT FUM\u00c9 UNIQUE: Impr\u00e9gnez votre nourriture de notes de bois de caryer, pommiers, bois de h\u00eatre ou saveur whisky, et profite de toute nouvelles saveurs gr\u00e2ce \u00e0 la Bo\u00eete de Fumage Weber<\/span><\/li>\n<li class=\"a-spacing-mini\"><span class=\"a-list-item\">UN DESIGN UNIVERSEL: La Bo\u00eete de Fumage convient pour tous barbecues \u00e0 gaz, \u00e0 charbon ou \u00e9lectriques, et reste fid\u00e8le au design Weber noir \u00e9l\u00e9gant<\/span><\/li>\n<li class=\"a-spacing-mini\"><span class=\"a-list-item\">USAGE MULTIFONCTIONS: Sublimez vos viandes, l\u00e9gumes et autres fromages avec la Bo\u00eete de Fumage Weber, et ajoutez une note bois\u00e9e et des saveurs renversantes avec les Copeaux de Bois pour barbecue<\/span><\/li>\n<li class=\"a-spacing-mini\"><span class=\"a-list-item\">FACILE \u00c0 UTILISER: Ajoutez des copeaux de bois humidifi\u00e9s dans la bo\u00eete de fumage et placez la sur votre grille de cuisson afin d&rsquo;apporter cette saveur unique. Lavable \u00e0 la main uniquement<\/span><\/li>\n<li class=\"a-spacing-mini\"><span class=\"a-list-item\">GARANTIE 2 ANS: Weber a confiance en ses produits de qualit\u00e9, et vous offre une garantie de 2 ans sur la gamme d&rsquo;accessoires pour barbecue en cas de produit d\u00e9faillant<\/span><\/li>\n<\/ul>\n<p>Dimension : 5CM H X 14CM L X 27CM P<\/p>\n<p>&nbsp;<\/p>\n","protected":false},"excerpt":{"rendered":"<p>WB-17179<\/p>\n","protected":false},"featured_media":9323,"template":"","meta":[],"product_cat":[79,160,165],"product_tag":[],"yoast_head":"<!-- This site is optimized with the Yoast SEO plugin v18.2 - https:\/\/yoast.com\/wordpress\/plugins\/seo\/ -->\n<title>Bo\u00eete de fumage Weber - Noir - Grills et Saveurs<\/title>\n<meta name=\"description\" content=\"UN GO\u00dbT FUM\u00c9 UNIQUE: Impr\u00e9gnez votre nourriture de notes de bois de caryer, pommiers, bois de h\u00eatre ou saveur whisky, et profite de toute nouvelles saveurs gr\u00e2ce \u00e0 la Bo\u00eete de Fumage WeberUN DESIGN UNIVERSEL: La Bo\u00eete de Fumage convient pour tous barbecues \u00e0 gaz, \u00e0 charbon ou \u00e9lectriques, et reste fid\u00e8le au design Weber noir \u00e9l\u00e9gantUSAGE MULTIFONCTIONS: Sublimez vos viandes, l\u00e9gumes et autres fromages avec la Bo\u00eete de Fumage Weber, et ajoutez une note bois\u00e9e et des saveurs renversantes avec les Copeaux de Bois pour barbecueFACILE \u00c0 UTILISER: Ajoutez des copeaux de bois humidifi\u00e9s dans la bo\u00eete de fumage et placez la sur votre grille de cuisson afin d&#039;apporter cette saveur unique. Lavable \u00e0 la main uniquementGARANTIE 2 ANS: Weber a confiance en ses produits de qualit\u00e9, et vous offre une garantie de 2 ans sur la gamme d&#039;accessoires pour barbecue en cas de produit d\u00e9faillant\" \/>\n<meta name=\"robots\" content=\"index, follow, max-snippet:-1, max-image-preview:large, max-video-preview:-1\" \/>\n<link rel=\"canonical\" href=\"https:\/\/www.grills-saveurs.ch\/fr\/produit\/boite-de-fumage-weber-noir\/\" \/>\n<meta property=\"og:locale\" content=\"fr_FR\" \/>\n<meta property=\"og:type\" content=\"article\" \/>\n<meta property=\"og:title\" content=\"Bo\u00eete de fumage Weber - Noir - Grills et Saveurs\" \/>\n<meta property=\"og:description\" content=\"UN GO\u00dbT FUM\u00c9 UNIQUE: Impr\u00e9gnez votre nourriture de notes de bois de caryer, pommiers, bois de h\u00eatre ou saveur whisky, et profite de toute nouvelles saveurs gr\u00e2ce \u00e0 la Bo\u00eete de Fumage WeberUN DESIGN UNIVERSEL: La Bo\u00eete de Fumage convient pour tous barbecues \u00e0 gaz, \u00e0 charbon ou \u00e9lectriques, et reste fid\u00e8le au design Weber noir \u00e9l\u00e9gantUSAGE MULTIFONCTIONS: Sublimez vos viandes, l\u00e9gumes et autres fromages avec la Bo\u00eete de Fumage Weber, et ajoutez une note bois\u00e9e et des saveurs renversantes avec les Copeaux de Bois pour barbecueFACILE \u00c0 UTILISER: Ajoutez des copeaux de bois humidifi\u00e9s dans la bo\u00eete de fumage et placez la sur votre grille de cuisson afin d&#039;apporter cette saveur unique. Lavable \u00e0 la main uniquementGARANTIE 2 ANS: Weber a confiance en ses produits de qualit\u00e9, et vous offre une garantie de 2 ans sur la gamme d&#039;accessoires pour barbecue en cas de produit d\u00e9faillant\" \/>\n<meta property=\"og:url\" content=\"https:\/\/www.grills-saveurs.ch\/fr\/produit\/boite-de-fumage-weber-noir\/\" \/>\n<meta property=\"og:site_name\" content=\"Grills et Saveurs\" \/>\n<meta property=\"og:image\" content=\"https:\/\/www.grills-saveurs.ch\/fr\/wp-content\/uploads\/2024\/04\/61lBeQaB-L._AC_SX679_.jpg\" \/>\n\t<meta property=\"og:image:width\" content=\"679\" \/>\n\t<meta property=\"og:image:height\" content=\"460\" \/>\n\t<meta property=\"og:image:type\" content=\"image\/jpeg\" \/>\n<meta name=\"twitter:card\" content=\"summary_large_image\" \/>\n<meta name=\"twitter:label1\" content=\"Dur\u00e9e de lecture estim\u00e9e\" \/>\n\t<meta name=\"twitter:data1\" content=\"1 minute\" \/>\n<script type=\"application\/ld+json\" class=\"yoast-schema-graph\">{\"@context\":\"https:\/\/schema.org\",\"@graph\":[{\"@type\":\"WebSite\",\"@id\":\"https:\/\/www.grills-saveurs.ch\/fr\/#website\",\"url\":\"https:\/\/www.grills-saveurs.ch\/fr\/\",\"name\":\"Grills et Saveurs\",\"description\":\"Barbecues, Grills, Planchas, Chemin\u00e9es jardin - Lausanne, Suisse Romande\",\"potentialAction\":[{\"@type\":\"SearchAction\",\"target\":{\"@type\":\"EntryPoint\",\"urlTemplate\":\"https:\/\/www.grills-saveurs.ch\/fr\/?s={search_term_string}\"},\"query-input\":\"required name=search_term_string\"}],\"inLanguage\":\"fr-FR\"},{\"@type\":\"ImageObject\",\"@id\":\"https:\/\/www.grills-saveurs.ch\/fr\/produit\/boite-de-fumage-weber-noir\/#primaryimage\",\"inLanguage\":\"fr-FR\",\"url\":\"https:\/\/www.grills-saveurs.ch\/fr\/wp-content\/uploads\/2024\/04\/61lBeQaB-L._AC_SX679_.jpg\",\"contentUrl\":\"https:\/\/www.grills-saveurs.ch\/fr\/wp-content\/uploads\/2024\/04\/61lBeQaB-L._AC_SX679_.jpg\",\"width\":679,\"height\":460},{\"@type\":\"WebPage\",\"@id\":\"https:\/\/www.grills-saveurs.ch\/fr\/produit\/boite-de-fumage-weber-noir\/#webpage\",\"url\":\"https:\/\/www.grills-saveurs.ch\/fr\/produit\/boite-de-fumage-weber-noir\/\",\"name\":\"Bo\u00eete de fumage Weber - Noir - Grills et Saveurs\",\"isPartOf\":{\"@id\":\"https:\/\/www.grills-saveurs.ch\/fr\/#website\"},\"primaryImageOfPage\":{\"@id\":\"https:\/\/www.grills-saveurs.ch\/fr\/produit\/boite-de-fumage-weber-noir\/#primaryimage\"},\"datePublished\":\"2024-04-08T07:24:22+00:00\",\"dateModified\":\"2024-04-08T07:24:22+00:00\",\"description\":\"UN GO\u00dbT FUM\u00c9 UNIQUE: Impr\u00e9gnez votre nourriture de notes de bois de caryer, pommiers, bois de h\u00eatre ou saveur whisky, et profite de toute nouvelles saveurs gr\u00e2ce \u00e0 la Bo\u00eete de Fumage WeberUN DESIGN UNIVERSEL: La Bo\u00eete de Fumage convient pour tous barbecues \u00e0 gaz, \u00e0 charbon ou \u00e9lectriques, et reste fid\u00e8le au design Weber noir \u00e9l\u00e9gantUSAGE MULTIFONCTIONS: Sublimez vos viandes, l\u00e9gumes et autres fromages avec la Bo\u00eete de Fumage Weber, et ajoutez une note bois\u00e9e et des saveurs renversantes avec les Copeaux de Bois pour barbecueFACILE \u00c0 UTILISER: Ajoutez des copeaux de bois humidifi\u00e9s dans la bo\u00eete de fumage et placez la sur votre grille de cuisson afin d'apporter cette saveur unique. Lavable \u00e0 la main uniquementGARANTIE 2 ANS: Weber a confiance en ses produits de qualit\u00e9, et vous offre une garantie de 2 ans sur la gamme d'accessoires pour barbecue en cas de produit d\u00e9faillant\",\"breadcrumb\":{\"@id\":\"https:\/\/www.grills-saveurs.ch\/fr\/produit\/boite-de-fumage-weber-noir\/#breadcrumb\"},\"inLanguage\":\"fr-FR\",\"potentialAction\":[{\"@type\":\"ReadAction\",\"target\":[\"https:\/\/www.grills-saveurs.ch\/fr\/produit\/boite-de-fumage-weber-noir\/\"]}]},{\"@type\":\"BreadcrumbList\",\"@id\":\"https:\/\/www.grills-saveurs.ch\/fr\/produit\/boite-de-fumage-weber-noir\/#breadcrumb\",\"itemListElement\":[{\"@type\":\"ListItem\",\"position\":1,\"name\":\"Accueil\",\"item\":\"https:\/\/www.grills-saveurs.ch\/fr\/\"},{\"@type\":\"ListItem\",\"position\":2,\"name\":\"Shop \/ Boutique\",\"item\":\"https:\/\/www.grills-saveurs.ch\/fr\/boutique\/\"},{\"@type\":\"ListItem\",\"position\":3,\"name\":\"Bo\u00eete de fumage Weber &#8211; Noir\"}]}]}<\/script>\n<!-- \/ Yoast SEO plugin. -->","yoast_head_json":{"title":"Bo\u00eete de fumage Weber - Noir - Grills et Saveurs","description":"UN GO\u00dbT FUM\u00c9 UNIQUE: Impr\u00e9gnez votre nourriture de notes de bois de caryer, pommiers, bois de h\u00eatre ou saveur whisky, et profite de toute nouvelles saveurs gr\u00e2ce \u00e0 la Bo\u00eete de Fumage WeberUN DESIGN UNIVERSEL: La Bo\u00eete de Fumage convient pour tous barbecues \u00e0 gaz, \u00e0 charbon ou \u00e9lectriques, et reste fid\u00e8le au design Weber noir \u00e9l\u00e9gantUSAGE MULTIFONCTIONS: Sublimez vos viandes, l\u00e9gumes et autres fromages avec la Bo\u00eete de Fumage Weber, et ajoutez une note bois\u00e9e et des saveurs renversantes avec les Copeaux de Bois pour barbecueFACILE \u00c0 UTILISER: Ajoutez des copeaux de bois humidifi\u00e9s dans la bo\u00eete de fumage et placez la sur votre grille de cuisson afin d'apporter cette saveur unique. Lavable \u00e0 la main uniquementGARANTIE 2 ANS: Weber a confiance en ses produits de qualit\u00e9, et vous offre une garantie de 2 ans sur la gamme d'accessoires pour barbecue en cas de produit d\u00e9faillant","robots":{"index":"index","follow":"follow","max-snippet":"max-snippet:-1","max-image-preview":"max-image-preview:large","max-video-preview":"max-video-preview:-1"},"canonical":"https:\/\/www.grills-saveurs.ch\/fr\/produit\/boite-de-fumage-weber-noir\/","og_locale":"fr_FR","og_type":"article","og_title":"Bo\u00eete de fumage Weber - Noir - Grills et Saveurs","og_description":"UN GO\u00dbT FUM\u00c9 UNIQUE: Impr\u00e9gnez votre nourriture de notes de bois de caryer, pommiers, bois de h\u00eatre ou saveur whisky, et profite de toute nouvelles saveurs gr\u00e2ce \u00e0 la Bo\u00eete de Fumage WeberUN DESIGN UNIVERSEL: La Bo\u00eete de Fumage convient pour tous barbecues \u00e0 gaz, \u00e0 charbon ou \u00e9lectriques, et reste fid\u00e8le au design Weber noir \u00e9l\u00e9gantUSAGE MULTIFONCTIONS: Sublimez vos viandes, l\u00e9gumes et autres fromages avec la Bo\u00eete de Fumage Weber, et ajoutez une note bois\u00e9e et des saveurs renversantes avec les Copeaux de Bois pour barbecueFACILE \u00c0 UTILISER: Ajoutez des copeaux de bois humidifi\u00e9s dans la bo\u00eete de fumage et placez la sur votre grille de cuisson afin d'apporter cette saveur unique. Lavable \u00e0 la main uniquementGARANTIE 2 ANS: Weber a confiance en ses produits de qualit\u00e9, et vous offre une garantie de 2 ans sur la gamme d'accessoires pour barbecue en cas de produit d\u00e9faillant","og_url":"https:\/\/www.grills-saveurs.ch\/fr\/produit\/boite-de-fumage-weber-noir\/","og_site_name":"Grills et Saveurs","og_image":[{"width":679,"height":460,"url":"https:\/\/www.grills-saveurs.ch\/fr\/wp-content\/uploads\/2024\/04\/61lBeQaB-L._AC_SX679_.jpg","type":"image\/jpeg"}],"twitter_card":"summary_large_image","twitter_misc":{"Dur\u00e9e de lecture estim\u00e9e":"1 minute"},"schema":{"@context":"https:\/\/schema.org","@graph":[{"@type":"WebSite","@id":"https:\/\/www.grills-saveurs.ch\/fr\/#website","url":"https:\/\/www.grills-saveurs.ch\/fr\/","name":"Grills et Saveurs","description":"Barbecues, Grills, Planchas, Chemin\u00e9es jardin - Lausanne, Suisse Romande","potentialAction":[{"@type":"SearchAction","target":{"@type":"EntryPoint","urlTemplate":"https:\/\/www.grills-saveurs.ch\/fr\/?s={search_term_string}"},"query-input":"required name=search_term_string"}],"inLanguage":"fr-FR"},{"@type":"ImageObject","@id":"https:\/\/www.grills-saveurs.ch\/fr\/produit\/boite-de-fumage-weber-noir\/#primaryimage","inLanguage":"fr-FR","url":"https:\/\/www.grills-saveurs.ch\/fr\/wp-content\/uploads\/2024\/04\/61lBeQaB-L._AC_SX679_.jpg","contentUrl":"https:\/\/www.grills-saveurs.ch\/fr\/wp-content\/uploads\/2024\/04\/61lBeQaB-L._AC_SX679_.jpg","width":679,"height":460},{"@type":"WebPage","@id":"https:\/\/www.grills-saveurs.ch\/fr\/produit\/boite-de-fumage-weber-noir\/#webpage","url":"https:\/\/www.grills-saveurs.ch\/fr\/produit\/boite-de-fumage-weber-noir\/","name":"Bo\u00eete de fumage Weber - Noir - Grills et Saveurs","isPartOf":{"@id":"https:\/\/www.grills-saveurs.ch\/fr\/#website"},"primaryImageOfPage":{"@id":"https:\/\/www.grills-saveurs.ch\/fr\/produit\/boite-de-fumage-weber-noir\/#primaryimage"},"datePublished":"2024-04-08T07:24:22+00:00","dateModified":"2024-04-08T07:24:22+00:00","description":"UN GO\u00dbT FUM\u00c9 UNIQUE: Impr\u00e9gnez votre nourriture de notes de bois de caryer, pommiers, bois de h\u00eatre ou saveur whisky, et profite de toute nouvelles saveurs gr\u00e2ce \u00e0 la Bo\u00eete de Fumage WeberUN DESIGN UNIVERSEL: La Bo\u00eete de Fumage convient pour tous barbecues \u00e0 gaz, \u00e0 charbon ou \u00e9lectriques, et reste fid\u00e8le au design Weber noir \u00e9l\u00e9gantUSAGE MULTIFONCTIONS: Sublimez vos viandes, l\u00e9gumes et autres fromages avec la Bo\u00eete de Fumage Weber, et ajoutez une note bois\u00e9e et des saveurs renversantes avec les Copeaux de Bois pour barbecueFACILE \u00c0 UTILISER: Ajoutez des copeaux de bois humidifi\u00e9s dans la bo\u00eete de fumage et placez la sur votre grille de cuisson afin d'apporter cette saveur unique. Lavable \u00e0 la main uniquementGARANTIE 2 ANS: Weber a confiance en ses produits de qualit\u00e9, et vous offre une garantie de 2 ans sur la gamme d'accessoires pour barbecue en cas de produit d\u00e9faillant","breadcrumb":{"@id":"https:\/\/www.grills-saveurs.ch\/fr\/produit\/boite-de-fumage-weber-noir\/#breadcrumb"},"inLanguage":"fr-FR","potentialAction":[{"@type":"ReadAction","target":["https:\/\/www.grills-saveurs.ch\/fr\/produit\/boite-de-fumage-weber-noir\/"]}]},{"@type":"BreadcrumbList","@id":"https:\/\/www.grills-saveurs.ch\/fr\/produit\/boite-de-fumage-weber-noir\/#breadcrumb","itemListElement":[{"@type":"ListItem","position":1,"name":"Accueil","item":"https:\/\/www.grills-saveurs.ch\/fr\/"},{"@type":"ListItem","position":2,"name":"Shop \/ Boutique","item":"https:\/\/www.grills-saveurs.ch\/fr\/boutique\/"},{"@type":"ListItem","position":3,"name":"Bo\u00eete de fumage Weber &#8211; Noir"}]}]}},"_links":{"self":[{"href":"https:\/\/www.grills-saveurs.ch\/fr\/wp-json\/wp\/v2\/product\/9321"}],"collection":[{"href":"https:\/\/www.grills-saveurs.ch\/fr\/wp-json\/wp\/v2\/product"}],"about":[{"href":"https:\/\/www.grills-saveurs.ch\/fr\/wp-json\/wp\/v2\/types\/product"}],"wp:featuredmedia":[{"embeddable":true,"href":"https:\/\/www.grills-saveurs.ch\/fr\/wp-json\/wp\/v2\/media\/9323"}],"wp:attachment":[{"href":"https:\/\/www.grills-saveurs.ch\/fr\/wp-json\/wp\/v2\/media?parent=9321"}],"wp:term":[{"taxonomy":"product_cat","embeddable":true,"href":"https:\/\/www.grills-saveurs.ch\/fr\/wp-json\/wp\/v2\/product_cat?post=9321"},{"taxonomy":"product_tag","embeddable":true,"href":"https:\/\/www.grills-saveurs.ch\/fr\/wp-json\/wp\/v2\/product_tag?post=9321"}],"curies":[{"name":"wp","href":"https:\/\/api.w.org\/{rel}","templated":true}]}}