{"id":9324,"date":"2024-04-08T09:24:28","date_gmt":"2024-04-08T07:24:28","guid":{"rendered":"https:\/\/www.grills-saveurs.ch\/fr\/?post_type=product&#038;p=9324"},"modified":"2025-06-29T11:59:38","modified_gmt":"2025-06-29T09:59:38","slug":"apple-wood-chunks","status":"publish","type":"product","link":"https:\/\/www.grills-saveurs.ch\/fr\/produit\/apple-wood-chunks\/","title":{"rendered":"Apple Wood Chunks"},"content":{"rendered":"<p>L&rsquo;ajout d&rsquo;une d\u00e9licate touche de pomme sucr\u00e9e au poulet apportera une sensation de l\u00e9g\u00e8ret\u00e9 et de fra\u00eecheur \u00e0 votre assiette. Exp\u00e9rimenter l&rsquo;ajout de morceaux de bois aromatis\u00e9s \u00e0 la recette rend le fumage et la cuisson au barbecue encore plus d\u00e9licieux.<\/p>\n","protected":false},"excerpt":{"rendered":"<p>1.5 Kg<\/p>\n<p>WB-17616<\/p>\n","protected":false},"featured_media":9325,"template":"","meta":[],"product_cat":[165],"product_tag":[],"yoast_head":"<!-- This site is optimized with the Yoast SEO plugin v18.2 - https:\/\/yoast.com\/wordpress\/plugins\/seo\/ -->\n<title>Apple Wood Chunks - Grills et Saveurs<\/title>\n<meta name=\"description\" content=\"L&#039;ajout d&#039;une d\u00e9licate touche de pomme sucr\u00e9e au poulet apportera une sensation de l\u00e9g\u00e8ret\u00e9 et de fra\u00eecheur \u00e0 votre assiette. Exp\u00e9rimenter l&#039;ajout de morceaux de bois aromatis\u00e9s \u00e0 la recette rend le fumage et la cuisson au barbecue encore plus d\u00e9licieux.\" \/>\n<meta name=\"robots\" content=\"index, follow, max-snippet:-1, max-image-preview:large, max-video-preview:-1\" \/>\n<link rel=\"canonical\" href=\"https:\/\/www.grills-saveurs.ch\/fr\/produit\/apple-wood-chunks\/\" \/>\n<meta property=\"og:locale\" content=\"fr_FR\" \/>\n<meta property=\"og:type\" content=\"article\" \/>\n<meta property=\"og:title\" content=\"Apple Wood Chunks - Grills et Saveurs\" \/>\n<meta property=\"og:description\" content=\"L&#039;ajout d&#039;une d\u00e9licate touche de pomme sucr\u00e9e au poulet apportera une sensation de l\u00e9g\u00e8ret\u00e9 et de fra\u00eecheur \u00e0 votre assiette. Exp\u00e9rimenter l&#039;ajout de morceaux de bois aromatis\u00e9s \u00e0 la recette rend le fumage et la cuisson au barbecue encore plus d\u00e9licieux.\" \/>\n<meta property=\"og:url\" content=\"https:\/\/www.grills-saveurs.ch\/fr\/produit\/apple-wood-chunks\/\" \/>\n<meta property=\"og:site_name\" content=\"Grills et Saveurs\" \/>\n<meta property=\"article:modified_time\" content=\"2025-06-29T09:59:38+00:00\" \/>\n<meta property=\"og:image\" content=\"https:\/\/www.grills-saveurs.ch\/fr\/wp-content\/uploads\/2024\/04\/IP085558.jpg\" \/>\n\t<meta property=\"og:image:width\" content=\"800\" \/>\n\t<meta property=\"og:image:height\" content=\"800\" \/>\n\t<meta property=\"og:image:type\" content=\"image\/jpeg\" \/>\n<meta name=\"twitter:card\" content=\"summary_large_image\" \/>\n<script type=\"application\/ld+json\" class=\"yoast-schema-graph\">{\"@context\":\"https:\/\/schema.org\",\"@graph\":[{\"@type\":\"WebSite\",\"@id\":\"https:\/\/www.grills-saveurs.ch\/fr\/#website\",\"url\":\"https:\/\/www.grills-saveurs.ch\/fr\/\",\"name\":\"Grills et Saveurs\",\"description\":\"Barbecues, Grills, Planchas, Chemin\u00e9es jardin - Lausanne, Suisse Romande\",\"potentialAction\":[{\"@type\":\"SearchAction\",\"target\":{\"@type\":\"EntryPoint\",\"urlTemplate\":\"https:\/\/www.grills-saveurs.ch\/fr\/?s={search_term_string}\"},\"query-input\":\"required name=search_term_string\"}],\"inLanguage\":\"fr-FR\"},{\"@type\":\"ImageObject\",\"@id\":\"https:\/\/www.grills-saveurs.ch\/fr\/produit\/apple-wood-chunks\/#primaryimage\",\"inLanguage\":\"fr-FR\",\"url\":\"https:\/\/www.grills-saveurs.ch\/fr\/wp-content\/uploads\/2024\/04\/IP085558.jpg\",\"contentUrl\":\"https:\/\/www.grills-saveurs.ch\/fr\/wp-content\/uploads\/2024\/04\/IP085558.jpg\",\"width\":800,\"height\":800},{\"@type\":\"WebPage\",\"@id\":\"https:\/\/www.grills-saveurs.ch\/fr\/produit\/apple-wood-chunks\/#webpage\",\"url\":\"https:\/\/www.grills-saveurs.ch\/fr\/produit\/apple-wood-chunks\/\",\"name\":\"Apple Wood Chunks - Grills et Saveurs\",\"isPartOf\":{\"@id\":\"https:\/\/www.grills-saveurs.ch\/fr\/#website\"},\"primaryImageOfPage\":{\"@id\":\"https:\/\/www.grills-saveurs.ch\/fr\/produit\/apple-wood-chunks\/#primaryimage\"},\"datePublished\":\"2024-04-08T07:24:28+00:00\",\"dateModified\":\"2025-06-29T09:59:38+00:00\",\"description\":\"L'ajout d'une d\u00e9licate touche de pomme sucr\u00e9e au poulet apportera une sensation de l\u00e9g\u00e8ret\u00e9 et de fra\u00eecheur \u00e0 votre assiette. Exp\u00e9rimenter l'ajout de morceaux de bois aromatis\u00e9s \u00e0 la recette rend le fumage et la cuisson au barbecue encore plus d\u00e9licieux.\",\"breadcrumb\":{\"@id\":\"https:\/\/www.grills-saveurs.ch\/fr\/produit\/apple-wood-chunks\/#breadcrumb\"},\"inLanguage\":\"fr-FR\",\"potentialAction\":[{\"@type\":\"ReadAction\",\"target\":[\"https:\/\/www.grills-saveurs.ch\/fr\/produit\/apple-wood-chunks\/\"]}]},{\"@type\":\"BreadcrumbList\",\"@id\":\"https:\/\/www.grills-saveurs.ch\/fr\/produit\/apple-wood-chunks\/#breadcrumb\",\"itemListElement\":[{\"@type\":\"ListItem\",\"position\":1,\"name\":\"Accueil\",\"item\":\"https:\/\/www.grills-saveurs.ch\/fr\/\"},{\"@type\":\"ListItem\",\"position\":2,\"name\":\"Shop \/ Boutique\",\"item\":\"https:\/\/www.grills-saveurs.ch\/fr\/boutique\/\"},{\"@type\":\"ListItem\",\"position\":3,\"name\":\"Apple Wood Chunks\"}]}]}<\/script>\n<!-- \/ Yoast SEO plugin. -->","yoast_head_json":{"title":"Apple Wood Chunks - Grills et Saveurs","description":"L'ajout d'une d\u00e9licate touche de pomme sucr\u00e9e au poulet apportera une sensation de l\u00e9g\u00e8ret\u00e9 et de fra\u00eecheur \u00e0 votre assiette. Exp\u00e9rimenter l'ajout de morceaux de bois aromatis\u00e9s \u00e0 la recette rend le fumage et la cuisson au barbecue encore plus d\u00e9licieux.","robots":{"index":"index","follow":"follow","max-snippet":"max-snippet:-1","max-image-preview":"max-image-preview:large","max-video-preview":"max-video-preview:-1"},"canonical":"https:\/\/www.grills-saveurs.ch\/fr\/produit\/apple-wood-chunks\/","og_locale":"fr_FR","og_type":"article","og_title":"Apple Wood Chunks - Grills et Saveurs","og_description":"L'ajout d'une d\u00e9licate touche de pomme sucr\u00e9e au poulet apportera une sensation de l\u00e9g\u00e8ret\u00e9 et de fra\u00eecheur \u00e0 votre assiette. Exp\u00e9rimenter l'ajout de morceaux de bois aromatis\u00e9s \u00e0 la recette rend le fumage et la cuisson au barbecue encore plus d\u00e9licieux.","og_url":"https:\/\/www.grills-saveurs.ch\/fr\/produit\/apple-wood-chunks\/","og_site_name":"Grills et Saveurs","article_modified_time":"2025-06-29T09:59:38+00:00","og_image":[{"width":800,"height":800,"url":"https:\/\/www.grills-saveurs.ch\/fr\/wp-content\/uploads\/2024\/04\/IP085558.jpg","type":"image\/jpeg"}],"twitter_card":"summary_large_image","schema":{"@context":"https:\/\/schema.org","@graph":[{"@type":"WebSite","@id":"https:\/\/www.grills-saveurs.ch\/fr\/#website","url":"https:\/\/www.grills-saveurs.ch\/fr\/","name":"Grills et Saveurs","description":"Barbecues, Grills, Planchas, Chemin\u00e9es jardin - Lausanne, Suisse Romande","potentialAction":[{"@type":"SearchAction","target":{"@type":"EntryPoint","urlTemplate":"https:\/\/www.grills-saveurs.ch\/fr\/?s={search_term_string}"},"query-input":"required name=search_term_string"}],"inLanguage":"fr-FR"},{"@type":"ImageObject","@id":"https:\/\/www.grills-saveurs.ch\/fr\/produit\/apple-wood-chunks\/#primaryimage","inLanguage":"fr-FR","url":"https:\/\/www.grills-saveurs.ch\/fr\/wp-content\/uploads\/2024\/04\/IP085558.jpg","contentUrl":"https:\/\/www.grills-saveurs.ch\/fr\/wp-content\/uploads\/2024\/04\/IP085558.jpg","width":800,"height":800},{"@type":"WebPage","@id":"https:\/\/www.grills-saveurs.ch\/fr\/produit\/apple-wood-chunks\/#webpage","url":"https:\/\/www.grills-saveurs.ch\/fr\/produit\/apple-wood-chunks\/","name":"Apple Wood Chunks - Grills et Saveurs","isPartOf":{"@id":"https:\/\/www.grills-saveurs.ch\/fr\/#website"},"primaryImageOfPage":{"@id":"https:\/\/www.grills-saveurs.ch\/fr\/produit\/apple-wood-chunks\/#primaryimage"},"datePublished":"2024-04-08T07:24:28+00:00","dateModified":"2025-06-29T09:59:38+00:00","description":"L'ajout d'une d\u00e9licate touche de pomme sucr\u00e9e au poulet apportera une sensation de l\u00e9g\u00e8ret\u00e9 et de fra\u00eecheur \u00e0 votre assiette. Exp\u00e9rimenter l'ajout de morceaux de bois aromatis\u00e9s \u00e0 la recette rend le fumage et la cuisson au barbecue encore plus d\u00e9licieux.","breadcrumb":{"@id":"https:\/\/www.grills-saveurs.ch\/fr\/produit\/apple-wood-chunks\/#breadcrumb"},"inLanguage":"fr-FR","potentialAction":[{"@type":"ReadAction","target":["https:\/\/www.grills-saveurs.ch\/fr\/produit\/apple-wood-chunks\/"]}]},{"@type":"BreadcrumbList","@id":"https:\/\/www.grills-saveurs.ch\/fr\/produit\/apple-wood-chunks\/#breadcrumb","itemListElement":[{"@type":"ListItem","position":1,"name":"Accueil","item":"https:\/\/www.grills-saveurs.ch\/fr\/"},{"@type":"ListItem","position":2,"name":"Shop \/ Boutique","item":"https:\/\/www.grills-saveurs.ch\/fr\/boutique\/"},{"@type":"ListItem","position":3,"name":"Apple Wood Chunks"}]}]}},"_links":{"self":[{"href":"https:\/\/www.grills-saveurs.ch\/fr\/wp-json\/wp\/v2\/product\/9324"}],"collection":[{"href":"https:\/\/www.grills-saveurs.ch\/fr\/wp-json\/wp\/v2\/product"}],"about":[{"href":"https:\/\/www.grills-saveurs.ch\/fr\/wp-json\/wp\/v2\/types\/product"}],"wp:featuredmedia":[{"embeddable":true,"href":"https:\/\/www.grills-saveurs.ch\/fr\/wp-json\/wp\/v2\/media\/9325"}],"wp:attachment":[{"href":"https:\/\/www.grills-saveurs.ch\/fr\/wp-json\/wp\/v2\/media?parent=9324"}],"wp:term":[{"taxonomy":"product_cat","embeddable":true,"href":"https:\/\/www.grills-saveurs.ch\/fr\/wp-json\/wp\/v2\/product_cat?post=9324"},{"taxonomy":"product_tag","embeddable":true,"href":"https:\/\/www.grills-saveurs.ch\/fr\/wp-json\/wp\/v2\/product_tag?post=9324"}],"curies":[{"name":"wp","href":"https:\/\/api.w.org\/{rel}","templated":true}]}}