{"id":9327,"date":"2024-04-08T09:24:22","date_gmt":"2024-04-08T07:24:22","guid":{"rendered":"https:\/\/www.grills-saveurs.ch\/fr\/?post_type=product&#038;p=9327"},"modified":"2024-04-08T09:24:22","modified_gmt":"2024-04-08T07:24:22","slug":"copeaux-de-bois-de-fumage-weber-pommier-0-7kg","status":"publish","type":"product","link":"https:\/\/www.grills-saveurs.ch\/fr\/produit\/copeaux-de-bois-de-fumage-weber-pommier-0-7kg\/","title":{"rendered":"COPEAUX DE BOIS DE FUMAGE WEBER \u2013 POMMIER 0.7KG"},"content":{"rendered":"<p>Copeaux de fumaison pour un ar\u00f4me de grillade d\u00e9licat, disponibles en sept saveurs : pacanier, pommier, cerisier, hickory, mesquite, h\u00eatre et whisky.<\/p>\n<p>Ajoutez une note de pomme sucr\u00e9e \u00e0 un filet de poisson pour une touche l\u00e9g\u00e8re et rafra\u00eechissante dans votre assiette. Exp\u00e9rimentez en ajoutant des copeaux de fumage aromatis\u00e9s et rendez vos grillades encore plus fascinantes et succulentes.<\/p>\n<p>Saveur subtilement sucr\u00e9e.<\/p>\n","protected":false},"excerpt":{"rendered":"<p>WB 17621<\/p>\n","protected":false},"featured_media":9328,"template":"","meta":[],"product_cat":[165],"product_tag":[],"yoast_head":"<!-- This site is optimized with the Yoast SEO plugin v18.2 - https:\/\/yoast.com\/wordpress\/plugins\/seo\/ -->\n<title>COPEAUX DE BOIS DE FUMAGE WEBER \u2013 POMMIER 0.7KG - Grills et Saveurs<\/title>\n<meta name=\"description\" content=\"Copeaux de fumaison pour un ar\u00f4me de grillade d\u00e9licat, disponibles en sept saveurs : pacanier, pommier, cerisier, hickory, mesquite, h\u00eatre et whisky.Ajoutez une note de pomme sucr\u00e9e \u00e0 un filet de poisson pour une touche l\u00e9g\u00e8re et rafra\u00eechissante dans votre assiette. Exp\u00e9rimentez en ajoutant des copeaux de fumage aromatis\u00e9s et rendez vos grillades encore plus fascinantes et succulentes.Saveur subtilement sucr\u00e9e.\" \/>\n<meta name=\"robots\" content=\"index, follow, max-snippet:-1, max-image-preview:large, max-video-preview:-1\" \/>\n<link rel=\"canonical\" href=\"https:\/\/www.grills-saveurs.ch\/fr\/produit\/copeaux-de-bois-de-fumage-weber-pommier-0-7kg\/\" \/>\n<meta property=\"og:locale\" content=\"fr_FR\" \/>\n<meta property=\"og:type\" content=\"article\" \/>\n<meta property=\"og:title\" content=\"COPEAUX DE BOIS DE FUMAGE WEBER \u2013 POMMIER 0.7KG - Grills et Saveurs\" \/>\n<meta property=\"og:description\" content=\"Copeaux de fumaison pour un ar\u00f4me de grillade d\u00e9licat, disponibles en sept saveurs : pacanier, pommier, cerisier, hickory, mesquite, h\u00eatre et whisky.Ajoutez une note de pomme sucr\u00e9e \u00e0 un filet de poisson pour une touche l\u00e9g\u00e8re et rafra\u00eechissante dans votre assiette. Exp\u00e9rimentez en ajoutant des copeaux de fumage aromatis\u00e9s et rendez vos grillades encore plus fascinantes et succulentes.Saveur subtilement sucr\u00e9e.\" \/>\n<meta property=\"og:url\" content=\"https:\/\/www.grills-saveurs.ch\/fr\/produit\/copeaux-de-bois-de-fumage-weber-pommier-0-7kg\/\" \/>\n<meta property=\"og:site_name\" content=\"Grills et Saveurs\" \/>\n<meta property=\"og:image\" content=\"https:\/\/www.grills-saveurs.ch\/fr\/wp-content\/uploads\/2024\/04\/17621-Copeaux-de-bois-de-fumage-Weber-Pommier-0.7kg-Apple-Wood-Chips-680x646-1.png\" \/>\n\t<meta property=\"og:image:width\" content=\"680\" \/>\n\t<meta property=\"og:image:height\" content=\"646\" \/>\n\t<meta property=\"og:image:type\" content=\"image\/png\" \/>\n<meta name=\"twitter:card\" content=\"summary_large_image\" \/>\n<script type=\"application\/ld+json\" class=\"yoast-schema-graph\">{\"@context\":\"https:\/\/schema.org\",\"@graph\":[{\"@type\":\"WebSite\",\"@id\":\"https:\/\/www.grills-saveurs.ch\/fr\/#website\",\"url\":\"https:\/\/www.grills-saveurs.ch\/fr\/\",\"name\":\"Grills et Saveurs\",\"description\":\"Barbecues, Grills, Planchas, Chemin\u00e9es jardin - Lausanne, Suisse Romande\",\"potentialAction\":[{\"@type\":\"SearchAction\",\"target\":{\"@type\":\"EntryPoint\",\"urlTemplate\":\"https:\/\/www.grills-saveurs.ch\/fr\/?s={search_term_string}\"},\"query-input\":\"required name=search_term_string\"}],\"inLanguage\":\"fr-FR\"},{\"@type\":\"ImageObject\",\"@id\":\"https:\/\/www.grills-saveurs.ch\/fr\/produit\/copeaux-de-bois-de-fumage-weber-pommier-0-7kg\/#primaryimage\",\"inLanguage\":\"fr-FR\",\"url\":\"https:\/\/www.grills-saveurs.ch\/fr\/wp-content\/uploads\/2024\/04\/17621-Copeaux-de-bois-de-fumage-Weber-Pommier-0.7kg-Apple-Wood-Chips-680x646-1.png\",\"contentUrl\":\"https:\/\/www.grills-saveurs.ch\/fr\/wp-content\/uploads\/2024\/04\/17621-Copeaux-de-bois-de-fumage-Weber-Pommier-0.7kg-Apple-Wood-Chips-680x646-1.png\",\"width\":680,\"height\":646},{\"@type\":\"WebPage\",\"@id\":\"https:\/\/www.grills-saveurs.ch\/fr\/produit\/copeaux-de-bois-de-fumage-weber-pommier-0-7kg\/#webpage\",\"url\":\"https:\/\/www.grills-saveurs.ch\/fr\/produit\/copeaux-de-bois-de-fumage-weber-pommier-0-7kg\/\",\"name\":\"COPEAUX DE BOIS DE FUMAGE WEBER \u2013 POMMIER 0.7KG - Grills et Saveurs\",\"isPartOf\":{\"@id\":\"https:\/\/www.grills-saveurs.ch\/fr\/#website\"},\"primaryImageOfPage\":{\"@id\":\"https:\/\/www.grills-saveurs.ch\/fr\/produit\/copeaux-de-bois-de-fumage-weber-pommier-0-7kg\/#primaryimage\"},\"datePublished\":\"2024-04-08T07:24:22+00:00\",\"dateModified\":\"2024-04-08T07:24:22+00:00\",\"description\":\"Copeaux de fumaison pour un ar\u00f4me de grillade d\u00e9licat, disponibles en sept saveurs : pacanier, pommier, cerisier, hickory, mesquite, h\u00eatre et whisky.Ajoutez une note de pomme sucr\u00e9e \u00e0 un filet de poisson pour une touche l\u00e9g\u00e8re et rafra\u00eechissante dans votre assiette. Exp\u00e9rimentez en ajoutant des copeaux de fumage aromatis\u00e9s et rendez vos grillades encore plus fascinantes et succulentes.Saveur subtilement sucr\u00e9e.\",\"breadcrumb\":{\"@id\":\"https:\/\/www.grills-saveurs.ch\/fr\/produit\/copeaux-de-bois-de-fumage-weber-pommier-0-7kg\/#breadcrumb\"},\"inLanguage\":\"fr-FR\",\"potentialAction\":[{\"@type\":\"ReadAction\",\"target\":[\"https:\/\/www.grills-saveurs.ch\/fr\/produit\/copeaux-de-bois-de-fumage-weber-pommier-0-7kg\/\"]}]},{\"@type\":\"BreadcrumbList\",\"@id\":\"https:\/\/www.grills-saveurs.ch\/fr\/produit\/copeaux-de-bois-de-fumage-weber-pommier-0-7kg\/#breadcrumb\",\"itemListElement\":[{\"@type\":\"ListItem\",\"position\":1,\"name\":\"Accueil\",\"item\":\"https:\/\/www.grills-saveurs.ch\/fr\/\"},{\"@type\":\"ListItem\",\"position\":2,\"name\":\"Shop \/ Boutique\",\"item\":\"https:\/\/www.grills-saveurs.ch\/fr\/boutique\/\"},{\"@type\":\"ListItem\",\"position\":3,\"name\":\"COPEAUX DE BOIS DE FUMAGE WEBER \u2013 POMMIER 0.7KG\"}]}]}<\/script>\n<!-- \/ Yoast SEO plugin. -->","yoast_head_json":{"title":"COPEAUX DE BOIS DE FUMAGE WEBER \u2013 POMMIER 0.7KG - Grills et Saveurs","description":"Copeaux de fumaison pour un ar\u00f4me de grillade d\u00e9licat, disponibles en sept saveurs : pacanier, pommier, cerisier, hickory, mesquite, h\u00eatre et whisky.Ajoutez une note de pomme sucr\u00e9e \u00e0 un filet de poisson pour une touche l\u00e9g\u00e8re et rafra\u00eechissante dans votre assiette. Exp\u00e9rimentez en ajoutant des copeaux de fumage aromatis\u00e9s et rendez vos grillades encore plus fascinantes et succulentes.Saveur subtilement sucr\u00e9e.","robots":{"index":"index","follow":"follow","max-snippet":"max-snippet:-1","max-image-preview":"max-image-preview:large","max-video-preview":"max-video-preview:-1"},"canonical":"https:\/\/www.grills-saveurs.ch\/fr\/produit\/copeaux-de-bois-de-fumage-weber-pommier-0-7kg\/","og_locale":"fr_FR","og_type":"article","og_title":"COPEAUX DE BOIS DE FUMAGE WEBER \u2013 POMMIER 0.7KG - Grills et Saveurs","og_description":"Copeaux de fumaison pour un ar\u00f4me de grillade d\u00e9licat, disponibles en sept saveurs : pacanier, pommier, cerisier, hickory, mesquite, h\u00eatre et whisky.Ajoutez une note de pomme sucr\u00e9e \u00e0 un filet de poisson pour une touche l\u00e9g\u00e8re et rafra\u00eechissante dans votre assiette. Exp\u00e9rimentez en ajoutant des copeaux de fumage aromatis\u00e9s et rendez vos grillades encore plus fascinantes et succulentes.Saveur subtilement sucr\u00e9e.","og_url":"https:\/\/www.grills-saveurs.ch\/fr\/produit\/copeaux-de-bois-de-fumage-weber-pommier-0-7kg\/","og_site_name":"Grills et Saveurs","og_image":[{"width":680,"height":646,"url":"https:\/\/www.grills-saveurs.ch\/fr\/wp-content\/uploads\/2024\/04\/17621-Copeaux-de-bois-de-fumage-Weber-Pommier-0.7kg-Apple-Wood-Chips-680x646-1.png","type":"image\/png"}],"twitter_card":"summary_large_image","schema":{"@context":"https:\/\/schema.org","@graph":[{"@type":"WebSite","@id":"https:\/\/www.grills-saveurs.ch\/fr\/#website","url":"https:\/\/www.grills-saveurs.ch\/fr\/","name":"Grills et Saveurs","description":"Barbecues, Grills, Planchas, Chemin\u00e9es jardin - Lausanne, Suisse Romande","potentialAction":[{"@type":"SearchAction","target":{"@type":"EntryPoint","urlTemplate":"https:\/\/www.grills-saveurs.ch\/fr\/?s={search_term_string}"},"query-input":"required name=search_term_string"}],"inLanguage":"fr-FR"},{"@type":"ImageObject","@id":"https:\/\/www.grills-saveurs.ch\/fr\/produit\/copeaux-de-bois-de-fumage-weber-pommier-0-7kg\/#primaryimage","inLanguage":"fr-FR","url":"https:\/\/www.grills-saveurs.ch\/fr\/wp-content\/uploads\/2024\/04\/17621-Copeaux-de-bois-de-fumage-Weber-Pommier-0.7kg-Apple-Wood-Chips-680x646-1.png","contentUrl":"https:\/\/www.grills-saveurs.ch\/fr\/wp-content\/uploads\/2024\/04\/17621-Copeaux-de-bois-de-fumage-Weber-Pommier-0.7kg-Apple-Wood-Chips-680x646-1.png","width":680,"height":646},{"@type":"WebPage","@id":"https:\/\/www.grills-saveurs.ch\/fr\/produit\/copeaux-de-bois-de-fumage-weber-pommier-0-7kg\/#webpage","url":"https:\/\/www.grills-saveurs.ch\/fr\/produit\/copeaux-de-bois-de-fumage-weber-pommier-0-7kg\/","name":"COPEAUX DE BOIS DE FUMAGE WEBER \u2013 POMMIER 0.7KG - Grills et Saveurs","isPartOf":{"@id":"https:\/\/www.grills-saveurs.ch\/fr\/#website"},"primaryImageOfPage":{"@id":"https:\/\/www.grills-saveurs.ch\/fr\/produit\/copeaux-de-bois-de-fumage-weber-pommier-0-7kg\/#primaryimage"},"datePublished":"2024-04-08T07:24:22+00:00","dateModified":"2024-04-08T07:24:22+00:00","description":"Copeaux de fumaison pour un ar\u00f4me de grillade d\u00e9licat, disponibles en sept saveurs : pacanier, pommier, cerisier, hickory, mesquite, h\u00eatre et whisky.Ajoutez une note de pomme sucr\u00e9e \u00e0 un filet de poisson pour une touche l\u00e9g\u00e8re et rafra\u00eechissante dans votre assiette. Exp\u00e9rimentez en ajoutant des copeaux de fumage aromatis\u00e9s et rendez vos grillades encore plus fascinantes et succulentes.Saveur subtilement sucr\u00e9e.","breadcrumb":{"@id":"https:\/\/www.grills-saveurs.ch\/fr\/produit\/copeaux-de-bois-de-fumage-weber-pommier-0-7kg\/#breadcrumb"},"inLanguage":"fr-FR","potentialAction":[{"@type":"ReadAction","target":["https:\/\/www.grills-saveurs.ch\/fr\/produit\/copeaux-de-bois-de-fumage-weber-pommier-0-7kg\/"]}]},{"@type":"BreadcrumbList","@id":"https:\/\/www.grills-saveurs.ch\/fr\/produit\/copeaux-de-bois-de-fumage-weber-pommier-0-7kg\/#breadcrumb","itemListElement":[{"@type":"ListItem","position":1,"name":"Accueil","item":"https:\/\/www.grills-saveurs.ch\/fr\/"},{"@type":"ListItem","position":2,"name":"Shop \/ Boutique","item":"https:\/\/www.grills-saveurs.ch\/fr\/boutique\/"},{"@type":"ListItem","position":3,"name":"COPEAUX DE BOIS DE FUMAGE WEBER \u2013 POMMIER 0.7KG"}]}]}},"_links":{"self":[{"href":"https:\/\/www.grills-saveurs.ch\/fr\/wp-json\/wp\/v2\/product\/9327"}],"collection":[{"href":"https:\/\/www.grills-saveurs.ch\/fr\/wp-json\/wp\/v2\/product"}],"about":[{"href":"https:\/\/www.grills-saveurs.ch\/fr\/wp-json\/wp\/v2\/types\/product"}],"wp:featuredmedia":[{"embeddable":true,"href":"https:\/\/www.grills-saveurs.ch\/fr\/wp-json\/wp\/v2\/media\/9328"}],"wp:attachment":[{"href":"https:\/\/www.grills-saveurs.ch\/fr\/wp-json\/wp\/v2\/media?parent=9327"}],"wp:term":[{"taxonomy":"product_cat","embeddable":true,"href":"https:\/\/www.grills-saveurs.ch\/fr\/wp-json\/wp\/v2\/product_cat?post=9327"},{"taxonomy":"product_tag","embeddable":true,"href":"https:\/\/www.grills-saveurs.ch\/fr\/wp-json\/wp\/v2\/product_tag?post=9327"}],"curies":[{"name":"wp","href":"https:\/\/api.w.org\/{rel}","templated":true}]}}