{"id":9329,"date":"2024-04-03T19:39:51","date_gmt":"2024-04-03T17:39:51","guid":{"rendered":"https:\/\/www.grills-saveurs.ch\/fr\/?post_type=product&#038;p=9329"},"modified":"2024-04-08T09:24:29","modified_gmt":"2024-04-08T07:24:29","slug":"pellets-granules-de-bois-100-naturels-grill-academy-blend","status":"publish","type":"product","link":"https:\/\/www.grills-saveurs.ch\/fr\/produit\/pellets-granules-de-bois-100-naturels-grill-academy-blend\/","title":{"rendered":"Pellets (granul\u00e9s de bois) 100 % naturels Grill Academy Blend"},"content":{"rendered":"<p>Les granul\u00e9s SmokeFire ont \u00e9t\u00e9 pens\u00e9s pour procurer un go\u00fbt barbecue exceptionnel. Con\u00e7us pour rehausser la saveur de vos aliments sans liants, avec juste un go\u00fbt bois\u00e9 authentique.<\/p>\n<p>\u2022 25\u00a0% cerisier, 25\u00a0% \u00e9rable, 50\u00a0% h\u00eatre, 0\u00a0% liants (ratio calcul\u00e9 au poids)<br \/>\n\u2022 Neutre en carbone (pour plus d\u2019informations, consultez le site\u00a0<a href=\"https:\/\/www.carbontrust.com\/\" target=\"_blank\" rel=\"noopener\">www.carbontrust.com<\/a>)<br \/>\n\u2022 Fabriqu\u00e9 dans l&rsquo;Union europ\u00e9enne avec du bois certifi\u00e9 FSC\u00ae d\u2019origine responsable (FSC\u00ae Mix)<br \/>\n\u2022 Intensit\u00e9\u00a0:\u00a0Moyenne<br \/>\n\u2022 Se marie bien avec tous les aliments\u00a0: b\u0153uf, volaille, porc, agneau, gibier, poisson et fruits de mer, l\u00e9gumes, produits de boulangerie et pizza<br \/>\n\u2022 8 kg, bo\u00eete \u00e0 versage facile<\/p>\n","protected":false},"excerpt":{"rendered":"<p>WB-18294<\/p>\n","protected":false},"featured_media":9330,"template":"","meta":[],"product_cat":[165],"product_tag":[],"yoast_head":"<!-- This site is optimized with the Yoast SEO plugin v18.2 - https:\/\/yoast.com\/wordpress\/plugins\/seo\/ -->\n<title>Pellets (granul\u00e9s de bois) 100 % naturels Grill Academy Blend - Grills et Saveurs<\/title>\n<meta name=\"description\" content=\"Les granul\u00e9s SmokeFire ont \u00e9t\u00e9 pens\u00e9s pour procurer un go\u00fbt barbecue exceptionnel. Con\u00e7us pour rehausser la saveur de vos aliments sans liants, avec juste un go\u00fbt bois\u00e9 authentique.\u2022 25 % cerisier, 25 % \u00e9rable, 50 % h\u00eatre, 0 % liants (ratio calcul\u00e9 au poids)\u2022 Neutre en carbone (pour plus d\u2019informations, consultez le site www.carbontrust.com)\u2022 Fabriqu\u00e9 dans l&#039;Union europ\u00e9enne avec du bois certifi\u00e9 FSC\u00ae d\u2019origine responsable (FSC\u00ae Mix)\u2022 Intensit\u00e9 : Moyenne\u2022 Se marie bien avec tous les aliments : b\u0153uf, volaille, porc, agneau, gibier, poisson et fruits de mer, l\u00e9gumes, produits de boulangerie et pizza\u2022 8 kg, bo\u00eete \u00e0 versage facile\" \/>\n<meta name=\"robots\" content=\"index, follow, max-snippet:-1, max-image-preview:large, max-video-preview:-1\" \/>\n<link rel=\"canonical\" href=\"https:\/\/www.grills-saveurs.ch\/fr\/produit\/pellets-granules-de-bois-100-naturels-grill-academy-blend\/\" \/>\n<meta property=\"og:locale\" content=\"fr_FR\" \/>\n<meta property=\"og:type\" content=\"article\" \/>\n<meta property=\"og:title\" content=\"Pellets (granul\u00e9s de bois) 100 % naturels Grill Academy Blend - Grills et Saveurs\" \/>\n<meta property=\"og:description\" content=\"Les granul\u00e9s SmokeFire ont \u00e9t\u00e9 pens\u00e9s pour procurer un go\u00fbt barbecue exceptionnel. Con\u00e7us pour rehausser la saveur de vos aliments sans liants, avec juste un go\u00fbt bois\u00e9 authentique.\u2022 25 % cerisier, 25 % \u00e9rable, 50 % h\u00eatre, 0 % liants (ratio calcul\u00e9 au poids)\u2022 Neutre en carbone (pour plus d\u2019informations, consultez le site www.carbontrust.com)\u2022 Fabriqu\u00e9 dans l&#039;Union europ\u00e9enne avec du bois certifi\u00e9 FSC\u00ae d\u2019origine responsable (FSC\u00ae Mix)\u2022 Intensit\u00e9 : Moyenne\u2022 Se marie bien avec tous les aliments : b\u0153uf, volaille, porc, agneau, gibier, poisson et fruits de mer, l\u00e9gumes, produits de boulangerie et pizza\u2022 8 kg, bo\u00eete \u00e0 versage facile\" \/>\n<meta property=\"og:url\" content=\"https:\/\/www.grills-saveurs.ch\/fr\/produit\/pellets-granules-de-bois-100-naturels-grill-academy-blend\/\" \/>\n<meta property=\"og:site_name\" content=\"Grills et Saveurs\" \/>\n<meta property=\"article:modified_time\" content=\"2024-04-08T07:24:29+00:00\" \/>\n<meta property=\"og:image\" content=\"https:\/\/www.grills-saveurs.ch\/fr\/wp-content\/uploads\/2024\/04\/18294_Rev3_1800x1800.png\" \/>\n\t<meta property=\"og:image:width\" content=\"800\" \/>\n\t<meta property=\"og:image:height\" content=\"800\" \/>\n\t<meta property=\"og:image:type\" content=\"image\/png\" \/>\n<meta name=\"twitter:card\" content=\"summary_large_image\" \/>\n<meta name=\"twitter:label1\" content=\"Dur\u00e9e de lecture estim\u00e9e\" \/>\n\t<meta name=\"twitter:data1\" content=\"1 minute\" \/>\n<script type=\"application\/ld+json\" class=\"yoast-schema-graph\">{\"@context\":\"https:\/\/schema.org\",\"@graph\":[{\"@type\":\"WebSite\",\"@id\":\"https:\/\/www.grills-saveurs.ch\/fr\/#website\",\"url\":\"https:\/\/www.grills-saveurs.ch\/fr\/\",\"name\":\"Grills et Saveurs\",\"description\":\"Barbecues, Grills, Planchas, Chemin\u00e9es jardin - Lausanne, Suisse Romande\",\"potentialAction\":[{\"@type\":\"SearchAction\",\"target\":{\"@type\":\"EntryPoint\",\"urlTemplate\":\"https:\/\/www.grills-saveurs.ch\/fr\/?s={search_term_string}\"},\"query-input\":\"required name=search_term_string\"}],\"inLanguage\":\"fr-FR\"},{\"@type\":\"ImageObject\",\"@id\":\"https:\/\/www.grills-saveurs.ch\/fr\/produit\/pellets-granules-de-bois-100-naturels-grill-academy-blend\/#primaryimage\",\"inLanguage\":\"fr-FR\",\"url\":\"https:\/\/www.grills-saveurs.ch\/fr\/wp-content\/uploads\/2024\/04\/18294_Rev3_1800x1800.png\",\"contentUrl\":\"https:\/\/www.grills-saveurs.ch\/fr\/wp-content\/uploads\/2024\/04\/18294_Rev3_1800x1800.png\",\"width\":800,\"height\":800},{\"@type\":\"WebPage\",\"@id\":\"https:\/\/www.grills-saveurs.ch\/fr\/produit\/pellets-granules-de-bois-100-naturels-grill-academy-blend\/#webpage\",\"url\":\"https:\/\/www.grills-saveurs.ch\/fr\/produit\/pellets-granules-de-bois-100-naturels-grill-academy-blend\/\",\"name\":\"Pellets (granul\u00e9s de bois) 100 % naturels Grill Academy Blend - Grills et Saveurs\",\"isPartOf\":{\"@id\":\"https:\/\/www.grills-saveurs.ch\/fr\/#website\"},\"primaryImageOfPage\":{\"@id\":\"https:\/\/www.grills-saveurs.ch\/fr\/produit\/pellets-granules-de-bois-100-naturels-grill-academy-blend\/#primaryimage\"},\"datePublished\":\"2024-04-03T17:39:51+00:00\",\"dateModified\":\"2024-04-08T07:24:29+00:00\",\"description\":\"Les granul\u00e9s SmokeFire ont \u00e9t\u00e9 pens\u00e9s pour procurer un go\u00fbt barbecue exceptionnel. Con\u00e7us pour rehausser la saveur de vos aliments sans liants, avec juste un go\u00fbt bois\u00e9 authentique.\u2022 25 % cerisier, 25 % \u00e9rable, 50 % h\u00eatre, 0 % liants (ratio calcul\u00e9 au poids)\u2022 Neutre en carbone (pour plus d\u2019informations, consultez le site www.carbontrust.com)\u2022 Fabriqu\u00e9 dans l'Union europ\u00e9enne avec du bois certifi\u00e9 FSC\u00ae d\u2019origine responsable (FSC\u00ae Mix)\u2022 Intensit\u00e9 : Moyenne\u2022 Se marie bien avec tous les aliments : b\u0153uf, volaille, porc, agneau, gibier, poisson et fruits de mer, l\u00e9gumes, produits de boulangerie et pizza\u2022 8 kg, bo\u00eete \u00e0 versage facile\",\"breadcrumb\":{\"@id\":\"https:\/\/www.grills-saveurs.ch\/fr\/produit\/pellets-granules-de-bois-100-naturels-grill-academy-blend\/#breadcrumb\"},\"inLanguage\":\"fr-FR\",\"potentialAction\":[{\"@type\":\"ReadAction\",\"target\":[\"https:\/\/www.grills-saveurs.ch\/fr\/produit\/pellets-granules-de-bois-100-naturels-grill-academy-blend\/\"]}]},{\"@type\":\"BreadcrumbList\",\"@id\":\"https:\/\/www.grills-saveurs.ch\/fr\/produit\/pellets-granules-de-bois-100-naturels-grill-academy-blend\/#breadcrumb\",\"itemListElement\":[{\"@type\":\"ListItem\",\"position\":1,\"name\":\"Accueil\",\"item\":\"https:\/\/www.grills-saveurs.ch\/fr\/\"},{\"@type\":\"ListItem\",\"position\":2,\"name\":\"Shop \/ Boutique\",\"item\":\"https:\/\/www.grills-saveurs.ch\/fr\/boutique\/\"},{\"@type\":\"ListItem\",\"position\":3,\"name\":\"Pellets (granul\u00e9s de bois) 100 % naturels Grill Academy Blend\"}]}]}<\/script>\n<!-- \/ Yoast SEO plugin. -->","yoast_head_json":{"title":"Pellets (granul\u00e9s de bois) 100 % naturels Grill Academy Blend - Grills et Saveurs","description":"Les granul\u00e9s SmokeFire ont \u00e9t\u00e9 pens\u00e9s pour procurer un go\u00fbt barbecue exceptionnel. Con\u00e7us pour rehausser la saveur de vos aliments sans liants, avec juste un go\u00fbt bois\u00e9 authentique.\u2022 25 % cerisier, 25 % \u00e9rable, 50 % h\u00eatre, 0 % liants (ratio calcul\u00e9 au poids)\u2022 Neutre en carbone (pour plus d\u2019informations, consultez le site www.carbontrust.com)\u2022 Fabriqu\u00e9 dans l'Union europ\u00e9enne avec du bois certifi\u00e9 FSC\u00ae d\u2019origine responsable (FSC\u00ae Mix)\u2022 Intensit\u00e9 : Moyenne\u2022 Se marie bien avec tous les aliments : b\u0153uf, volaille, porc, agneau, gibier, poisson et fruits de mer, l\u00e9gumes, produits de boulangerie et pizza\u2022 8 kg, bo\u00eete \u00e0 versage facile","robots":{"index":"index","follow":"follow","max-snippet":"max-snippet:-1","max-image-preview":"max-image-preview:large","max-video-preview":"max-video-preview:-1"},"canonical":"https:\/\/www.grills-saveurs.ch\/fr\/produit\/pellets-granules-de-bois-100-naturels-grill-academy-blend\/","og_locale":"fr_FR","og_type":"article","og_title":"Pellets (granul\u00e9s de bois) 100 % naturels Grill Academy Blend - Grills et Saveurs","og_description":"Les granul\u00e9s SmokeFire ont \u00e9t\u00e9 pens\u00e9s pour procurer un go\u00fbt barbecue exceptionnel. Con\u00e7us pour rehausser la saveur de vos aliments sans liants, avec juste un go\u00fbt bois\u00e9 authentique.\u2022 25 % cerisier, 25 % \u00e9rable, 50 % h\u00eatre, 0 % liants (ratio calcul\u00e9 au poids)\u2022 Neutre en carbone (pour plus d\u2019informations, consultez le site www.carbontrust.com)\u2022 Fabriqu\u00e9 dans l'Union europ\u00e9enne avec du bois certifi\u00e9 FSC\u00ae d\u2019origine responsable (FSC\u00ae Mix)\u2022 Intensit\u00e9 : Moyenne\u2022 Se marie bien avec tous les aliments : b\u0153uf, volaille, porc, agneau, gibier, poisson et fruits de mer, l\u00e9gumes, produits de boulangerie et pizza\u2022 8 kg, bo\u00eete \u00e0 versage facile","og_url":"https:\/\/www.grills-saveurs.ch\/fr\/produit\/pellets-granules-de-bois-100-naturels-grill-academy-blend\/","og_site_name":"Grills et Saveurs","article_modified_time":"2024-04-08T07:24:29+00:00","og_image":[{"width":800,"height":800,"url":"https:\/\/www.grills-saveurs.ch\/fr\/wp-content\/uploads\/2024\/04\/18294_Rev3_1800x1800.png","type":"image\/png"}],"twitter_card":"summary_large_image","twitter_misc":{"Dur\u00e9e de lecture estim\u00e9e":"1 minute"},"schema":{"@context":"https:\/\/schema.org","@graph":[{"@type":"WebSite","@id":"https:\/\/www.grills-saveurs.ch\/fr\/#website","url":"https:\/\/www.grills-saveurs.ch\/fr\/","name":"Grills et Saveurs","description":"Barbecues, Grills, Planchas, Chemin\u00e9es jardin - Lausanne, Suisse Romande","potentialAction":[{"@type":"SearchAction","target":{"@type":"EntryPoint","urlTemplate":"https:\/\/www.grills-saveurs.ch\/fr\/?s={search_term_string}"},"query-input":"required name=search_term_string"}],"inLanguage":"fr-FR"},{"@type":"ImageObject","@id":"https:\/\/www.grills-saveurs.ch\/fr\/produit\/pellets-granules-de-bois-100-naturels-grill-academy-blend\/#primaryimage","inLanguage":"fr-FR","url":"https:\/\/www.grills-saveurs.ch\/fr\/wp-content\/uploads\/2024\/04\/18294_Rev3_1800x1800.png","contentUrl":"https:\/\/www.grills-saveurs.ch\/fr\/wp-content\/uploads\/2024\/04\/18294_Rev3_1800x1800.png","width":800,"height":800},{"@type":"WebPage","@id":"https:\/\/www.grills-saveurs.ch\/fr\/produit\/pellets-granules-de-bois-100-naturels-grill-academy-blend\/#webpage","url":"https:\/\/www.grills-saveurs.ch\/fr\/produit\/pellets-granules-de-bois-100-naturels-grill-academy-blend\/","name":"Pellets (granul\u00e9s de bois) 100 % naturels Grill Academy Blend - Grills et Saveurs","isPartOf":{"@id":"https:\/\/www.grills-saveurs.ch\/fr\/#website"},"primaryImageOfPage":{"@id":"https:\/\/www.grills-saveurs.ch\/fr\/produit\/pellets-granules-de-bois-100-naturels-grill-academy-blend\/#primaryimage"},"datePublished":"2024-04-03T17:39:51+00:00","dateModified":"2024-04-08T07:24:29+00:00","description":"Les granul\u00e9s SmokeFire ont \u00e9t\u00e9 pens\u00e9s pour procurer un go\u00fbt barbecue exceptionnel. Con\u00e7us pour rehausser la saveur de vos aliments sans liants, avec juste un go\u00fbt bois\u00e9 authentique.\u2022 25 % cerisier, 25 % \u00e9rable, 50 % h\u00eatre, 0 % liants (ratio calcul\u00e9 au poids)\u2022 Neutre en carbone (pour plus d\u2019informations, consultez le site www.carbontrust.com)\u2022 Fabriqu\u00e9 dans l'Union europ\u00e9enne avec du bois certifi\u00e9 FSC\u00ae d\u2019origine responsable (FSC\u00ae Mix)\u2022 Intensit\u00e9 : Moyenne\u2022 Se marie bien avec tous les aliments : b\u0153uf, volaille, porc, agneau, gibier, poisson et fruits de mer, l\u00e9gumes, produits de boulangerie et pizza\u2022 8 kg, bo\u00eete \u00e0 versage facile","breadcrumb":{"@id":"https:\/\/www.grills-saveurs.ch\/fr\/produit\/pellets-granules-de-bois-100-naturels-grill-academy-blend\/#breadcrumb"},"inLanguage":"fr-FR","potentialAction":[{"@type":"ReadAction","target":["https:\/\/www.grills-saveurs.ch\/fr\/produit\/pellets-granules-de-bois-100-naturels-grill-academy-blend\/"]}]},{"@type":"BreadcrumbList","@id":"https:\/\/www.grills-saveurs.ch\/fr\/produit\/pellets-granules-de-bois-100-naturels-grill-academy-blend\/#breadcrumb","itemListElement":[{"@type":"ListItem","position":1,"name":"Accueil","item":"https:\/\/www.grills-saveurs.ch\/fr\/"},{"@type":"ListItem","position":2,"name":"Shop \/ Boutique","item":"https:\/\/www.grills-saveurs.ch\/fr\/boutique\/"},{"@type":"ListItem","position":3,"name":"Pellets (granul\u00e9s de bois) 100 % naturels Grill Academy Blend"}]}]}},"_links":{"self":[{"href":"https:\/\/www.grills-saveurs.ch\/fr\/wp-json\/wp\/v2\/product\/9329"}],"collection":[{"href":"https:\/\/www.grills-saveurs.ch\/fr\/wp-json\/wp\/v2\/product"}],"about":[{"href":"https:\/\/www.grills-saveurs.ch\/fr\/wp-json\/wp\/v2\/types\/product"}],"wp:featuredmedia":[{"embeddable":true,"href":"https:\/\/www.grills-saveurs.ch\/fr\/wp-json\/wp\/v2\/media\/9330"}],"wp:attachment":[{"href":"https:\/\/www.grills-saveurs.ch\/fr\/wp-json\/wp\/v2\/media?parent=9329"}],"wp:term":[{"taxonomy":"product_cat","embeddable":true,"href":"https:\/\/www.grills-saveurs.ch\/fr\/wp-json\/wp\/v2\/product_cat?post=9329"},{"taxonomy":"product_tag","embeddable":true,"href":"https:\/\/www.grills-saveurs.ch\/fr\/wp-json\/wp\/v2\/product_tag?post=9329"}],"curies":[{"name":"wp","href":"https:\/\/api.w.org\/{rel}","templated":true}]}}