{"id":9337,"date":"2024-04-08T09:24:23","date_gmt":"2024-04-08T07:24:23","guid":{"rendered":"https:\/\/www.grills-saveurs.ch\/fr\/?post_type=product&#038;p=9337"},"modified":"2025-06-14T15:45:03","modified_gmt":"2025-06-14T13:45:03","slug":"kit-de-nettoyage-pour-barbecues-a-charbon-2","status":"publish","type":"product","link":"https:\/\/www.grills-saveurs.ch\/fr\/produit\/kit-de-nettoyage-pour-barbecues-a-charbon-2\/","title":{"rendered":"Kit de nettoyage pour barbecues \u00e0 charbon"},"content":{"rendered":"<p>Pour que votre barbecue \u00e0 charbon fonctionne aussi bien qu\u2019au premier jour &#8211; pendant des ann\u00e9es. Nettoyez-le \u00e0 fond de temps en temps pour pouvoir cr\u00e9er de bons souvenir de barbecue ann\u00e9e apr\u00e8s ann\u00e9e. Avec 60\u00a0minutes de votre temps et le kit de nettoyage pour barbecues \u00e0 charbon Weber\u00ae, vous avez tout ce qu\u2019il vous faut pour garder votre barbecue en parfait \u00e9tat. D\u00e9barrassez-vous de la poussi\u00e8re et de la graisse \u00e0 l\u2019int\u00e9rieur et \u00e0 l\u2019ext\u00e9rieur pour que la r\u00e9partition de la chaleur, la s\u00e9curit\u00e9 et l\u2019\u00e9coulement de l\u2019air soient parfaits. Terminez en appliquant le nettoyant \u00e9mail pour une cuve et un couvercle brillants et immacul\u00e9s. Comprend une brosse pour grille, des produits de nettoyage, deux \u00e9ponges, un chiffon et de l\u2019huile anti-adh\u00e9rence.<\/p>\n<div class=\"shoppers-text\">\n<h4>Prolonger la dur\u00e9e de vie de votre barbecue \u00e0 charbon<\/h4>\n<p>1.\u00a0<b>17684 Nettoyant \u00e9mail (300 ml)<\/b>\u00a0pour nettoyer et prot\u00e9ger les surfaces externes \u00e9maill\u00e9es<br \/>\n2.\u00a0<b>17875 Nettoyant pour grille (300 ml)<\/b>\u00a0pour d\u00e9tacher la graisse et les r\u00e9sidus alimentaires sur les grilles<br \/>\n3.\u00a0<b>17685 Huile anti-adh\u00e9rence (200 ml)<\/b>\u00a0pour \u00e9viter que les aliments n&rsquo;attachent aux grilles<br \/>\n4.\u00a0<b>17688 \u00c9ponge<\/b>\u00a0avec une face abrasive pour nettoyer les grilles et une face douce pour essuyer les couvercles et autres surfaces<br \/>\n5.\u00a0<b>17689 Chiffon microfibre<\/b>\u00a0pour essuyer et faire briller les surfaces externes du barbecue<br \/>\n6.\u00a0<b>6277 Brosse pour grille \u00e0 trois c\u00f4t\u00e9s<\/b>\u00a0pour \u00e9liminer les r\u00e9sidus alimentaires et la graisse des grilles de cuisson<\/p>\n<\/div>\n","protected":false},"excerpt":{"rendered":"<p>WB-18285<\/p>\n","protected":false},"featured_media":9340,"template":"","meta":[],"product_cat":[116,167,122],"product_tag":[],"yoast_head":"<!-- This site is optimized with the Yoast SEO plugin v18.2 - https:\/\/yoast.com\/wordpress\/plugins\/seo\/ -->\n<title>Kit de nettoyage pour barbecues \u00e0 charbon - Grills et Saveurs<\/title>\n<meta name=\"description\" content=\"Pour que votre barbecue \u00e0 charbon fonctionne aussi bien qu\u2019au premier jour - pendant des ann\u00e9es. Nettoyez-le \u00e0 fond de temps en temps pour pouvoir cr\u00e9er de bons souvenir de barbecue ann\u00e9e apr\u00e8s ann\u00e9e. Avec 60 minutes de votre temps et le kit de nettoyage pour barbecues \u00e0 charbon Weber\u00ae, vous avez tout ce qu\u2019il vous faut pour garder votre barbecue en parfait \u00e9tat. D\u00e9barrassez-vous de la poussi\u00e8re et de la graisse \u00e0 l\u2019int\u00e9rieur et \u00e0 l\u2019ext\u00e9rieur pour que la r\u00e9partition de la chaleur, la s\u00e9curit\u00e9 et l\u2019\u00e9coulement de l\u2019air soient parfaits. Terminez en appliquant le nettoyant \u00e9mail pour une cuve et un couvercle brillants et immacul\u00e9s. Comprend une brosse pour grille, des produits de nettoyage, deux \u00e9ponges, un chiffon et de l\u2019huile anti-adh\u00e9rence.Prolonger la dur\u00e9e de vie de votre barbecue \u00e0 charbon1. 17684 Nettoyant \u00e9mail (300 ml) pour nettoyer et prot\u00e9ger les surfaces externes \u00e9maill\u00e9es2. 17875 Nettoyant pour grille (300 ml) pour d\u00e9tacher la graisse et les r\u00e9sidus alimentaires sur les grilles3. 17685 Huile anti-adh\u00e9rence (200 ml) pour \u00e9viter que les aliments n&#039;attachent aux grilles4. 17688 \u00c9ponge avec une face abrasive pour nettoyer les grilles et une face douce pour essuyer les couvercles et autres surfaces5. 17689 Chiffon microfibre pour essuyer et faire briller les surfaces externes du barbecue6. 6277 Brosse pour grille \u00e0 trois c\u00f4t\u00e9s pour \u00e9liminer les r\u00e9sidus alimentaires et la graisse des grilles de cuisson\" \/>\n<meta name=\"robots\" content=\"index, follow, max-snippet:-1, max-image-preview:large, max-video-preview:-1\" \/>\n<link rel=\"canonical\" href=\"https:\/\/www.grills-saveurs.ch\/fr\/produit\/kit-de-nettoyage-pour-barbecues-a-charbon-2\/\" \/>\n<meta property=\"og:locale\" content=\"fr_FR\" \/>\n<meta property=\"og:type\" content=\"article\" \/>\n<meta property=\"og:title\" content=\"Kit de nettoyage pour barbecues \u00e0 charbon - Grills et Saveurs\" \/>\n<meta property=\"og:description\" content=\"Pour que votre barbecue \u00e0 charbon fonctionne aussi bien qu\u2019au premier jour - pendant des ann\u00e9es. Nettoyez-le \u00e0 fond de temps en temps pour pouvoir cr\u00e9er de bons souvenir de barbecue ann\u00e9e apr\u00e8s ann\u00e9e. Avec 60 minutes de votre temps et le kit de nettoyage pour barbecues \u00e0 charbon Weber\u00ae, vous avez tout ce qu\u2019il vous faut pour garder votre barbecue en parfait \u00e9tat. D\u00e9barrassez-vous de la poussi\u00e8re et de la graisse \u00e0 l\u2019int\u00e9rieur et \u00e0 l\u2019ext\u00e9rieur pour que la r\u00e9partition de la chaleur, la s\u00e9curit\u00e9 et l\u2019\u00e9coulement de l\u2019air soient parfaits. Terminez en appliquant le nettoyant \u00e9mail pour une cuve et un couvercle brillants et immacul\u00e9s. Comprend une brosse pour grille, des produits de nettoyage, deux \u00e9ponges, un chiffon et de l\u2019huile anti-adh\u00e9rence.Prolonger la dur\u00e9e de vie de votre barbecue \u00e0 charbon1. 17684 Nettoyant \u00e9mail (300 ml) pour nettoyer et prot\u00e9ger les surfaces externes \u00e9maill\u00e9es2. 17875 Nettoyant pour grille (300 ml) pour d\u00e9tacher la graisse et les r\u00e9sidus alimentaires sur les grilles3. 17685 Huile anti-adh\u00e9rence (200 ml) pour \u00e9viter que les aliments n&#039;attachent aux grilles4. 17688 \u00c9ponge avec une face abrasive pour nettoyer les grilles et une face douce pour essuyer les couvercles et autres surfaces5. 17689 Chiffon microfibre pour essuyer et faire briller les surfaces externes du barbecue6. 6277 Brosse pour grille \u00e0 trois c\u00f4t\u00e9s pour \u00e9liminer les r\u00e9sidus alimentaires et la graisse des grilles de cuisson\" \/>\n<meta property=\"og:url\" content=\"https:\/\/www.grills-saveurs.ch\/fr\/produit\/kit-de-nettoyage-pour-barbecues-a-charbon-2\/\" \/>\n<meta property=\"og:site_name\" content=\"Grills et Saveurs\" \/>\n<meta property=\"article:modified_time\" content=\"2025-06-14T13:45:03+00:00\" \/>\n<meta property=\"og:image\" content=\"https:\/\/www.grills-saveurs.ch\/fr\/wp-content\/uploads\/2024\/04\/18285_1800x1800.png\" \/>\n\t<meta property=\"og:image:width\" content=\"800\" \/>\n\t<meta property=\"og:image:height\" content=\"800\" \/>\n\t<meta property=\"og:image:type\" content=\"image\/png\" \/>\n<meta name=\"twitter:card\" content=\"summary_large_image\" \/>\n<meta name=\"twitter:label1\" content=\"Dur\u00e9e de lecture estim\u00e9e\" \/>\n\t<meta name=\"twitter:data1\" content=\"1 minute\" \/>\n<script type=\"application\/ld+json\" class=\"yoast-schema-graph\">{\"@context\":\"https:\/\/schema.org\",\"@graph\":[{\"@type\":\"WebSite\",\"@id\":\"https:\/\/www.grills-saveurs.ch\/fr\/#website\",\"url\":\"https:\/\/www.grills-saveurs.ch\/fr\/\",\"name\":\"Grills et Saveurs\",\"description\":\"Barbecues, Grills, Planchas, Chemin\u00e9es jardin - Lausanne, Suisse Romande\",\"potentialAction\":[{\"@type\":\"SearchAction\",\"target\":{\"@type\":\"EntryPoint\",\"urlTemplate\":\"https:\/\/www.grills-saveurs.ch\/fr\/?s={search_term_string}\"},\"query-input\":\"required name=search_term_string\"}],\"inLanguage\":\"fr-FR\"},{\"@type\":\"ImageObject\",\"@id\":\"https:\/\/www.grills-saveurs.ch\/fr\/produit\/kit-de-nettoyage-pour-barbecues-a-charbon-2\/#primaryimage\",\"inLanguage\":\"fr-FR\",\"url\":\"https:\/\/www.grills-saveurs.ch\/fr\/wp-content\/uploads\/2024\/04\/18285_1800x1800.png\",\"contentUrl\":\"https:\/\/www.grills-saveurs.ch\/fr\/wp-content\/uploads\/2024\/04\/18285_1800x1800.png\",\"width\":800,\"height\":800},{\"@type\":\"WebPage\",\"@id\":\"https:\/\/www.grills-saveurs.ch\/fr\/produit\/kit-de-nettoyage-pour-barbecues-a-charbon-2\/#webpage\",\"url\":\"https:\/\/www.grills-saveurs.ch\/fr\/produit\/kit-de-nettoyage-pour-barbecues-a-charbon-2\/\",\"name\":\"Kit de nettoyage pour barbecues \u00e0 charbon - Grills et Saveurs\",\"isPartOf\":{\"@id\":\"https:\/\/www.grills-saveurs.ch\/fr\/#website\"},\"primaryImageOfPage\":{\"@id\":\"https:\/\/www.grills-saveurs.ch\/fr\/produit\/kit-de-nettoyage-pour-barbecues-a-charbon-2\/#primaryimage\"},\"datePublished\":\"2024-04-08T07:24:23+00:00\",\"dateModified\":\"2025-06-14T13:45:03+00:00\",\"description\":\"Pour que votre barbecue \u00e0 charbon fonctionne aussi bien qu\u2019au premier jour - pendant des ann\u00e9es. Nettoyez-le \u00e0 fond de temps en temps pour pouvoir cr\u00e9er de bons souvenir de barbecue ann\u00e9e apr\u00e8s ann\u00e9e. Avec 60 minutes de votre temps et le kit de nettoyage pour barbecues \u00e0 charbon Weber\u00ae, vous avez tout ce qu\u2019il vous faut pour garder votre barbecue en parfait \u00e9tat. D\u00e9barrassez-vous de la poussi\u00e8re et de la graisse \u00e0 l\u2019int\u00e9rieur et \u00e0 l\u2019ext\u00e9rieur pour que la r\u00e9partition de la chaleur, la s\u00e9curit\u00e9 et l\u2019\u00e9coulement de l\u2019air soient parfaits. Terminez en appliquant le nettoyant \u00e9mail pour une cuve et un couvercle brillants et immacul\u00e9s. Comprend une brosse pour grille, des produits de nettoyage, deux \u00e9ponges, un chiffon et de l\u2019huile anti-adh\u00e9rence.Prolonger la dur\u00e9e de vie de votre barbecue \u00e0 charbon1. 17684 Nettoyant \u00e9mail (300 ml) pour nettoyer et prot\u00e9ger les surfaces externes \u00e9maill\u00e9es2. 17875 Nettoyant pour grille (300 ml) pour d\u00e9tacher la graisse et les r\u00e9sidus alimentaires sur les grilles3. 17685 Huile anti-adh\u00e9rence (200 ml) pour \u00e9viter que les aliments n'attachent aux grilles4. 17688 \u00c9ponge avec une face abrasive pour nettoyer les grilles et une face douce pour essuyer les couvercles et autres surfaces5. 17689 Chiffon microfibre pour essuyer et faire briller les surfaces externes du barbecue6. 6277 Brosse pour grille \u00e0 trois c\u00f4t\u00e9s pour \u00e9liminer les r\u00e9sidus alimentaires et la graisse des grilles de cuisson\",\"breadcrumb\":{\"@id\":\"https:\/\/www.grills-saveurs.ch\/fr\/produit\/kit-de-nettoyage-pour-barbecues-a-charbon-2\/#breadcrumb\"},\"inLanguage\":\"fr-FR\",\"potentialAction\":[{\"@type\":\"ReadAction\",\"target\":[\"https:\/\/www.grills-saveurs.ch\/fr\/produit\/kit-de-nettoyage-pour-barbecues-a-charbon-2\/\"]}]},{\"@type\":\"BreadcrumbList\",\"@id\":\"https:\/\/www.grills-saveurs.ch\/fr\/produit\/kit-de-nettoyage-pour-barbecues-a-charbon-2\/#breadcrumb\",\"itemListElement\":[{\"@type\":\"ListItem\",\"position\":1,\"name\":\"Accueil\",\"item\":\"https:\/\/www.grills-saveurs.ch\/fr\/\"},{\"@type\":\"ListItem\",\"position\":2,\"name\":\"Shop \/ Boutique\",\"item\":\"https:\/\/www.grills-saveurs.ch\/fr\/boutique\/\"},{\"@type\":\"ListItem\",\"position\":3,\"name\":\"Kit de nettoyage pour barbecues \u00e0 charbon\"}]}]}<\/script>\n<!-- \/ Yoast SEO plugin. -->","yoast_head_json":{"title":"Kit de nettoyage pour barbecues \u00e0 charbon - Grills et Saveurs","description":"Pour que votre barbecue \u00e0 charbon fonctionne aussi bien qu\u2019au premier jour - pendant des ann\u00e9es. Nettoyez-le \u00e0 fond de temps en temps pour pouvoir cr\u00e9er de bons souvenir de barbecue ann\u00e9e apr\u00e8s ann\u00e9e. Avec 60 minutes de votre temps et le kit de nettoyage pour barbecues \u00e0 charbon Weber\u00ae, vous avez tout ce qu\u2019il vous faut pour garder votre barbecue en parfait \u00e9tat. D\u00e9barrassez-vous de la poussi\u00e8re et de la graisse \u00e0 l\u2019int\u00e9rieur et \u00e0 l\u2019ext\u00e9rieur pour que la r\u00e9partition de la chaleur, la s\u00e9curit\u00e9 et l\u2019\u00e9coulement de l\u2019air soient parfaits. Terminez en appliquant le nettoyant \u00e9mail pour une cuve et un couvercle brillants et immacul\u00e9s. Comprend une brosse pour grille, des produits de nettoyage, deux \u00e9ponges, un chiffon et de l\u2019huile anti-adh\u00e9rence.Prolonger la dur\u00e9e de vie de votre barbecue \u00e0 charbon1. 17684 Nettoyant \u00e9mail (300 ml) pour nettoyer et prot\u00e9ger les surfaces externes \u00e9maill\u00e9es2. 17875 Nettoyant pour grille (300 ml) pour d\u00e9tacher la graisse et les r\u00e9sidus alimentaires sur les grilles3. 17685 Huile anti-adh\u00e9rence (200 ml) pour \u00e9viter que les aliments n'attachent aux grilles4. 17688 \u00c9ponge avec une face abrasive pour nettoyer les grilles et une face douce pour essuyer les couvercles et autres surfaces5. 17689 Chiffon microfibre pour essuyer et faire briller les surfaces externes du barbecue6. 6277 Brosse pour grille \u00e0 trois c\u00f4t\u00e9s pour \u00e9liminer les r\u00e9sidus alimentaires et la graisse des grilles de cuisson","robots":{"index":"index","follow":"follow","max-snippet":"max-snippet:-1","max-image-preview":"max-image-preview:large","max-video-preview":"max-video-preview:-1"},"canonical":"https:\/\/www.grills-saveurs.ch\/fr\/produit\/kit-de-nettoyage-pour-barbecues-a-charbon-2\/","og_locale":"fr_FR","og_type":"article","og_title":"Kit de nettoyage pour barbecues \u00e0 charbon - Grills et Saveurs","og_description":"Pour que votre barbecue \u00e0 charbon fonctionne aussi bien qu\u2019au premier jour - pendant des ann\u00e9es. Nettoyez-le \u00e0 fond de temps en temps pour pouvoir cr\u00e9er de bons souvenir de barbecue ann\u00e9e apr\u00e8s ann\u00e9e. Avec 60 minutes de votre temps et le kit de nettoyage pour barbecues \u00e0 charbon Weber\u00ae, vous avez tout ce qu\u2019il vous faut pour garder votre barbecue en parfait \u00e9tat. D\u00e9barrassez-vous de la poussi\u00e8re et de la graisse \u00e0 l\u2019int\u00e9rieur et \u00e0 l\u2019ext\u00e9rieur pour que la r\u00e9partition de la chaleur, la s\u00e9curit\u00e9 et l\u2019\u00e9coulement de l\u2019air soient parfaits. Terminez en appliquant le nettoyant \u00e9mail pour une cuve et un couvercle brillants et immacul\u00e9s. Comprend une brosse pour grille, des produits de nettoyage, deux \u00e9ponges, un chiffon et de l\u2019huile anti-adh\u00e9rence.Prolonger la dur\u00e9e de vie de votre barbecue \u00e0 charbon1. 17684 Nettoyant \u00e9mail (300 ml) pour nettoyer et prot\u00e9ger les surfaces externes \u00e9maill\u00e9es2. 17875 Nettoyant pour grille (300 ml) pour d\u00e9tacher la graisse et les r\u00e9sidus alimentaires sur les grilles3. 17685 Huile anti-adh\u00e9rence (200 ml) pour \u00e9viter que les aliments n'attachent aux grilles4. 17688 \u00c9ponge avec une face abrasive pour nettoyer les grilles et une face douce pour essuyer les couvercles et autres surfaces5. 17689 Chiffon microfibre pour essuyer et faire briller les surfaces externes du barbecue6. 6277 Brosse pour grille \u00e0 trois c\u00f4t\u00e9s pour \u00e9liminer les r\u00e9sidus alimentaires et la graisse des grilles de cuisson","og_url":"https:\/\/www.grills-saveurs.ch\/fr\/produit\/kit-de-nettoyage-pour-barbecues-a-charbon-2\/","og_site_name":"Grills et Saveurs","article_modified_time":"2025-06-14T13:45:03+00:00","og_image":[{"width":800,"height":800,"url":"https:\/\/www.grills-saveurs.ch\/fr\/wp-content\/uploads\/2024\/04\/18285_1800x1800.png","type":"image\/png"}],"twitter_card":"summary_large_image","twitter_misc":{"Dur\u00e9e de lecture estim\u00e9e":"1 minute"},"schema":{"@context":"https:\/\/schema.org","@graph":[{"@type":"WebSite","@id":"https:\/\/www.grills-saveurs.ch\/fr\/#website","url":"https:\/\/www.grills-saveurs.ch\/fr\/","name":"Grills et Saveurs","description":"Barbecues, Grills, Planchas, Chemin\u00e9es jardin - Lausanne, Suisse Romande","potentialAction":[{"@type":"SearchAction","target":{"@type":"EntryPoint","urlTemplate":"https:\/\/www.grills-saveurs.ch\/fr\/?s={search_term_string}"},"query-input":"required name=search_term_string"}],"inLanguage":"fr-FR"},{"@type":"ImageObject","@id":"https:\/\/www.grills-saveurs.ch\/fr\/produit\/kit-de-nettoyage-pour-barbecues-a-charbon-2\/#primaryimage","inLanguage":"fr-FR","url":"https:\/\/www.grills-saveurs.ch\/fr\/wp-content\/uploads\/2024\/04\/18285_1800x1800.png","contentUrl":"https:\/\/www.grills-saveurs.ch\/fr\/wp-content\/uploads\/2024\/04\/18285_1800x1800.png","width":800,"height":800},{"@type":"WebPage","@id":"https:\/\/www.grills-saveurs.ch\/fr\/produit\/kit-de-nettoyage-pour-barbecues-a-charbon-2\/#webpage","url":"https:\/\/www.grills-saveurs.ch\/fr\/produit\/kit-de-nettoyage-pour-barbecues-a-charbon-2\/","name":"Kit de nettoyage pour barbecues \u00e0 charbon - Grills et Saveurs","isPartOf":{"@id":"https:\/\/www.grills-saveurs.ch\/fr\/#website"},"primaryImageOfPage":{"@id":"https:\/\/www.grills-saveurs.ch\/fr\/produit\/kit-de-nettoyage-pour-barbecues-a-charbon-2\/#primaryimage"},"datePublished":"2024-04-08T07:24:23+00:00","dateModified":"2025-06-14T13:45:03+00:00","description":"Pour que votre barbecue \u00e0 charbon fonctionne aussi bien qu\u2019au premier jour - pendant des ann\u00e9es. Nettoyez-le \u00e0 fond de temps en temps pour pouvoir cr\u00e9er de bons souvenir de barbecue ann\u00e9e apr\u00e8s ann\u00e9e. Avec 60 minutes de votre temps et le kit de nettoyage pour barbecues \u00e0 charbon Weber\u00ae, vous avez tout ce qu\u2019il vous faut pour garder votre barbecue en parfait \u00e9tat. D\u00e9barrassez-vous de la poussi\u00e8re et de la graisse \u00e0 l\u2019int\u00e9rieur et \u00e0 l\u2019ext\u00e9rieur pour que la r\u00e9partition de la chaleur, la s\u00e9curit\u00e9 et l\u2019\u00e9coulement de l\u2019air soient parfaits. Terminez en appliquant le nettoyant \u00e9mail pour une cuve et un couvercle brillants et immacul\u00e9s. Comprend une brosse pour grille, des produits de nettoyage, deux \u00e9ponges, un chiffon et de l\u2019huile anti-adh\u00e9rence.Prolonger la dur\u00e9e de vie de votre barbecue \u00e0 charbon1. 17684 Nettoyant \u00e9mail (300 ml) pour nettoyer et prot\u00e9ger les surfaces externes \u00e9maill\u00e9es2. 17875 Nettoyant pour grille (300 ml) pour d\u00e9tacher la graisse et les r\u00e9sidus alimentaires sur les grilles3. 17685 Huile anti-adh\u00e9rence (200 ml) pour \u00e9viter que les aliments n'attachent aux grilles4. 17688 \u00c9ponge avec une face abrasive pour nettoyer les grilles et une face douce pour essuyer les couvercles et autres surfaces5. 17689 Chiffon microfibre pour essuyer et faire briller les surfaces externes du barbecue6. 6277 Brosse pour grille \u00e0 trois c\u00f4t\u00e9s pour \u00e9liminer les r\u00e9sidus alimentaires et la graisse des grilles de cuisson","breadcrumb":{"@id":"https:\/\/www.grills-saveurs.ch\/fr\/produit\/kit-de-nettoyage-pour-barbecues-a-charbon-2\/#breadcrumb"},"inLanguage":"fr-FR","potentialAction":[{"@type":"ReadAction","target":["https:\/\/www.grills-saveurs.ch\/fr\/produit\/kit-de-nettoyage-pour-barbecues-a-charbon-2\/"]}]},{"@type":"BreadcrumbList","@id":"https:\/\/www.grills-saveurs.ch\/fr\/produit\/kit-de-nettoyage-pour-barbecues-a-charbon-2\/#breadcrumb","itemListElement":[{"@type":"ListItem","position":1,"name":"Accueil","item":"https:\/\/www.grills-saveurs.ch\/fr\/"},{"@type":"ListItem","position":2,"name":"Shop \/ Boutique","item":"https:\/\/www.grills-saveurs.ch\/fr\/boutique\/"},{"@type":"ListItem","position":3,"name":"Kit de nettoyage pour barbecues \u00e0 charbon"}]}]}},"_links":{"self":[{"href":"https:\/\/www.grills-saveurs.ch\/fr\/wp-json\/wp\/v2\/product\/9337"}],"collection":[{"href":"https:\/\/www.grills-saveurs.ch\/fr\/wp-json\/wp\/v2\/product"}],"about":[{"href":"https:\/\/www.grills-saveurs.ch\/fr\/wp-json\/wp\/v2\/types\/product"}],"wp:featuredmedia":[{"embeddable":true,"href":"https:\/\/www.grills-saveurs.ch\/fr\/wp-json\/wp\/v2\/media\/9340"}],"wp:attachment":[{"href":"https:\/\/www.grills-saveurs.ch\/fr\/wp-json\/wp\/v2\/media?parent=9337"}],"wp:term":[{"taxonomy":"product_cat","embeddable":true,"href":"https:\/\/www.grills-saveurs.ch\/fr\/wp-json\/wp\/v2\/product_cat?post=9337"},{"taxonomy":"product_tag","embeddable":true,"href":"https:\/\/www.grills-saveurs.ch\/fr\/wp-json\/wp\/v2\/product_tag?post=9337"}],"curies":[{"name":"wp","href":"https:\/\/api.w.org\/{rel}","templated":true}]}}