{"id":9344,"date":"2024-04-08T09:24:23","date_gmt":"2024-04-08T07:24:23","guid":{"rendered":"https:\/\/www.grills-saveurs.ch\/fr\/?post_type=product&#038;p=9344"},"modified":"2024-04-08T09:24:23","modified_gmt":"2024-04-08T07:24:23","slug":"moulin-a-poivre-premium-weber-30cm","status":"publish","type":"product","link":"https:\/\/www.grills-saveurs.ch\/fr\/produit\/moulin-a-poivre-premium-weber-30cm\/","title":{"rendered":"Moulin \u00e0 poivre Premium Weber &#8211; 30cm"},"content":{"rendered":"<p>Pendant la cuisson au barbecue, mettez la table en veillant \u00e0 ce que tout soit bien \u00e0 sa place. Les moulins \u00e0 sel et \u00e0 poivre Premium sont des incontournables sur toute bonne table qui se respecte, car le broyeur en c\u00e9ramique permet \u00e0 chacun d&rsquo;assaisonner la nourriture \u00e0 son go\u00fbt. Avec sa surface douce au toucher, il suffit de l&rsquo;essuyer \u00e0 la fin du repas.<\/p>\n","protected":false},"excerpt":{"rendered":"<p>WB-17090<\/p>\n","protected":false},"featured_media":9349,"template":"","meta":[],"product_cat":[15],"product_tag":[],"yoast_head":"<!-- This site is optimized with the Yoast SEO plugin v18.2 - https:\/\/yoast.com\/wordpress\/plugins\/seo\/ -->\n<title>Moulin \u00e0 poivre Premium Weber - 30cm - Grills et Saveurs<\/title>\n<meta name=\"description\" content=\"Pendant la cuisson au barbecue, mettez la table en veillant \u00e0 ce que tout soit bien \u00e0 sa place. Les moulins \u00e0 sel et \u00e0 poivre Premium sont des incontournables sur toute bonne table qui se respecte, car le broyeur en c\u00e9ramique permet \u00e0 chacun d&#039;assaisonner la nourriture \u00e0 son go\u00fbt. Avec sa surface douce au toucher, il suffit de l&#039;essuyer \u00e0 la fin du repas.\" \/>\n<meta name=\"robots\" content=\"index, follow, max-snippet:-1, max-image-preview:large, max-video-preview:-1\" \/>\n<link rel=\"canonical\" href=\"https:\/\/www.grills-saveurs.ch\/fr\/produit\/moulin-a-poivre-premium-weber-30cm\/\" \/>\n<meta property=\"og:locale\" content=\"fr_FR\" \/>\n<meta property=\"og:type\" content=\"article\" \/>\n<meta property=\"og:title\" content=\"Moulin \u00e0 poivre Premium Weber - 30cm - Grills et Saveurs\" \/>\n<meta property=\"og:description\" content=\"Pendant la cuisson au barbecue, mettez la table en veillant \u00e0 ce que tout soit bien \u00e0 sa place. Les moulins \u00e0 sel et \u00e0 poivre Premium sont des incontournables sur toute bonne table qui se respecte, car le broyeur en c\u00e9ramique permet \u00e0 chacun d&#039;assaisonner la nourriture \u00e0 son go\u00fbt. Avec sa surface douce au toucher, il suffit de l&#039;essuyer \u00e0 la fin du repas.\" \/>\n<meta property=\"og:url\" content=\"https:\/\/www.grills-saveurs.ch\/fr\/produit\/moulin-a-poivre-premium-weber-30cm\/\" \/>\n<meta property=\"og:site_name\" content=\"Grills et Saveurs\" \/>\n<meta property=\"og:image\" content=\"https:\/\/www.grills-saveurs.ch\/fr\/wp-content\/uploads\/2024\/04\/31h9T7n8H7L._AC_SL1002_.jpg\" \/>\n\t<meta property=\"og:image:width\" content=\"256\" \/>\n\t<meta property=\"og:image:height\" content=\"1002\" \/>\n\t<meta property=\"og:image:type\" content=\"image\/jpeg\" \/>\n<meta name=\"twitter:card\" content=\"summary_large_image\" \/>\n<script type=\"application\/ld+json\" class=\"yoast-schema-graph\">{\"@context\":\"https:\/\/schema.org\",\"@graph\":[{\"@type\":\"WebSite\",\"@id\":\"https:\/\/www.grills-saveurs.ch\/fr\/#website\",\"url\":\"https:\/\/www.grills-saveurs.ch\/fr\/\",\"name\":\"Grills et Saveurs\",\"description\":\"Barbecues, Grills, Planchas, Chemin\u00e9es jardin - Lausanne, Suisse Romande\",\"potentialAction\":[{\"@type\":\"SearchAction\",\"target\":{\"@type\":\"EntryPoint\",\"urlTemplate\":\"https:\/\/www.grills-saveurs.ch\/fr\/?s={search_term_string}\"},\"query-input\":\"required name=search_term_string\"}],\"inLanguage\":\"fr-FR\"},{\"@type\":\"ImageObject\",\"@id\":\"https:\/\/www.grills-saveurs.ch\/fr\/produit\/moulin-a-poivre-premium-weber-30cm\/#primaryimage\",\"inLanguage\":\"fr-FR\",\"url\":\"https:\/\/www.grills-saveurs.ch\/fr\/wp-content\/uploads\/2024\/04\/31h9T7n8H7L._AC_SL1002_.jpg\",\"contentUrl\":\"https:\/\/www.grills-saveurs.ch\/fr\/wp-content\/uploads\/2024\/04\/31h9T7n8H7L._AC_SL1002_.jpg\",\"width\":256,\"height\":1002},{\"@type\":\"WebPage\",\"@id\":\"https:\/\/www.grills-saveurs.ch\/fr\/produit\/moulin-a-poivre-premium-weber-30cm\/#webpage\",\"url\":\"https:\/\/www.grills-saveurs.ch\/fr\/produit\/moulin-a-poivre-premium-weber-30cm\/\",\"name\":\"Moulin \u00e0 poivre Premium Weber - 30cm - Grills et Saveurs\",\"isPartOf\":{\"@id\":\"https:\/\/www.grills-saveurs.ch\/fr\/#website\"},\"primaryImageOfPage\":{\"@id\":\"https:\/\/www.grills-saveurs.ch\/fr\/produit\/moulin-a-poivre-premium-weber-30cm\/#primaryimage\"},\"datePublished\":\"2024-04-08T07:24:23+00:00\",\"dateModified\":\"2024-04-08T07:24:23+00:00\",\"description\":\"Pendant la cuisson au barbecue, mettez la table en veillant \u00e0 ce que tout soit bien \u00e0 sa place. Les moulins \u00e0 sel et \u00e0 poivre Premium sont des incontournables sur toute bonne table qui se respecte, car le broyeur en c\u00e9ramique permet \u00e0 chacun d'assaisonner la nourriture \u00e0 son go\u00fbt. Avec sa surface douce au toucher, il suffit de l'essuyer \u00e0 la fin du repas.\",\"breadcrumb\":{\"@id\":\"https:\/\/www.grills-saveurs.ch\/fr\/produit\/moulin-a-poivre-premium-weber-30cm\/#breadcrumb\"},\"inLanguage\":\"fr-FR\",\"potentialAction\":[{\"@type\":\"ReadAction\",\"target\":[\"https:\/\/www.grills-saveurs.ch\/fr\/produit\/moulin-a-poivre-premium-weber-30cm\/\"]}]},{\"@type\":\"BreadcrumbList\",\"@id\":\"https:\/\/www.grills-saveurs.ch\/fr\/produit\/moulin-a-poivre-premium-weber-30cm\/#breadcrumb\",\"itemListElement\":[{\"@type\":\"ListItem\",\"position\":1,\"name\":\"Accueil\",\"item\":\"https:\/\/www.grills-saveurs.ch\/fr\/\"},{\"@type\":\"ListItem\",\"position\":2,\"name\":\"Shop \/ Boutique\",\"item\":\"https:\/\/www.grills-saveurs.ch\/fr\/boutique\/\"},{\"@type\":\"ListItem\",\"position\":3,\"name\":\"Moulin \u00e0 poivre Premium Weber &#8211; 30cm\"}]}]}<\/script>\n<!-- \/ Yoast SEO plugin. -->","yoast_head_json":{"title":"Moulin \u00e0 poivre Premium Weber - 30cm - Grills et Saveurs","description":"Pendant la cuisson au barbecue, mettez la table en veillant \u00e0 ce que tout soit bien \u00e0 sa place. Les moulins \u00e0 sel et \u00e0 poivre Premium sont des incontournables sur toute bonne table qui se respecte, car le broyeur en c\u00e9ramique permet \u00e0 chacun d'assaisonner la nourriture \u00e0 son go\u00fbt. Avec sa surface douce au toucher, il suffit de l'essuyer \u00e0 la fin du repas.","robots":{"index":"index","follow":"follow","max-snippet":"max-snippet:-1","max-image-preview":"max-image-preview:large","max-video-preview":"max-video-preview:-1"},"canonical":"https:\/\/www.grills-saveurs.ch\/fr\/produit\/moulin-a-poivre-premium-weber-30cm\/","og_locale":"fr_FR","og_type":"article","og_title":"Moulin \u00e0 poivre Premium Weber - 30cm - Grills et Saveurs","og_description":"Pendant la cuisson au barbecue, mettez la table en veillant \u00e0 ce que tout soit bien \u00e0 sa place. Les moulins \u00e0 sel et \u00e0 poivre Premium sont des incontournables sur toute bonne table qui se respecte, car le broyeur en c\u00e9ramique permet \u00e0 chacun d'assaisonner la nourriture \u00e0 son go\u00fbt. Avec sa surface douce au toucher, il suffit de l'essuyer \u00e0 la fin du repas.","og_url":"https:\/\/www.grills-saveurs.ch\/fr\/produit\/moulin-a-poivre-premium-weber-30cm\/","og_site_name":"Grills et Saveurs","og_image":[{"width":256,"height":1002,"url":"https:\/\/www.grills-saveurs.ch\/fr\/wp-content\/uploads\/2024\/04\/31h9T7n8H7L._AC_SL1002_.jpg","type":"image\/jpeg"}],"twitter_card":"summary_large_image","schema":{"@context":"https:\/\/schema.org","@graph":[{"@type":"WebSite","@id":"https:\/\/www.grills-saveurs.ch\/fr\/#website","url":"https:\/\/www.grills-saveurs.ch\/fr\/","name":"Grills et Saveurs","description":"Barbecues, Grills, Planchas, Chemin\u00e9es jardin - Lausanne, Suisse Romande","potentialAction":[{"@type":"SearchAction","target":{"@type":"EntryPoint","urlTemplate":"https:\/\/www.grills-saveurs.ch\/fr\/?s={search_term_string}"},"query-input":"required name=search_term_string"}],"inLanguage":"fr-FR"},{"@type":"ImageObject","@id":"https:\/\/www.grills-saveurs.ch\/fr\/produit\/moulin-a-poivre-premium-weber-30cm\/#primaryimage","inLanguage":"fr-FR","url":"https:\/\/www.grills-saveurs.ch\/fr\/wp-content\/uploads\/2024\/04\/31h9T7n8H7L._AC_SL1002_.jpg","contentUrl":"https:\/\/www.grills-saveurs.ch\/fr\/wp-content\/uploads\/2024\/04\/31h9T7n8H7L._AC_SL1002_.jpg","width":256,"height":1002},{"@type":"WebPage","@id":"https:\/\/www.grills-saveurs.ch\/fr\/produit\/moulin-a-poivre-premium-weber-30cm\/#webpage","url":"https:\/\/www.grills-saveurs.ch\/fr\/produit\/moulin-a-poivre-premium-weber-30cm\/","name":"Moulin \u00e0 poivre Premium Weber - 30cm - Grills et Saveurs","isPartOf":{"@id":"https:\/\/www.grills-saveurs.ch\/fr\/#website"},"primaryImageOfPage":{"@id":"https:\/\/www.grills-saveurs.ch\/fr\/produit\/moulin-a-poivre-premium-weber-30cm\/#primaryimage"},"datePublished":"2024-04-08T07:24:23+00:00","dateModified":"2024-04-08T07:24:23+00:00","description":"Pendant la cuisson au barbecue, mettez la table en veillant \u00e0 ce que tout soit bien \u00e0 sa place. Les moulins \u00e0 sel et \u00e0 poivre Premium sont des incontournables sur toute bonne table qui se respecte, car le broyeur en c\u00e9ramique permet \u00e0 chacun d'assaisonner la nourriture \u00e0 son go\u00fbt. Avec sa surface douce au toucher, il suffit de l'essuyer \u00e0 la fin du repas.","breadcrumb":{"@id":"https:\/\/www.grills-saveurs.ch\/fr\/produit\/moulin-a-poivre-premium-weber-30cm\/#breadcrumb"},"inLanguage":"fr-FR","potentialAction":[{"@type":"ReadAction","target":["https:\/\/www.grills-saveurs.ch\/fr\/produit\/moulin-a-poivre-premium-weber-30cm\/"]}]},{"@type":"BreadcrumbList","@id":"https:\/\/www.grills-saveurs.ch\/fr\/produit\/moulin-a-poivre-premium-weber-30cm\/#breadcrumb","itemListElement":[{"@type":"ListItem","position":1,"name":"Accueil","item":"https:\/\/www.grills-saveurs.ch\/fr\/"},{"@type":"ListItem","position":2,"name":"Shop \/ Boutique","item":"https:\/\/www.grills-saveurs.ch\/fr\/boutique\/"},{"@type":"ListItem","position":3,"name":"Moulin \u00e0 poivre Premium Weber &#8211; 30cm"}]}]}},"_links":{"self":[{"href":"https:\/\/www.grills-saveurs.ch\/fr\/wp-json\/wp\/v2\/product\/9344"}],"collection":[{"href":"https:\/\/www.grills-saveurs.ch\/fr\/wp-json\/wp\/v2\/product"}],"about":[{"href":"https:\/\/www.grills-saveurs.ch\/fr\/wp-json\/wp\/v2\/types\/product"}],"wp:featuredmedia":[{"embeddable":true,"href":"https:\/\/www.grills-saveurs.ch\/fr\/wp-json\/wp\/v2\/media\/9349"}],"wp:attachment":[{"href":"https:\/\/www.grills-saveurs.ch\/fr\/wp-json\/wp\/v2\/media?parent=9344"}],"wp:term":[{"taxonomy":"product_cat","embeddable":true,"href":"https:\/\/www.grills-saveurs.ch\/fr\/wp-json\/wp\/v2\/product_cat?post=9344"},{"taxonomy":"product_tag","embeddable":true,"href":"https:\/\/www.grills-saveurs.ch\/fr\/wp-json\/wp\/v2\/product_tag?post=9344"}],"curies":[{"name":"wp","href":"https:\/\/api.w.org\/{rel}","templated":true}]}}