{"id":9350,"date":"2024-04-08T09:24:23","date_gmt":"2024-04-08T07:24:23","guid":{"rendered":"https:\/\/www.grills-saveurs.ch\/fr\/?post_type=product&#038;p=9350"},"modified":"2024-04-08T09:24:23","modified_gmt":"2024-04-08T07:24:23","slug":"roulette-a-pizza-weber-2","status":"publish","type":"product","link":"https:\/\/www.grills-saveurs.ch\/fr\/produit\/roulette-a-pizza-weber-2\/","title":{"rendered":"Roulette \u00e0 pizza Weber"},"content":{"rendered":"<p>Une fois que vous avez sorti votre pizza si bien garnie, assurez-vous que toutes ses parts sont aussi bien coup\u00e9es les unes que les autres. La roulette \u00e0 pizza est munie d\u2019une roue particuli\u00e8rement grande afin de pouvoir couper des pizzas \u00e0 p\u00e2te fine ou \u00e9paisse sans massacrer votre chef-d\u2019\u0153uvre.<\/p>\n<div class=\"specDetail\">Extra-grande pour une d\u00e9coupe ais\u00e9e des pizzas \u00e0 p\u00e2te \u00e9paisse ou fine<\/div>\n<div class=\"specDetail\">Rev\u00eatement soft pour une bonne prise en main<\/div>\n<p>Dimensions du produit3.3cm H x 11cm L x 24cm P<\/p>\n<p>&nbsp;<\/p>\n","protected":false},"excerpt":{"rendered":"<p>WB-6690<\/p>\n","protected":false},"featured_media":9351,"template":"","meta":[],"product_cat":[158],"product_tag":[],"yoast_head":"<!-- This site is optimized with the Yoast SEO plugin v18.2 - https:\/\/yoast.com\/wordpress\/plugins\/seo\/ -->\n<title>Roulette \u00e0 pizza Weber - Grills et Saveurs<\/title>\n<meta name=\"description\" content=\"Une fois que vous avez sorti votre pizza si bien garnie, assurez-vous que toutes ses parts sont aussi bien coup\u00e9es les unes que les autres. La roulette \u00e0 pizza est munie d\u2019une roue particuli\u00e8rement grande afin de pouvoir couper des pizzas \u00e0 p\u00e2te fine ou \u00e9paisse sans massacrer votre chef-d\u2019\u0153uvre.\" \/>\n<meta name=\"robots\" content=\"index, follow, max-snippet:-1, max-image-preview:large, max-video-preview:-1\" \/>\n<link rel=\"canonical\" href=\"https:\/\/www.grills-saveurs.ch\/fr\/produit\/roulette-a-pizza-weber-2\/\" \/>\n<meta property=\"og:locale\" content=\"fr_FR\" \/>\n<meta property=\"og:type\" content=\"article\" \/>\n<meta property=\"og:title\" content=\"Roulette \u00e0 pizza Weber - Grills et Saveurs\" \/>\n<meta property=\"og:description\" content=\"Une fois que vous avez sorti votre pizza si bien garnie, assurez-vous que toutes ses parts sont aussi bien coup\u00e9es les unes que les autres. La roulette \u00e0 pizza est munie d\u2019une roue particuli\u00e8rement grande afin de pouvoir couper des pizzas \u00e0 p\u00e2te fine ou \u00e9paisse sans massacrer votre chef-d\u2019\u0153uvre.\" \/>\n<meta property=\"og:url\" content=\"https:\/\/www.grills-saveurs.ch\/fr\/produit\/roulette-a-pizza-weber-2\/\" \/>\n<meta property=\"og:site_name\" content=\"Grills et Saveurs\" \/>\n<meta property=\"og:image\" content=\"https:\/\/www.grills-saveurs.ch\/fr\/wp-content\/uploads\/2024\/04\/6690.png\" \/>\n\t<meta property=\"og:image:width\" content=\"800\" \/>\n\t<meta property=\"og:image:height\" content=\"800\" \/>\n\t<meta property=\"og:image:type\" content=\"image\/png\" \/>\n<meta name=\"twitter:card\" content=\"summary_large_image\" \/>\n<script type=\"application\/ld+json\" class=\"yoast-schema-graph\">{\"@context\":\"https:\/\/schema.org\",\"@graph\":[{\"@type\":\"WebSite\",\"@id\":\"https:\/\/www.grills-saveurs.ch\/fr\/#website\",\"url\":\"https:\/\/www.grills-saveurs.ch\/fr\/\",\"name\":\"Grills et Saveurs\",\"description\":\"Barbecues, Grills, Planchas, Chemin\u00e9es jardin - Lausanne, Suisse Romande\",\"potentialAction\":[{\"@type\":\"SearchAction\",\"target\":{\"@type\":\"EntryPoint\",\"urlTemplate\":\"https:\/\/www.grills-saveurs.ch\/fr\/?s={search_term_string}\"},\"query-input\":\"required name=search_term_string\"}],\"inLanguage\":\"fr-FR\"},{\"@type\":\"ImageObject\",\"@id\":\"https:\/\/www.grills-saveurs.ch\/fr\/produit\/roulette-a-pizza-weber-2\/#primaryimage\",\"inLanguage\":\"fr-FR\",\"url\":\"https:\/\/www.grills-saveurs.ch\/fr\/wp-content\/uploads\/2024\/04\/6690.png\",\"contentUrl\":\"https:\/\/www.grills-saveurs.ch\/fr\/wp-content\/uploads\/2024\/04\/6690.png\",\"width\":800,\"height\":800},{\"@type\":\"WebPage\",\"@id\":\"https:\/\/www.grills-saveurs.ch\/fr\/produit\/roulette-a-pizza-weber-2\/#webpage\",\"url\":\"https:\/\/www.grills-saveurs.ch\/fr\/produit\/roulette-a-pizza-weber-2\/\",\"name\":\"Roulette \u00e0 pizza Weber - Grills et Saveurs\",\"isPartOf\":{\"@id\":\"https:\/\/www.grills-saveurs.ch\/fr\/#website\"},\"primaryImageOfPage\":{\"@id\":\"https:\/\/www.grills-saveurs.ch\/fr\/produit\/roulette-a-pizza-weber-2\/#primaryimage\"},\"datePublished\":\"2024-04-08T07:24:23+00:00\",\"dateModified\":\"2024-04-08T07:24:23+00:00\",\"description\":\"Une fois que vous avez sorti votre pizza si bien garnie, assurez-vous que toutes ses parts sont aussi bien coup\u00e9es les unes que les autres. La roulette \u00e0 pizza est munie d\u2019une roue particuli\u00e8rement grande afin de pouvoir couper des pizzas \u00e0 p\u00e2te fine ou \u00e9paisse sans massacrer votre chef-d\u2019\u0153uvre.\",\"breadcrumb\":{\"@id\":\"https:\/\/www.grills-saveurs.ch\/fr\/produit\/roulette-a-pizza-weber-2\/#breadcrumb\"},\"inLanguage\":\"fr-FR\",\"potentialAction\":[{\"@type\":\"ReadAction\",\"target\":[\"https:\/\/www.grills-saveurs.ch\/fr\/produit\/roulette-a-pizza-weber-2\/\"]}]},{\"@type\":\"BreadcrumbList\",\"@id\":\"https:\/\/www.grills-saveurs.ch\/fr\/produit\/roulette-a-pizza-weber-2\/#breadcrumb\",\"itemListElement\":[{\"@type\":\"ListItem\",\"position\":1,\"name\":\"Accueil\",\"item\":\"https:\/\/www.grills-saveurs.ch\/fr\/\"},{\"@type\":\"ListItem\",\"position\":2,\"name\":\"Shop \/ Boutique\",\"item\":\"https:\/\/www.grills-saveurs.ch\/fr\/boutique\/\"},{\"@type\":\"ListItem\",\"position\":3,\"name\":\"Roulette \u00e0 pizza Weber\"}]}]}<\/script>\n<!-- \/ Yoast SEO plugin. -->","yoast_head_json":{"title":"Roulette \u00e0 pizza Weber - Grills et Saveurs","description":"Une fois que vous avez sorti votre pizza si bien garnie, assurez-vous que toutes ses parts sont aussi bien coup\u00e9es les unes que les autres. La roulette \u00e0 pizza est munie d\u2019une roue particuli\u00e8rement grande afin de pouvoir couper des pizzas \u00e0 p\u00e2te fine ou \u00e9paisse sans massacrer votre chef-d\u2019\u0153uvre.","robots":{"index":"index","follow":"follow","max-snippet":"max-snippet:-1","max-image-preview":"max-image-preview:large","max-video-preview":"max-video-preview:-1"},"canonical":"https:\/\/www.grills-saveurs.ch\/fr\/produit\/roulette-a-pizza-weber-2\/","og_locale":"fr_FR","og_type":"article","og_title":"Roulette \u00e0 pizza Weber - Grills et Saveurs","og_description":"Une fois que vous avez sorti votre pizza si bien garnie, assurez-vous que toutes ses parts sont aussi bien coup\u00e9es les unes que les autres. La roulette \u00e0 pizza est munie d\u2019une roue particuli\u00e8rement grande afin de pouvoir couper des pizzas \u00e0 p\u00e2te fine ou \u00e9paisse sans massacrer votre chef-d\u2019\u0153uvre.","og_url":"https:\/\/www.grills-saveurs.ch\/fr\/produit\/roulette-a-pizza-weber-2\/","og_site_name":"Grills et Saveurs","og_image":[{"width":800,"height":800,"url":"https:\/\/www.grills-saveurs.ch\/fr\/wp-content\/uploads\/2024\/04\/6690.png","type":"image\/png"}],"twitter_card":"summary_large_image","schema":{"@context":"https:\/\/schema.org","@graph":[{"@type":"WebSite","@id":"https:\/\/www.grills-saveurs.ch\/fr\/#website","url":"https:\/\/www.grills-saveurs.ch\/fr\/","name":"Grills et Saveurs","description":"Barbecues, Grills, Planchas, Chemin\u00e9es jardin - Lausanne, Suisse Romande","potentialAction":[{"@type":"SearchAction","target":{"@type":"EntryPoint","urlTemplate":"https:\/\/www.grills-saveurs.ch\/fr\/?s={search_term_string}"},"query-input":"required name=search_term_string"}],"inLanguage":"fr-FR"},{"@type":"ImageObject","@id":"https:\/\/www.grills-saveurs.ch\/fr\/produit\/roulette-a-pizza-weber-2\/#primaryimage","inLanguage":"fr-FR","url":"https:\/\/www.grills-saveurs.ch\/fr\/wp-content\/uploads\/2024\/04\/6690.png","contentUrl":"https:\/\/www.grills-saveurs.ch\/fr\/wp-content\/uploads\/2024\/04\/6690.png","width":800,"height":800},{"@type":"WebPage","@id":"https:\/\/www.grills-saveurs.ch\/fr\/produit\/roulette-a-pizza-weber-2\/#webpage","url":"https:\/\/www.grills-saveurs.ch\/fr\/produit\/roulette-a-pizza-weber-2\/","name":"Roulette \u00e0 pizza Weber - Grills et Saveurs","isPartOf":{"@id":"https:\/\/www.grills-saveurs.ch\/fr\/#website"},"primaryImageOfPage":{"@id":"https:\/\/www.grills-saveurs.ch\/fr\/produit\/roulette-a-pizza-weber-2\/#primaryimage"},"datePublished":"2024-04-08T07:24:23+00:00","dateModified":"2024-04-08T07:24:23+00:00","description":"Une fois que vous avez sorti votre pizza si bien garnie, assurez-vous que toutes ses parts sont aussi bien coup\u00e9es les unes que les autres. La roulette \u00e0 pizza est munie d\u2019une roue particuli\u00e8rement grande afin de pouvoir couper des pizzas \u00e0 p\u00e2te fine ou \u00e9paisse sans massacrer votre chef-d\u2019\u0153uvre.","breadcrumb":{"@id":"https:\/\/www.grills-saveurs.ch\/fr\/produit\/roulette-a-pizza-weber-2\/#breadcrumb"},"inLanguage":"fr-FR","potentialAction":[{"@type":"ReadAction","target":["https:\/\/www.grills-saveurs.ch\/fr\/produit\/roulette-a-pizza-weber-2\/"]}]},{"@type":"BreadcrumbList","@id":"https:\/\/www.grills-saveurs.ch\/fr\/produit\/roulette-a-pizza-weber-2\/#breadcrumb","itemListElement":[{"@type":"ListItem","position":1,"name":"Accueil","item":"https:\/\/www.grills-saveurs.ch\/fr\/"},{"@type":"ListItem","position":2,"name":"Shop \/ Boutique","item":"https:\/\/www.grills-saveurs.ch\/fr\/boutique\/"},{"@type":"ListItem","position":3,"name":"Roulette \u00e0 pizza Weber"}]}]}},"_links":{"self":[{"href":"https:\/\/www.grills-saveurs.ch\/fr\/wp-json\/wp\/v2\/product\/9350"}],"collection":[{"href":"https:\/\/www.grills-saveurs.ch\/fr\/wp-json\/wp\/v2\/product"}],"about":[{"href":"https:\/\/www.grills-saveurs.ch\/fr\/wp-json\/wp\/v2\/types\/product"}],"wp:featuredmedia":[{"embeddable":true,"href":"https:\/\/www.grills-saveurs.ch\/fr\/wp-json\/wp\/v2\/media\/9351"}],"wp:attachment":[{"href":"https:\/\/www.grills-saveurs.ch\/fr\/wp-json\/wp\/v2\/media?parent=9350"}],"wp:term":[{"taxonomy":"product_cat","embeddable":true,"href":"https:\/\/www.grills-saveurs.ch\/fr\/wp-json\/wp\/v2\/product_cat?post=9350"},{"taxonomy":"product_tag","embeddable":true,"href":"https:\/\/www.grills-saveurs.ch\/fr\/wp-json\/wp\/v2\/product_tag?post=9350"}],"curies":[{"name":"wp","href":"https:\/\/api.w.org\/{rel}","templated":true}]}}