{"id":9352,"date":"2024-04-08T09:24:23","date_gmt":"2024-04-08T07:24:23","guid":{"rendered":"https:\/\/www.grills-saveurs.ch\/fr\/?post_type=product&#038;p=9352"},"modified":"2024-04-08T09:24:23","modified_gmt":"2024-04-08T07:24:23","slug":"panier-a-griller-weber-crafted","status":"publish","type":"product","link":"https:\/\/www.grills-saveurs.ch\/fr\/produit\/panier-a-griller-weber-crafted\/","title":{"rendered":"Panier \u00e0 griller WEBER CRAFTED"},"content":{"rendered":"<p>Faites sortir votre cuisine \u00e0 l&rsquo;ext\u00e9rieur et cuisez des aliments que vous n\u2019auriez jamais pens\u00e9 possibles dans votre barbecue gr\u00e2ce au WEBER CRAFTED Gourmet BBQ System. Remplacez simplement votre grille de cuisson droite par le panier \u00e0 griller WEBER CRAFTED pour caram\u00e9liser parfaitement les l\u00e9gumes, les fruits de mer d\u00e9licats et les petits morceaux de viande. Barbecue, support et grilles de cuisson compatibles WEBER CRAFTED requis.<\/p>\n<p>\u2022 Convient aux mod\u00e8les Genesis \u00e0 partir de 2022 et SmokeFire EPX4\/EPX6. Convient \u00e9galement aux mod\u00e8les Genesis 2016-2021 avec ajout du kit adaptateur\u00a0<a href=\"https:\/\/www.weber.com\/CH\/fr\/accessoires\/accessoires-par-cat%C3%A9gorie\/weber-crafted-gourmet-bbq-system\/7687.html\" target=\"_blank\" rel=\"noopener\">(#7687)<\/a>\u00a0et Spirit 2016-2021 avec ajout du kit adaptateur\u00a0<a href=\"https:\/\/www.weber.com\/CH\/fr\/accessoires\/accessoires-par-cat%C3%A9gorie\/weber-crafted-gourmet-bbq-system\/7688.html\" target=\"_blank\" rel=\"noopener\">(#7688)<\/a>.<br \/>\n\u2022 Faites griller de petits aliments d\u00e9licats sans qu\u2019ils ne tombent \u00e0 travers les grilles<br \/>\n\u2022 Support et grilles WEBER CRAFTED requis<br \/>\n\u2022 Favorise la circulation de la chaleur pour des l\u00e9gumes parfaitement grill\u00e9s<br \/>\n\u2022 Passe au lave-vaisselle, construction en acier inoxydable<br \/>\n\u2022 Confirmez que votre barbecue est compatible avec les ustensiles WEBER CRAFTED<\/p>\n","protected":false},"excerpt":{"rendered":"<p>WB-7683<\/p>\n","protected":false},"featured_media":9357,"template":"","meta":[],"product_cat":[15],"product_tag":[],"yoast_head":"<!-- This site is optimized with the Yoast SEO plugin v18.2 - https:\/\/yoast.com\/wordpress\/plugins\/seo\/ -->\n<title>Panier \u00e0 griller WEBER CRAFTED - Grills et Saveurs<\/title>\n<meta name=\"description\" content=\"Faites sortir votre cuisine \u00e0 l&#039;ext\u00e9rieur et cuisez des aliments que vous n\u2019auriez jamais pens\u00e9 possibles dans votre barbecue gr\u00e2ce au WEBER CRAFTED Gourmet BBQ System. Remplacez simplement votre grille de cuisson droite par le panier \u00e0 griller WEBER CRAFTED pour caram\u00e9liser parfaitement les l\u00e9gumes, les fruits de mer d\u00e9licats et les petits morceaux de viande. Barbecue, support et grilles de cuisson compatibles WEBER CRAFTED requis. \u2022 Convient aux mod\u00e8les Genesis \u00e0 partir de 2022 et SmokeFire EPX4\/EPX6. Convient \u00e9galement aux mod\u00e8les Genesis 2016-2021 avec ajout du kit adaptateur (#7687) et Spirit 2016-2021 avec ajout du kit adaptateur (#7688).\u2022 Faites griller de petits aliments d\u00e9licats sans qu\u2019ils ne tombent \u00e0 travers les grilles\u2022 Support et grilles WEBER CRAFTED requis\u2022 Favorise la circulation de la chaleur pour des l\u00e9gumes parfaitement grill\u00e9s\u2022 Passe au lave-vaisselle, construction en acier inoxydable\u2022 Confirmez que votre barbecue est compatible avec les ustensiles WEBER CRAFTED\" \/>\n<meta name=\"robots\" content=\"index, follow, max-snippet:-1, max-image-preview:large, max-video-preview:-1\" \/>\n<link rel=\"canonical\" href=\"https:\/\/www.grills-saveurs.ch\/fr\/produit\/panier-a-griller-weber-crafted\/\" \/>\n<meta property=\"og:locale\" content=\"fr_FR\" \/>\n<meta property=\"og:type\" content=\"article\" \/>\n<meta property=\"og:title\" content=\"Panier \u00e0 griller WEBER CRAFTED - Grills et Saveurs\" \/>\n<meta property=\"og:description\" content=\"Faites sortir votre cuisine \u00e0 l&#039;ext\u00e9rieur et cuisez des aliments que vous n\u2019auriez jamais pens\u00e9 possibles dans votre barbecue gr\u00e2ce au WEBER CRAFTED Gourmet BBQ System. Remplacez simplement votre grille de cuisson droite par le panier \u00e0 griller WEBER CRAFTED pour caram\u00e9liser parfaitement les l\u00e9gumes, les fruits de mer d\u00e9licats et les petits morceaux de viande. Barbecue, support et grilles de cuisson compatibles WEBER CRAFTED requis. \u2022 Convient aux mod\u00e8les Genesis \u00e0 partir de 2022 et SmokeFire EPX4\/EPX6. Convient \u00e9galement aux mod\u00e8les Genesis 2016-2021 avec ajout du kit adaptateur (#7687) et Spirit 2016-2021 avec ajout du kit adaptateur (#7688).\u2022 Faites griller de petits aliments d\u00e9licats sans qu\u2019ils ne tombent \u00e0 travers les grilles\u2022 Support et grilles WEBER CRAFTED requis\u2022 Favorise la circulation de la chaleur pour des l\u00e9gumes parfaitement grill\u00e9s\u2022 Passe au lave-vaisselle, construction en acier inoxydable\u2022 Confirmez que votre barbecue est compatible avec les ustensiles WEBER CRAFTED\" \/>\n<meta property=\"og:url\" content=\"https:\/\/www.grills-saveurs.ch\/fr\/produit\/panier-a-griller-weber-crafted\/\" \/>\n<meta property=\"og:site_name\" content=\"Grills et Saveurs\" \/>\n<meta property=\"og:image\" content=\"https:\/\/www.grills-saveurs.ch\/fr\/wp-content\/uploads\/2024\/04\/7673_1800x1800.png\" \/>\n\t<meta property=\"og:image:width\" content=\"800\" \/>\n\t<meta property=\"og:image:height\" content=\"800\" \/>\n\t<meta property=\"og:image:type\" content=\"image\/png\" \/>\n<meta name=\"twitter:card\" content=\"summary_large_image\" \/>\n<meta name=\"twitter:label1\" content=\"Dur\u00e9e de lecture estim\u00e9e\" \/>\n\t<meta name=\"twitter:data1\" content=\"1 minute\" \/>\n<script type=\"application\/ld+json\" class=\"yoast-schema-graph\">{\"@context\":\"https:\/\/schema.org\",\"@graph\":[{\"@type\":\"WebSite\",\"@id\":\"https:\/\/www.grills-saveurs.ch\/fr\/#website\",\"url\":\"https:\/\/www.grills-saveurs.ch\/fr\/\",\"name\":\"Grills et Saveurs\",\"description\":\"Barbecues, Grills, Planchas, Chemin\u00e9es jardin - Lausanne, Suisse Romande\",\"potentialAction\":[{\"@type\":\"SearchAction\",\"target\":{\"@type\":\"EntryPoint\",\"urlTemplate\":\"https:\/\/www.grills-saveurs.ch\/fr\/?s={search_term_string}\"},\"query-input\":\"required name=search_term_string\"}],\"inLanguage\":\"fr-FR\"},{\"@type\":\"ImageObject\",\"@id\":\"https:\/\/www.grills-saveurs.ch\/fr\/produit\/panier-a-griller-weber-crafted\/#primaryimage\",\"inLanguage\":\"fr-FR\",\"url\":\"https:\/\/www.grills-saveurs.ch\/fr\/wp-content\/uploads\/2024\/04\/7673_1800x1800.png\",\"contentUrl\":\"https:\/\/www.grills-saveurs.ch\/fr\/wp-content\/uploads\/2024\/04\/7673_1800x1800.png\",\"width\":800,\"height\":800},{\"@type\":\"WebPage\",\"@id\":\"https:\/\/www.grills-saveurs.ch\/fr\/produit\/panier-a-griller-weber-crafted\/#webpage\",\"url\":\"https:\/\/www.grills-saveurs.ch\/fr\/produit\/panier-a-griller-weber-crafted\/\",\"name\":\"Panier \u00e0 griller WEBER CRAFTED - Grills et Saveurs\",\"isPartOf\":{\"@id\":\"https:\/\/www.grills-saveurs.ch\/fr\/#website\"},\"primaryImageOfPage\":{\"@id\":\"https:\/\/www.grills-saveurs.ch\/fr\/produit\/panier-a-griller-weber-crafted\/#primaryimage\"},\"datePublished\":\"2024-04-08T07:24:23+00:00\",\"dateModified\":\"2024-04-08T07:24:23+00:00\",\"description\":\"Faites sortir votre cuisine \u00e0 l'ext\u00e9rieur et cuisez des aliments que vous n\u2019auriez jamais pens\u00e9 possibles dans votre barbecue gr\u00e2ce au WEBER CRAFTED Gourmet BBQ System. Remplacez simplement votre grille de cuisson droite par le panier \u00e0 griller WEBER CRAFTED pour caram\u00e9liser parfaitement les l\u00e9gumes, les fruits de mer d\u00e9licats et les petits morceaux de viande. Barbecue, support et grilles de cuisson compatibles WEBER CRAFTED requis. \u2022 Convient aux mod\u00e8les Genesis \u00e0 partir de 2022 et SmokeFire EPX4\/EPX6. Convient \u00e9galement aux mod\u00e8les Genesis 2016-2021 avec ajout du kit adaptateur (#7687) et Spirit 2016-2021 avec ajout du kit adaptateur (#7688).\u2022 Faites griller de petits aliments d\u00e9licats sans qu\u2019ils ne tombent \u00e0 travers les grilles\u2022 Support et grilles WEBER CRAFTED requis\u2022 Favorise la circulation de la chaleur pour des l\u00e9gumes parfaitement grill\u00e9s\u2022 Passe au lave-vaisselle, construction en acier inoxydable\u2022 Confirmez que votre barbecue est compatible avec les ustensiles WEBER CRAFTED\",\"breadcrumb\":{\"@id\":\"https:\/\/www.grills-saveurs.ch\/fr\/produit\/panier-a-griller-weber-crafted\/#breadcrumb\"},\"inLanguage\":\"fr-FR\",\"potentialAction\":[{\"@type\":\"ReadAction\",\"target\":[\"https:\/\/www.grills-saveurs.ch\/fr\/produit\/panier-a-griller-weber-crafted\/\"]}]},{\"@type\":\"BreadcrumbList\",\"@id\":\"https:\/\/www.grills-saveurs.ch\/fr\/produit\/panier-a-griller-weber-crafted\/#breadcrumb\",\"itemListElement\":[{\"@type\":\"ListItem\",\"position\":1,\"name\":\"Accueil\",\"item\":\"https:\/\/www.grills-saveurs.ch\/fr\/\"},{\"@type\":\"ListItem\",\"position\":2,\"name\":\"Shop \/ Boutique\",\"item\":\"https:\/\/www.grills-saveurs.ch\/fr\/boutique\/\"},{\"@type\":\"ListItem\",\"position\":3,\"name\":\"Panier \u00e0 griller WEBER CRAFTED\"}]}]}<\/script>\n<!-- \/ Yoast SEO plugin. -->","yoast_head_json":{"title":"Panier \u00e0 griller WEBER CRAFTED - Grills et Saveurs","description":"Faites sortir votre cuisine \u00e0 l'ext\u00e9rieur et cuisez des aliments que vous n\u2019auriez jamais pens\u00e9 possibles dans votre barbecue gr\u00e2ce au WEBER CRAFTED Gourmet BBQ System. Remplacez simplement votre grille de cuisson droite par le panier \u00e0 griller WEBER CRAFTED pour caram\u00e9liser parfaitement les l\u00e9gumes, les fruits de mer d\u00e9licats et les petits morceaux de viande. Barbecue, support et grilles de cuisson compatibles WEBER CRAFTED requis. \u2022 Convient aux mod\u00e8les Genesis \u00e0 partir de 2022 et SmokeFire EPX4\/EPX6. Convient \u00e9galement aux mod\u00e8les Genesis 2016-2021 avec ajout du kit adaptateur (#7687) et Spirit 2016-2021 avec ajout du kit adaptateur (#7688).\u2022 Faites griller de petits aliments d\u00e9licats sans qu\u2019ils ne tombent \u00e0 travers les grilles\u2022 Support et grilles WEBER CRAFTED requis\u2022 Favorise la circulation de la chaleur pour des l\u00e9gumes parfaitement grill\u00e9s\u2022 Passe au lave-vaisselle, construction en acier inoxydable\u2022 Confirmez que votre barbecue est compatible avec les ustensiles WEBER CRAFTED","robots":{"index":"index","follow":"follow","max-snippet":"max-snippet:-1","max-image-preview":"max-image-preview:large","max-video-preview":"max-video-preview:-1"},"canonical":"https:\/\/www.grills-saveurs.ch\/fr\/produit\/panier-a-griller-weber-crafted\/","og_locale":"fr_FR","og_type":"article","og_title":"Panier \u00e0 griller WEBER CRAFTED - Grills et Saveurs","og_description":"Faites sortir votre cuisine \u00e0 l'ext\u00e9rieur et cuisez des aliments que vous n\u2019auriez jamais pens\u00e9 possibles dans votre barbecue gr\u00e2ce au WEBER CRAFTED Gourmet BBQ System. Remplacez simplement votre grille de cuisson droite par le panier \u00e0 griller WEBER CRAFTED pour caram\u00e9liser parfaitement les l\u00e9gumes, les fruits de mer d\u00e9licats et les petits morceaux de viande. Barbecue, support et grilles de cuisson compatibles WEBER CRAFTED requis. \u2022 Convient aux mod\u00e8les Genesis \u00e0 partir de 2022 et SmokeFire EPX4\/EPX6. Convient \u00e9galement aux mod\u00e8les Genesis 2016-2021 avec ajout du kit adaptateur (#7687) et Spirit 2016-2021 avec ajout du kit adaptateur (#7688).\u2022 Faites griller de petits aliments d\u00e9licats sans qu\u2019ils ne tombent \u00e0 travers les grilles\u2022 Support et grilles WEBER CRAFTED requis\u2022 Favorise la circulation de la chaleur pour des l\u00e9gumes parfaitement grill\u00e9s\u2022 Passe au lave-vaisselle, construction en acier inoxydable\u2022 Confirmez que votre barbecue est compatible avec les ustensiles WEBER CRAFTED","og_url":"https:\/\/www.grills-saveurs.ch\/fr\/produit\/panier-a-griller-weber-crafted\/","og_site_name":"Grills et Saveurs","og_image":[{"width":800,"height":800,"url":"https:\/\/www.grills-saveurs.ch\/fr\/wp-content\/uploads\/2024\/04\/7673_1800x1800.png","type":"image\/png"}],"twitter_card":"summary_large_image","twitter_misc":{"Dur\u00e9e de lecture estim\u00e9e":"1 minute"},"schema":{"@context":"https:\/\/schema.org","@graph":[{"@type":"WebSite","@id":"https:\/\/www.grills-saveurs.ch\/fr\/#website","url":"https:\/\/www.grills-saveurs.ch\/fr\/","name":"Grills et Saveurs","description":"Barbecues, Grills, Planchas, Chemin\u00e9es jardin - Lausanne, Suisse Romande","potentialAction":[{"@type":"SearchAction","target":{"@type":"EntryPoint","urlTemplate":"https:\/\/www.grills-saveurs.ch\/fr\/?s={search_term_string}"},"query-input":"required name=search_term_string"}],"inLanguage":"fr-FR"},{"@type":"ImageObject","@id":"https:\/\/www.grills-saveurs.ch\/fr\/produit\/panier-a-griller-weber-crafted\/#primaryimage","inLanguage":"fr-FR","url":"https:\/\/www.grills-saveurs.ch\/fr\/wp-content\/uploads\/2024\/04\/7673_1800x1800.png","contentUrl":"https:\/\/www.grills-saveurs.ch\/fr\/wp-content\/uploads\/2024\/04\/7673_1800x1800.png","width":800,"height":800},{"@type":"WebPage","@id":"https:\/\/www.grills-saveurs.ch\/fr\/produit\/panier-a-griller-weber-crafted\/#webpage","url":"https:\/\/www.grills-saveurs.ch\/fr\/produit\/panier-a-griller-weber-crafted\/","name":"Panier \u00e0 griller WEBER CRAFTED - Grills et Saveurs","isPartOf":{"@id":"https:\/\/www.grills-saveurs.ch\/fr\/#website"},"primaryImageOfPage":{"@id":"https:\/\/www.grills-saveurs.ch\/fr\/produit\/panier-a-griller-weber-crafted\/#primaryimage"},"datePublished":"2024-04-08T07:24:23+00:00","dateModified":"2024-04-08T07:24:23+00:00","description":"Faites sortir votre cuisine \u00e0 l'ext\u00e9rieur et cuisez des aliments que vous n\u2019auriez jamais pens\u00e9 possibles dans votre barbecue gr\u00e2ce au WEBER CRAFTED Gourmet BBQ System. Remplacez simplement votre grille de cuisson droite par le panier \u00e0 griller WEBER CRAFTED pour caram\u00e9liser parfaitement les l\u00e9gumes, les fruits de mer d\u00e9licats et les petits morceaux de viande. Barbecue, support et grilles de cuisson compatibles WEBER CRAFTED requis. \u2022 Convient aux mod\u00e8les Genesis \u00e0 partir de 2022 et SmokeFire EPX4\/EPX6. Convient \u00e9galement aux mod\u00e8les Genesis 2016-2021 avec ajout du kit adaptateur (#7687) et Spirit 2016-2021 avec ajout du kit adaptateur (#7688).\u2022 Faites griller de petits aliments d\u00e9licats sans qu\u2019ils ne tombent \u00e0 travers les grilles\u2022 Support et grilles WEBER CRAFTED requis\u2022 Favorise la circulation de la chaleur pour des l\u00e9gumes parfaitement grill\u00e9s\u2022 Passe au lave-vaisselle, construction en acier inoxydable\u2022 Confirmez que votre barbecue est compatible avec les ustensiles WEBER CRAFTED","breadcrumb":{"@id":"https:\/\/www.grills-saveurs.ch\/fr\/produit\/panier-a-griller-weber-crafted\/#breadcrumb"},"inLanguage":"fr-FR","potentialAction":[{"@type":"ReadAction","target":["https:\/\/www.grills-saveurs.ch\/fr\/produit\/panier-a-griller-weber-crafted\/"]}]},{"@type":"BreadcrumbList","@id":"https:\/\/www.grills-saveurs.ch\/fr\/produit\/panier-a-griller-weber-crafted\/#breadcrumb","itemListElement":[{"@type":"ListItem","position":1,"name":"Accueil","item":"https:\/\/www.grills-saveurs.ch\/fr\/"},{"@type":"ListItem","position":2,"name":"Shop \/ Boutique","item":"https:\/\/www.grills-saveurs.ch\/fr\/boutique\/"},{"@type":"ListItem","position":3,"name":"Panier \u00e0 griller WEBER CRAFTED"}]}]}},"_links":{"self":[{"href":"https:\/\/www.grills-saveurs.ch\/fr\/wp-json\/wp\/v2\/product\/9352"}],"collection":[{"href":"https:\/\/www.grills-saveurs.ch\/fr\/wp-json\/wp\/v2\/product"}],"about":[{"href":"https:\/\/www.grills-saveurs.ch\/fr\/wp-json\/wp\/v2\/types\/product"}],"wp:featuredmedia":[{"embeddable":true,"href":"https:\/\/www.grills-saveurs.ch\/fr\/wp-json\/wp\/v2\/media\/9357"}],"wp:attachment":[{"href":"https:\/\/www.grills-saveurs.ch\/fr\/wp-json\/wp\/v2\/media?parent=9352"}],"wp:term":[{"taxonomy":"product_cat","embeddable":true,"href":"https:\/\/www.grills-saveurs.ch\/fr\/wp-json\/wp\/v2\/product_cat?post=9352"},{"taxonomy":"product_tag","embeddable":true,"href":"https:\/\/www.grills-saveurs.ch\/fr\/wp-json\/wp\/v2\/product_tag?post=9352"}],"curies":[{"name":"wp","href":"https:\/\/api.w.org\/{rel}","templated":true}]}}