{"id":9360,"date":"2024-04-08T09:24:23","date_gmt":"2024-04-08T07:24:23","guid":{"rendered":"https:\/\/www.grills-saveurs.ch\/fr\/?post_type=product&#038;p=9360"},"modified":"2024-04-08T09:24:23","modified_gmt":"2024-04-08T07:24:23","slug":"pince-a-barbecue","status":"publish","type":"product","link":"https:\/\/www.grills-saveurs.ch\/fr\/produit\/pince-a-barbecue\/","title":{"rendered":"Pince \u00e0 barbecue"},"content":{"rendered":"<p>Pour une prise pr\u00e9cise des aliments les plus petits ou les plus d\u00e9licats. La pince est fabriqu\u00e9e en acier inoxydable de haute qualit\u00e9 et fournit une prise ferme et confortable lors de la manipulation de tout aliment : des asperges et coquilles Saint-Jacques aux crevettes et l\u00e9gumes en tranches.<\/p>\n<p>Dimensions du produit : 1.3cm H x 5.1cm L x 30.5cm P<\/p>\n","protected":false},"excerpt":{"rendered":"<p>WB-6208<\/p>\n","protected":false},"featured_media":9364,"template":"","meta":[],"product_cat":[158,160],"product_tag":[],"yoast_head":"<!-- This site is optimized with the Yoast SEO plugin v18.2 - https:\/\/yoast.com\/wordpress\/plugins\/seo\/ -->\n<title>Pince \u00e0 barbecue - Grills et Saveurs<\/title>\n<meta name=\"description\" content=\"Pour une prise pr\u00e9cise des aliments les plus petits ou les plus d\u00e9licats. La pince est fabriqu\u00e9e en acier inoxydable de haute qualit\u00e9 et fournit une prise ferme et confortable lors de la manipulation de tout aliment : des asperges et coquilles Saint-Jacques aux crevettes et l\u00e9gumes en tranches. Dimensions du produit : 1.3cm H x 5.1cm L x 30.5cm P\" \/>\n<meta name=\"robots\" content=\"index, follow, max-snippet:-1, max-image-preview:large, max-video-preview:-1\" \/>\n<link rel=\"canonical\" href=\"https:\/\/www.grills-saveurs.ch\/fr\/produit\/pince-a-barbecue\/\" \/>\n<meta property=\"og:locale\" content=\"fr_FR\" \/>\n<meta property=\"og:type\" content=\"article\" \/>\n<meta property=\"og:title\" content=\"Pince \u00e0 barbecue - Grills et Saveurs\" \/>\n<meta property=\"og:description\" content=\"Pour une prise pr\u00e9cise des aliments les plus petits ou les plus d\u00e9licats. La pince est fabriqu\u00e9e en acier inoxydable de haute qualit\u00e9 et fournit une prise ferme et confortable lors de la manipulation de tout aliment : des asperges et coquilles Saint-Jacques aux crevettes et l\u00e9gumes en tranches. Dimensions du produit : 1.3cm H x 5.1cm L x 30.5cm P\" \/>\n<meta property=\"og:url\" content=\"https:\/\/www.grills-saveurs.ch\/fr\/produit\/pince-a-barbecue\/\" \/>\n<meta property=\"og:site_name\" content=\"Grills et Saveurs\" \/>\n<meta property=\"og:image\" content=\"https:\/\/www.grills-saveurs.ch\/fr\/wp-content\/uploads\/2024\/04\/6208A.png\" \/>\n\t<meta property=\"og:image:width\" content=\"800\" \/>\n\t<meta property=\"og:image:height\" content=\"800\" \/>\n\t<meta property=\"og:image:type\" content=\"image\/png\" \/>\n<meta name=\"twitter:card\" content=\"summary_large_image\" \/>\n<script type=\"application\/ld+json\" class=\"yoast-schema-graph\">{\"@context\":\"https:\/\/schema.org\",\"@graph\":[{\"@type\":\"WebSite\",\"@id\":\"https:\/\/www.grills-saveurs.ch\/fr\/#website\",\"url\":\"https:\/\/www.grills-saveurs.ch\/fr\/\",\"name\":\"Grills et Saveurs\",\"description\":\"Barbecues, Grills, Planchas, Chemin\u00e9es jardin - Lausanne, Suisse Romande\",\"potentialAction\":[{\"@type\":\"SearchAction\",\"target\":{\"@type\":\"EntryPoint\",\"urlTemplate\":\"https:\/\/www.grills-saveurs.ch\/fr\/?s={search_term_string}\"},\"query-input\":\"required name=search_term_string\"}],\"inLanguage\":\"fr-FR\"},{\"@type\":\"ImageObject\",\"@id\":\"https:\/\/www.grills-saveurs.ch\/fr\/produit\/pince-a-barbecue\/#primaryimage\",\"inLanguage\":\"fr-FR\",\"url\":\"https:\/\/www.grills-saveurs.ch\/fr\/wp-content\/uploads\/2024\/04\/6208A.png\",\"contentUrl\":\"https:\/\/www.grills-saveurs.ch\/fr\/wp-content\/uploads\/2024\/04\/6208A.png\",\"width\":800,\"height\":800},{\"@type\":\"WebPage\",\"@id\":\"https:\/\/www.grills-saveurs.ch\/fr\/produit\/pince-a-barbecue\/#webpage\",\"url\":\"https:\/\/www.grills-saveurs.ch\/fr\/produit\/pince-a-barbecue\/\",\"name\":\"Pince \u00e0 barbecue - Grills et Saveurs\",\"isPartOf\":{\"@id\":\"https:\/\/www.grills-saveurs.ch\/fr\/#website\"},\"primaryImageOfPage\":{\"@id\":\"https:\/\/www.grills-saveurs.ch\/fr\/produit\/pince-a-barbecue\/#primaryimage\"},\"datePublished\":\"2024-04-08T07:24:23+00:00\",\"dateModified\":\"2024-04-08T07:24:23+00:00\",\"description\":\"Pour une prise pr\u00e9cise des aliments les plus petits ou les plus d\u00e9licats. La pince est fabriqu\u00e9e en acier inoxydable de haute qualit\u00e9 et fournit une prise ferme et confortable lors de la manipulation de tout aliment : des asperges et coquilles Saint-Jacques aux crevettes et l\u00e9gumes en tranches. Dimensions du produit : 1.3cm H x 5.1cm L x 30.5cm P\",\"breadcrumb\":{\"@id\":\"https:\/\/www.grills-saveurs.ch\/fr\/produit\/pince-a-barbecue\/#breadcrumb\"},\"inLanguage\":\"fr-FR\",\"potentialAction\":[{\"@type\":\"ReadAction\",\"target\":[\"https:\/\/www.grills-saveurs.ch\/fr\/produit\/pince-a-barbecue\/\"]}]},{\"@type\":\"BreadcrumbList\",\"@id\":\"https:\/\/www.grills-saveurs.ch\/fr\/produit\/pince-a-barbecue\/#breadcrumb\",\"itemListElement\":[{\"@type\":\"ListItem\",\"position\":1,\"name\":\"Accueil\",\"item\":\"https:\/\/www.grills-saveurs.ch\/fr\/\"},{\"@type\":\"ListItem\",\"position\":2,\"name\":\"Shop \/ Boutique\",\"item\":\"https:\/\/www.grills-saveurs.ch\/fr\/boutique\/\"},{\"@type\":\"ListItem\",\"position\":3,\"name\":\"Pince \u00e0 barbecue\"}]}]}<\/script>\n<!-- \/ Yoast SEO plugin. -->","yoast_head_json":{"title":"Pince \u00e0 barbecue - Grills et Saveurs","description":"Pour une prise pr\u00e9cise des aliments les plus petits ou les plus d\u00e9licats. La pince est fabriqu\u00e9e en acier inoxydable de haute qualit\u00e9 et fournit une prise ferme et confortable lors de la manipulation de tout aliment : des asperges et coquilles Saint-Jacques aux crevettes et l\u00e9gumes en tranches. Dimensions du produit : 1.3cm H x 5.1cm L x 30.5cm P","robots":{"index":"index","follow":"follow","max-snippet":"max-snippet:-1","max-image-preview":"max-image-preview:large","max-video-preview":"max-video-preview:-1"},"canonical":"https:\/\/www.grills-saveurs.ch\/fr\/produit\/pince-a-barbecue\/","og_locale":"fr_FR","og_type":"article","og_title":"Pince \u00e0 barbecue - Grills et Saveurs","og_description":"Pour une prise pr\u00e9cise des aliments les plus petits ou les plus d\u00e9licats. La pince est fabriqu\u00e9e en acier inoxydable de haute qualit\u00e9 et fournit une prise ferme et confortable lors de la manipulation de tout aliment : des asperges et coquilles Saint-Jacques aux crevettes et l\u00e9gumes en tranches. Dimensions du produit : 1.3cm H x 5.1cm L x 30.5cm P","og_url":"https:\/\/www.grills-saveurs.ch\/fr\/produit\/pince-a-barbecue\/","og_site_name":"Grills et Saveurs","og_image":[{"width":800,"height":800,"url":"https:\/\/www.grills-saveurs.ch\/fr\/wp-content\/uploads\/2024\/04\/6208A.png","type":"image\/png"}],"twitter_card":"summary_large_image","schema":{"@context":"https:\/\/schema.org","@graph":[{"@type":"WebSite","@id":"https:\/\/www.grills-saveurs.ch\/fr\/#website","url":"https:\/\/www.grills-saveurs.ch\/fr\/","name":"Grills et Saveurs","description":"Barbecues, Grills, Planchas, Chemin\u00e9es jardin - Lausanne, Suisse Romande","potentialAction":[{"@type":"SearchAction","target":{"@type":"EntryPoint","urlTemplate":"https:\/\/www.grills-saveurs.ch\/fr\/?s={search_term_string}"},"query-input":"required name=search_term_string"}],"inLanguage":"fr-FR"},{"@type":"ImageObject","@id":"https:\/\/www.grills-saveurs.ch\/fr\/produit\/pince-a-barbecue\/#primaryimage","inLanguage":"fr-FR","url":"https:\/\/www.grills-saveurs.ch\/fr\/wp-content\/uploads\/2024\/04\/6208A.png","contentUrl":"https:\/\/www.grills-saveurs.ch\/fr\/wp-content\/uploads\/2024\/04\/6208A.png","width":800,"height":800},{"@type":"WebPage","@id":"https:\/\/www.grills-saveurs.ch\/fr\/produit\/pince-a-barbecue\/#webpage","url":"https:\/\/www.grills-saveurs.ch\/fr\/produit\/pince-a-barbecue\/","name":"Pince \u00e0 barbecue - Grills et Saveurs","isPartOf":{"@id":"https:\/\/www.grills-saveurs.ch\/fr\/#website"},"primaryImageOfPage":{"@id":"https:\/\/www.grills-saveurs.ch\/fr\/produit\/pince-a-barbecue\/#primaryimage"},"datePublished":"2024-04-08T07:24:23+00:00","dateModified":"2024-04-08T07:24:23+00:00","description":"Pour une prise pr\u00e9cise des aliments les plus petits ou les plus d\u00e9licats. La pince est fabriqu\u00e9e en acier inoxydable de haute qualit\u00e9 et fournit une prise ferme et confortable lors de la manipulation de tout aliment : des asperges et coquilles Saint-Jacques aux crevettes et l\u00e9gumes en tranches. Dimensions du produit : 1.3cm H x 5.1cm L x 30.5cm P","breadcrumb":{"@id":"https:\/\/www.grills-saveurs.ch\/fr\/produit\/pince-a-barbecue\/#breadcrumb"},"inLanguage":"fr-FR","potentialAction":[{"@type":"ReadAction","target":["https:\/\/www.grills-saveurs.ch\/fr\/produit\/pince-a-barbecue\/"]}]},{"@type":"BreadcrumbList","@id":"https:\/\/www.grills-saveurs.ch\/fr\/produit\/pince-a-barbecue\/#breadcrumb","itemListElement":[{"@type":"ListItem","position":1,"name":"Accueil","item":"https:\/\/www.grills-saveurs.ch\/fr\/"},{"@type":"ListItem","position":2,"name":"Shop \/ Boutique","item":"https:\/\/www.grills-saveurs.ch\/fr\/boutique\/"},{"@type":"ListItem","position":3,"name":"Pince \u00e0 barbecue"}]}]}},"_links":{"self":[{"href":"https:\/\/www.grills-saveurs.ch\/fr\/wp-json\/wp\/v2\/product\/9360"}],"collection":[{"href":"https:\/\/www.grills-saveurs.ch\/fr\/wp-json\/wp\/v2\/product"}],"about":[{"href":"https:\/\/www.grills-saveurs.ch\/fr\/wp-json\/wp\/v2\/types\/product"}],"wp:featuredmedia":[{"embeddable":true,"href":"https:\/\/www.grills-saveurs.ch\/fr\/wp-json\/wp\/v2\/media\/9364"}],"wp:attachment":[{"href":"https:\/\/www.grills-saveurs.ch\/fr\/wp-json\/wp\/v2\/media?parent=9360"}],"wp:term":[{"taxonomy":"product_cat","embeddable":true,"href":"https:\/\/www.grills-saveurs.ch\/fr\/wp-json\/wp\/v2\/product_cat?post=9360"},{"taxonomy":"product_tag","embeddable":true,"href":"https:\/\/www.grills-saveurs.ch\/fr\/wp-json\/wp\/v2\/product_tag?post=9360"}],"curies":[{"name":"wp","href":"https:\/\/api.w.org\/{rel}","templated":true}]}}