{"id":9365,"date":"2024-04-08T09:24:24","date_gmt":"2024-04-08T07:24:24","guid":{"rendered":"https:\/\/www.grills-saveurs.ch\/fr\/?post_type=product&#038;p=9365"},"modified":"2024-11-06T15:55:51","modified_gmt":"2024-11-06T14:55:51","slug":"weber-plaque-a-pizza-ronde-46cm-noire","status":"publish","type":"product","link":"https:\/\/www.grills-saveurs.ch\/fr\/produit\/weber-plaque-a-pizza-ronde-46cm-noire\/","title":{"rendered":"Weber plaque \u00e0 pizza ronde 46cm noire"},"content":{"rendered":"<p>Avec la pierre \u00e0 griller de Weber, vous pouvez sauver le voyage en Italie. Qu&rsquo;il s&rsquo;agisse de faire cuire une pizza, du pain ou de pr\u00e9parer un dessert &#8211; avec la pierre \u00e0 pizza, vous pouvez d\u00e9guster \u00ab\u00a0la dolce vita\u00a0\u00bb chaque soir de la semaine.<\/p>\n<ul class=\"bpaSX8t_ bpaWeO0A\">\n<li class=\"bpacbGuz\">Forme: rond<\/li>\n<li class=\"bpacbGuz\">Rev\u00eatement sp\u00e9cialement d\u00e9velopp\u00e9 pour des cro\u00fbtes croustillantes<\/li>\n<li class=\"bpacbGuz\">Mat\u00e9riau: Fa\u00efence<\/li>\n<li class=\"bpacbGuz\">Set: Non<\/li>\n<li class=\"bpacbGuz\">Veuillez laver \u00e0 la main<\/li>\n<li class=\"bpacbGuz\">Convient aux grils \u00e0 gaz Spirit II de la s\u00e9rie 200\/300 et plus, aux grils \u00e0 charbon de bois de 57 cm de diam\u00e8tre et plus, aux Performer et Performer Premium\/Deluxe, aux grils \u00e0 charbon de bois Summit et aux centres de grillades<\/li>\n<\/ul>\n","protected":false},"excerpt":{"rendered":"<p>WB-8830<\/p>\n","protected":false},"featured_media":9367,"template":"","meta":[],"product_cat":[79,158,164],"product_tag":[],"yoast_head":"<!-- This site is optimized with the Yoast SEO plugin v18.2 - https:\/\/yoast.com\/wordpress\/plugins\/seo\/ -->\n<title>Weber plaque \u00e0 pizza ronde 46cm noire - Grills et Saveurs<\/title>\n<meta name=\"description\" content=\"Avec la pierre \u00e0 griller de Weber, vous pouvez sauver le voyage en Italie. Qu&#039;il s&#039;agisse de faire cuire une pizza, du pain ou de pr\u00e9parer un dessert - avec la pierre \u00e0 pizza, vous pouvez d\u00e9guster &quot;la dolce vita&quot; chaque soir de la semaine.Forme: rondRev\u00eatement sp\u00e9cialement d\u00e9velopp\u00e9 pour des cro\u00fbtes croustillantesMat\u00e9riau: Fa\u00efenceSet: NonVeuillez laver \u00e0 la mainConvient aux grils \u00e0 gaz Spirit II de la s\u00e9rie 200\/300 et plus, aux grils \u00e0 charbon de bois de 57 cm de diam\u00e8tre et plus, aux Performer et Performer Premium\/Deluxe, aux grils \u00e0 charbon de bois Summit et aux centres de grillades\" \/>\n<meta name=\"robots\" content=\"index, follow, max-snippet:-1, max-image-preview:large, max-video-preview:-1\" \/>\n<link rel=\"canonical\" href=\"https:\/\/www.grills-saveurs.ch\/fr\/produit\/weber-plaque-a-pizza-ronde-46cm-noire\/\" \/>\n<meta property=\"og:locale\" content=\"fr_FR\" \/>\n<meta property=\"og:type\" content=\"article\" \/>\n<meta property=\"og:title\" content=\"Weber plaque \u00e0 pizza ronde 46cm noire - Grills et Saveurs\" \/>\n<meta property=\"og:description\" content=\"Avec la pierre \u00e0 griller de Weber, vous pouvez sauver le voyage en Italie. Qu&#039;il s&#039;agisse de faire cuire une pizza, du pain ou de pr\u00e9parer un dessert - avec la pierre \u00e0 pizza, vous pouvez d\u00e9guster &quot;la dolce vita&quot; chaque soir de la semaine.Forme: rondRev\u00eatement sp\u00e9cialement d\u00e9velopp\u00e9 pour des cro\u00fbtes croustillantesMat\u00e9riau: Fa\u00efenceSet: NonVeuillez laver \u00e0 la mainConvient aux grils \u00e0 gaz Spirit II de la s\u00e9rie 200\/300 et plus, aux grils \u00e0 charbon de bois de 57 cm de diam\u00e8tre et plus, aux Performer et Performer Premium\/Deluxe, aux grils \u00e0 charbon de bois Summit et aux centres de grillades\" \/>\n<meta property=\"og:url\" content=\"https:\/\/www.grills-saveurs.ch\/fr\/produit\/weber-plaque-a-pizza-ronde-46cm-noire\/\" \/>\n<meta property=\"og:site_name\" content=\"Grills et Saveurs\" \/>\n<meta property=\"article:modified_time\" content=\"2024-11-06T14:55:51+00:00\" \/>\n<meta property=\"og:image\" content=\"https:\/\/www.grills-saveurs.ch\/fr\/wp-content\/uploads\/2024\/04\/TC.P17591.0000.0000.0000_Weber_plaque_a_pizza_ronde__36_cm_00.jpg\" \/>\n\t<meta property=\"og:image:width\" content=\"1200\" \/>\n\t<meta property=\"og:image:height\" content=\"1200\" \/>\n\t<meta property=\"og:image:type\" content=\"image\/jpeg\" \/>\n<meta name=\"twitter:card\" content=\"summary_large_image\" \/>\n<meta name=\"twitter:label1\" content=\"Dur\u00e9e de lecture estim\u00e9e\" \/>\n\t<meta name=\"twitter:data1\" content=\"1 minute\" \/>\n<script type=\"application\/ld+json\" class=\"yoast-schema-graph\">{\"@context\":\"https:\/\/schema.org\",\"@graph\":[{\"@type\":\"WebSite\",\"@id\":\"https:\/\/www.grills-saveurs.ch\/fr\/#website\",\"url\":\"https:\/\/www.grills-saveurs.ch\/fr\/\",\"name\":\"Grills et Saveurs\",\"description\":\"Barbecues, Grills, Planchas, Chemin\u00e9es jardin - Lausanne, Suisse Romande\",\"potentialAction\":[{\"@type\":\"SearchAction\",\"target\":{\"@type\":\"EntryPoint\",\"urlTemplate\":\"https:\/\/www.grills-saveurs.ch\/fr\/?s={search_term_string}\"},\"query-input\":\"required name=search_term_string\"}],\"inLanguage\":\"fr-FR\"},{\"@type\":\"ImageObject\",\"@id\":\"https:\/\/www.grills-saveurs.ch\/fr\/produit\/weber-plaque-a-pizza-ronde-46cm-noire\/#primaryimage\",\"inLanguage\":\"fr-FR\",\"url\":\"https:\/\/www.grills-saveurs.ch\/fr\/wp-content\/uploads\/2024\/04\/TC.P17591.0000.0000.0000_Weber_plaque_a_pizza_ronde__36_cm_00.jpg\",\"contentUrl\":\"https:\/\/www.grills-saveurs.ch\/fr\/wp-content\/uploads\/2024\/04\/TC.P17591.0000.0000.0000_Weber_plaque_a_pizza_ronde__36_cm_00.jpg\",\"width\":1200,\"height\":1200},{\"@type\":\"WebPage\",\"@id\":\"https:\/\/www.grills-saveurs.ch\/fr\/produit\/weber-plaque-a-pizza-ronde-46cm-noire\/#webpage\",\"url\":\"https:\/\/www.grills-saveurs.ch\/fr\/produit\/weber-plaque-a-pizza-ronde-46cm-noire\/\",\"name\":\"Weber plaque \u00e0 pizza ronde 46cm noire - Grills et Saveurs\",\"isPartOf\":{\"@id\":\"https:\/\/www.grills-saveurs.ch\/fr\/#website\"},\"primaryImageOfPage\":{\"@id\":\"https:\/\/www.grills-saveurs.ch\/fr\/produit\/weber-plaque-a-pizza-ronde-46cm-noire\/#primaryimage\"},\"datePublished\":\"2024-04-08T07:24:24+00:00\",\"dateModified\":\"2024-11-06T14:55:51+00:00\",\"description\":\"Avec la pierre \u00e0 griller de Weber, vous pouvez sauver le voyage en Italie. Qu'il s'agisse de faire cuire une pizza, du pain ou de pr\u00e9parer un dessert - avec la pierre \u00e0 pizza, vous pouvez d\u00e9guster \\\"la dolce vita\\\" chaque soir de la semaine.Forme: rondRev\u00eatement sp\u00e9cialement d\u00e9velopp\u00e9 pour des cro\u00fbtes croustillantesMat\u00e9riau: Fa\u00efenceSet: NonVeuillez laver \u00e0 la mainConvient aux grils \u00e0 gaz Spirit II de la s\u00e9rie 200\/300 et plus, aux grils \u00e0 charbon de bois de 57 cm de diam\u00e8tre et plus, aux Performer et Performer Premium\/Deluxe, aux grils \u00e0 charbon de bois Summit et aux centres de grillades\",\"breadcrumb\":{\"@id\":\"https:\/\/www.grills-saveurs.ch\/fr\/produit\/weber-plaque-a-pizza-ronde-46cm-noire\/#breadcrumb\"},\"inLanguage\":\"fr-FR\",\"potentialAction\":[{\"@type\":\"ReadAction\",\"target\":[\"https:\/\/www.grills-saveurs.ch\/fr\/produit\/weber-plaque-a-pizza-ronde-46cm-noire\/\"]}]},{\"@type\":\"BreadcrumbList\",\"@id\":\"https:\/\/www.grills-saveurs.ch\/fr\/produit\/weber-plaque-a-pizza-ronde-46cm-noire\/#breadcrumb\",\"itemListElement\":[{\"@type\":\"ListItem\",\"position\":1,\"name\":\"Accueil\",\"item\":\"https:\/\/www.grills-saveurs.ch\/fr\/\"},{\"@type\":\"ListItem\",\"position\":2,\"name\":\"Shop \/ Boutique\",\"item\":\"https:\/\/www.grills-saveurs.ch\/fr\/boutique\/\"},{\"@type\":\"ListItem\",\"position\":3,\"name\":\"Weber plaque \u00e0 pizza ronde 46cm noire\"}]}]}<\/script>\n<!-- \/ Yoast SEO plugin. -->","yoast_head_json":{"title":"Weber plaque \u00e0 pizza ronde 46cm noire - Grills et Saveurs","description":"Avec la pierre \u00e0 griller de Weber, vous pouvez sauver le voyage en Italie. Qu'il s'agisse de faire cuire une pizza, du pain ou de pr\u00e9parer un dessert - avec la pierre \u00e0 pizza, vous pouvez d\u00e9guster \"la dolce vita\" chaque soir de la semaine.Forme: rondRev\u00eatement sp\u00e9cialement d\u00e9velopp\u00e9 pour des cro\u00fbtes croustillantesMat\u00e9riau: Fa\u00efenceSet: NonVeuillez laver \u00e0 la mainConvient aux grils \u00e0 gaz Spirit II de la s\u00e9rie 200\/300 et plus, aux grils \u00e0 charbon de bois de 57 cm de diam\u00e8tre et plus, aux Performer et Performer Premium\/Deluxe, aux grils \u00e0 charbon de bois Summit et aux centres de grillades","robots":{"index":"index","follow":"follow","max-snippet":"max-snippet:-1","max-image-preview":"max-image-preview:large","max-video-preview":"max-video-preview:-1"},"canonical":"https:\/\/www.grills-saveurs.ch\/fr\/produit\/weber-plaque-a-pizza-ronde-46cm-noire\/","og_locale":"fr_FR","og_type":"article","og_title":"Weber plaque \u00e0 pizza ronde 46cm noire - Grills et Saveurs","og_description":"Avec la pierre \u00e0 griller de Weber, vous pouvez sauver le voyage en Italie. Qu'il s'agisse de faire cuire une pizza, du pain ou de pr\u00e9parer un dessert - avec la pierre \u00e0 pizza, vous pouvez d\u00e9guster \"la dolce vita\" chaque soir de la semaine.Forme: rondRev\u00eatement sp\u00e9cialement d\u00e9velopp\u00e9 pour des cro\u00fbtes croustillantesMat\u00e9riau: Fa\u00efenceSet: NonVeuillez laver \u00e0 la mainConvient aux grils \u00e0 gaz Spirit II de la s\u00e9rie 200\/300 et plus, aux grils \u00e0 charbon de bois de 57 cm de diam\u00e8tre et plus, aux Performer et Performer Premium\/Deluxe, aux grils \u00e0 charbon de bois Summit et aux centres de grillades","og_url":"https:\/\/www.grills-saveurs.ch\/fr\/produit\/weber-plaque-a-pizza-ronde-46cm-noire\/","og_site_name":"Grills et Saveurs","article_modified_time":"2024-11-06T14:55:51+00:00","og_image":[{"width":1200,"height":1200,"url":"https:\/\/www.grills-saveurs.ch\/fr\/wp-content\/uploads\/2024\/04\/TC.P17591.0000.0000.0000_Weber_plaque_a_pizza_ronde__36_cm_00.jpg","type":"image\/jpeg"}],"twitter_card":"summary_large_image","twitter_misc":{"Dur\u00e9e de lecture estim\u00e9e":"1 minute"},"schema":{"@context":"https:\/\/schema.org","@graph":[{"@type":"WebSite","@id":"https:\/\/www.grills-saveurs.ch\/fr\/#website","url":"https:\/\/www.grills-saveurs.ch\/fr\/","name":"Grills et Saveurs","description":"Barbecues, Grills, Planchas, Chemin\u00e9es jardin - Lausanne, Suisse Romande","potentialAction":[{"@type":"SearchAction","target":{"@type":"EntryPoint","urlTemplate":"https:\/\/www.grills-saveurs.ch\/fr\/?s={search_term_string}"},"query-input":"required name=search_term_string"}],"inLanguage":"fr-FR"},{"@type":"ImageObject","@id":"https:\/\/www.grills-saveurs.ch\/fr\/produit\/weber-plaque-a-pizza-ronde-46cm-noire\/#primaryimage","inLanguage":"fr-FR","url":"https:\/\/www.grills-saveurs.ch\/fr\/wp-content\/uploads\/2024\/04\/TC.P17591.0000.0000.0000_Weber_plaque_a_pizza_ronde__36_cm_00.jpg","contentUrl":"https:\/\/www.grills-saveurs.ch\/fr\/wp-content\/uploads\/2024\/04\/TC.P17591.0000.0000.0000_Weber_plaque_a_pizza_ronde__36_cm_00.jpg","width":1200,"height":1200},{"@type":"WebPage","@id":"https:\/\/www.grills-saveurs.ch\/fr\/produit\/weber-plaque-a-pizza-ronde-46cm-noire\/#webpage","url":"https:\/\/www.grills-saveurs.ch\/fr\/produit\/weber-plaque-a-pizza-ronde-46cm-noire\/","name":"Weber plaque \u00e0 pizza ronde 46cm noire - Grills et Saveurs","isPartOf":{"@id":"https:\/\/www.grills-saveurs.ch\/fr\/#website"},"primaryImageOfPage":{"@id":"https:\/\/www.grills-saveurs.ch\/fr\/produit\/weber-plaque-a-pizza-ronde-46cm-noire\/#primaryimage"},"datePublished":"2024-04-08T07:24:24+00:00","dateModified":"2024-11-06T14:55:51+00:00","description":"Avec la pierre \u00e0 griller de Weber, vous pouvez sauver le voyage en Italie. Qu'il s'agisse de faire cuire une pizza, du pain ou de pr\u00e9parer un dessert - avec la pierre \u00e0 pizza, vous pouvez d\u00e9guster \"la dolce vita\" chaque soir de la semaine.Forme: rondRev\u00eatement sp\u00e9cialement d\u00e9velopp\u00e9 pour des cro\u00fbtes croustillantesMat\u00e9riau: Fa\u00efenceSet: NonVeuillez laver \u00e0 la mainConvient aux grils \u00e0 gaz Spirit II de la s\u00e9rie 200\/300 et plus, aux grils \u00e0 charbon de bois de 57 cm de diam\u00e8tre et plus, aux Performer et Performer Premium\/Deluxe, aux grils \u00e0 charbon de bois Summit et aux centres de grillades","breadcrumb":{"@id":"https:\/\/www.grills-saveurs.ch\/fr\/produit\/weber-plaque-a-pizza-ronde-46cm-noire\/#breadcrumb"},"inLanguage":"fr-FR","potentialAction":[{"@type":"ReadAction","target":["https:\/\/www.grills-saveurs.ch\/fr\/produit\/weber-plaque-a-pizza-ronde-46cm-noire\/"]}]},{"@type":"BreadcrumbList","@id":"https:\/\/www.grills-saveurs.ch\/fr\/produit\/weber-plaque-a-pizza-ronde-46cm-noire\/#breadcrumb","itemListElement":[{"@type":"ListItem","position":1,"name":"Accueil","item":"https:\/\/www.grills-saveurs.ch\/fr\/"},{"@type":"ListItem","position":2,"name":"Shop \/ Boutique","item":"https:\/\/www.grills-saveurs.ch\/fr\/boutique\/"},{"@type":"ListItem","position":3,"name":"Weber plaque \u00e0 pizza ronde 46cm noire"}]}]}},"_links":{"self":[{"href":"https:\/\/www.grills-saveurs.ch\/fr\/wp-json\/wp\/v2\/product\/9365"}],"collection":[{"href":"https:\/\/www.grills-saveurs.ch\/fr\/wp-json\/wp\/v2\/product"}],"about":[{"href":"https:\/\/www.grills-saveurs.ch\/fr\/wp-json\/wp\/v2\/types\/product"}],"wp:featuredmedia":[{"embeddable":true,"href":"https:\/\/www.grills-saveurs.ch\/fr\/wp-json\/wp\/v2\/media\/9367"}],"wp:attachment":[{"href":"https:\/\/www.grills-saveurs.ch\/fr\/wp-json\/wp\/v2\/media?parent=9365"}],"wp:term":[{"taxonomy":"product_cat","embeddable":true,"href":"https:\/\/www.grills-saveurs.ch\/fr\/wp-json\/wp\/v2\/product_cat?post=9365"},{"taxonomy":"product_tag","embeddable":true,"href":"https:\/\/www.grills-saveurs.ch\/fr\/wp-json\/wp\/v2\/product_tag?post=9365"}],"curies":[{"name":"wp","href":"https:\/\/api.w.org\/{rel}","templated":true}]}}