{"id":9373,"date":"2024-04-04T11:15:24","date_gmt":"2024-04-04T09:15:24","guid":{"rendered":"https:\/\/www.grills-saveurs.ch\/fr\/?post_type=product&#038;p=9373"},"modified":"2024-04-08T09:24:27","modified_gmt":"2024-04-08T07:24:27","slug":"pierre-de-cuisson-vitrifiee-rectangulaire-44-x-3","status":"publish","type":"product","link":"https:\/\/www.grills-saveurs.ch\/fr\/produit\/pierre-de-cuisson-vitrifiee-rectangulaire-44-x-3\/","title":{"rendered":"Pierre de cuisson vitrifi\u00e9e, rectangulaire, 44 x 3"},"content":{"rendered":"<p>Transformez votre jardin en boulangerie ext\u00e9rieure.\u00a0La pierre de cuisson vitrifi\u00e9e offre une absorption et une r\u00e9partition optimales de la chaleur, ce qui vous permet de cuire des pizzas croustillantes, des biscuits croquants et moelleux, et bien plus encore.\u00a0Sa finition vitrifi\u00e9e emp\u00eache les aliments de coller et facilite le nettoyage.<\/p>\n<p>\u2022 La finition vitrifi\u00e9e offre une surface anti-adh\u00e9sive et se nettoie facilement<br \/>\n\u2022 Pour obtenir un croustillant parfait de la p\u00e2te \u00e0 pizza, des biscuits, des pains traditionnels et bien plus encore<br \/>\n\u2022 La pierre en cordi\u00e9rite absorbe, retient et r\u00e9partit efficacement la chaleur<\/p>\n<p>Dimensions du produit : 1.5cm H x 44cm L x 30cm P<\/p>\n<p>Compatible avec tous les barbecues \u00e0 charbon Weber\u00ae \u00d857 cm et barbecues \u00e0 gaz plus grands<\/p>\n","protected":false},"excerpt":{"rendered":"<p>WB-18414<\/p>\n","protected":false},"featured_media":9375,"template":"","meta":[],"product_cat":[116,160],"product_tag":[],"yoast_head":"<!-- This site is optimized with the Yoast SEO plugin v18.2 - https:\/\/yoast.com\/wordpress\/plugins\/seo\/ -->\n<title>Pierre de cuisson vitrifi\u00e9e, rectangulaire, 44 x 3 - Grills et Saveurs<\/title>\n<meta name=\"description\" content=\"Transformez votre jardin en boulangerie ext\u00e9rieure. La pierre de cuisson vitrifi\u00e9e offre une absorption et une r\u00e9partition optimales de la chaleur, ce qui vous permet de cuire des pizzas croustillantes, des biscuits croquants et moelleux, et bien plus encore. Sa finition vitrifi\u00e9e emp\u00eache les aliments de coller et facilite le nettoyage.\u2022 La finition vitrifi\u00e9e offre une surface anti-adh\u00e9sive et se nettoie facilement\u2022 Pour obtenir un croustillant parfait de la p\u00e2te \u00e0 pizza, des biscuits, des pains traditionnels et bien plus encore\u2022 La pierre en cordi\u00e9rite absorbe, retient et r\u00e9partit efficacement la chaleur\" \/>\n<meta name=\"robots\" content=\"index, follow, max-snippet:-1, max-image-preview:large, max-video-preview:-1\" \/>\n<link rel=\"canonical\" href=\"https:\/\/www.grills-saveurs.ch\/fr\/produit\/pierre-de-cuisson-vitrifiee-rectangulaire-44-x-3\/\" \/>\n<meta property=\"og:locale\" content=\"fr_FR\" \/>\n<meta property=\"og:type\" content=\"article\" \/>\n<meta property=\"og:title\" content=\"Pierre de cuisson vitrifi\u00e9e, rectangulaire, 44 x 3 - Grills et Saveurs\" \/>\n<meta property=\"og:description\" content=\"Transformez votre jardin en boulangerie ext\u00e9rieure. La pierre de cuisson vitrifi\u00e9e offre une absorption et une r\u00e9partition optimales de la chaleur, ce qui vous permet de cuire des pizzas croustillantes, des biscuits croquants et moelleux, et bien plus encore. Sa finition vitrifi\u00e9e emp\u00eache les aliments de coller et facilite le nettoyage.\u2022 La finition vitrifi\u00e9e offre une surface anti-adh\u00e9sive et se nettoie facilement\u2022 Pour obtenir un croustillant parfait de la p\u00e2te \u00e0 pizza, des biscuits, des pains traditionnels et bien plus encore\u2022 La pierre en cordi\u00e9rite absorbe, retient et r\u00e9partit efficacement la chaleur\" \/>\n<meta property=\"og:url\" content=\"https:\/\/www.grills-saveurs.ch\/fr\/produit\/pierre-de-cuisson-vitrifiee-rectangulaire-44-x-3\/\" \/>\n<meta property=\"og:site_name\" content=\"Grills et Saveurs\" \/>\n<meta property=\"article:modified_time\" content=\"2024-04-08T07:24:27+00:00\" \/>\n<meta property=\"og:image\" content=\"https:\/\/www.grills-saveurs.ch\/fr\/wp-content\/uploads\/2024\/04\/18414C_1800x1800.png\" \/>\n\t<meta property=\"og:image:width\" content=\"800\" \/>\n\t<meta property=\"og:image:height\" content=\"800\" \/>\n\t<meta property=\"og:image:type\" content=\"image\/png\" \/>\n<meta name=\"twitter:card\" content=\"summary_large_image\" \/>\n<meta name=\"twitter:label1\" content=\"Dur\u00e9e de lecture estim\u00e9e\" \/>\n\t<meta name=\"twitter:data1\" content=\"1 minute\" \/>\n<script type=\"application\/ld+json\" class=\"yoast-schema-graph\">{\"@context\":\"https:\/\/schema.org\",\"@graph\":[{\"@type\":\"WebSite\",\"@id\":\"https:\/\/www.grills-saveurs.ch\/fr\/#website\",\"url\":\"https:\/\/www.grills-saveurs.ch\/fr\/\",\"name\":\"Grills et Saveurs\",\"description\":\"Barbecues, Grills, Planchas, Chemin\u00e9es jardin - Lausanne, Suisse Romande\",\"potentialAction\":[{\"@type\":\"SearchAction\",\"target\":{\"@type\":\"EntryPoint\",\"urlTemplate\":\"https:\/\/www.grills-saveurs.ch\/fr\/?s={search_term_string}\"},\"query-input\":\"required name=search_term_string\"}],\"inLanguage\":\"fr-FR\"},{\"@type\":\"ImageObject\",\"@id\":\"https:\/\/www.grills-saveurs.ch\/fr\/produit\/pierre-de-cuisson-vitrifiee-rectangulaire-44-x-3\/#primaryimage\",\"inLanguage\":\"fr-FR\",\"url\":\"https:\/\/www.grills-saveurs.ch\/fr\/wp-content\/uploads\/2024\/04\/18414C_1800x1800.png\",\"contentUrl\":\"https:\/\/www.grills-saveurs.ch\/fr\/wp-content\/uploads\/2024\/04\/18414C_1800x1800.png\",\"width\":800,\"height\":800},{\"@type\":\"WebPage\",\"@id\":\"https:\/\/www.grills-saveurs.ch\/fr\/produit\/pierre-de-cuisson-vitrifiee-rectangulaire-44-x-3\/#webpage\",\"url\":\"https:\/\/www.grills-saveurs.ch\/fr\/produit\/pierre-de-cuisson-vitrifiee-rectangulaire-44-x-3\/\",\"name\":\"Pierre de cuisson vitrifi\u00e9e, rectangulaire, 44 x 3 - Grills et Saveurs\",\"isPartOf\":{\"@id\":\"https:\/\/www.grills-saveurs.ch\/fr\/#website\"},\"primaryImageOfPage\":{\"@id\":\"https:\/\/www.grills-saveurs.ch\/fr\/produit\/pierre-de-cuisson-vitrifiee-rectangulaire-44-x-3\/#primaryimage\"},\"datePublished\":\"2024-04-04T09:15:24+00:00\",\"dateModified\":\"2024-04-08T07:24:27+00:00\",\"description\":\"Transformez votre jardin en boulangerie ext\u00e9rieure. La pierre de cuisson vitrifi\u00e9e offre une absorption et une r\u00e9partition optimales de la chaleur, ce qui vous permet de cuire des pizzas croustillantes, des biscuits croquants et moelleux, et bien plus encore. Sa finition vitrifi\u00e9e emp\u00eache les aliments de coller et facilite le nettoyage.\u2022 La finition vitrifi\u00e9e offre une surface anti-adh\u00e9sive et se nettoie facilement\u2022 Pour obtenir un croustillant parfait de la p\u00e2te \u00e0 pizza, des biscuits, des pains traditionnels et bien plus encore\u2022 La pierre en cordi\u00e9rite absorbe, retient et r\u00e9partit efficacement la chaleur\",\"breadcrumb\":{\"@id\":\"https:\/\/www.grills-saveurs.ch\/fr\/produit\/pierre-de-cuisson-vitrifiee-rectangulaire-44-x-3\/#breadcrumb\"},\"inLanguage\":\"fr-FR\",\"potentialAction\":[{\"@type\":\"ReadAction\",\"target\":[\"https:\/\/www.grills-saveurs.ch\/fr\/produit\/pierre-de-cuisson-vitrifiee-rectangulaire-44-x-3\/\"]}]},{\"@type\":\"BreadcrumbList\",\"@id\":\"https:\/\/www.grills-saveurs.ch\/fr\/produit\/pierre-de-cuisson-vitrifiee-rectangulaire-44-x-3\/#breadcrumb\",\"itemListElement\":[{\"@type\":\"ListItem\",\"position\":1,\"name\":\"Accueil\",\"item\":\"https:\/\/www.grills-saveurs.ch\/fr\/\"},{\"@type\":\"ListItem\",\"position\":2,\"name\":\"Shop \/ Boutique\",\"item\":\"https:\/\/www.grills-saveurs.ch\/fr\/boutique\/\"},{\"@type\":\"ListItem\",\"position\":3,\"name\":\"Pierre de cuisson vitrifi\u00e9e, rectangulaire, 44 x 3\"}]}]}<\/script>\n<!-- \/ Yoast SEO plugin. -->","yoast_head_json":{"title":"Pierre de cuisson vitrifi\u00e9e, rectangulaire, 44 x 3 - Grills et Saveurs","description":"Transformez votre jardin en boulangerie ext\u00e9rieure. La pierre de cuisson vitrifi\u00e9e offre une absorption et une r\u00e9partition optimales de la chaleur, ce qui vous permet de cuire des pizzas croustillantes, des biscuits croquants et moelleux, et bien plus encore. Sa finition vitrifi\u00e9e emp\u00eache les aliments de coller et facilite le nettoyage.\u2022 La finition vitrifi\u00e9e offre une surface anti-adh\u00e9sive et se nettoie facilement\u2022 Pour obtenir un croustillant parfait de la p\u00e2te \u00e0 pizza, des biscuits, des pains traditionnels et bien plus encore\u2022 La pierre en cordi\u00e9rite absorbe, retient et r\u00e9partit efficacement la chaleur","robots":{"index":"index","follow":"follow","max-snippet":"max-snippet:-1","max-image-preview":"max-image-preview:large","max-video-preview":"max-video-preview:-1"},"canonical":"https:\/\/www.grills-saveurs.ch\/fr\/produit\/pierre-de-cuisson-vitrifiee-rectangulaire-44-x-3\/","og_locale":"fr_FR","og_type":"article","og_title":"Pierre de cuisson vitrifi\u00e9e, rectangulaire, 44 x 3 - Grills et Saveurs","og_description":"Transformez votre jardin en boulangerie ext\u00e9rieure. La pierre de cuisson vitrifi\u00e9e offre une absorption et une r\u00e9partition optimales de la chaleur, ce qui vous permet de cuire des pizzas croustillantes, des biscuits croquants et moelleux, et bien plus encore. Sa finition vitrifi\u00e9e emp\u00eache les aliments de coller et facilite le nettoyage.\u2022 La finition vitrifi\u00e9e offre une surface anti-adh\u00e9sive et se nettoie facilement\u2022 Pour obtenir un croustillant parfait de la p\u00e2te \u00e0 pizza, des biscuits, des pains traditionnels et bien plus encore\u2022 La pierre en cordi\u00e9rite absorbe, retient et r\u00e9partit efficacement la chaleur","og_url":"https:\/\/www.grills-saveurs.ch\/fr\/produit\/pierre-de-cuisson-vitrifiee-rectangulaire-44-x-3\/","og_site_name":"Grills et Saveurs","article_modified_time":"2024-04-08T07:24:27+00:00","og_image":[{"width":800,"height":800,"url":"https:\/\/www.grills-saveurs.ch\/fr\/wp-content\/uploads\/2024\/04\/18414C_1800x1800.png","type":"image\/png"}],"twitter_card":"summary_large_image","twitter_misc":{"Dur\u00e9e de lecture estim\u00e9e":"1 minute"},"schema":{"@context":"https:\/\/schema.org","@graph":[{"@type":"WebSite","@id":"https:\/\/www.grills-saveurs.ch\/fr\/#website","url":"https:\/\/www.grills-saveurs.ch\/fr\/","name":"Grills et Saveurs","description":"Barbecues, Grills, Planchas, Chemin\u00e9es jardin - Lausanne, Suisse Romande","potentialAction":[{"@type":"SearchAction","target":{"@type":"EntryPoint","urlTemplate":"https:\/\/www.grills-saveurs.ch\/fr\/?s={search_term_string}"},"query-input":"required name=search_term_string"}],"inLanguage":"fr-FR"},{"@type":"ImageObject","@id":"https:\/\/www.grills-saveurs.ch\/fr\/produit\/pierre-de-cuisson-vitrifiee-rectangulaire-44-x-3\/#primaryimage","inLanguage":"fr-FR","url":"https:\/\/www.grills-saveurs.ch\/fr\/wp-content\/uploads\/2024\/04\/18414C_1800x1800.png","contentUrl":"https:\/\/www.grills-saveurs.ch\/fr\/wp-content\/uploads\/2024\/04\/18414C_1800x1800.png","width":800,"height":800},{"@type":"WebPage","@id":"https:\/\/www.grills-saveurs.ch\/fr\/produit\/pierre-de-cuisson-vitrifiee-rectangulaire-44-x-3\/#webpage","url":"https:\/\/www.grills-saveurs.ch\/fr\/produit\/pierre-de-cuisson-vitrifiee-rectangulaire-44-x-3\/","name":"Pierre de cuisson vitrifi\u00e9e, rectangulaire, 44 x 3 - Grills et Saveurs","isPartOf":{"@id":"https:\/\/www.grills-saveurs.ch\/fr\/#website"},"primaryImageOfPage":{"@id":"https:\/\/www.grills-saveurs.ch\/fr\/produit\/pierre-de-cuisson-vitrifiee-rectangulaire-44-x-3\/#primaryimage"},"datePublished":"2024-04-04T09:15:24+00:00","dateModified":"2024-04-08T07:24:27+00:00","description":"Transformez votre jardin en boulangerie ext\u00e9rieure. La pierre de cuisson vitrifi\u00e9e offre une absorption et une r\u00e9partition optimales de la chaleur, ce qui vous permet de cuire des pizzas croustillantes, des biscuits croquants et moelleux, et bien plus encore. Sa finition vitrifi\u00e9e emp\u00eache les aliments de coller et facilite le nettoyage.\u2022 La finition vitrifi\u00e9e offre une surface anti-adh\u00e9sive et se nettoie facilement\u2022 Pour obtenir un croustillant parfait de la p\u00e2te \u00e0 pizza, des biscuits, des pains traditionnels et bien plus encore\u2022 La pierre en cordi\u00e9rite absorbe, retient et r\u00e9partit efficacement la chaleur","breadcrumb":{"@id":"https:\/\/www.grills-saveurs.ch\/fr\/produit\/pierre-de-cuisson-vitrifiee-rectangulaire-44-x-3\/#breadcrumb"},"inLanguage":"fr-FR","potentialAction":[{"@type":"ReadAction","target":["https:\/\/www.grills-saveurs.ch\/fr\/produit\/pierre-de-cuisson-vitrifiee-rectangulaire-44-x-3\/"]}]},{"@type":"BreadcrumbList","@id":"https:\/\/www.grills-saveurs.ch\/fr\/produit\/pierre-de-cuisson-vitrifiee-rectangulaire-44-x-3\/#breadcrumb","itemListElement":[{"@type":"ListItem","position":1,"name":"Accueil","item":"https:\/\/www.grills-saveurs.ch\/fr\/"},{"@type":"ListItem","position":2,"name":"Shop \/ Boutique","item":"https:\/\/www.grills-saveurs.ch\/fr\/boutique\/"},{"@type":"ListItem","position":3,"name":"Pierre de cuisson vitrifi\u00e9e, rectangulaire, 44 x 3"}]}]}},"_links":{"self":[{"href":"https:\/\/www.grills-saveurs.ch\/fr\/wp-json\/wp\/v2\/product\/9373"}],"collection":[{"href":"https:\/\/www.grills-saveurs.ch\/fr\/wp-json\/wp\/v2\/product"}],"about":[{"href":"https:\/\/www.grills-saveurs.ch\/fr\/wp-json\/wp\/v2\/types\/product"}],"wp:featuredmedia":[{"embeddable":true,"href":"https:\/\/www.grills-saveurs.ch\/fr\/wp-json\/wp\/v2\/media\/9375"}],"wp:attachment":[{"href":"https:\/\/www.grills-saveurs.ch\/fr\/wp-json\/wp\/v2\/media?parent=9373"}],"wp:term":[{"taxonomy":"product_cat","embeddable":true,"href":"https:\/\/www.grills-saveurs.ch\/fr\/wp-json\/wp\/v2\/product_cat?post=9373"},{"taxonomy":"product_tag","embeddable":true,"href":"https:\/\/www.grills-saveurs.ch\/fr\/wp-json\/wp\/v2\/product_tag?post=9373"}],"curies":[{"name":"wp","href":"https:\/\/api.w.org\/{rel}","templated":true}]}}