{"id":9387,"date":"2024-04-04T11:39:36","date_gmt":"2024-04-04T09:39:36","guid":{"rendered":"https:\/\/www.grills-saveurs.ch\/fr\/?post_type=product&#038;p=9387"},"modified":"2024-04-08T09:24:27","modified_gmt":"2024-04-08T07:24:27","slug":"pierre-de-cuisson-vitrifiee-ronde","status":"publish","type":"product","link":"https:\/\/www.grills-saveurs.ch\/fr\/produit\/pierre-de-cuisson-vitrifiee-ronde\/","title":{"rendered":"pierre de cuisson vitrifi\u00e9e, ronde"},"content":{"rendered":"<p>Emportez vos garnitures pr\u00e9f\u00e9r\u00e9es, votre barbecue portable et la pierre de cuisson vitrifi\u00e9e ronde.\u00a0Allez au parc et surprenez vos amis en pr\u00e9parant une pizza. La pierre de cuisson en cordi\u00e9rite vitrifi\u00e9e devient extr\u00eamement chaude pour obtenir une cro\u00fbte bien croustillante.<\/p>\n<p>\u2022 La finition vitrifi\u00e9e emp\u00eache les aliments de coller<br \/>\n\u2022 Nettoyage facile de la surface<br \/>\n\u2022 Produit con\u00e7u pour obtenir un croustillant parfait, qu&rsquo;il s&rsquo;agisse de p\u00e2te \u00e0 pizza ou de biscuits et bien plus encore<br \/>\n\u2022 Absorbe, retient et r\u00e9partit efficacement la chaleur<\/p>\n","protected":false},"excerpt":{"rendered":"<p>WB-18412<\/p>\n","protected":false},"featured_media":9389,"template":"","meta":[],"product_cat":[116,160,164],"product_tag":[],"yoast_head":"<!-- This site is optimized with the Yoast SEO plugin v18.2 - https:\/\/yoast.com\/wordpress\/plugins\/seo\/ -->\n<title>pierre de cuisson vitrifi\u00e9e, ronde - Grills et Saveurs<\/title>\n<meta name=\"description\" content=\"Emportez vos garnitures pr\u00e9f\u00e9r\u00e9es, votre barbecue portable et la pierre de cuisson vitrifi\u00e9e ronde. Allez au parc et surprenez vos amis en pr\u00e9parant une pizza. La pierre de cuisson en cordi\u00e9rite vitrifi\u00e9e devient extr\u00eamement chaude pour obtenir une cro\u00fbte bien croustillante.\u2022 La finition vitrifi\u00e9e emp\u00eache les aliments de coller\u2022 Nettoyage facile de la surface\u2022 Produit con\u00e7u pour obtenir un croustillant parfait, qu&#039;il s&#039;agisse de p\u00e2te \u00e0 pizza ou de biscuits et bien plus encore\u2022 Absorbe, retient et r\u00e9partit efficacement la chaleur\" \/>\n<meta name=\"robots\" content=\"index, follow, max-snippet:-1, max-image-preview:large, max-video-preview:-1\" \/>\n<link rel=\"canonical\" href=\"https:\/\/www.grills-saveurs.ch\/fr\/produit\/pierre-de-cuisson-vitrifiee-ronde\/\" \/>\n<meta property=\"og:locale\" content=\"fr_FR\" \/>\n<meta property=\"og:type\" content=\"article\" \/>\n<meta property=\"og:title\" content=\"pierre de cuisson vitrifi\u00e9e, ronde - Grills et Saveurs\" \/>\n<meta property=\"og:description\" content=\"Emportez vos garnitures pr\u00e9f\u00e9r\u00e9es, votre barbecue portable et la pierre de cuisson vitrifi\u00e9e ronde. Allez au parc et surprenez vos amis en pr\u00e9parant une pizza. La pierre de cuisson en cordi\u00e9rite vitrifi\u00e9e devient extr\u00eamement chaude pour obtenir une cro\u00fbte bien croustillante.\u2022 La finition vitrifi\u00e9e emp\u00eache les aliments de coller\u2022 Nettoyage facile de la surface\u2022 Produit con\u00e7u pour obtenir un croustillant parfait, qu&#039;il s&#039;agisse de p\u00e2te \u00e0 pizza ou de biscuits et bien plus encore\u2022 Absorbe, retient et r\u00e9partit efficacement la chaleur\" \/>\n<meta property=\"og:url\" content=\"https:\/\/www.grills-saveurs.ch\/fr\/produit\/pierre-de-cuisson-vitrifiee-ronde\/\" \/>\n<meta property=\"og:site_name\" content=\"Grills et Saveurs\" \/>\n<meta property=\"article:modified_time\" content=\"2024-04-08T07:24:27+00:00\" \/>\n<meta property=\"og:image\" content=\"https:\/\/www.grills-saveurs.ch\/fr\/wp-content\/uploads\/2024\/04\/18413C_1800x1800.png\" \/>\n\t<meta property=\"og:image:width\" content=\"800\" \/>\n\t<meta property=\"og:image:height\" content=\"800\" \/>\n\t<meta property=\"og:image:type\" content=\"image\/png\" \/>\n<meta name=\"twitter:card\" content=\"summary_large_image\" \/>\n<script type=\"application\/ld+json\" class=\"yoast-schema-graph\">{\"@context\":\"https:\/\/schema.org\",\"@graph\":[{\"@type\":\"WebSite\",\"@id\":\"https:\/\/www.grills-saveurs.ch\/fr\/#website\",\"url\":\"https:\/\/www.grills-saveurs.ch\/fr\/\",\"name\":\"Grills et Saveurs\",\"description\":\"Barbecues, Grills, Planchas, Chemin\u00e9es jardin - Lausanne, Suisse Romande\",\"potentialAction\":[{\"@type\":\"SearchAction\",\"target\":{\"@type\":\"EntryPoint\",\"urlTemplate\":\"https:\/\/www.grills-saveurs.ch\/fr\/?s={search_term_string}\"},\"query-input\":\"required name=search_term_string\"}],\"inLanguage\":\"fr-FR\"},{\"@type\":\"ImageObject\",\"@id\":\"https:\/\/www.grills-saveurs.ch\/fr\/produit\/pierre-de-cuisson-vitrifiee-ronde\/#primaryimage\",\"inLanguage\":\"fr-FR\",\"url\":\"https:\/\/www.grills-saveurs.ch\/fr\/wp-content\/uploads\/2024\/04\/18413C_1800x1800.png\",\"contentUrl\":\"https:\/\/www.grills-saveurs.ch\/fr\/wp-content\/uploads\/2024\/04\/18413C_1800x1800.png\",\"width\":800,\"height\":800},{\"@type\":\"WebPage\",\"@id\":\"https:\/\/www.grills-saveurs.ch\/fr\/produit\/pierre-de-cuisson-vitrifiee-ronde\/#webpage\",\"url\":\"https:\/\/www.grills-saveurs.ch\/fr\/produit\/pierre-de-cuisson-vitrifiee-ronde\/\",\"name\":\"pierre de cuisson vitrifi\u00e9e, ronde - Grills et Saveurs\",\"isPartOf\":{\"@id\":\"https:\/\/www.grills-saveurs.ch\/fr\/#website\"},\"primaryImageOfPage\":{\"@id\":\"https:\/\/www.grills-saveurs.ch\/fr\/produit\/pierre-de-cuisson-vitrifiee-ronde\/#primaryimage\"},\"datePublished\":\"2024-04-04T09:39:36+00:00\",\"dateModified\":\"2024-04-08T07:24:27+00:00\",\"description\":\"Emportez vos garnitures pr\u00e9f\u00e9r\u00e9es, votre barbecue portable et la pierre de cuisson vitrifi\u00e9e ronde. Allez au parc et surprenez vos amis en pr\u00e9parant une pizza. La pierre de cuisson en cordi\u00e9rite vitrifi\u00e9e devient extr\u00eamement chaude pour obtenir une cro\u00fbte bien croustillante.\u2022 La finition vitrifi\u00e9e emp\u00eache les aliments de coller\u2022 Nettoyage facile de la surface\u2022 Produit con\u00e7u pour obtenir un croustillant parfait, qu'il s'agisse de p\u00e2te \u00e0 pizza ou de biscuits et bien plus encore\u2022 Absorbe, retient et r\u00e9partit efficacement la chaleur\",\"breadcrumb\":{\"@id\":\"https:\/\/www.grills-saveurs.ch\/fr\/produit\/pierre-de-cuisson-vitrifiee-ronde\/#breadcrumb\"},\"inLanguage\":\"fr-FR\",\"potentialAction\":[{\"@type\":\"ReadAction\",\"target\":[\"https:\/\/www.grills-saveurs.ch\/fr\/produit\/pierre-de-cuisson-vitrifiee-ronde\/\"]}]},{\"@type\":\"BreadcrumbList\",\"@id\":\"https:\/\/www.grills-saveurs.ch\/fr\/produit\/pierre-de-cuisson-vitrifiee-ronde\/#breadcrumb\",\"itemListElement\":[{\"@type\":\"ListItem\",\"position\":1,\"name\":\"Accueil\",\"item\":\"https:\/\/www.grills-saveurs.ch\/fr\/\"},{\"@type\":\"ListItem\",\"position\":2,\"name\":\"Shop \/ Boutique\",\"item\":\"https:\/\/www.grills-saveurs.ch\/fr\/boutique\/\"},{\"@type\":\"ListItem\",\"position\":3,\"name\":\"pierre de cuisson vitrifi\u00e9e, ronde\"}]}]}<\/script>\n<!-- \/ Yoast SEO plugin. -->","yoast_head_json":{"title":"pierre de cuisson vitrifi\u00e9e, ronde - Grills et Saveurs","description":"Emportez vos garnitures pr\u00e9f\u00e9r\u00e9es, votre barbecue portable et la pierre de cuisson vitrifi\u00e9e ronde. Allez au parc et surprenez vos amis en pr\u00e9parant une pizza. La pierre de cuisson en cordi\u00e9rite vitrifi\u00e9e devient extr\u00eamement chaude pour obtenir une cro\u00fbte bien croustillante.\u2022 La finition vitrifi\u00e9e emp\u00eache les aliments de coller\u2022 Nettoyage facile de la surface\u2022 Produit con\u00e7u pour obtenir un croustillant parfait, qu'il s'agisse de p\u00e2te \u00e0 pizza ou de biscuits et bien plus encore\u2022 Absorbe, retient et r\u00e9partit efficacement la chaleur","robots":{"index":"index","follow":"follow","max-snippet":"max-snippet:-1","max-image-preview":"max-image-preview:large","max-video-preview":"max-video-preview:-1"},"canonical":"https:\/\/www.grills-saveurs.ch\/fr\/produit\/pierre-de-cuisson-vitrifiee-ronde\/","og_locale":"fr_FR","og_type":"article","og_title":"pierre de cuisson vitrifi\u00e9e, ronde - Grills et Saveurs","og_description":"Emportez vos garnitures pr\u00e9f\u00e9r\u00e9es, votre barbecue portable et la pierre de cuisson vitrifi\u00e9e ronde. Allez au parc et surprenez vos amis en pr\u00e9parant une pizza. La pierre de cuisson en cordi\u00e9rite vitrifi\u00e9e devient extr\u00eamement chaude pour obtenir une cro\u00fbte bien croustillante.\u2022 La finition vitrifi\u00e9e emp\u00eache les aliments de coller\u2022 Nettoyage facile de la surface\u2022 Produit con\u00e7u pour obtenir un croustillant parfait, qu'il s'agisse de p\u00e2te \u00e0 pizza ou de biscuits et bien plus encore\u2022 Absorbe, retient et r\u00e9partit efficacement la chaleur","og_url":"https:\/\/www.grills-saveurs.ch\/fr\/produit\/pierre-de-cuisson-vitrifiee-ronde\/","og_site_name":"Grills et Saveurs","article_modified_time":"2024-04-08T07:24:27+00:00","og_image":[{"width":800,"height":800,"url":"https:\/\/www.grills-saveurs.ch\/fr\/wp-content\/uploads\/2024\/04\/18413C_1800x1800.png","type":"image\/png"}],"twitter_card":"summary_large_image","schema":{"@context":"https:\/\/schema.org","@graph":[{"@type":"WebSite","@id":"https:\/\/www.grills-saveurs.ch\/fr\/#website","url":"https:\/\/www.grills-saveurs.ch\/fr\/","name":"Grills et Saveurs","description":"Barbecues, Grills, Planchas, Chemin\u00e9es jardin - Lausanne, Suisse Romande","potentialAction":[{"@type":"SearchAction","target":{"@type":"EntryPoint","urlTemplate":"https:\/\/www.grills-saveurs.ch\/fr\/?s={search_term_string}"},"query-input":"required name=search_term_string"}],"inLanguage":"fr-FR"},{"@type":"ImageObject","@id":"https:\/\/www.grills-saveurs.ch\/fr\/produit\/pierre-de-cuisson-vitrifiee-ronde\/#primaryimage","inLanguage":"fr-FR","url":"https:\/\/www.grills-saveurs.ch\/fr\/wp-content\/uploads\/2024\/04\/18413C_1800x1800.png","contentUrl":"https:\/\/www.grills-saveurs.ch\/fr\/wp-content\/uploads\/2024\/04\/18413C_1800x1800.png","width":800,"height":800},{"@type":"WebPage","@id":"https:\/\/www.grills-saveurs.ch\/fr\/produit\/pierre-de-cuisson-vitrifiee-ronde\/#webpage","url":"https:\/\/www.grills-saveurs.ch\/fr\/produit\/pierre-de-cuisson-vitrifiee-ronde\/","name":"pierre de cuisson vitrifi\u00e9e, ronde - Grills et Saveurs","isPartOf":{"@id":"https:\/\/www.grills-saveurs.ch\/fr\/#website"},"primaryImageOfPage":{"@id":"https:\/\/www.grills-saveurs.ch\/fr\/produit\/pierre-de-cuisson-vitrifiee-ronde\/#primaryimage"},"datePublished":"2024-04-04T09:39:36+00:00","dateModified":"2024-04-08T07:24:27+00:00","description":"Emportez vos garnitures pr\u00e9f\u00e9r\u00e9es, votre barbecue portable et la pierre de cuisson vitrifi\u00e9e ronde. Allez au parc et surprenez vos amis en pr\u00e9parant une pizza. La pierre de cuisson en cordi\u00e9rite vitrifi\u00e9e devient extr\u00eamement chaude pour obtenir une cro\u00fbte bien croustillante.\u2022 La finition vitrifi\u00e9e emp\u00eache les aliments de coller\u2022 Nettoyage facile de la surface\u2022 Produit con\u00e7u pour obtenir un croustillant parfait, qu'il s'agisse de p\u00e2te \u00e0 pizza ou de biscuits et bien plus encore\u2022 Absorbe, retient et r\u00e9partit efficacement la chaleur","breadcrumb":{"@id":"https:\/\/www.grills-saveurs.ch\/fr\/produit\/pierre-de-cuisson-vitrifiee-ronde\/#breadcrumb"},"inLanguage":"fr-FR","potentialAction":[{"@type":"ReadAction","target":["https:\/\/www.grills-saveurs.ch\/fr\/produit\/pierre-de-cuisson-vitrifiee-ronde\/"]}]},{"@type":"BreadcrumbList","@id":"https:\/\/www.grills-saveurs.ch\/fr\/produit\/pierre-de-cuisson-vitrifiee-ronde\/#breadcrumb","itemListElement":[{"@type":"ListItem","position":1,"name":"Accueil","item":"https:\/\/www.grills-saveurs.ch\/fr\/"},{"@type":"ListItem","position":2,"name":"Shop \/ Boutique","item":"https:\/\/www.grills-saveurs.ch\/fr\/boutique\/"},{"@type":"ListItem","position":3,"name":"pierre de cuisson vitrifi\u00e9e, ronde"}]}]}},"_links":{"self":[{"href":"https:\/\/www.grills-saveurs.ch\/fr\/wp-json\/wp\/v2\/product\/9387"}],"collection":[{"href":"https:\/\/www.grills-saveurs.ch\/fr\/wp-json\/wp\/v2\/product"}],"about":[{"href":"https:\/\/www.grills-saveurs.ch\/fr\/wp-json\/wp\/v2\/types\/product"}],"wp:featuredmedia":[{"embeddable":true,"href":"https:\/\/www.grills-saveurs.ch\/fr\/wp-json\/wp\/v2\/media\/9389"}],"wp:attachment":[{"href":"https:\/\/www.grills-saveurs.ch\/fr\/wp-json\/wp\/v2\/media?parent=9387"}],"wp:term":[{"taxonomy":"product_cat","embeddable":true,"href":"https:\/\/www.grills-saveurs.ch\/fr\/wp-json\/wp\/v2\/product_cat?post=9387"},{"taxonomy":"product_tag","embeddable":true,"href":"https:\/\/www.grills-saveurs.ch\/fr\/wp-json\/wp\/v2\/product_tag?post=9387"}],"curies":[{"name":"wp","href":"https:\/\/api.w.org\/{rel}","templated":true}]}}