{"id":9398,"date":"2024-04-08T09:24:24","date_gmt":"2024-04-08T07:24:24","guid":{"rendered":"https:\/\/www.grills-saveurs.ch\/fr\/?post_type=product&#038;p=9398"},"modified":"2024-04-08T09:24:24","modified_gmt":"2024-04-08T07:24:24","slug":"weber-crafted-plancha-gbs-2","status":"publish","type":"product","link":"https:\/\/www.grills-saveurs.ch\/fr\/produit\/weber-crafted-plancha-gbs-2\/","title":{"rendered":"Weber CRAFTED Plancha  \u2013 GBS"},"content":{"rendered":"<p>Faites sortir votre cuisine \u00e0 l&rsquo;ext\u00e9rieur et cuisez des aliments que vous n\u2019auriez jamais pens\u00e9 possibles sur votre barbecue avec le WEBER CRAFTED Gourmet BBQ System. Remplacez simplement votre grille de cuisson droite par la plancha WEBER CRAFTED et pr\u00e9parez tout, depuis les cr\u00eapes et \u0153ufs jusqu&rsquo;aux fajitas sur votre barbecue. Barbecue, support et grilles de cuisson compatibles WEBER CRAFTED requis.<\/p>\n<p>\u2022 Convient aux mod\u00e8les Genesis \u00e0 partir de 2022 et SmokeFire EPX4\/EPX6. Convient \u00e9galement aux mod\u00e8les Genesis 2016-2021 avec ajout du kit adaptateur\u00a0<a href=\"https:\/\/www.weber.com\/CH\/fr\/accessoires\/accessoires-par-cat%C3%A9gorie\/weber-crafted-gourmet-bbq-system\/7687.html\" target=\"_blank\" rel=\"noopener\">(#7687)<\/a>\u00a0et Spirit 2016-2021 avec ajout du kit adaptateur\u00a0<a href=\"https:\/\/www.weber.com\/CH\/fr\/accessoires\/accessoires-par-cat%C3%A9gorie\/weber-crafted-gourmet-bbq-system\/7688.html\" target=\"_blank\" rel=\"noopener\">(#7688)<\/a>.<br \/>\n\u2022 Faire des cr\u00eapes et des \u0153ufs pour les fajitas sur la plancha<br \/>\n\u2022 Support et grilles WEBER CRAFTED requis<br \/>\n\u2022 Superior heat retention with porcelain-enameled cast-iron<br \/>\n\u2022 Rebords pour contenir l\u2019huile et les assaisonnements<br \/>\n\u2022 Confirmez que votre barbecue est compatible avec les ustensiles WEBER CRAFTED<\/p>\n","protected":false},"excerpt":{"rendered":"<p>WB-7682<\/p>\n","protected":false},"featured_media":9400,"template":"","meta":[],"product_cat":[160,162],"product_tag":[],"yoast_head":"<!-- This site is optimized with the Yoast SEO plugin v18.2 - https:\/\/yoast.com\/wordpress\/plugins\/seo\/ -->\n<title>Weber CRAFTED Plancha \u2013 GBS - Grills et Saveurs<\/title>\n<meta name=\"description\" content=\"Faites sortir votre cuisine \u00e0 l&#039;ext\u00e9rieur et cuisez des aliments que vous n\u2019auriez jamais pens\u00e9 possibles sur votre barbecue avec le WEBER CRAFTED Gourmet BBQ System. Remplacez simplement votre grille de cuisson droite par la plancha WEBER CRAFTED et pr\u00e9parez tout, depuis les cr\u00eapes et \u0153ufs jusqu&#039;aux fajitas sur votre barbecue. Barbecue, support et grilles de cuisson compatibles WEBER CRAFTED requis.\u2022 Convient aux mod\u00e8les Genesis \u00e0 partir de 2022 et SmokeFire EPX4\/EPX6. Convient \u00e9galement aux mod\u00e8les Genesis 2016-2021 avec ajout du kit adaptateur\u00a0(#7687)\u00a0et Spirit 2016-2021 avec ajout du kit adaptateur\u00a0(#7688).\u2022 Faire des cr\u00eapes et des \u0153ufs pour les fajitas sur la plancha\u2022 Support et grilles WEBER CRAFTED requis\u2022 Superior heat retention with porcelain-enameled cast-iron\u2022 Rebords pour contenir l\u2019huile et les assaisonnements\u2022 Confirmez que votre barbecue est compatible avec les ustensiles WEBER CRAFTED\" \/>\n<meta name=\"robots\" content=\"index, follow, max-snippet:-1, max-image-preview:large, max-video-preview:-1\" \/>\n<link rel=\"canonical\" href=\"https:\/\/www.grills-saveurs.ch\/fr\/produit\/weber-crafted-plancha-gbs-2\/\" \/>\n<meta property=\"og:locale\" content=\"fr_FR\" \/>\n<meta property=\"og:type\" content=\"article\" \/>\n<meta property=\"og:title\" content=\"Weber CRAFTED Plancha \u2013 GBS - Grills et Saveurs\" \/>\n<meta property=\"og:description\" content=\"Faites sortir votre cuisine \u00e0 l&#039;ext\u00e9rieur et cuisez des aliments que vous n\u2019auriez jamais pens\u00e9 possibles sur votre barbecue avec le WEBER CRAFTED Gourmet BBQ System. Remplacez simplement votre grille de cuisson droite par la plancha WEBER CRAFTED et pr\u00e9parez tout, depuis les cr\u00eapes et \u0153ufs jusqu&#039;aux fajitas sur votre barbecue. Barbecue, support et grilles de cuisson compatibles WEBER CRAFTED requis.\u2022 Convient aux mod\u00e8les Genesis \u00e0 partir de 2022 et SmokeFire EPX4\/EPX6. Convient \u00e9galement aux mod\u00e8les Genesis 2016-2021 avec ajout du kit adaptateur\u00a0(#7687)\u00a0et Spirit 2016-2021 avec ajout du kit adaptateur\u00a0(#7688).\u2022 Faire des cr\u00eapes et des \u0153ufs pour les fajitas sur la plancha\u2022 Support et grilles WEBER CRAFTED requis\u2022 Superior heat retention with porcelain-enameled cast-iron\u2022 Rebords pour contenir l\u2019huile et les assaisonnements\u2022 Confirmez que votre barbecue est compatible avec les ustensiles WEBER CRAFTED\" \/>\n<meta property=\"og:url\" content=\"https:\/\/www.grills-saveurs.ch\/fr\/produit\/weber-crafted-plancha-gbs-2\/\" \/>\n<meta property=\"og:site_name\" content=\"Grills et Saveurs\" \/>\n<meta property=\"og:image\" content=\"https:\/\/www.grills-saveurs.ch\/fr\/wp-content\/uploads\/2024\/04\/7682A_1800x1800.png\" \/>\n\t<meta property=\"og:image:width\" content=\"800\" \/>\n\t<meta property=\"og:image:height\" content=\"800\" \/>\n\t<meta property=\"og:image:type\" content=\"image\/png\" \/>\n<meta name=\"twitter:card\" content=\"summary_large_image\" \/>\n<meta name=\"twitter:label1\" content=\"Dur\u00e9e de lecture estim\u00e9e\" \/>\n\t<meta name=\"twitter:data1\" content=\"1 minute\" \/>\n<script type=\"application\/ld+json\" class=\"yoast-schema-graph\">{\"@context\":\"https:\/\/schema.org\",\"@graph\":[{\"@type\":\"WebSite\",\"@id\":\"https:\/\/www.grills-saveurs.ch\/fr\/#website\",\"url\":\"https:\/\/www.grills-saveurs.ch\/fr\/\",\"name\":\"Grills et Saveurs\",\"description\":\"Barbecues, Grills, Planchas, Chemin\u00e9es jardin - Lausanne, Suisse Romande\",\"potentialAction\":[{\"@type\":\"SearchAction\",\"target\":{\"@type\":\"EntryPoint\",\"urlTemplate\":\"https:\/\/www.grills-saveurs.ch\/fr\/?s={search_term_string}\"},\"query-input\":\"required name=search_term_string\"}],\"inLanguage\":\"fr-FR\"},{\"@type\":\"ImageObject\",\"@id\":\"https:\/\/www.grills-saveurs.ch\/fr\/produit\/weber-crafted-plancha-gbs-2\/#primaryimage\",\"inLanguage\":\"fr-FR\",\"url\":\"https:\/\/www.grills-saveurs.ch\/fr\/wp-content\/uploads\/2024\/04\/7682A_1800x1800.png\",\"contentUrl\":\"https:\/\/www.grills-saveurs.ch\/fr\/wp-content\/uploads\/2024\/04\/7682A_1800x1800.png\",\"width\":800,\"height\":800},{\"@type\":\"WebPage\",\"@id\":\"https:\/\/www.grills-saveurs.ch\/fr\/produit\/weber-crafted-plancha-gbs-2\/#webpage\",\"url\":\"https:\/\/www.grills-saveurs.ch\/fr\/produit\/weber-crafted-plancha-gbs-2\/\",\"name\":\"Weber CRAFTED Plancha \u2013 GBS - Grills et Saveurs\",\"isPartOf\":{\"@id\":\"https:\/\/www.grills-saveurs.ch\/fr\/#website\"},\"primaryImageOfPage\":{\"@id\":\"https:\/\/www.grills-saveurs.ch\/fr\/produit\/weber-crafted-plancha-gbs-2\/#primaryimage\"},\"datePublished\":\"2024-04-08T07:24:24+00:00\",\"dateModified\":\"2024-04-08T07:24:24+00:00\",\"description\":\"Faites sortir votre cuisine \u00e0 l'ext\u00e9rieur et cuisez des aliments que vous n\u2019auriez jamais pens\u00e9 possibles sur votre barbecue avec le WEBER CRAFTED Gourmet BBQ System. Remplacez simplement votre grille de cuisson droite par la plancha WEBER CRAFTED et pr\u00e9parez tout, depuis les cr\u00eapes et \u0153ufs jusqu'aux fajitas sur votre barbecue. Barbecue, support et grilles de cuisson compatibles WEBER CRAFTED requis.\u2022 Convient aux mod\u00e8les Genesis \u00e0 partir de 2022 et SmokeFire EPX4\/EPX6. Convient \u00e9galement aux mod\u00e8les Genesis 2016-2021 avec ajout du kit adaptateur\u00a0(#7687)\u00a0et Spirit 2016-2021 avec ajout du kit adaptateur\u00a0(#7688).\u2022 Faire des cr\u00eapes et des \u0153ufs pour les fajitas sur la plancha\u2022 Support et grilles WEBER CRAFTED requis\u2022 Superior heat retention with porcelain-enameled cast-iron\u2022 Rebords pour contenir l\u2019huile et les assaisonnements\u2022 Confirmez que votre barbecue est compatible avec les ustensiles WEBER CRAFTED\",\"breadcrumb\":{\"@id\":\"https:\/\/www.grills-saveurs.ch\/fr\/produit\/weber-crafted-plancha-gbs-2\/#breadcrumb\"},\"inLanguage\":\"fr-FR\",\"potentialAction\":[{\"@type\":\"ReadAction\",\"target\":[\"https:\/\/www.grills-saveurs.ch\/fr\/produit\/weber-crafted-plancha-gbs-2\/\"]}]},{\"@type\":\"BreadcrumbList\",\"@id\":\"https:\/\/www.grills-saveurs.ch\/fr\/produit\/weber-crafted-plancha-gbs-2\/#breadcrumb\",\"itemListElement\":[{\"@type\":\"ListItem\",\"position\":1,\"name\":\"Accueil\",\"item\":\"https:\/\/www.grills-saveurs.ch\/fr\/\"},{\"@type\":\"ListItem\",\"position\":2,\"name\":\"Shop \/ Boutique\",\"item\":\"https:\/\/www.grills-saveurs.ch\/fr\/boutique\/\"},{\"@type\":\"ListItem\",\"position\":3,\"name\":\"Weber CRAFTED Plancha \u2013 GBS\"}]}]}<\/script>\n<!-- \/ Yoast SEO plugin. -->","yoast_head_json":{"title":"Weber CRAFTED Plancha \u2013 GBS - Grills et Saveurs","description":"Faites sortir votre cuisine \u00e0 l'ext\u00e9rieur et cuisez des aliments que vous n\u2019auriez jamais pens\u00e9 possibles sur votre barbecue avec le WEBER CRAFTED Gourmet BBQ System. Remplacez simplement votre grille de cuisson droite par la plancha WEBER CRAFTED et pr\u00e9parez tout, depuis les cr\u00eapes et \u0153ufs jusqu'aux fajitas sur votre barbecue. Barbecue, support et grilles de cuisson compatibles WEBER CRAFTED requis.\u2022 Convient aux mod\u00e8les Genesis \u00e0 partir de 2022 et SmokeFire EPX4\/EPX6. Convient \u00e9galement aux mod\u00e8les Genesis 2016-2021 avec ajout du kit adaptateur\u00a0(#7687)\u00a0et Spirit 2016-2021 avec ajout du kit adaptateur\u00a0(#7688).\u2022 Faire des cr\u00eapes et des \u0153ufs pour les fajitas sur la plancha\u2022 Support et grilles WEBER CRAFTED requis\u2022 Superior heat retention with porcelain-enameled cast-iron\u2022 Rebords pour contenir l\u2019huile et les assaisonnements\u2022 Confirmez que votre barbecue est compatible avec les ustensiles WEBER CRAFTED","robots":{"index":"index","follow":"follow","max-snippet":"max-snippet:-1","max-image-preview":"max-image-preview:large","max-video-preview":"max-video-preview:-1"},"canonical":"https:\/\/www.grills-saveurs.ch\/fr\/produit\/weber-crafted-plancha-gbs-2\/","og_locale":"fr_FR","og_type":"article","og_title":"Weber CRAFTED Plancha \u2013 GBS - Grills et Saveurs","og_description":"Faites sortir votre cuisine \u00e0 l'ext\u00e9rieur et cuisez des aliments que vous n\u2019auriez jamais pens\u00e9 possibles sur votre barbecue avec le WEBER CRAFTED Gourmet BBQ System. Remplacez simplement votre grille de cuisson droite par la plancha WEBER CRAFTED et pr\u00e9parez tout, depuis les cr\u00eapes et \u0153ufs jusqu'aux fajitas sur votre barbecue. Barbecue, support et grilles de cuisson compatibles WEBER CRAFTED requis.\u2022 Convient aux mod\u00e8les Genesis \u00e0 partir de 2022 et SmokeFire EPX4\/EPX6. Convient \u00e9galement aux mod\u00e8les Genesis 2016-2021 avec ajout du kit adaptateur\u00a0(#7687)\u00a0et Spirit 2016-2021 avec ajout du kit adaptateur\u00a0(#7688).\u2022 Faire des cr\u00eapes et des \u0153ufs pour les fajitas sur la plancha\u2022 Support et grilles WEBER CRAFTED requis\u2022 Superior heat retention with porcelain-enameled cast-iron\u2022 Rebords pour contenir l\u2019huile et les assaisonnements\u2022 Confirmez que votre barbecue est compatible avec les ustensiles WEBER CRAFTED","og_url":"https:\/\/www.grills-saveurs.ch\/fr\/produit\/weber-crafted-plancha-gbs-2\/","og_site_name":"Grills et Saveurs","og_image":[{"width":800,"height":800,"url":"https:\/\/www.grills-saveurs.ch\/fr\/wp-content\/uploads\/2024\/04\/7682A_1800x1800.png","type":"image\/png"}],"twitter_card":"summary_large_image","twitter_misc":{"Dur\u00e9e de lecture estim\u00e9e":"1 minute"},"schema":{"@context":"https:\/\/schema.org","@graph":[{"@type":"WebSite","@id":"https:\/\/www.grills-saveurs.ch\/fr\/#website","url":"https:\/\/www.grills-saveurs.ch\/fr\/","name":"Grills et Saveurs","description":"Barbecues, Grills, Planchas, Chemin\u00e9es jardin - Lausanne, Suisse Romande","potentialAction":[{"@type":"SearchAction","target":{"@type":"EntryPoint","urlTemplate":"https:\/\/www.grills-saveurs.ch\/fr\/?s={search_term_string}"},"query-input":"required name=search_term_string"}],"inLanguage":"fr-FR"},{"@type":"ImageObject","@id":"https:\/\/www.grills-saveurs.ch\/fr\/produit\/weber-crafted-plancha-gbs-2\/#primaryimage","inLanguage":"fr-FR","url":"https:\/\/www.grills-saveurs.ch\/fr\/wp-content\/uploads\/2024\/04\/7682A_1800x1800.png","contentUrl":"https:\/\/www.grills-saveurs.ch\/fr\/wp-content\/uploads\/2024\/04\/7682A_1800x1800.png","width":800,"height":800},{"@type":"WebPage","@id":"https:\/\/www.grills-saveurs.ch\/fr\/produit\/weber-crafted-plancha-gbs-2\/#webpage","url":"https:\/\/www.grills-saveurs.ch\/fr\/produit\/weber-crafted-plancha-gbs-2\/","name":"Weber CRAFTED Plancha \u2013 GBS - Grills et Saveurs","isPartOf":{"@id":"https:\/\/www.grills-saveurs.ch\/fr\/#website"},"primaryImageOfPage":{"@id":"https:\/\/www.grills-saveurs.ch\/fr\/produit\/weber-crafted-plancha-gbs-2\/#primaryimage"},"datePublished":"2024-04-08T07:24:24+00:00","dateModified":"2024-04-08T07:24:24+00:00","description":"Faites sortir votre cuisine \u00e0 l'ext\u00e9rieur et cuisez des aliments que vous n\u2019auriez jamais pens\u00e9 possibles sur votre barbecue avec le WEBER CRAFTED Gourmet BBQ System. Remplacez simplement votre grille de cuisson droite par la plancha WEBER CRAFTED et pr\u00e9parez tout, depuis les cr\u00eapes et \u0153ufs jusqu'aux fajitas sur votre barbecue. Barbecue, support et grilles de cuisson compatibles WEBER CRAFTED requis.\u2022 Convient aux mod\u00e8les Genesis \u00e0 partir de 2022 et SmokeFire EPX4\/EPX6. Convient \u00e9galement aux mod\u00e8les Genesis 2016-2021 avec ajout du kit adaptateur\u00a0(#7687)\u00a0et Spirit 2016-2021 avec ajout du kit adaptateur\u00a0(#7688).\u2022 Faire des cr\u00eapes et des \u0153ufs pour les fajitas sur la plancha\u2022 Support et grilles WEBER CRAFTED requis\u2022 Superior heat retention with porcelain-enameled cast-iron\u2022 Rebords pour contenir l\u2019huile et les assaisonnements\u2022 Confirmez que votre barbecue est compatible avec les ustensiles WEBER CRAFTED","breadcrumb":{"@id":"https:\/\/www.grills-saveurs.ch\/fr\/produit\/weber-crafted-plancha-gbs-2\/#breadcrumb"},"inLanguage":"fr-FR","potentialAction":[{"@type":"ReadAction","target":["https:\/\/www.grills-saveurs.ch\/fr\/produit\/weber-crafted-plancha-gbs-2\/"]}]},{"@type":"BreadcrumbList","@id":"https:\/\/www.grills-saveurs.ch\/fr\/produit\/weber-crafted-plancha-gbs-2\/#breadcrumb","itemListElement":[{"@type":"ListItem","position":1,"name":"Accueil","item":"https:\/\/www.grills-saveurs.ch\/fr\/"},{"@type":"ListItem","position":2,"name":"Shop \/ Boutique","item":"https:\/\/www.grills-saveurs.ch\/fr\/boutique\/"},{"@type":"ListItem","position":3,"name":"Weber CRAFTED Plancha \u2013 GBS"}]}]}},"_links":{"self":[{"href":"https:\/\/www.grills-saveurs.ch\/fr\/wp-json\/wp\/v2\/product\/9398"}],"collection":[{"href":"https:\/\/www.grills-saveurs.ch\/fr\/wp-json\/wp\/v2\/product"}],"about":[{"href":"https:\/\/www.grills-saveurs.ch\/fr\/wp-json\/wp\/v2\/types\/product"}],"wp:featuredmedia":[{"embeddable":true,"href":"https:\/\/www.grills-saveurs.ch\/fr\/wp-json\/wp\/v2\/media\/9400"}],"wp:attachment":[{"href":"https:\/\/www.grills-saveurs.ch\/fr\/wp-json\/wp\/v2\/media?parent=9398"}],"wp:term":[{"taxonomy":"product_cat","embeddable":true,"href":"https:\/\/www.grills-saveurs.ch\/fr\/wp-json\/wp\/v2\/product_cat?post=9398"},{"taxonomy":"product_tag","embeddable":true,"href":"https:\/\/www.grills-saveurs.ch\/fr\/wp-json\/wp\/v2\/product_tag?post=9398"}],"curies":[{"name":"wp","href":"https:\/\/api.w.org\/{rel}","templated":true}]}}