{"id":9412,"date":"2024-04-08T09:24:25","date_gmt":"2024-04-08T07:24:25","guid":{"rendered":"https:\/\/www.grills-saveurs.ch\/fr\/?post_type=product&#038;p=9412"},"modified":"2024-04-08T09:24:25","modified_gmt":"2024-04-08T07:24:25","slug":"kit-de-nettoyage-pour-barbecues-a-gaz-en-acier-inoxydable","status":"publish","type":"product","link":"https:\/\/www.grills-saveurs.ch\/fr\/produit\/kit-de-nettoyage-pour-barbecues-a-gaz-en-acier-inoxydable\/","title":{"rendered":"Kit de nettoyage pour barbecues \u00e0 gaz en acier inoxydable"},"content":{"rendered":"<p>Pour que votre barbecue reste comme neuf, ann\u00e9e apr\u00e8s ann\u00e9e. Le kit de nettoyage con\u00e7u sp\u00e9cialement pour les barbecue \u00e0 gaz en acier inoxydable Weber\u00ae vous permet de disposer de tout ce qu\u2019il faut pour nettoyer r\u00e9guli\u00e8rement votre barbecue en profondeur et le pr\u00e9parer pour l\u2019ann\u00e9e suivante. Ainsi, votre barbecue restera en parfait \u00e9tat, pour des performances, une s\u00e9curit\u00e9 et des grillades au top. Comprend des brosses, des produits de nettoyage, deux \u00e9ponges, un chiffon et de l\u2019huile anti-adh\u00e9rence.<\/p>\n<div class=\"shoppers-text\">\n<h2>Tout ce dont vous avez besoin pour entretenir votre barbecue en acier inoxydable<\/h2>\n<p>1.\u00a0<b>17875 Nettoyant pour grille (300 ml)<\/b>\u00a0pour d\u00e9tacher la graisse et les r\u00e9sidus alimentaires sur les grilles<br \/>\n2.\u00a0<b>17682 Nettoyant pour acier inoxydable (300 ml)<\/b>\u00a0pour nettoyer et prot\u00e9ger les surfaces externes en acier inoxydable<br \/>\n3.\u00a0<b>17685 Huile anti-adh\u00e9rence (200 ml)<\/b>\u00a0pour \u00e9viter que les aliments n&rsquo;attachent aux grilles<br \/>\n4.\u00a0<b>17688 \u00c9ponge<\/b>\u00a0avec une face abrasive pour nettoyer les grilles et une face douce pour essuyer les couvercles et autres surfaces<br \/>\n5.\u00a0<b>17689 Chiffon microfibre<\/b>\u00a0pour essuyer et faire briller les surfaces externes du barbecue<br \/>\n6.\u00a0<b>6277 Brosse pour grille \u00e0 trois c\u00f4t\u00e9s<\/b>\u00a0pour \u00e9liminer les r\u00e9sidus alimentaires et la graisse des grilles de cuisson<br \/>\n7.\u00a0<b>6279 Brosse fine<\/b>\u00a0pour le nettoyage des cylindres de br\u00fbleur, des barres FLAVORIZER et d&rsquo;autres petits espaces<br \/>\n8.\u00a0<b>6202 Kit d\u2019entretien pour barbecue \u00e0 gaz<\/b>\u00a0comprenant une brosse pour les grilles de protection contre les araign\u00e9es et un grattoir pour cuve<\/p>\n<\/div>\n","protected":false},"excerpt":{"rendered":"<p>WB-18283<\/p>\n","protected":false},"featured_media":9413,"template":"","meta":[],"product_cat":[170],"product_tag":[],"yoast_head":"<!-- This site is optimized with the Yoast SEO plugin v18.2 - https:\/\/yoast.com\/wordpress\/plugins\/seo\/ -->\n<title>Kit de nettoyage pour barbecues \u00e0 gaz en acier inoxydable - Grills et Saveurs<\/title>\n<meta name=\"description\" content=\"Pour que votre barbecue reste comme neuf, ann\u00e9e apr\u00e8s ann\u00e9e. Le kit de nettoyage con\u00e7u sp\u00e9cialement pour les barbecue \u00e0 gaz en acier inoxydable Weber\u00ae vous permet de disposer de tout ce qu\u2019il faut pour nettoyer r\u00e9guli\u00e8rement votre barbecue en profondeur et le pr\u00e9parer pour l\u2019ann\u00e9e suivante. Ainsi, votre barbecue restera en parfait \u00e9tat, pour des performances, une s\u00e9curit\u00e9 et des grillades au top. Comprend des brosses, des produits de nettoyage, deux \u00e9ponges, un chiffon et de l\u2019huile anti-adh\u00e9rence.Tout ce dont vous avez besoin pour entretenir votre barbecue en acier inoxydable1. 17875 Nettoyant pour grille (300 ml) pour d\u00e9tacher la graisse et les r\u00e9sidus alimentaires sur les grilles2. 17682 Nettoyant pour acier inoxydable (300 ml) pour nettoyer et prot\u00e9ger les surfaces externes en acier inoxydable3. 17685 Huile anti-adh\u00e9rence (200 ml) pour \u00e9viter que les aliments n&#039;attachent aux grilles4. 17688 \u00c9ponge avec une face abrasive pour nettoyer les grilles et une face douce pour essuyer les couvercles et autres surfaces5. 17689 Chiffon microfibre pour essuyer et faire briller les surfaces externes du barbecue6. 6277 Brosse pour grille \u00e0 trois c\u00f4t\u00e9s pour \u00e9liminer les r\u00e9sidus alimentaires et la graisse des grilles de cuisson7. 6279 Brosse fine pour le nettoyage des cylindres de br\u00fbleur, des barres FLAVORIZER et d&#039;autres petits espaces8. 6202 Kit d\u2019entretien pour barbecue \u00e0 gaz comprenant une brosse pour les grilles de protection contre les araign\u00e9es et un grattoir pour cuve\" \/>\n<meta name=\"robots\" content=\"index, follow, max-snippet:-1, max-image-preview:large, max-video-preview:-1\" \/>\n<link rel=\"canonical\" href=\"https:\/\/www.grills-saveurs.ch\/fr\/produit\/kit-de-nettoyage-pour-barbecues-a-gaz-en-acier-inoxydable\/\" \/>\n<meta property=\"og:locale\" content=\"fr_FR\" \/>\n<meta property=\"og:type\" content=\"article\" \/>\n<meta property=\"og:title\" content=\"Kit de nettoyage pour barbecues \u00e0 gaz en acier inoxydable - Grills et Saveurs\" \/>\n<meta property=\"og:description\" content=\"Pour que votre barbecue reste comme neuf, ann\u00e9e apr\u00e8s ann\u00e9e. Le kit de nettoyage con\u00e7u sp\u00e9cialement pour les barbecue \u00e0 gaz en acier inoxydable Weber\u00ae vous permet de disposer de tout ce qu\u2019il faut pour nettoyer r\u00e9guli\u00e8rement votre barbecue en profondeur et le pr\u00e9parer pour l\u2019ann\u00e9e suivante. Ainsi, votre barbecue restera en parfait \u00e9tat, pour des performances, une s\u00e9curit\u00e9 et des grillades au top. Comprend des brosses, des produits de nettoyage, deux \u00e9ponges, un chiffon et de l\u2019huile anti-adh\u00e9rence.Tout ce dont vous avez besoin pour entretenir votre barbecue en acier inoxydable1. 17875 Nettoyant pour grille (300 ml) pour d\u00e9tacher la graisse et les r\u00e9sidus alimentaires sur les grilles2. 17682 Nettoyant pour acier inoxydable (300 ml) pour nettoyer et prot\u00e9ger les surfaces externes en acier inoxydable3. 17685 Huile anti-adh\u00e9rence (200 ml) pour \u00e9viter que les aliments n&#039;attachent aux grilles4. 17688 \u00c9ponge avec une face abrasive pour nettoyer les grilles et une face douce pour essuyer les couvercles et autres surfaces5. 17689 Chiffon microfibre pour essuyer et faire briller les surfaces externes du barbecue6. 6277 Brosse pour grille \u00e0 trois c\u00f4t\u00e9s pour \u00e9liminer les r\u00e9sidus alimentaires et la graisse des grilles de cuisson7. 6279 Brosse fine pour le nettoyage des cylindres de br\u00fbleur, des barres FLAVORIZER et d&#039;autres petits espaces8. 6202 Kit d\u2019entretien pour barbecue \u00e0 gaz comprenant une brosse pour les grilles de protection contre les araign\u00e9es et un grattoir pour cuve\" \/>\n<meta property=\"og:url\" content=\"https:\/\/www.grills-saveurs.ch\/fr\/produit\/kit-de-nettoyage-pour-barbecues-a-gaz-en-acier-inoxydable\/\" \/>\n<meta property=\"og:site_name\" content=\"Grills et Saveurs\" \/>\n<meta property=\"og:image\" content=\"https:\/\/www.grills-saveurs.ch\/fr\/wp-content\/uploads\/2024\/04\/18283_1800x1800.png\" \/>\n\t<meta property=\"og:image:width\" content=\"800\" \/>\n\t<meta property=\"og:image:height\" content=\"800\" \/>\n\t<meta property=\"og:image:type\" content=\"image\/png\" \/>\n<meta name=\"twitter:card\" content=\"summary_large_image\" \/>\n<meta name=\"twitter:label1\" content=\"Dur\u00e9e de lecture estim\u00e9e\" \/>\n\t<meta name=\"twitter:data1\" content=\"1 minute\" \/>\n<script type=\"application\/ld+json\" class=\"yoast-schema-graph\">{\"@context\":\"https:\/\/schema.org\",\"@graph\":[{\"@type\":\"WebSite\",\"@id\":\"https:\/\/www.grills-saveurs.ch\/fr\/#website\",\"url\":\"https:\/\/www.grills-saveurs.ch\/fr\/\",\"name\":\"Grills et Saveurs\",\"description\":\"Barbecues, Grills, Planchas, Chemin\u00e9es jardin - Lausanne, Suisse Romande\",\"potentialAction\":[{\"@type\":\"SearchAction\",\"target\":{\"@type\":\"EntryPoint\",\"urlTemplate\":\"https:\/\/www.grills-saveurs.ch\/fr\/?s={search_term_string}\"},\"query-input\":\"required name=search_term_string\"}],\"inLanguage\":\"fr-FR\"},{\"@type\":\"ImageObject\",\"@id\":\"https:\/\/www.grills-saveurs.ch\/fr\/produit\/kit-de-nettoyage-pour-barbecues-a-gaz-en-acier-inoxydable\/#primaryimage\",\"inLanguage\":\"fr-FR\",\"url\":\"https:\/\/www.grills-saveurs.ch\/fr\/wp-content\/uploads\/2024\/04\/18283_1800x1800.png\",\"contentUrl\":\"https:\/\/www.grills-saveurs.ch\/fr\/wp-content\/uploads\/2024\/04\/18283_1800x1800.png\",\"width\":800,\"height\":800},{\"@type\":\"WebPage\",\"@id\":\"https:\/\/www.grills-saveurs.ch\/fr\/produit\/kit-de-nettoyage-pour-barbecues-a-gaz-en-acier-inoxydable\/#webpage\",\"url\":\"https:\/\/www.grills-saveurs.ch\/fr\/produit\/kit-de-nettoyage-pour-barbecues-a-gaz-en-acier-inoxydable\/\",\"name\":\"Kit de nettoyage pour barbecues \u00e0 gaz en acier inoxydable - Grills et Saveurs\",\"isPartOf\":{\"@id\":\"https:\/\/www.grills-saveurs.ch\/fr\/#website\"},\"primaryImageOfPage\":{\"@id\":\"https:\/\/www.grills-saveurs.ch\/fr\/produit\/kit-de-nettoyage-pour-barbecues-a-gaz-en-acier-inoxydable\/#primaryimage\"},\"datePublished\":\"2024-04-08T07:24:25+00:00\",\"dateModified\":\"2024-04-08T07:24:25+00:00\",\"description\":\"Pour que votre barbecue reste comme neuf, ann\u00e9e apr\u00e8s ann\u00e9e. Le kit de nettoyage con\u00e7u sp\u00e9cialement pour les barbecue \u00e0 gaz en acier inoxydable Weber\u00ae vous permet de disposer de tout ce qu\u2019il faut pour nettoyer r\u00e9guli\u00e8rement votre barbecue en profondeur et le pr\u00e9parer pour l\u2019ann\u00e9e suivante. Ainsi, votre barbecue restera en parfait \u00e9tat, pour des performances, une s\u00e9curit\u00e9 et des grillades au top. Comprend des brosses, des produits de nettoyage, deux \u00e9ponges, un chiffon et de l\u2019huile anti-adh\u00e9rence.Tout ce dont vous avez besoin pour entretenir votre barbecue en acier inoxydable1. 17875 Nettoyant pour grille (300 ml) pour d\u00e9tacher la graisse et les r\u00e9sidus alimentaires sur les grilles2. 17682 Nettoyant pour acier inoxydable (300 ml) pour nettoyer et prot\u00e9ger les surfaces externes en acier inoxydable3. 17685 Huile anti-adh\u00e9rence (200 ml) pour \u00e9viter que les aliments n'attachent aux grilles4. 17688 \u00c9ponge avec une face abrasive pour nettoyer les grilles et une face douce pour essuyer les couvercles et autres surfaces5. 17689 Chiffon microfibre pour essuyer et faire briller les surfaces externes du barbecue6. 6277 Brosse pour grille \u00e0 trois c\u00f4t\u00e9s pour \u00e9liminer les r\u00e9sidus alimentaires et la graisse des grilles de cuisson7. 6279 Brosse fine pour le nettoyage des cylindres de br\u00fbleur, des barres FLAVORIZER et d'autres petits espaces8. 6202 Kit d\u2019entretien pour barbecue \u00e0 gaz comprenant une brosse pour les grilles de protection contre les araign\u00e9es et un grattoir pour cuve\",\"breadcrumb\":{\"@id\":\"https:\/\/www.grills-saveurs.ch\/fr\/produit\/kit-de-nettoyage-pour-barbecues-a-gaz-en-acier-inoxydable\/#breadcrumb\"},\"inLanguage\":\"fr-FR\",\"potentialAction\":[{\"@type\":\"ReadAction\",\"target\":[\"https:\/\/www.grills-saveurs.ch\/fr\/produit\/kit-de-nettoyage-pour-barbecues-a-gaz-en-acier-inoxydable\/\"]}]},{\"@type\":\"BreadcrumbList\",\"@id\":\"https:\/\/www.grills-saveurs.ch\/fr\/produit\/kit-de-nettoyage-pour-barbecues-a-gaz-en-acier-inoxydable\/#breadcrumb\",\"itemListElement\":[{\"@type\":\"ListItem\",\"position\":1,\"name\":\"Accueil\",\"item\":\"https:\/\/www.grills-saveurs.ch\/fr\/\"},{\"@type\":\"ListItem\",\"position\":2,\"name\":\"Shop \/ Boutique\",\"item\":\"https:\/\/www.grills-saveurs.ch\/fr\/boutique\/\"},{\"@type\":\"ListItem\",\"position\":3,\"name\":\"Kit de nettoyage pour barbecues \u00e0 gaz en acier inoxydable\"}]}]}<\/script>\n<!-- \/ Yoast SEO plugin. -->","yoast_head_json":{"title":"Kit de nettoyage pour barbecues \u00e0 gaz en acier inoxydable - Grills et Saveurs","description":"Pour que votre barbecue reste comme neuf, ann\u00e9e apr\u00e8s ann\u00e9e. Le kit de nettoyage con\u00e7u sp\u00e9cialement pour les barbecue \u00e0 gaz en acier inoxydable Weber\u00ae vous permet de disposer de tout ce qu\u2019il faut pour nettoyer r\u00e9guli\u00e8rement votre barbecue en profondeur et le pr\u00e9parer pour l\u2019ann\u00e9e suivante. Ainsi, votre barbecue restera en parfait \u00e9tat, pour des performances, une s\u00e9curit\u00e9 et des grillades au top. Comprend des brosses, des produits de nettoyage, deux \u00e9ponges, un chiffon et de l\u2019huile anti-adh\u00e9rence.Tout ce dont vous avez besoin pour entretenir votre barbecue en acier inoxydable1. 17875 Nettoyant pour grille (300 ml) pour d\u00e9tacher la graisse et les r\u00e9sidus alimentaires sur les grilles2. 17682 Nettoyant pour acier inoxydable (300 ml) pour nettoyer et prot\u00e9ger les surfaces externes en acier inoxydable3. 17685 Huile anti-adh\u00e9rence (200 ml) pour \u00e9viter que les aliments n'attachent aux grilles4. 17688 \u00c9ponge avec une face abrasive pour nettoyer les grilles et une face douce pour essuyer les couvercles et autres surfaces5. 17689 Chiffon microfibre pour essuyer et faire briller les surfaces externes du barbecue6. 6277 Brosse pour grille \u00e0 trois c\u00f4t\u00e9s pour \u00e9liminer les r\u00e9sidus alimentaires et la graisse des grilles de cuisson7. 6279 Brosse fine pour le nettoyage des cylindres de br\u00fbleur, des barres FLAVORIZER et d'autres petits espaces8. 6202 Kit d\u2019entretien pour barbecue \u00e0 gaz comprenant une brosse pour les grilles de protection contre les araign\u00e9es et un grattoir pour cuve","robots":{"index":"index","follow":"follow","max-snippet":"max-snippet:-1","max-image-preview":"max-image-preview:large","max-video-preview":"max-video-preview:-1"},"canonical":"https:\/\/www.grills-saveurs.ch\/fr\/produit\/kit-de-nettoyage-pour-barbecues-a-gaz-en-acier-inoxydable\/","og_locale":"fr_FR","og_type":"article","og_title":"Kit de nettoyage pour barbecues \u00e0 gaz en acier inoxydable - Grills et Saveurs","og_description":"Pour que votre barbecue reste comme neuf, ann\u00e9e apr\u00e8s ann\u00e9e. Le kit de nettoyage con\u00e7u sp\u00e9cialement pour les barbecue \u00e0 gaz en acier inoxydable Weber\u00ae vous permet de disposer de tout ce qu\u2019il faut pour nettoyer r\u00e9guli\u00e8rement votre barbecue en profondeur et le pr\u00e9parer pour l\u2019ann\u00e9e suivante. Ainsi, votre barbecue restera en parfait \u00e9tat, pour des performances, une s\u00e9curit\u00e9 et des grillades au top. Comprend des brosses, des produits de nettoyage, deux \u00e9ponges, un chiffon et de l\u2019huile anti-adh\u00e9rence.Tout ce dont vous avez besoin pour entretenir votre barbecue en acier inoxydable1. 17875 Nettoyant pour grille (300 ml) pour d\u00e9tacher la graisse et les r\u00e9sidus alimentaires sur les grilles2. 17682 Nettoyant pour acier inoxydable (300 ml) pour nettoyer et prot\u00e9ger les surfaces externes en acier inoxydable3. 17685 Huile anti-adh\u00e9rence (200 ml) pour \u00e9viter que les aliments n'attachent aux grilles4. 17688 \u00c9ponge avec une face abrasive pour nettoyer les grilles et une face douce pour essuyer les couvercles et autres surfaces5. 17689 Chiffon microfibre pour essuyer et faire briller les surfaces externes du barbecue6. 6277 Brosse pour grille \u00e0 trois c\u00f4t\u00e9s pour \u00e9liminer les r\u00e9sidus alimentaires et la graisse des grilles de cuisson7. 6279 Brosse fine pour le nettoyage des cylindres de br\u00fbleur, des barres FLAVORIZER et d'autres petits espaces8. 6202 Kit d\u2019entretien pour barbecue \u00e0 gaz comprenant une brosse pour les grilles de protection contre les araign\u00e9es et un grattoir pour cuve","og_url":"https:\/\/www.grills-saveurs.ch\/fr\/produit\/kit-de-nettoyage-pour-barbecues-a-gaz-en-acier-inoxydable\/","og_site_name":"Grills et Saveurs","og_image":[{"width":800,"height":800,"url":"https:\/\/www.grills-saveurs.ch\/fr\/wp-content\/uploads\/2024\/04\/18283_1800x1800.png","type":"image\/png"}],"twitter_card":"summary_large_image","twitter_misc":{"Dur\u00e9e de lecture estim\u00e9e":"1 minute"},"schema":{"@context":"https:\/\/schema.org","@graph":[{"@type":"WebSite","@id":"https:\/\/www.grills-saveurs.ch\/fr\/#website","url":"https:\/\/www.grills-saveurs.ch\/fr\/","name":"Grills et Saveurs","description":"Barbecues, Grills, Planchas, Chemin\u00e9es jardin - Lausanne, Suisse Romande","potentialAction":[{"@type":"SearchAction","target":{"@type":"EntryPoint","urlTemplate":"https:\/\/www.grills-saveurs.ch\/fr\/?s={search_term_string}"},"query-input":"required name=search_term_string"}],"inLanguage":"fr-FR"},{"@type":"ImageObject","@id":"https:\/\/www.grills-saveurs.ch\/fr\/produit\/kit-de-nettoyage-pour-barbecues-a-gaz-en-acier-inoxydable\/#primaryimage","inLanguage":"fr-FR","url":"https:\/\/www.grills-saveurs.ch\/fr\/wp-content\/uploads\/2024\/04\/18283_1800x1800.png","contentUrl":"https:\/\/www.grills-saveurs.ch\/fr\/wp-content\/uploads\/2024\/04\/18283_1800x1800.png","width":800,"height":800},{"@type":"WebPage","@id":"https:\/\/www.grills-saveurs.ch\/fr\/produit\/kit-de-nettoyage-pour-barbecues-a-gaz-en-acier-inoxydable\/#webpage","url":"https:\/\/www.grills-saveurs.ch\/fr\/produit\/kit-de-nettoyage-pour-barbecues-a-gaz-en-acier-inoxydable\/","name":"Kit de nettoyage pour barbecues \u00e0 gaz en acier inoxydable - Grills et Saveurs","isPartOf":{"@id":"https:\/\/www.grills-saveurs.ch\/fr\/#website"},"primaryImageOfPage":{"@id":"https:\/\/www.grills-saveurs.ch\/fr\/produit\/kit-de-nettoyage-pour-barbecues-a-gaz-en-acier-inoxydable\/#primaryimage"},"datePublished":"2024-04-08T07:24:25+00:00","dateModified":"2024-04-08T07:24:25+00:00","description":"Pour que votre barbecue reste comme neuf, ann\u00e9e apr\u00e8s ann\u00e9e. Le kit de nettoyage con\u00e7u sp\u00e9cialement pour les barbecue \u00e0 gaz en acier inoxydable Weber\u00ae vous permet de disposer de tout ce qu\u2019il faut pour nettoyer r\u00e9guli\u00e8rement votre barbecue en profondeur et le pr\u00e9parer pour l\u2019ann\u00e9e suivante. Ainsi, votre barbecue restera en parfait \u00e9tat, pour des performances, une s\u00e9curit\u00e9 et des grillades au top. Comprend des brosses, des produits de nettoyage, deux \u00e9ponges, un chiffon et de l\u2019huile anti-adh\u00e9rence.Tout ce dont vous avez besoin pour entretenir votre barbecue en acier inoxydable1. 17875 Nettoyant pour grille (300 ml) pour d\u00e9tacher la graisse et les r\u00e9sidus alimentaires sur les grilles2. 17682 Nettoyant pour acier inoxydable (300 ml) pour nettoyer et prot\u00e9ger les surfaces externes en acier inoxydable3. 17685 Huile anti-adh\u00e9rence (200 ml) pour \u00e9viter que les aliments n'attachent aux grilles4. 17688 \u00c9ponge avec une face abrasive pour nettoyer les grilles et une face douce pour essuyer les couvercles et autres surfaces5. 17689 Chiffon microfibre pour essuyer et faire briller les surfaces externes du barbecue6. 6277 Brosse pour grille \u00e0 trois c\u00f4t\u00e9s pour \u00e9liminer les r\u00e9sidus alimentaires et la graisse des grilles de cuisson7. 6279 Brosse fine pour le nettoyage des cylindres de br\u00fbleur, des barres FLAVORIZER et d'autres petits espaces8. 6202 Kit d\u2019entretien pour barbecue \u00e0 gaz comprenant une brosse pour les grilles de protection contre les araign\u00e9es et un grattoir pour cuve","breadcrumb":{"@id":"https:\/\/www.grills-saveurs.ch\/fr\/produit\/kit-de-nettoyage-pour-barbecues-a-gaz-en-acier-inoxydable\/#breadcrumb"},"inLanguage":"fr-FR","potentialAction":[{"@type":"ReadAction","target":["https:\/\/www.grills-saveurs.ch\/fr\/produit\/kit-de-nettoyage-pour-barbecues-a-gaz-en-acier-inoxydable\/"]}]},{"@type":"BreadcrumbList","@id":"https:\/\/www.grills-saveurs.ch\/fr\/produit\/kit-de-nettoyage-pour-barbecues-a-gaz-en-acier-inoxydable\/#breadcrumb","itemListElement":[{"@type":"ListItem","position":1,"name":"Accueil","item":"https:\/\/www.grills-saveurs.ch\/fr\/"},{"@type":"ListItem","position":2,"name":"Shop \/ Boutique","item":"https:\/\/www.grills-saveurs.ch\/fr\/boutique\/"},{"@type":"ListItem","position":3,"name":"Kit de nettoyage pour barbecues \u00e0 gaz en acier inoxydable"}]}]}},"_links":{"self":[{"href":"https:\/\/www.grills-saveurs.ch\/fr\/wp-json\/wp\/v2\/product\/9412"}],"collection":[{"href":"https:\/\/www.grills-saveurs.ch\/fr\/wp-json\/wp\/v2\/product"}],"about":[{"href":"https:\/\/www.grills-saveurs.ch\/fr\/wp-json\/wp\/v2\/types\/product"}],"wp:featuredmedia":[{"embeddable":true,"href":"https:\/\/www.grills-saveurs.ch\/fr\/wp-json\/wp\/v2\/media\/9413"}],"wp:attachment":[{"href":"https:\/\/www.grills-saveurs.ch\/fr\/wp-json\/wp\/v2\/media?parent=9412"}],"wp:term":[{"taxonomy":"product_cat","embeddable":true,"href":"https:\/\/www.grills-saveurs.ch\/fr\/wp-json\/wp\/v2\/product_cat?post=9412"},{"taxonomy":"product_tag","embeddable":true,"href":"https:\/\/www.grills-saveurs.ch\/fr\/wp-json\/wp\/v2\/product_tag?post=9412"}],"curies":[{"name":"wp","href":"https:\/\/api.w.org\/{rel}","templated":true}]}}