{"id":9429,"date":"2024-04-08T09:24:26","date_gmt":"2024-04-08T07:24:26","guid":{"rendered":"https:\/\/www.grills-saveurs.ch\/fr\/?post_type=product&#038;p=9429"},"modified":"2024-04-08T09:24:26","modified_gmt":"2024-04-08T07:24:26","slug":"brosse-pour-grill-18-detail","status":"publish","type":"product","link":"https:\/\/www.grills-saveurs.ch\/fr\/produit\/brosse-pour-grill-18-detail\/","title":{"rendered":"Brosse pour grill &#8211; 18\u201d Detail"},"content":{"rendered":"<p>Cette brosse ne se contente pas de nettoyer les grilles de cuisson de toutes tailles. Elle est parfaite pour brosser les aliments cuits, la graisse et les d\u00e9bris sur les br\u00fbleurs, les barres d&rsquo;aromatisation et autres petits espaces. Le long manche antid\u00e9rapant offre une prise s\u00fbre qui vous permet de frotter les endroits difficiles \u00e0 nettoyer \u00e0 l&rsquo;int\u00e9rieur de votre gril. Utilisez cette brosse \u00e0 grill pour nettoyer avant chaque utilisation afin que votre grill dure plus longtemps et que votre prochain repas soit aussi d\u00e9licieux que le pr\u00e9c\u00e9dent.<\/p>\n<p>&#8211; Le manche de 18 pouces permet d&rsquo;atteindre et de nettoyer toutes les zones du grill.<br \/>\n&#8211; Poign\u00e9e confortable pour faire levier lors du nettoyage d&rsquo;aliments coll\u00e9s<br \/>\n&#8211; Boucle pour suspendre la brosse et la ranger facilement<br \/>\n&#8211; Garantie de 2 ans<\/p>\n","protected":false},"excerpt":{"rendered":"<p>WB-6279<\/p>\n","protected":false},"featured_media":9431,"template":"","meta":[],"product_cat":[70,167],"product_tag":[],"yoast_head":"<!-- This site is optimized with the Yoast SEO plugin v18.2 - https:\/\/yoast.com\/wordpress\/plugins\/seo\/ -->\n<title>Brosse pour grill - 18\u201d Detail - Grills et Saveurs<\/title>\n<meta name=\"description\" content=\"Cette brosse ne se contente pas de nettoyer les grilles de cuisson de toutes tailles. Elle est parfaite pour brosser les aliments cuits, la graisse et les d\u00e9bris sur les br\u00fbleurs, les barres d&#039;aromatisation et autres petits espaces. Le long manche antid\u00e9rapant offre une prise s\u00fbre qui vous permet de frotter les endroits difficiles \u00e0 nettoyer \u00e0 l&#039;int\u00e9rieur de votre gril. Utilisez cette brosse \u00e0 grill pour nettoyer avant chaque utilisation afin que votre grill dure plus longtemps et que votre prochain repas soit aussi d\u00e9licieux que le pr\u00e9c\u00e9dent.- Le manche de 18 pouces permet d&#039;atteindre et de nettoyer toutes les zones du grill.- Poign\u00e9e confortable pour faire levier lors du nettoyage d&#039;aliments coll\u00e9s- Boucle pour suspendre la brosse et la ranger facilement- Garantie de 2 ans\" \/>\n<meta name=\"robots\" content=\"index, follow, max-snippet:-1, max-image-preview:large, max-video-preview:-1\" \/>\n<link rel=\"canonical\" href=\"https:\/\/www.grills-saveurs.ch\/fr\/produit\/brosse-pour-grill-18-detail\/\" \/>\n<meta property=\"og:locale\" content=\"fr_FR\" \/>\n<meta property=\"og:type\" content=\"article\" \/>\n<meta property=\"og:title\" content=\"Brosse pour grill - 18\u201d Detail - Grills et Saveurs\" \/>\n<meta property=\"og:description\" content=\"Cette brosse ne se contente pas de nettoyer les grilles de cuisson de toutes tailles. Elle est parfaite pour brosser les aliments cuits, la graisse et les d\u00e9bris sur les br\u00fbleurs, les barres d&#039;aromatisation et autres petits espaces. Le long manche antid\u00e9rapant offre une prise s\u00fbre qui vous permet de frotter les endroits difficiles \u00e0 nettoyer \u00e0 l&#039;int\u00e9rieur de votre gril. Utilisez cette brosse \u00e0 grill pour nettoyer avant chaque utilisation afin que votre grill dure plus longtemps et que votre prochain repas soit aussi d\u00e9licieux que le pr\u00e9c\u00e9dent.- Le manche de 18 pouces permet d&#039;atteindre et de nettoyer toutes les zones du grill.- Poign\u00e9e confortable pour faire levier lors du nettoyage d&#039;aliments coll\u00e9s- Boucle pour suspendre la brosse et la ranger facilement- Garantie de 2 ans\" \/>\n<meta property=\"og:url\" content=\"https:\/\/www.grills-saveurs.ch\/fr\/produit\/brosse-pour-grill-18-detail\/\" \/>\n<meta property=\"og:site_name\" content=\"Grills et Saveurs\" \/>\n<meta property=\"og:image\" content=\"https:\/\/www.grills-saveurs.ch\/fr\/wp-content\/uploads\/2024\/04\/6279A_1800x1800_Rev1.png\" \/>\n\t<meta property=\"og:image:width\" content=\"800\" \/>\n\t<meta property=\"og:image:height\" content=\"800\" \/>\n\t<meta property=\"og:image:type\" content=\"image\/png\" \/>\n<meta name=\"twitter:card\" content=\"summary_large_image\" \/>\n<meta name=\"twitter:label1\" content=\"Dur\u00e9e de lecture estim\u00e9e\" \/>\n\t<meta name=\"twitter:data1\" content=\"1 minute\" \/>\n<script type=\"application\/ld+json\" class=\"yoast-schema-graph\">{\"@context\":\"https:\/\/schema.org\",\"@graph\":[{\"@type\":\"WebSite\",\"@id\":\"https:\/\/www.grills-saveurs.ch\/fr\/#website\",\"url\":\"https:\/\/www.grills-saveurs.ch\/fr\/\",\"name\":\"Grills et Saveurs\",\"description\":\"Barbecues, Grills, Planchas, Chemin\u00e9es jardin - Lausanne, Suisse Romande\",\"potentialAction\":[{\"@type\":\"SearchAction\",\"target\":{\"@type\":\"EntryPoint\",\"urlTemplate\":\"https:\/\/www.grills-saveurs.ch\/fr\/?s={search_term_string}\"},\"query-input\":\"required name=search_term_string\"}],\"inLanguage\":\"fr-FR\"},{\"@type\":\"ImageObject\",\"@id\":\"https:\/\/www.grills-saveurs.ch\/fr\/produit\/brosse-pour-grill-18-detail\/#primaryimage\",\"inLanguage\":\"fr-FR\",\"url\":\"https:\/\/www.grills-saveurs.ch\/fr\/wp-content\/uploads\/2024\/04\/6279A_1800x1800_Rev1.png\",\"contentUrl\":\"https:\/\/www.grills-saveurs.ch\/fr\/wp-content\/uploads\/2024\/04\/6279A_1800x1800_Rev1.png\",\"width\":800,\"height\":800},{\"@type\":\"WebPage\",\"@id\":\"https:\/\/www.grills-saveurs.ch\/fr\/produit\/brosse-pour-grill-18-detail\/#webpage\",\"url\":\"https:\/\/www.grills-saveurs.ch\/fr\/produit\/brosse-pour-grill-18-detail\/\",\"name\":\"Brosse pour grill - 18\u201d Detail - Grills et Saveurs\",\"isPartOf\":{\"@id\":\"https:\/\/www.grills-saveurs.ch\/fr\/#website\"},\"primaryImageOfPage\":{\"@id\":\"https:\/\/www.grills-saveurs.ch\/fr\/produit\/brosse-pour-grill-18-detail\/#primaryimage\"},\"datePublished\":\"2024-04-08T07:24:26+00:00\",\"dateModified\":\"2024-04-08T07:24:26+00:00\",\"description\":\"Cette brosse ne se contente pas de nettoyer les grilles de cuisson de toutes tailles. Elle est parfaite pour brosser les aliments cuits, la graisse et les d\u00e9bris sur les br\u00fbleurs, les barres d'aromatisation et autres petits espaces. Le long manche antid\u00e9rapant offre une prise s\u00fbre qui vous permet de frotter les endroits difficiles \u00e0 nettoyer \u00e0 l'int\u00e9rieur de votre gril. Utilisez cette brosse \u00e0 grill pour nettoyer avant chaque utilisation afin que votre grill dure plus longtemps et que votre prochain repas soit aussi d\u00e9licieux que le pr\u00e9c\u00e9dent.- Le manche de 18 pouces permet d'atteindre et de nettoyer toutes les zones du grill.- Poign\u00e9e confortable pour faire levier lors du nettoyage d'aliments coll\u00e9s- Boucle pour suspendre la brosse et la ranger facilement- Garantie de 2 ans\",\"breadcrumb\":{\"@id\":\"https:\/\/www.grills-saveurs.ch\/fr\/produit\/brosse-pour-grill-18-detail\/#breadcrumb\"},\"inLanguage\":\"fr-FR\",\"potentialAction\":[{\"@type\":\"ReadAction\",\"target\":[\"https:\/\/www.grills-saveurs.ch\/fr\/produit\/brosse-pour-grill-18-detail\/\"]}]},{\"@type\":\"BreadcrumbList\",\"@id\":\"https:\/\/www.grills-saveurs.ch\/fr\/produit\/brosse-pour-grill-18-detail\/#breadcrumb\",\"itemListElement\":[{\"@type\":\"ListItem\",\"position\":1,\"name\":\"Accueil\",\"item\":\"https:\/\/www.grills-saveurs.ch\/fr\/\"},{\"@type\":\"ListItem\",\"position\":2,\"name\":\"Shop \/ Boutique\",\"item\":\"https:\/\/www.grills-saveurs.ch\/fr\/boutique\/\"},{\"@type\":\"ListItem\",\"position\":3,\"name\":\"Brosse pour grill &#8211; 18\u201d Detail\"}]}]}<\/script>\n<!-- \/ Yoast SEO plugin. -->","yoast_head_json":{"title":"Brosse pour grill - 18\u201d Detail - Grills et Saveurs","description":"Cette brosse ne se contente pas de nettoyer les grilles de cuisson de toutes tailles. Elle est parfaite pour brosser les aliments cuits, la graisse et les d\u00e9bris sur les br\u00fbleurs, les barres d'aromatisation et autres petits espaces. Le long manche antid\u00e9rapant offre une prise s\u00fbre qui vous permet de frotter les endroits difficiles \u00e0 nettoyer \u00e0 l'int\u00e9rieur de votre gril. Utilisez cette brosse \u00e0 grill pour nettoyer avant chaque utilisation afin que votre grill dure plus longtemps et que votre prochain repas soit aussi d\u00e9licieux que le pr\u00e9c\u00e9dent.- Le manche de 18 pouces permet d'atteindre et de nettoyer toutes les zones du grill.- Poign\u00e9e confortable pour faire levier lors du nettoyage d'aliments coll\u00e9s- Boucle pour suspendre la brosse et la ranger facilement- Garantie de 2 ans","robots":{"index":"index","follow":"follow","max-snippet":"max-snippet:-1","max-image-preview":"max-image-preview:large","max-video-preview":"max-video-preview:-1"},"canonical":"https:\/\/www.grills-saveurs.ch\/fr\/produit\/brosse-pour-grill-18-detail\/","og_locale":"fr_FR","og_type":"article","og_title":"Brosse pour grill - 18\u201d Detail - Grills et Saveurs","og_description":"Cette brosse ne se contente pas de nettoyer les grilles de cuisson de toutes tailles. Elle est parfaite pour brosser les aliments cuits, la graisse et les d\u00e9bris sur les br\u00fbleurs, les barres d'aromatisation et autres petits espaces. Le long manche antid\u00e9rapant offre une prise s\u00fbre qui vous permet de frotter les endroits difficiles \u00e0 nettoyer \u00e0 l'int\u00e9rieur de votre gril. Utilisez cette brosse \u00e0 grill pour nettoyer avant chaque utilisation afin que votre grill dure plus longtemps et que votre prochain repas soit aussi d\u00e9licieux que le pr\u00e9c\u00e9dent.- Le manche de 18 pouces permet d'atteindre et de nettoyer toutes les zones du grill.- Poign\u00e9e confortable pour faire levier lors du nettoyage d'aliments coll\u00e9s- Boucle pour suspendre la brosse et la ranger facilement- Garantie de 2 ans","og_url":"https:\/\/www.grills-saveurs.ch\/fr\/produit\/brosse-pour-grill-18-detail\/","og_site_name":"Grills et Saveurs","og_image":[{"width":800,"height":800,"url":"https:\/\/www.grills-saveurs.ch\/fr\/wp-content\/uploads\/2024\/04\/6279A_1800x1800_Rev1.png","type":"image\/png"}],"twitter_card":"summary_large_image","twitter_misc":{"Dur\u00e9e de lecture estim\u00e9e":"1 minute"},"schema":{"@context":"https:\/\/schema.org","@graph":[{"@type":"WebSite","@id":"https:\/\/www.grills-saveurs.ch\/fr\/#website","url":"https:\/\/www.grills-saveurs.ch\/fr\/","name":"Grills et Saveurs","description":"Barbecues, Grills, Planchas, Chemin\u00e9es jardin - Lausanne, Suisse Romande","potentialAction":[{"@type":"SearchAction","target":{"@type":"EntryPoint","urlTemplate":"https:\/\/www.grills-saveurs.ch\/fr\/?s={search_term_string}"},"query-input":"required name=search_term_string"}],"inLanguage":"fr-FR"},{"@type":"ImageObject","@id":"https:\/\/www.grills-saveurs.ch\/fr\/produit\/brosse-pour-grill-18-detail\/#primaryimage","inLanguage":"fr-FR","url":"https:\/\/www.grills-saveurs.ch\/fr\/wp-content\/uploads\/2024\/04\/6279A_1800x1800_Rev1.png","contentUrl":"https:\/\/www.grills-saveurs.ch\/fr\/wp-content\/uploads\/2024\/04\/6279A_1800x1800_Rev1.png","width":800,"height":800},{"@type":"WebPage","@id":"https:\/\/www.grills-saveurs.ch\/fr\/produit\/brosse-pour-grill-18-detail\/#webpage","url":"https:\/\/www.grills-saveurs.ch\/fr\/produit\/brosse-pour-grill-18-detail\/","name":"Brosse pour grill - 18\u201d Detail - Grills et Saveurs","isPartOf":{"@id":"https:\/\/www.grills-saveurs.ch\/fr\/#website"},"primaryImageOfPage":{"@id":"https:\/\/www.grills-saveurs.ch\/fr\/produit\/brosse-pour-grill-18-detail\/#primaryimage"},"datePublished":"2024-04-08T07:24:26+00:00","dateModified":"2024-04-08T07:24:26+00:00","description":"Cette brosse ne se contente pas de nettoyer les grilles de cuisson de toutes tailles. Elle est parfaite pour brosser les aliments cuits, la graisse et les d\u00e9bris sur les br\u00fbleurs, les barres d'aromatisation et autres petits espaces. Le long manche antid\u00e9rapant offre une prise s\u00fbre qui vous permet de frotter les endroits difficiles \u00e0 nettoyer \u00e0 l'int\u00e9rieur de votre gril. Utilisez cette brosse \u00e0 grill pour nettoyer avant chaque utilisation afin que votre grill dure plus longtemps et que votre prochain repas soit aussi d\u00e9licieux que le pr\u00e9c\u00e9dent.- Le manche de 18 pouces permet d'atteindre et de nettoyer toutes les zones du grill.- Poign\u00e9e confortable pour faire levier lors du nettoyage d'aliments coll\u00e9s- Boucle pour suspendre la brosse et la ranger facilement- Garantie de 2 ans","breadcrumb":{"@id":"https:\/\/www.grills-saveurs.ch\/fr\/produit\/brosse-pour-grill-18-detail\/#breadcrumb"},"inLanguage":"fr-FR","potentialAction":[{"@type":"ReadAction","target":["https:\/\/www.grills-saveurs.ch\/fr\/produit\/brosse-pour-grill-18-detail\/"]}]},{"@type":"BreadcrumbList","@id":"https:\/\/www.grills-saveurs.ch\/fr\/produit\/brosse-pour-grill-18-detail\/#breadcrumb","itemListElement":[{"@type":"ListItem","position":1,"name":"Accueil","item":"https:\/\/www.grills-saveurs.ch\/fr\/"},{"@type":"ListItem","position":2,"name":"Shop \/ Boutique","item":"https:\/\/www.grills-saveurs.ch\/fr\/boutique\/"},{"@type":"ListItem","position":3,"name":"Brosse pour grill &#8211; 18\u201d Detail"}]}]}},"_links":{"self":[{"href":"https:\/\/www.grills-saveurs.ch\/fr\/wp-json\/wp\/v2\/product\/9429"}],"collection":[{"href":"https:\/\/www.grills-saveurs.ch\/fr\/wp-json\/wp\/v2\/product"}],"about":[{"href":"https:\/\/www.grills-saveurs.ch\/fr\/wp-json\/wp\/v2\/types\/product"}],"wp:featuredmedia":[{"embeddable":true,"href":"https:\/\/www.grills-saveurs.ch\/fr\/wp-json\/wp\/v2\/media\/9431"}],"wp:attachment":[{"href":"https:\/\/www.grills-saveurs.ch\/fr\/wp-json\/wp\/v2\/media?parent=9429"}],"wp:term":[{"taxonomy":"product_cat","embeddable":true,"href":"https:\/\/www.grills-saveurs.ch\/fr\/wp-json\/wp\/v2\/product_cat?post=9429"},{"taxonomy":"product_tag","embeddable":true,"href":"https:\/\/www.grills-saveurs.ch\/fr\/wp-json\/wp\/v2\/product_tag?post=9429"}],"curies":[{"name":"wp","href":"https:\/\/api.w.org\/{rel}","templated":true}]}}