{"id":9434,"date":"2024-04-08T09:24:26","date_gmt":"2024-04-08T07:24:26","guid":{"rendered":"https:\/\/www.grills-saveurs.ch\/fr\/?post_type=product&#038;p=9434"},"modified":"2024-10-03T16:04:14","modified_gmt":"2024-10-03T14:04:14","slug":"brosse-de-nettoyage-en-forme-de-t-30-cm","status":"publish","type":"product","link":"https:\/\/www.grills-saveurs.ch\/fr\/produit\/brosse-de-nettoyage-en-forme-de-t-30-cm\/","title":{"rendered":"Brosse de nettoyage &#8211; en forme de T, 30 cm"},"content":{"rendered":"<p>Cette brosse pour grille \u00e0 trois c\u00f4t\u00e9s est con\u00e7ue pour enlever la graisse et les d\u00e9bris de cuisson de toutes tailles. Le design de la poign\u00e9e procure une bonne prise en main lors du brossage des aliments coll\u00e9s ou lors du nettoyage des espaces restreints. Utilisez la brosse pour grille pour nettoyer vos grilles de cuisson avant chaque utilisation pour que votre barbecue dure plus longtemps et que chaque repas soit aussi d\u00e9licieux que le pr\u00e9c\u00e9dent.<\/p>\n<p>\u2022 \u00a0Le design de la brosse \u00e0 trois c\u00f4t\u00e9s permet de nettoyer rapidement de grandes surfaces<br \/>\n\u2022 Les c\u00f4t\u00e9s plus courts nettoient les bords et d\u00e9tachent les d\u00e9bris entre les grilles<br \/>\n\u2022 Poign\u00e9e confortable pour soulever et nettoyer les aliments coll\u00e9s<br \/>\n\u2022 30 cm de long pour atteindre toute la surface de la grille<br \/>\n\u2022 Boucle pour accrocher la brosse pour un rangement facile<br \/>\n\u2022 Garantie 2\u00a0ans<\/p>\n","protected":false},"excerpt":{"rendered":"<p>WB-6277<\/p>\n","protected":false},"featured_media":9437,"template":"","meta":[],"product_cat":[167],"product_tag":[],"yoast_head":"<!-- This site is optimized with the Yoast SEO plugin v18.2 - https:\/\/yoast.com\/wordpress\/plugins\/seo\/ -->\n<title>Brosse de nettoyage - en forme de T, 30 cm - Grills et Saveurs<\/title>\n<meta name=\"description\" content=\"Cette brosse pour grille \u00e0 trois c\u00f4t\u00e9s est con\u00e7ue pour enlever la graisse et les d\u00e9bris de cuisson de toutes tailles. Le design de la poign\u00e9e procure une bonne prise en main lors du brossage des aliments coll\u00e9s ou lors du nettoyage des espaces restreints. Utilisez la brosse pour grille pour nettoyer vos grilles de cuisson avant chaque utilisation pour que votre barbecue dure plus longtemps et que chaque repas soit aussi d\u00e9licieux que le pr\u00e9c\u00e9dent.\u2022 Le design de la brosse \u00e0 trois c\u00f4t\u00e9s permet de nettoyer rapidement de grandes surfaces\u2022 Les c\u00f4t\u00e9s plus courts nettoient les bords et d\u00e9tachent les d\u00e9bris entre les grilles\u2022 Poign\u00e9e confortable pour soulever et nettoyer les aliments coll\u00e9s\u2022 30 cm de long pour atteindre toute la surface de la grille\u2022 Boucle pour accrocher la brosse pour un rangement facile\u2022 Garantie 2 ans\" \/>\n<meta name=\"robots\" content=\"index, follow, max-snippet:-1, max-image-preview:large, max-video-preview:-1\" \/>\n<link rel=\"canonical\" href=\"https:\/\/www.grills-saveurs.ch\/fr\/produit\/brosse-de-nettoyage-en-forme-de-t-30-cm\/\" \/>\n<meta property=\"og:locale\" content=\"fr_FR\" \/>\n<meta property=\"og:type\" content=\"article\" \/>\n<meta property=\"og:title\" content=\"Brosse de nettoyage - en forme de T, 30 cm - Grills et Saveurs\" \/>\n<meta property=\"og:description\" content=\"Cette brosse pour grille \u00e0 trois c\u00f4t\u00e9s est con\u00e7ue pour enlever la graisse et les d\u00e9bris de cuisson de toutes tailles. Le design de la poign\u00e9e procure une bonne prise en main lors du brossage des aliments coll\u00e9s ou lors du nettoyage des espaces restreints. Utilisez la brosse pour grille pour nettoyer vos grilles de cuisson avant chaque utilisation pour que votre barbecue dure plus longtemps et que chaque repas soit aussi d\u00e9licieux que le pr\u00e9c\u00e9dent.\u2022 Le design de la brosse \u00e0 trois c\u00f4t\u00e9s permet de nettoyer rapidement de grandes surfaces\u2022 Les c\u00f4t\u00e9s plus courts nettoient les bords et d\u00e9tachent les d\u00e9bris entre les grilles\u2022 Poign\u00e9e confortable pour soulever et nettoyer les aliments coll\u00e9s\u2022 30 cm de long pour atteindre toute la surface de la grille\u2022 Boucle pour accrocher la brosse pour un rangement facile\u2022 Garantie 2 ans\" \/>\n<meta property=\"og:url\" content=\"https:\/\/www.grills-saveurs.ch\/fr\/produit\/brosse-de-nettoyage-en-forme-de-t-30-cm\/\" \/>\n<meta property=\"og:site_name\" content=\"Grills et Saveurs\" \/>\n<meta property=\"article:modified_time\" content=\"2024-10-03T14:04:14+00:00\" \/>\n<meta property=\"og:image\" content=\"https:\/\/www.grills-saveurs.ch\/fr\/wp-content\/uploads\/2024\/04\/6277A_1800x1800_Rev1.png\" \/>\n\t<meta property=\"og:image:width\" content=\"800\" \/>\n\t<meta property=\"og:image:height\" content=\"800\" \/>\n\t<meta property=\"og:image:type\" content=\"image\/png\" \/>\n<meta name=\"twitter:card\" content=\"summary_large_image\" \/>\n<meta name=\"twitter:label1\" content=\"Dur\u00e9e de lecture estim\u00e9e\" \/>\n\t<meta name=\"twitter:data1\" content=\"1 minute\" \/>\n<script type=\"application\/ld+json\" class=\"yoast-schema-graph\">{\"@context\":\"https:\/\/schema.org\",\"@graph\":[{\"@type\":\"WebSite\",\"@id\":\"https:\/\/www.grills-saveurs.ch\/fr\/#website\",\"url\":\"https:\/\/www.grills-saveurs.ch\/fr\/\",\"name\":\"Grills et Saveurs\",\"description\":\"Barbecues, Grills, Planchas, Chemin\u00e9es jardin - Lausanne, Suisse Romande\",\"potentialAction\":[{\"@type\":\"SearchAction\",\"target\":{\"@type\":\"EntryPoint\",\"urlTemplate\":\"https:\/\/www.grills-saveurs.ch\/fr\/?s={search_term_string}\"},\"query-input\":\"required name=search_term_string\"}],\"inLanguage\":\"fr-FR\"},{\"@type\":\"ImageObject\",\"@id\":\"https:\/\/www.grills-saveurs.ch\/fr\/produit\/brosse-de-nettoyage-en-forme-de-t-30-cm\/#primaryimage\",\"inLanguage\":\"fr-FR\",\"url\":\"https:\/\/www.grills-saveurs.ch\/fr\/wp-content\/uploads\/2024\/04\/6277A_1800x1800_Rev1.png\",\"contentUrl\":\"https:\/\/www.grills-saveurs.ch\/fr\/wp-content\/uploads\/2024\/04\/6277A_1800x1800_Rev1.png\",\"width\":800,\"height\":800},{\"@type\":\"WebPage\",\"@id\":\"https:\/\/www.grills-saveurs.ch\/fr\/produit\/brosse-de-nettoyage-en-forme-de-t-30-cm\/#webpage\",\"url\":\"https:\/\/www.grills-saveurs.ch\/fr\/produit\/brosse-de-nettoyage-en-forme-de-t-30-cm\/\",\"name\":\"Brosse de nettoyage - en forme de T, 30 cm - Grills et Saveurs\",\"isPartOf\":{\"@id\":\"https:\/\/www.grills-saveurs.ch\/fr\/#website\"},\"primaryImageOfPage\":{\"@id\":\"https:\/\/www.grills-saveurs.ch\/fr\/produit\/brosse-de-nettoyage-en-forme-de-t-30-cm\/#primaryimage\"},\"datePublished\":\"2024-04-08T07:24:26+00:00\",\"dateModified\":\"2024-10-03T14:04:14+00:00\",\"description\":\"Cette brosse pour grille \u00e0 trois c\u00f4t\u00e9s est con\u00e7ue pour enlever la graisse et les d\u00e9bris de cuisson de toutes tailles. Le design de la poign\u00e9e procure une bonne prise en main lors du brossage des aliments coll\u00e9s ou lors du nettoyage des espaces restreints. Utilisez la brosse pour grille pour nettoyer vos grilles de cuisson avant chaque utilisation pour que votre barbecue dure plus longtemps et que chaque repas soit aussi d\u00e9licieux que le pr\u00e9c\u00e9dent.\u2022 Le design de la brosse \u00e0 trois c\u00f4t\u00e9s permet de nettoyer rapidement de grandes surfaces\u2022 Les c\u00f4t\u00e9s plus courts nettoient les bords et d\u00e9tachent les d\u00e9bris entre les grilles\u2022 Poign\u00e9e confortable pour soulever et nettoyer les aliments coll\u00e9s\u2022 30 cm de long pour atteindre toute la surface de la grille\u2022 Boucle pour accrocher la brosse pour un rangement facile\u2022 Garantie 2 ans\",\"breadcrumb\":{\"@id\":\"https:\/\/www.grills-saveurs.ch\/fr\/produit\/brosse-de-nettoyage-en-forme-de-t-30-cm\/#breadcrumb\"},\"inLanguage\":\"fr-FR\",\"potentialAction\":[{\"@type\":\"ReadAction\",\"target\":[\"https:\/\/www.grills-saveurs.ch\/fr\/produit\/brosse-de-nettoyage-en-forme-de-t-30-cm\/\"]}]},{\"@type\":\"BreadcrumbList\",\"@id\":\"https:\/\/www.grills-saveurs.ch\/fr\/produit\/brosse-de-nettoyage-en-forme-de-t-30-cm\/#breadcrumb\",\"itemListElement\":[{\"@type\":\"ListItem\",\"position\":1,\"name\":\"Accueil\",\"item\":\"https:\/\/www.grills-saveurs.ch\/fr\/\"},{\"@type\":\"ListItem\",\"position\":2,\"name\":\"Shop \/ Boutique\",\"item\":\"https:\/\/www.grills-saveurs.ch\/fr\/boutique\/\"},{\"@type\":\"ListItem\",\"position\":3,\"name\":\"Brosse de nettoyage &#8211; en forme de T, 30 cm\"}]}]}<\/script>\n<!-- \/ Yoast SEO plugin. -->","yoast_head_json":{"title":"Brosse de nettoyage - en forme de T, 30 cm - Grills et Saveurs","description":"Cette brosse pour grille \u00e0 trois c\u00f4t\u00e9s est con\u00e7ue pour enlever la graisse et les d\u00e9bris de cuisson de toutes tailles. Le design de la poign\u00e9e procure une bonne prise en main lors du brossage des aliments coll\u00e9s ou lors du nettoyage des espaces restreints. Utilisez la brosse pour grille pour nettoyer vos grilles de cuisson avant chaque utilisation pour que votre barbecue dure plus longtemps et que chaque repas soit aussi d\u00e9licieux que le pr\u00e9c\u00e9dent.\u2022 Le design de la brosse \u00e0 trois c\u00f4t\u00e9s permet de nettoyer rapidement de grandes surfaces\u2022 Les c\u00f4t\u00e9s plus courts nettoient les bords et d\u00e9tachent les d\u00e9bris entre les grilles\u2022 Poign\u00e9e confortable pour soulever et nettoyer les aliments coll\u00e9s\u2022 30 cm de long pour atteindre toute la surface de la grille\u2022 Boucle pour accrocher la brosse pour un rangement facile\u2022 Garantie 2 ans","robots":{"index":"index","follow":"follow","max-snippet":"max-snippet:-1","max-image-preview":"max-image-preview:large","max-video-preview":"max-video-preview:-1"},"canonical":"https:\/\/www.grills-saveurs.ch\/fr\/produit\/brosse-de-nettoyage-en-forme-de-t-30-cm\/","og_locale":"fr_FR","og_type":"article","og_title":"Brosse de nettoyage - en forme de T, 30 cm - Grills et Saveurs","og_description":"Cette brosse pour grille \u00e0 trois c\u00f4t\u00e9s est con\u00e7ue pour enlever la graisse et les d\u00e9bris de cuisson de toutes tailles. Le design de la poign\u00e9e procure une bonne prise en main lors du brossage des aliments coll\u00e9s ou lors du nettoyage des espaces restreints. Utilisez la brosse pour grille pour nettoyer vos grilles de cuisson avant chaque utilisation pour que votre barbecue dure plus longtemps et que chaque repas soit aussi d\u00e9licieux que le pr\u00e9c\u00e9dent.\u2022 Le design de la brosse \u00e0 trois c\u00f4t\u00e9s permet de nettoyer rapidement de grandes surfaces\u2022 Les c\u00f4t\u00e9s plus courts nettoient les bords et d\u00e9tachent les d\u00e9bris entre les grilles\u2022 Poign\u00e9e confortable pour soulever et nettoyer les aliments coll\u00e9s\u2022 30 cm de long pour atteindre toute la surface de la grille\u2022 Boucle pour accrocher la brosse pour un rangement facile\u2022 Garantie 2 ans","og_url":"https:\/\/www.grills-saveurs.ch\/fr\/produit\/brosse-de-nettoyage-en-forme-de-t-30-cm\/","og_site_name":"Grills et Saveurs","article_modified_time":"2024-10-03T14:04:14+00:00","og_image":[{"width":800,"height":800,"url":"https:\/\/www.grills-saveurs.ch\/fr\/wp-content\/uploads\/2024\/04\/6277A_1800x1800_Rev1.png","type":"image\/png"}],"twitter_card":"summary_large_image","twitter_misc":{"Dur\u00e9e de lecture estim\u00e9e":"1 minute"},"schema":{"@context":"https:\/\/schema.org","@graph":[{"@type":"WebSite","@id":"https:\/\/www.grills-saveurs.ch\/fr\/#website","url":"https:\/\/www.grills-saveurs.ch\/fr\/","name":"Grills et Saveurs","description":"Barbecues, Grills, Planchas, Chemin\u00e9es jardin - Lausanne, Suisse Romande","potentialAction":[{"@type":"SearchAction","target":{"@type":"EntryPoint","urlTemplate":"https:\/\/www.grills-saveurs.ch\/fr\/?s={search_term_string}"},"query-input":"required name=search_term_string"}],"inLanguage":"fr-FR"},{"@type":"ImageObject","@id":"https:\/\/www.grills-saveurs.ch\/fr\/produit\/brosse-de-nettoyage-en-forme-de-t-30-cm\/#primaryimage","inLanguage":"fr-FR","url":"https:\/\/www.grills-saveurs.ch\/fr\/wp-content\/uploads\/2024\/04\/6277A_1800x1800_Rev1.png","contentUrl":"https:\/\/www.grills-saveurs.ch\/fr\/wp-content\/uploads\/2024\/04\/6277A_1800x1800_Rev1.png","width":800,"height":800},{"@type":"WebPage","@id":"https:\/\/www.grills-saveurs.ch\/fr\/produit\/brosse-de-nettoyage-en-forme-de-t-30-cm\/#webpage","url":"https:\/\/www.grills-saveurs.ch\/fr\/produit\/brosse-de-nettoyage-en-forme-de-t-30-cm\/","name":"Brosse de nettoyage - en forme de T, 30 cm - Grills et Saveurs","isPartOf":{"@id":"https:\/\/www.grills-saveurs.ch\/fr\/#website"},"primaryImageOfPage":{"@id":"https:\/\/www.grills-saveurs.ch\/fr\/produit\/brosse-de-nettoyage-en-forme-de-t-30-cm\/#primaryimage"},"datePublished":"2024-04-08T07:24:26+00:00","dateModified":"2024-10-03T14:04:14+00:00","description":"Cette brosse pour grille \u00e0 trois c\u00f4t\u00e9s est con\u00e7ue pour enlever la graisse et les d\u00e9bris de cuisson de toutes tailles. Le design de la poign\u00e9e procure une bonne prise en main lors du brossage des aliments coll\u00e9s ou lors du nettoyage des espaces restreints. Utilisez la brosse pour grille pour nettoyer vos grilles de cuisson avant chaque utilisation pour que votre barbecue dure plus longtemps et que chaque repas soit aussi d\u00e9licieux que le pr\u00e9c\u00e9dent.\u2022 Le design de la brosse \u00e0 trois c\u00f4t\u00e9s permet de nettoyer rapidement de grandes surfaces\u2022 Les c\u00f4t\u00e9s plus courts nettoient les bords et d\u00e9tachent les d\u00e9bris entre les grilles\u2022 Poign\u00e9e confortable pour soulever et nettoyer les aliments coll\u00e9s\u2022 30 cm de long pour atteindre toute la surface de la grille\u2022 Boucle pour accrocher la brosse pour un rangement facile\u2022 Garantie 2 ans","breadcrumb":{"@id":"https:\/\/www.grills-saveurs.ch\/fr\/produit\/brosse-de-nettoyage-en-forme-de-t-30-cm\/#breadcrumb"},"inLanguage":"fr-FR","potentialAction":[{"@type":"ReadAction","target":["https:\/\/www.grills-saveurs.ch\/fr\/produit\/brosse-de-nettoyage-en-forme-de-t-30-cm\/"]}]},{"@type":"BreadcrumbList","@id":"https:\/\/www.grills-saveurs.ch\/fr\/produit\/brosse-de-nettoyage-en-forme-de-t-30-cm\/#breadcrumb","itemListElement":[{"@type":"ListItem","position":1,"name":"Accueil","item":"https:\/\/www.grills-saveurs.ch\/fr\/"},{"@type":"ListItem","position":2,"name":"Shop \/ Boutique","item":"https:\/\/www.grills-saveurs.ch\/fr\/boutique\/"},{"@type":"ListItem","position":3,"name":"Brosse de nettoyage &#8211; en forme de T, 30 cm"}]}]}},"_links":{"self":[{"href":"https:\/\/www.grills-saveurs.ch\/fr\/wp-json\/wp\/v2\/product\/9434"}],"collection":[{"href":"https:\/\/www.grills-saveurs.ch\/fr\/wp-json\/wp\/v2\/product"}],"about":[{"href":"https:\/\/www.grills-saveurs.ch\/fr\/wp-json\/wp\/v2\/types\/product"}],"wp:featuredmedia":[{"embeddable":true,"href":"https:\/\/www.grills-saveurs.ch\/fr\/wp-json\/wp\/v2\/media\/9437"}],"wp:attachment":[{"href":"https:\/\/www.grills-saveurs.ch\/fr\/wp-json\/wp\/v2\/media?parent=9434"}],"wp:term":[{"taxonomy":"product_cat","embeddable":true,"href":"https:\/\/www.grills-saveurs.ch\/fr\/wp-json\/wp\/v2\/product_cat?post=9434"},{"taxonomy":"product_tag","embeddable":true,"href":"https:\/\/www.grills-saveurs.ch\/fr\/wp-json\/wp\/v2\/product_tag?post=9434"}],"curies":[{"name":"wp","href":"https:\/\/api.w.org\/{rel}","templated":true}]}}