{"id":9449,"date":"2024-04-08T09:24:27","date_gmt":"2024-04-08T07:24:27","guid":{"rendered":"https:\/\/www.grills-saveurs.ch\/fr\/?post_type=product&#038;p=9449"},"modified":"2024-04-08T09:24:27","modified_gmt":"2024-04-08T07:24:27","slug":"produit-nettoyant-pour-lemail-weber-300ml","status":"publish","type":"product","link":"https:\/\/www.grills-saveurs.ch\/fr\/produit\/produit-nettoyant-pour-lemail-weber-300ml\/","title":{"rendered":"Produit nettoyant pour l&rsquo;\u00e9mail Weber, 300ml"},"content":{"rendered":"<p>Traitez votre barbecue avec amour pour que l&rsquo;\u00e9mail garde toute sa brillance et offre les meilleures conditions pour cuisiner au barbecue. Vaporisez le nettoyant \u00e9mail \u00e0 l&rsquo;int\u00e9rieur et \u00e0 l&rsquo;ext\u00e9rieur du barbecue une fois qu&rsquo;il a refroidi et essuyez. Il contribue \u00e0 dissoudre la graisse et la salet\u00e9 et permet d&rsquo;obtenir un barbecue comme neuf.<\/p>\n","protected":false},"excerpt":{"rendered":"<p>WB-17684<\/p>\n","protected":false},"featured_media":9450,"template":"","meta":[],"product_cat":[70,122],"product_tag":[],"yoast_head":"<!-- This site is optimized with the Yoast SEO plugin v18.2 - https:\/\/yoast.com\/wordpress\/plugins\/seo\/ -->\n<title>Produit nettoyant pour l&#039;\u00e9mail Weber, 300ml - Grills et Saveurs<\/title>\n<meta name=\"description\" content=\"Traitez votre barbecue avec amour pour que l&#039;\u00e9mail garde toute sa brillance et offre les meilleures conditions pour cuisiner au barbecue. Vaporisez le nettoyant \u00e9mail \u00e0 l&#039;int\u00e9rieur et \u00e0 l&#039;ext\u00e9rieur du barbecue une fois qu&#039;il a refroidi et essuyez. Il contribue \u00e0 dissoudre la graisse et la salet\u00e9 et permet d&#039;obtenir un barbecue comme neuf.\" \/>\n<meta name=\"robots\" content=\"index, follow, max-snippet:-1, max-image-preview:large, max-video-preview:-1\" \/>\n<link rel=\"canonical\" href=\"https:\/\/www.grills-saveurs.ch\/fr\/produit\/produit-nettoyant-pour-lemail-weber-300ml\/\" \/>\n<meta property=\"og:locale\" content=\"fr_FR\" \/>\n<meta property=\"og:type\" content=\"article\" \/>\n<meta property=\"og:title\" content=\"Produit nettoyant pour l&#039;\u00e9mail Weber, 300ml - Grills et Saveurs\" \/>\n<meta property=\"og:description\" content=\"Traitez votre barbecue avec amour pour que l&#039;\u00e9mail garde toute sa brillance et offre les meilleures conditions pour cuisiner au barbecue. Vaporisez le nettoyant \u00e9mail \u00e0 l&#039;int\u00e9rieur et \u00e0 l&#039;ext\u00e9rieur du barbecue une fois qu&#039;il a refroidi et essuyez. Il contribue \u00e0 dissoudre la graisse et la salet\u00e9 et permet d&#039;obtenir un barbecue comme neuf.\" \/>\n<meta property=\"og:url\" content=\"https:\/\/www.grills-saveurs.ch\/fr\/produit\/produit-nettoyant-pour-lemail-weber-300ml\/\" \/>\n<meta property=\"og:site_name\" content=\"Grills et Saveurs\" \/>\n<meta property=\"og:image\" content=\"https:\/\/www.grills-saveurs.ch\/fr\/wp-content\/uploads\/2024\/04\/17684.png\" \/>\n\t<meta property=\"og:image:width\" content=\"800\" \/>\n\t<meta property=\"og:image:height\" content=\"800\" \/>\n\t<meta property=\"og:image:type\" content=\"image\/png\" \/>\n<meta name=\"twitter:card\" content=\"summary_large_image\" \/>\n<script type=\"application\/ld+json\" class=\"yoast-schema-graph\">{\"@context\":\"https:\/\/schema.org\",\"@graph\":[{\"@type\":\"WebSite\",\"@id\":\"https:\/\/www.grills-saveurs.ch\/fr\/#website\",\"url\":\"https:\/\/www.grills-saveurs.ch\/fr\/\",\"name\":\"Grills et Saveurs\",\"description\":\"Barbecues, Grills, Planchas, Chemin\u00e9es jardin - Lausanne, Suisse Romande\",\"potentialAction\":[{\"@type\":\"SearchAction\",\"target\":{\"@type\":\"EntryPoint\",\"urlTemplate\":\"https:\/\/www.grills-saveurs.ch\/fr\/?s={search_term_string}\"},\"query-input\":\"required name=search_term_string\"}],\"inLanguage\":\"fr-FR\"},{\"@type\":\"ImageObject\",\"@id\":\"https:\/\/www.grills-saveurs.ch\/fr\/produit\/produit-nettoyant-pour-lemail-weber-300ml\/#primaryimage\",\"inLanguage\":\"fr-FR\",\"url\":\"https:\/\/www.grills-saveurs.ch\/fr\/wp-content\/uploads\/2024\/04\/17684.png\",\"contentUrl\":\"https:\/\/www.grills-saveurs.ch\/fr\/wp-content\/uploads\/2024\/04\/17684.png\",\"width\":800,\"height\":800},{\"@type\":\"WebPage\",\"@id\":\"https:\/\/www.grills-saveurs.ch\/fr\/produit\/produit-nettoyant-pour-lemail-weber-300ml\/#webpage\",\"url\":\"https:\/\/www.grills-saveurs.ch\/fr\/produit\/produit-nettoyant-pour-lemail-weber-300ml\/\",\"name\":\"Produit nettoyant pour l'\u00e9mail Weber, 300ml - Grills et Saveurs\",\"isPartOf\":{\"@id\":\"https:\/\/www.grills-saveurs.ch\/fr\/#website\"},\"primaryImageOfPage\":{\"@id\":\"https:\/\/www.grills-saveurs.ch\/fr\/produit\/produit-nettoyant-pour-lemail-weber-300ml\/#primaryimage\"},\"datePublished\":\"2024-04-08T07:24:27+00:00\",\"dateModified\":\"2024-04-08T07:24:27+00:00\",\"description\":\"Traitez votre barbecue avec amour pour que l'\u00e9mail garde toute sa brillance et offre les meilleures conditions pour cuisiner au barbecue. Vaporisez le nettoyant \u00e9mail \u00e0 l'int\u00e9rieur et \u00e0 l'ext\u00e9rieur du barbecue une fois qu'il a refroidi et essuyez. Il contribue \u00e0 dissoudre la graisse et la salet\u00e9 et permet d'obtenir un barbecue comme neuf.\",\"breadcrumb\":{\"@id\":\"https:\/\/www.grills-saveurs.ch\/fr\/produit\/produit-nettoyant-pour-lemail-weber-300ml\/#breadcrumb\"},\"inLanguage\":\"fr-FR\",\"potentialAction\":[{\"@type\":\"ReadAction\",\"target\":[\"https:\/\/www.grills-saveurs.ch\/fr\/produit\/produit-nettoyant-pour-lemail-weber-300ml\/\"]}]},{\"@type\":\"BreadcrumbList\",\"@id\":\"https:\/\/www.grills-saveurs.ch\/fr\/produit\/produit-nettoyant-pour-lemail-weber-300ml\/#breadcrumb\",\"itemListElement\":[{\"@type\":\"ListItem\",\"position\":1,\"name\":\"Accueil\",\"item\":\"https:\/\/www.grills-saveurs.ch\/fr\/\"},{\"@type\":\"ListItem\",\"position\":2,\"name\":\"Shop \/ Boutique\",\"item\":\"https:\/\/www.grills-saveurs.ch\/fr\/boutique\/\"},{\"@type\":\"ListItem\",\"position\":3,\"name\":\"Produit nettoyant pour l&rsquo;\u00e9mail Weber, 300ml\"}]}]}<\/script>\n<!-- \/ Yoast SEO plugin. -->","yoast_head_json":{"title":"Produit nettoyant pour l'\u00e9mail Weber, 300ml - Grills et Saveurs","description":"Traitez votre barbecue avec amour pour que l'\u00e9mail garde toute sa brillance et offre les meilleures conditions pour cuisiner au barbecue. Vaporisez le nettoyant \u00e9mail \u00e0 l'int\u00e9rieur et \u00e0 l'ext\u00e9rieur du barbecue une fois qu'il a refroidi et essuyez. Il contribue \u00e0 dissoudre la graisse et la salet\u00e9 et permet d'obtenir un barbecue comme neuf.","robots":{"index":"index","follow":"follow","max-snippet":"max-snippet:-1","max-image-preview":"max-image-preview:large","max-video-preview":"max-video-preview:-1"},"canonical":"https:\/\/www.grills-saveurs.ch\/fr\/produit\/produit-nettoyant-pour-lemail-weber-300ml\/","og_locale":"fr_FR","og_type":"article","og_title":"Produit nettoyant pour l'\u00e9mail Weber, 300ml - Grills et Saveurs","og_description":"Traitez votre barbecue avec amour pour que l'\u00e9mail garde toute sa brillance et offre les meilleures conditions pour cuisiner au barbecue. Vaporisez le nettoyant \u00e9mail \u00e0 l'int\u00e9rieur et \u00e0 l'ext\u00e9rieur du barbecue une fois qu'il a refroidi et essuyez. Il contribue \u00e0 dissoudre la graisse et la salet\u00e9 et permet d'obtenir un barbecue comme neuf.","og_url":"https:\/\/www.grills-saveurs.ch\/fr\/produit\/produit-nettoyant-pour-lemail-weber-300ml\/","og_site_name":"Grills et Saveurs","og_image":[{"width":800,"height":800,"url":"https:\/\/www.grills-saveurs.ch\/fr\/wp-content\/uploads\/2024\/04\/17684.png","type":"image\/png"}],"twitter_card":"summary_large_image","schema":{"@context":"https:\/\/schema.org","@graph":[{"@type":"WebSite","@id":"https:\/\/www.grills-saveurs.ch\/fr\/#website","url":"https:\/\/www.grills-saveurs.ch\/fr\/","name":"Grills et Saveurs","description":"Barbecues, Grills, Planchas, Chemin\u00e9es jardin - Lausanne, Suisse Romande","potentialAction":[{"@type":"SearchAction","target":{"@type":"EntryPoint","urlTemplate":"https:\/\/www.grills-saveurs.ch\/fr\/?s={search_term_string}"},"query-input":"required name=search_term_string"}],"inLanguage":"fr-FR"},{"@type":"ImageObject","@id":"https:\/\/www.grills-saveurs.ch\/fr\/produit\/produit-nettoyant-pour-lemail-weber-300ml\/#primaryimage","inLanguage":"fr-FR","url":"https:\/\/www.grills-saveurs.ch\/fr\/wp-content\/uploads\/2024\/04\/17684.png","contentUrl":"https:\/\/www.grills-saveurs.ch\/fr\/wp-content\/uploads\/2024\/04\/17684.png","width":800,"height":800},{"@type":"WebPage","@id":"https:\/\/www.grills-saveurs.ch\/fr\/produit\/produit-nettoyant-pour-lemail-weber-300ml\/#webpage","url":"https:\/\/www.grills-saveurs.ch\/fr\/produit\/produit-nettoyant-pour-lemail-weber-300ml\/","name":"Produit nettoyant pour l'\u00e9mail Weber, 300ml - Grills et Saveurs","isPartOf":{"@id":"https:\/\/www.grills-saveurs.ch\/fr\/#website"},"primaryImageOfPage":{"@id":"https:\/\/www.grills-saveurs.ch\/fr\/produit\/produit-nettoyant-pour-lemail-weber-300ml\/#primaryimage"},"datePublished":"2024-04-08T07:24:27+00:00","dateModified":"2024-04-08T07:24:27+00:00","description":"Traitez votre barbecue avec amour pour que l'\u00e9mail garde toute sa brillance et offre les meilleures conditions pour cuisiner au barbecue. Vaporisez le nettoyant \u00e9mail \u00e0 l'int\u00e9rieur et \u00e0 l'ext\u00e9rieur du barbecue une fois qu'il a refroidi et essuyez. Il contribue \u00e0 dissoudre la graisse et la salet\u00e9 et permet d'obtenir un barbecue comme neuf.","breadcrumb":{"@id":"https:\/\/www.grills-saveurs.ch\/fr\/produit\/produit-nettoyant-pour-lemail-weber-300ml\/#breadcrumb"},"inLanguage":"fr-FR","potentialAction":[{"@type":"ReadAction","target":["https:\/\/www.grills-saveurs.ch\/fr\/produit\/produit-nettoyant-pour-lemail-weber-300ml\/"]}]},{"@type":"BreadcrumbList","@id":"https:\/\/www.grills-saveurs.ch\/fr\/produit\/produit-nettoyant-pour-lemail-weber-300ml\/#breadcrumb","itemListElement":[{"@type":"ListItem","position":1,"name":"Accueil","item":"https:\/\/www.grills-saveurs.ch\/fr\/"},{"@type":"ListItem","position":2,"name":"Shop \/ Boutique","item":"https:\/\/www.grills-saveurs.ch\/fr\/boutique\/"},{"@type":"ListItem","position":3,"name":"Produit nettoyant pour l&rsquo;\u00e9mail Weber, 300ml"}]}]}},"_links":{"self":[{"href":"https:\/\/www.grills-saveurs.ch\/fr\/wp-json\/wp\/v2\/product\/9449"}],"collection":[{"href":"https:\/\/www.grills-saveurs.ch\/fr\/wp-json\/wp\/v2\/product"}],"about":[{"href":"https:\/\/www.grills-saveurs.ch\/fr\/wp-json\/wp\/v2\/types\/product"}],"wp:featuredmedia":[{"embeddable":true,"href":"https:\/\/www.grills-saveurs.ch\/fr\/wp-json\/wp\/v2\/media\/9450"}],"wp:attachment":[{"href":"https:\/\/www.grills-saveurs.ch\/fr\/wp-json\/wp\/v2\/media?parent=9449"}],"wp:term":[{"taxonomy":"product_cat","embeddable":true,"href":"https:\/\/www.grills-saveurs.ch\/fr\/wp-json\/wp\/v2\/product_cat?post=9449"},{"taxonomy":"product_tag","embeddable":true,"href":"https:\/\/www.grills-saveurs.ch\/fr\/wp-json\/wp\/v2\/product_tag?post=9449"}],"curies":[{"name":"wp","href":"https:\/\/api.w.org\/{rel}","templated":true}]}}