{"id":9452,"date":"2024-04-05T15:42:05","date_gmt":"2024-04-05T13:42:05","guid":{"rendered":"https:\/\/www.grills-saveurs.ch\/fr\/?post_type=product&#038;p=9452"},"modified":"2024-04-08T09:24:30","modified_gmt":"2024-04-08T07:24:30","slug":"insert-ebelskiver-gbs","status":"publish","type":"product","link":"https:\/\/www.grills-saveurs.ch\/fr\/produit\/insert-ebelskiver-gbs\/","title":{"rendered":"Insert Ebelskiver &#8211; GBS"},"content":{"rendered":"<p>Une id\u00e9e venue du Danemark : ce mod\u00e8le en fonte convient non seulement pour les Ebelskiver classiques (une p\u00e2te lev\u00e9e de type berlinois, fourr\u00e9e au choix d&rsquo;une garniture sal\u00e9e (p. ex. lard) ou sucr\u00e9e (p. ex. confiture)), mais a \u00e9galement d\u00e9j\u00e0 \u00e9t\u00e9 utilis\u00e9 par les ma\u00eetres du gril premium comme moule \u00e0 cupcakes. Une autre possibilit\u00e9 est de pr\u00e9parer des boulettes de viande ou des boulettes de viande su\u00e9doises.<\/p>\n<p>Une variante id\u00e9ale aussi pour l&rsquo;ap\u00e9ritif.<\/p>\n<p>&nbsp;<\/p>\n","protected":false},"excerpt":{"rendered":"<p>WB-8841<\/p>\n","protected":false},"featured_media":9455,"template":"","meta":[],"product_cat":[79,116],"product_tag":[],"yoast_head":"<!-- This site is optimized with the Yoast SEO plugin v18.2 - https:\/\/yoast.com\/wordpress\/plugins\/seo\/ -->\n<title>Insert Ebelskiver - GBS - Grills et Saveurs<\/title>\n<meta name=\"description\" content=\"Une id\u00e9e venue du Danemark : ce mod\u00e8le en fonte convient non seulement pour les Ebelskiver classiques (une p\u00e2te lev\u00e9e de type berlinois, fourr\u00e9e au choix d&#039;une garniture sal\u00e9e (p. ex. lard) ou sucr\u00e9e (p. ex. confiture)), mais a \u00e9galement d\u00e9j\u00e0 \u00e9t\u00e9 utilis\u00e9 par les ma\u00eetres du gril premium comme moule \u00e0 cupcakes. Une autre possibilit\u00e9 est de pr\u00e9parer des boulettes de viande ou des boulettes de viande su\u00e9doises.Une variante id\u00e9ale aussi pour l&#039;ap\u00e9ritif.\" \/>\n<meta name=\"robots\" content=\"index, follow, max-snippet:-1, max-image-preview:large, max-video-preview:-1\" \/>\n<link rel=\"canonical\" href=\"https:\/\/www.grills-saveurs.ch\/fr\/produit\/insert-ebelskiver-gbs\/\" \/>\n<meta property=\"og:locale\" content=\"fr_FR\" \/>\n<meta property=\"og:type\" content=\"article\" \/>\n<meta property=\"og:title\" content=\"Insert Ebelskiver - GBS - Grills et Saveurs\" \/>\n<meta property=\"og:description\" content=\"Une id\u00e9e venue du Danemark : ce mod\u00e8le en fonte convient non seulement pour les Ebelskiver classiques (une p\u00e2te lev\u00e9e de type berlinois, fourr\u00e9e au choix d&#039;une garniture sal\u00e9e (p. ex. lard) ou sucr\u00e9e (p. ex. confiture)), mais a \u00e9galement d\u00e9j\u00e0 \u00e9t\u00e9 utilis\u00e9 par les ma\u00eetres du gril premium comme moule \u00e0 cupcakes. Une autre possibilit\u00e9 est de pr\u00e9parer des boulettes de viande ou des boulettes de viande su\u00e9doises.Une variante id\u00e9ale aussi pour l&#039;ap\u00e9ritif.\" \/>\n<meta property=\"og:url\" content=\"https:\/\/www.grills-saveurs.ch\/fr\/produit\/insert-ebelskiver-gbs\/\" \/>\n<meta property=\"og:site_name\" content=\"Grills et Saveurs\" \/>\n<meta property=\"article:modified_time\" content=\"2024-04-08T07:24:30+00:00\" \/>\n<meta property=\"og:image\" content=\"https:\/\/www.grills-saveurs.ch\/fr\/wp-content\/uploads\/2024\/04\/8841_weber_ebelskivereinsatz.jpg\" \/>\n\t<meta property=\"og:image:width\" content=\"1280\" \/>\n\t<meta property=\"og:image:height\" content=\"924\" \/>\n\t<meta property=\"og:image:type\" content=\"image\/jpeg\" \/>\n<meta name=\"twitter:card\" content=\"summary_large_image\" \/>\n<script type=\"application\/ld+json\" class=\"yoast-schema-graph\">{\"@context\":\"https:\/\/schema.org\",\"@graph\":[{\"@type\":\"WebSite\",\"@id\":\"https:\/\/www.grills-saveurs.ch\/fr\/#website\",\"url\":\"https:\/\/www.grills-saveurs.ch\/fr\/\",\"name\":\"Grills et Saveurs\",\"description\":\"Barbecues, Grills, Planchas, Chemin\u00e9es jardin - Lausanne, Suisse Romande\",\"potentialAction\":[{\"@type\":\"SearchAction\",\"target\":{\"@type\":\"EntryPoint\",\"urlTemplate\":\"https:\/\/www.grills-saveurs.ch\/fr\/?s={search_term_string}\"},\"query-input\":\"required name=search_term_string\"}],\"inLanguage\":\"fr-FR\"},{\"@type\":\"ImageObject\",\"@id\":\"https:\/\/www.grills-saveurs.ch\/fr\/produit\/insert-ebelskiver-gbs\/#primaryimage\",\"inLanguage\":\"fr-FR\",\"url\":\"https:\/\/www.grills-saveurs.ch\/fr\/wp-content\/uploads\/2024\/04\/8841_weber_ebelskivereinsatz.jpg\",\"contentUrl\":\"https:\/\/www.grills-saveurs.ch\/fr\/wp-content\/uploads\/2024\/04\/8841_weber_ebelskivereinsatz.jpg\",\"width\":1280,\"height\":924},{\"@type\":\"WebPage\",\"@id\":\"https:\/\/www.grills-saveurs.ch\/fr\/produit\/insert-ebelskiver-gbs\/#webpage\",\"url\":\"https:\/\/www.grills-saveurs.ch\/fr\/produit\/insert-ebelskiver-gbs\/\",\"name\":\"Insert Ebelskiver - GBS - Grills et Saveurs\",\"isPartOf\":{\"@id\":\"https:\/\/www.grills-saveurs.ch\/fr\/#website\"},\"primaryImageOfPage\":{\"@id\":\"https:\/\/www.grills-saveurs.ch\/fr\/produit\/insert-ebelskiver-gbs\/#primaryimage\"},\"datePublished\":\"2024-04-05T13:42:05+00:00\",\"dateModified\":\"2024-04-08T07:24:30+00:00\",\"description\":\"Une id\u00e9e venue du Danemark : ce mod\u00e8le en fonte convient non seulement pour les Ebelskiver classiques (une p\u00e2te lev\u00e9e de type berlinois, fourr\u00e9e au choix d'une garniture sal\u00e9e (p. ex. lard) ou sucr\u00e9e (p. ex. confiture)), mais a \u00e9galement d\u00e9j\u00e0 \u00e9t\u00e9 utilis\u00e9 par les ma\u00eetres du gril premium comme moule \u00e0 cupcakes. Une autre possibilit\u00e9 est de pr\u00e9parer des boulettes de viande ou des boulettes de viande su\u00e9doises.Une variante id\u00e9ale aussi pour l'ap\u00e9ritif.\",\"breadcrumb\":{\"@id\":\"https:\/\/www.grills-saveurs.ch\/fr\/produit\/insert-ebelskiver-gbs\/#breadcrumb\"},\"inLanguage\":\"fr-FR\",\"potentialAction\":[{\"@type\":\"ReadAction\",\"target\":[\"https:\/\/www.grills-saveurs.ch\/fr\/produit\/insert-ebelskiver-gbs\/\"]}]},{\"@type\":\"BreadcrumbList\",\"@id\":\"https:\/\/www.grills-saveurs.ch\/fr\/produit\/insert-ebelskiver-gbs\/#breadcrumb\",\"itemListElement\":[{\"@type\":\"ListItem\",\"position\":1,\"name\":\"Accueil\",\"item\":\"https:\/\/www.grills-saveurs.ch\/fr\/\"},{\"@type\":\"ListItem\",\"position\":2,\"name\":\"Shop \/ Boutique\",\"item\":\"https:\/\/www.grills-saveurs.ch\/fr\/boutique\/\"},{\"@type\":\"ListItem\",\"position\":3,\"name\":\"Insert Ebelskiver &#8211; GBS\"}]}]}<\/script>\n<!-- \/ Yoast SEO plugin. -->","yoast_head_json":{"title":"Insert Ebelskiver - GBS - Grills et Saveurs","description":"Une id\u00e9e venue du Danemark : ce mod\u00e8le en fonte convient non seulement pour les Ebelskiver classiques (une p\u00e2te lev\u00e9e de type berlinois, fourr\u00e9e au choix d'une garniture sal\u00e9e (p. ex. lard) ou sucr\u00e9e (p. ex. confiture)), mais a \u00e9galement d\u00e9j\u00e0 \u00e9t\u00e9 utilis\u00e9 par les ma\u00eetres du gril premium comme moule \u00e0 cupcakes. Une autre possibilit\u00e9 est de pr\u00e9parer des boulettes de viande ou des boulettes de viande su\u00e9doises.Une variante id\u00e9ale aussi pour l'ap\u00e9ritif.","robots":{"index":"index","follow":"follow","max-snippet":"max-snippet:-1","max-image-preview":"max-image-preview:large","max-video-preview":"max-video-preview:-1"},"canonical":"https:\/\/www.grills-saveurs.ch\/fr\/produit\/insert-ebelskiver-gbs\/","og_locale":"fr_FR","og_type":"article","og_title":"Insert Ebelskiver - GBS - Grills et Saveurs","og_description":"Une id\u00e9e venue du Danemark : ce mod\u00e8le en fonte convient non seulement pour les Ebelskiver classiques (une p\u00e2te lev\u00e9e de type berlinois, fourr\u00e9e au choix d'une garniture sal\u00e9e (p. ex. lard) ou sucr\u00e9e (p. ex. confiture)), mais a \u00e9galement d\u00e9j\u00e0 \u00e9t\u00e9 utilis\u00e9 par les ma\u00eetres du gril premium comme moule \u00e0 cupcakes. Une autre possibilit\u00e9 est de pr\u00e9parer des boulettes de viande ou des boulettes de viande su\u00e9doises.Une variante id\u00e9ale aussi pour l'ap\u00e9ritif.","og_url":"https:\/\/www.grills-saveurs.ch\/fr\/produit\/insert-ebelskiver-gbs\/","og_site_name":"Grills et Saveurs","article_modified_time":"2024-04-08T07:24:30+00:00","og_image":[{"width":1280,"height":924,"url":"https:\/\/www.grills-saveurs.ch\/fr\/wp-content\/uploads\/2024\/04\/8841_weber_ebelskivereinsatz.jpg","type":"image\/jpeg"}],"twitter_card":"summary_large_image","schema":{"@context":"https:\/\/schema.org","@graph":[{"@type":"WebSite","@id":"https:\/\/www.grills-saveurs.ch\/fr\/#website","url":"https:\/\/www.grills-saveurs.ch\/fr\/","name":"Grills et Saveurs","description":"Barbecues, Grills, Planchas, Chemin\u00e9es jardin - Lausanne, Suisse Romande","potentialAction":[{"@type":"SearchAction","target":{"@type":"EntryPoint","urlTemplate":"https:\/\/www.grills-saveurs.ch\/fr\/?s={search_term_string}"},"query-input":"required name=search_term_string"}],"inLanguage":"fr-FR"},{"@type":"ImageObject","@id":"https:\/\/www.grills-saveurs.ch\/fr\/produit\/insert-ebelskiver-gbs\/#primaryimage","inLanguage":"fr-FR","url":"https:\/\/www.grills-saveurs.ch\/fr\/wp-content\/uploads\/2024\/04\/8841_weber_ebelskivereinsatz.jpg","contentUrl":"https:\/\/www.grills-saveurs.ch\/fr\/wp-content\/uploads\/2024\/04\/8841_weber_ebelskivereinsatz.jpg","width":1280,"height":924},{"@type":"WebPage","@id":"https:\/\/www.grills-saveurs.ch\/fr\/produit\/insert-ebelskiver-gbs\/#webpage","url":"https:\/\/www.grills-saveurs.ch\/fr\/produit\/insert-ebelskiver-gbs\/","name":"Insert Ebelskiver - GBS - Grills et Saveurs","isPartOf":{"@id":"https:\/\/www.grills-saveurs.ch\/fr\/#website"},"primaryImageOfPage":{"@id":"https:\/\/www.grills-saveurs.ch\/fr\/produit\/insert-ebelskiver-gbs\/#primaryimage"},"datePublished":"2024-04-05T13:42:05+00:00","dateModified":"2024-04-08T07:24:30+00:00","description":"Une id\u00e9e venue du Danemark : ce mod\u00e8le en fonte convient non seulement pour les Ebelskiver classiques (une p\u00e2te lev\u00e9e de type berlinois, fourr\u00e9e au choix d'une garniture sal\u00e9e (p. ex. lard) ou sucr\u00e9e (p. ex. confiture)), mais a \u00e9galement d\u00e9j\u00e0 \u00e9t\u00e9 utilis\u00e9 par les ma\u00eetres du gril premium comme moule \u00e0 cupcakes. Une autre possibilit\u00e9 est de pr\u00e9parer des boulettes de viande ou des boulettes de viande su\u00e9doises.Une variante id\u00e9ale aussi pour l'ap\u00e9ritif.","breadcrumb":{"@id":"https:\/\/www.grills-saveurs.ch\/fr\/produit\/insert-ebelskiver-gbs\/#breadcrumb"},"inLanguage":"fr-FR","potentialAction":[{"@type":"ReadAction","target":["https:\/\/www.grills-saveurs.ch\/fr\/produit\/insert-ebelskiver-gbs\/"]}]},{"@type":"BreadcrumbList","@id":"https:\/\/www.grills-saveurs.ch\/fr\/produit\/insert-ebelskiver-gbs\/#breadcrumb","itemListElement":[{"@type":"ListItem","position":1,"name":"Accueil","item":"https:\/\/www.grills-saveurs.ch\/fr\/"},{"@type":"ListItem","position":2,"name":"Shop \/ Boutique","item":"https:\/\/www.grills-saveurs.ch\/fr\/boutique\/"},{"@type":"ListItem","position":3,"name":"Insert Ebelskiver &#8211; GBS"}]}]}},"_links":{"self":[{"href":"https:\/\/www.grills-saveurs.ch\/fr\/wp-json\/wp\/v2\/product\/9452"}],"collection":[{"href":"https:\/\/www.grills-saveurs.ch\/fr\/wp-json\/wp\/v2\/product"}],"about":[{"href":"https:\/\/www.grills-saveurs.ch\/fr\/wp-json\/wp\/v2\/types\/product"}],"wp:featuredmedia":[{"embeddable":true,"href":"https:\/\/www.grills-saveurs.ch\/fr\/wp-json\/wp\/v2\/media\/9455"}],"wp:attachment":[{"href":"https:\/\/www.grills-saveurs.ch\/fr\/wp-json\/wp\/v2\/media?parent=9452"}],"wp:term":[{"taxonomy":"product_cat","embeddable":true,"href":"https:\/\/www.grills-saveurs.ch\/fr\/wp-json\/wp\/v2\/product_cat?post=9452"},{"taxonomy":"product_tag","embeddable":true,"href":"https:\/\/www.grills-saveurs.ch\/fr\/wp-json\/wp\/v2\/product_tag?post=9452"}],"curies":[{"name":"wp","href":"https:\/\/api.w.org\/{rel}","templated":true}]}}