{"id":9460,"date":"2024-04-08T09:24:28","date_gmt":"2024-04-08T07:24:28","guid":{"rendered":"https:\/\/www.grills-saveurs.ch\/fr\/?post_type=product&#038;p=9460"},"modified":"2024-04-08T09:24:28","modified_gmt":"2024-04-08T07:24:28","slug":"lumin-griddle-md","status":"publish","type":"product","link":"https:\/\/www.grills-saveurs.ch\/fr\/produit\/lumin-griddle-md\/","title":{"rendered":"Lumin Griddle MD"},"content":{"rendered":"<p>Plaque, Couleur du produit: Noir, Mat\u00e9riel: Fonte.<\/p>\n<p><strong>Contenu de l&#8217;emballage<\/strong><br \/>\n-Quantit\u00e9: 1 pi\u00e8ce(s)<\/p>\n<p><strong>Caract\u00e9ristiques-Type<\/strong><br \/>\n-Couleur du produit: Noir<br \/>\n-Mat\u00e9riel: Fonte<br \/>\n-Compatibilit\u00e9: Lumin Electric Grill<br \/>\n-Compatibilit\u00e9 de marque: Weber<br \/>\n-Rev\u00eatement interne: Porcelain-enamel<br \/>\n-Rev\u00eatement anti-adh\u00e9sif: Oui<\/p>\n","protected":false},"excerpt":{"rendered":"<p>WB-6612<\/p>\n","protected":false},"featured_media":9463,"template":"","meta":[],"product_cat":[79,166],"product_tag":[],"yoast_head":"<!-- This site is optimized with the Yoast SEO plugin v18.2 - https:\/\/yoast.com\/wordpress\/plugins\/seo\/ -->\n<title>Lumin Griddle MD - Grills et Saveurs<\/title>\n<meta name=\"description\" content=\"Weber 6612. Type: Plaque, Couleur du produit: Noir, Mat\u00e9riel: Fonte. Quantit\u00e9: 1 pi\u00e8ce(s)Contenu de l&#039;emballage-Quantit\u00e9: 1 pi\u00e8ce(s)Caract\u00e9ristiques-Type: Plaque-Couleur du produit: Noir-Mat\u00e9riel: Fonte-Compatibilit\u00e9: Lumin Electric Grill-Compatibilit\u00e9 de marque: Weber-Rev\u00eatement interne: Porcelain-enamel-Rev\u00eatement anti-adh\u00e9sif: Oui\" \/>\n<meta name=\"robots\" content=\"index, follow, max-snippet:-1, max-image-preview:large, max-video-preview:-1\" \/>\n<link rel=\"canonical\" href=\"https:\/\/www.grills-saveurs.ch\/fr\/produit\/lumin-griddle-md\/\" \/>\n<meta property=\"og:locale\" content=\"fr_FR\" \/>\n<meta property=\"og:type\" content=\"article\" \/>\n<meta property=\"og:title\" content=\"Lumin Griddle MD - Grills et Saveurs\" \/>\n<meta property=\"og:description\" content=\"Weber 6612. Type: Plaque, Couleur du produit: Noir, Mat\u00e9riel: Fonte. Quantit\u00e9: 1 pi\u00e8ce(s)Contenu de l&#039;emballage-Quantit\u00e9: 1 pi\u00e8ce(s)Caract\u00e9ristiques-Type: Plaque-Couleur du produit: Noir-Mat\u00e9riel: Fonte-Compatibilit\u00e9: Lumin Electric Grill-Compatibilit\u00e9 de marque: Weber-Rev\u00eatement interne: Porcelain-enamel-Rev\u00eatement anti-adh\u00e9sif: Oui\" \/>\n<meta property=\"og:url\" content=\"https:\/\/www.grills-saveurs.ch\/fr\/produit\/lumin-griddle-md\/\" \/>\n<meta property=\"og:site_name\" content=\"Grills et Saveurs\" \/>\n<meta property=\"og:image\" content=\"https:\/\/www.grills-saveurs.ch\/fr\/wp-content\/uploads\/2024\/04\/61xh2ptB6jL._AC_SX679_.jpg\" \/>\n\t<meta property=\"og:image:width\" content=\"679\" \/>\n\t<meta property=\"og:image:height\" content=\"478\" \/>\n\t<meta property=\"og:image:type\" content=\"image\/jpeg\" \/>\n<meta name=\"twitter:card\" content=\"summary_large_image\" \/>\n<script type=\"application\/ld+json\" class=\"yoast-schema-graph\">{\"@context\":\"https:\/\/schema.org\",\"@graph\":[{\"@type\":\"WebSite\",\"@id\":\"https:\/\/www.grills-saveurs.ch\/fr\/#website\",\"url\":\"https:\/\/www.grills-saveurs.ch\/fr\/\",\"name\":\"Grills et Saveurs\",\"description\":\"Barbecues, Grills, Planchas, Chemin\u00e9es jardin - Lausanne, Suisse Romande\",\"potentialAction\":[{\"@type\":\"SearchAction\",\"target\":{\"@type\":\"EntryPoint\",\"urlTemplate\":\"https:\/\/www.grills-saveurs.ch\/fr\/?s={search_term_string}\"},\"query-input\":\"required name=search_term_string\"}],\"inLanguage\":\"fr-FR\"},{\"@type\":\"ImageObject\",\"@id\":\"https:\/\/www.grills-saveurs.ch\/fr\/produit\/lumin-griddle-md\/#primaryimage\",\"inLanguage\":\"fr-FR\",\"url\":\"https:\/\/www.grills-saveurs.ch\/fr\/wp-content\/uploads\/2024\/04\/61xh2ptB6jL._AC_SX679_.jpg\",\"contentUrl\":\"https:\/\/www.grills-saveurs.ch\/fr\/wp-content\/uploads\/2024\/04\/61xh2ptB6jL._AC_SX679_.jpg\",\"width\":679,\"height\":478},{\"@type\":\"WebPage\",\"@id\":\"https:\/\/www.grills-saveurs.ch\/fr\/produit\/lumin-griddle-md\/#webpage\",\"url\":\"https:\/\/www.grills-saveurs.ch\/fr\/produit\/lumin-griddle-md\/\",\"name\":\"Lumin Griddle MD - Grills et Saveurs\",\"isPartOf\":{\"@id\":\"https:\/\/www.grills-saveurs.ch\/fr\/#website\"},\"primaryImageOfPage\":{\"@id\":\"https:\/\/www.grills-saveurs.ch\/fr\/produit\/lumin-griddle-md\/#primaryimage\"},\"datePublished\":\"2024-04-08T07:24:28+00:00\",\"dateModified\":\"2024-04-08T07:24:28+00:00\",\"description\":\"Weber 6612. Type: Plaque, Couleur du produit: Noir, Mat\u00e9riel: Fonte. Quantit\u00e9: 1 pi\u00e8ce(s)Contenu de l'emballage-Quantit\u00e9: 1 pi\u00e8ce(s)Caract\u00e9ristiques-Type: Plaque-Couleur du produit: Noir-Mat\u00e9riel: Fonte-Compatibilit\u00e9: Lumin Electric Grill-Compatibilit\u00e9 de marque: Weber-Rev\u00eatement interne: Porcelain-enamel-Rev\u00eatement anti-adh\u00e9sif: Oui\",\"breadcrumb\":{\"@id\":\"https:\/\/www.grills-saveurs.ch\/fr\/produit\/lumin-griddle-md\/#breadcrumb\"},\"inLanguage\":\"fr-FR\",\"potentialAction\":[{\"@type\":\"ReadAction\",\"target\":[\"https:\/\/www.grills-saveurs.ch\/fr\/produit\/lumin-griddle-md\/\"]}]},{\"@type\":\"BreadcrumbList\",\"@id\":\"https:\/\/www.grills-saveurs.ch\/fr\/produit\/lumin-griddle-md\/#breadcrumb\",\"itemListElement\":[{\"@type\":\"ListItem\",\"position\":1,\"name\":\"Accueil\",\"item\":\"https:\/\/www.grills-saveurs.ch\/fr\/\"},{\"@type\":\"ListItem\",\"position\":2,\"name\":\"Shop \/ Boutique\",\"item\":\"https:\/\/www.grills-saveurs.ch\/fr\/boutique\/\"},{\"@type\":\"ListItem\",\"position\":3,\"name\":\"Lumin Griddle MD\"}]}]}<\/script>\n<!-- \/ Yoast SEO plugin. -->","yoast_head_json":{"title":"Lumin Griddle MD - Grills et Saveurs","description":"Weber 6612. Type: Plaque, Couleur du produit: Noir, Mat\u00e9riel: Fonte. Quantit\u00e9: 1 pi\u00e8ce(s)Contenu de l'emballage-Quantit\u00e9: 1 pi\u00e8ce(s)Caract\u00e9ristiques-Type: Plaque-Couleur du produit: Noir-Mat\u00e9riel: Fonte-Compatibilit\u00e9: Lumin Electric Grill-Compatibilit\u00e9 de marque: Weber-Rev\u00eatement interne: Porcelain-enamel-Rev\u00eatement anti-adh\u00e9sif: Oui","robots":{"index":"index","follow":"follow","max-snippet":"max-snippet:-1","max-image-preview":"max-image-preview:large","max-video-preview":"max-video-preview:-1"},"canonical":"https:\/\/www.grills-saveurs.ch\/fr\/produit\/lumin-griddle-md\/","og_locale":"fr_FR","og_type":"article","og_title":"Lumin Griddle MD - Grills et Saveurs","og_description":"Weber 6612. Type: Plaque, Couleur du produit: Noir, Mat\u00e9riel: Fonte. Quantit\u00e9: 1 pi\u00e8ce(s)Contenu de l'emballage-Quantit\u00e9: 1 pi\u00e8ce(s)Caract\u00e9ristiques-Type: Plaque-Couleur du produit: Noir-Mat\u00e9riel: Fonte-Compatibilit\u00e9: Lumin Electric Grill-Compatibilit\u00e9 de marque: Weber-Rev\u00eatement interne: Porcelain-enamel-Rev\u00eatement anti-adh\u00e9sif: Oui","og_url":"https:\/\/www.grills-saveurs.ch\/fr\/produit\/lumin-griddle-md\/","og_site_name":"Grills et Saveurs","og_image":[{"width":679,"height":478,"url":"https:\/\/www.grills-saveurs.ch\/fr\/wp-content\/uploads\/2024\/04\/61xh2ptB6jL._AC_SX679_.jpg","type":"image\/jpeg"}],"twitter_card":"summary_large_image","schema":{"@context":"https:\/\/schema.org","@graph":[{"@type":"WebSite","@id":"https:\/\/www.grills-saveurs.ch\/fr\/#website","url":"https:\/\/www.grills-saveurs.ch\/fr\/","name":"Grills et Saveurs","description":"Barbecues, Grills, Planchas, Chemin\u00e9es jardin - Lausanne, Suisse Romande","potentialAction":[{"@type":"SearchAction","target":{"@type":"EntryPoint","urlTemplate":"https:\/\/www.grills-saveurs.ch\/fr\/?s={search_term_string}"},"query-input":"required name=search_term_string"}],"inLanguage":"fr-FR"},{"@type":"ImageObject","@id":"https:\/\/www.grills-saveurs.ch\/fr\/produit\/lumin-griddle-md\/#primaryimage","inLanguage":"fr-FR","url":"https:\/\/www.grills-saveurs.ch\/fr\/wp-content\/uploads\/2024\/04\/61xh2ptB6jL._AC_SX679_.jpg","contentUrl":"https:\/\/www.grills-saveurs.ch\/fr\/wp-content\/uploads\/2024\/04\/61xh2ptB6jL._AC_SX679_.jpg","width":679,"height":478},{"@type":"WebPage","@id":"https:\/\/www.grills-saveurs.ch\/fr\/produit\/lumin-griddle-md\/#webpage","url":"https:\/\/www.grills-saveurs.ch\/fr\/produit\/lumin-griddle-md\/","name":"Lumin Griddle MD - Grills et Saveurs","isPartOf":{"@id":"https:\/\/www.grills-saveurs.ch\/fr\/#website"},"primaryImageOfPage":{"@id":"https:\/\/www.grills-saveurs.ch\/fr\/produit\/lumin-griddle-md\/#primaryimage"},"datePublished":"2024-04-08T07:24:28+00:00","dateModified":"2024-04-08T07:24:28+00:00","description":"Weber 6612. Type: Plaque, Couleur du produit: Noir, Mat\u00e9riel: Fonte. Quantit\u00e9: 1 pi\u00e8ce(s)Contenu de l'emballage-Quantit\u00e9: 1 pi\u00e8ce(s)Caract\u00e9ristiques-Type: Plaque-Couleur du produit: Noir-Mat\u00e9riel: Fonte-Compatibilit\u00e9: Lumin Electric Grill-Compatibilit\u00e9 de marque: Weber-Rev\u00eatement interne: Porcelain-enamel-Rev\u00eatement anti-adh\u00e9sif: Oui","breadcrumb":{"@id":"https:\/\/www.grills-saveurs.ch\/fr\/produit\/lumin-griddle-md\/#breadcrumb"},"inLanguage":"fr-FR","potentialAction":[{"@type":"ReadAction","target":["https:\/\/www.grills-saveurs.ch\/fr\/produit\/lumin-griddle-md\/"]}]},{"@type":"BreadcrumbList","@id":"https:\/\/www.grills-saveurs.ch\/fr\/produit\/lumin-griddle-md\/#breadcrumb","itemListElement":[{"@type":"ListItem","position":1,"name":"Accueil","item":"https:\/\/www.grills-saveurs.ch\/fr\/"},{"@type":"ListItem","position":2,"name":"Shop \/ Boutique","item":"https:\/\/www.grills-saveurs.ch\/fr\/boutique\/"},{"@type":"ListItem","position":3,"name":"Lumin Griddle MD"}]}]}},"_links":{"self":[{"href":"https:\/\/www.grills-saveurs.ch\/fr\/wp-json\/wp\/v2\/product\/9460"}],"collection":[{"href":"https:\/\/www.grills-saveurs.ch\/fr\/wp-json\/wp\/v2\/product"}],"about":[{"href":"https:\/\/www.grills-saveurs.ch\/fr\/wp-json\/wp\/v2\/types\/product"}],"wp:featuredmedia":[{"embeddable":true,"href":"https:\/\/www.grills-saveurs.ch\/fr\/wp-json\/wp\/v2\/media\/9463"}],"wp:attachment":[{"href":"https:\/\/www.grills-saveurs.ch\/fr\/wp-json\/wp\/v2\/media?parent=9460"}],"wp:term":[{"taxonomy":"product_cat","embeddable":true,"href":"https:\/\/www.grills-saveurs.ch\/fr\/wp-json\/wp\/v2\/product_cat?post=9460"},{"taxonomy":"product_tag","embeddable":true,"href":"https:\/\/www.grills-saveurs.ch\/fr\/wp-json\/wp\/v2\/product_tag?post=9460"}],"curies":[{"name":"wp","href":"https:\/\/api.w.org\/{rel}","templated":true}]}}