{"id":9466,"date":"2024-04-08T09:24:28","date_gmt":"2024-04-08T07:24:28","guid":{"rendered":"https:\/\/www.grills-saveurs.ch\/fr\/?post_type=product&#038;p=9466"},"modified":"2024-04-08T09:24:28","modified_gmt":"2024-04-08T07:24:28","slug":"lumin-versatlity-kit-med","status":"publish","type":"product","link":"https:\/\/www.grills-saveurs.ch\/fr\/produit\/lumin-versatlity-kit-med\/","title":{"rendered":"Lumin versatlity kit &#8211; med"},"content":{"rendered":"<p>Am\u00e9liorez les performances de votre barbecue \u00e9lectrique Lumin* avec ce kit polyvalent comprenant 4 pi\u00e8ces. Le r\u00e9servoir \u00e0 double fonction \u00e9tend la fonctionnalit\u00e9 de cuisson vapeur et de fumage de votre barbecue sur toute la surface de cuisson. Il transforme la fonction d\u2019infusion de fum\u00e9e de votre barbecue Lumin en fumoir \u00e9lectrique int\u00e9gral. Ajoutez simplement vos copeaux de bois Weber pr\u00e9f\u00e9r\u00e9s pour une cuisson lente \u00e0 basse temp\u00e9rature d&rsquo;aliments tels que travers et \u00e9chine de porc ou poitrine de boeuf. Il vous permet \u00e9galement de cuire \u00e0 la vapeur des l\u00e9gumes frais, un poisson entier ou un homard. Et \u00e0 l&rsquo;heure du repas, les convives profiteront d\u2019un service de style buffet gr\u00e2ce aux deux plats chauffants du kit qui maintiendront tous ces aliments savoureux \u00e0 la bonne temp\u00e9rature pendant des heures, sans les br\u00fbler ni les dess\u00e9cher. Comprend : R\u00e9servoir pour cuisson vapeur\/fumage, plaque pour cuisson vapeur r\u00e9versible et plats chauffants (2). * LUMIN est une marque d\u00e9pos\u00e9e de Weber-Stephen Products LLC et fait l\u2019objet d&rsquo;enregistrements ou de demandes en cours aux \u00c9tats-Unis et dans d\u2019autres pays.<\/p>\n<p>\u2022 Transformez votre barbecue en fumoir \u00e9lectrique pour cuire lentement des travers de porc et bien d&rsquo;autres mets encore<br \/>\n\u2022 Deux plats chauffants pour un service de style buffet<br \/>\n\u2022 Cuisson vapeur des fruits de mer et l\u00e9gumes sur toute la surface de cuisson<br \/>\n\u2022 Nettoyage au lave-vaisselle de vos plats chauffants en acier inoxydable<\/p>\n","protected":false},"excerpt":{"rendered":"<p>WB-6614<\/p>\n","protected":false},"featured_media":9468,"template":"","meta":[],"product_cat":[160],"product_tag":[],"yoast_head":"<!-- This site is optimized with the Yoast SEO plugin v18.2 - https:\/\/yoast.com\/wordpress\/plugins\/seo\/ -->\n<title>Lumin versatlity kit - med - Grills et Saveurs<\/title>\n<meta name=\"description\" content=\"Am\u00e9liorez les performances de votre barbecue \u00e9lectrique Lumin* avec ce kit polyvalent comprenant 4 pi\u00e8ces. Le r\u00e9servoir \u00e0 double fonction \u00e9tend la fonctionnalit\u00e9 de cuisson vapeur et de fumage de votre barbecue sur toute la surface de cuisson. Il transforme la fonction d\u2019infusion de fum\u00e9e de votre barbecue Lumin en fumoir \u00e9lectrique int\u00e9gral. Ajoutez simplement vos copeaux de bois Weber pr\u00e9f\u00e9r\u00e9s pour une cuisson lente \u00e0 basse temp\u00e9rature d&#039;aliments tels que travers et \u00e9chine de porc ou poitrine de boeuf. Il vous permet \u00e9galement de cuire \u00e0 la vapeur des l\u00e9gumes frais, un poisson entier ou un homard. Et \u00e0 l&#039;heure du repas, les convives profiteront d\u2019un service de style buffet gr\u00e2ce aux deux plats chauffants du kit qui maintiendront tous ces aliments savoureux \u00e0 la bonne temp\u00e9rature pendant des heures, sans les br\u00fbler ni les dess\u00e9cher. Comprend : R\u00e9servoir pour cuisson vapeur\/fumage, plaque pour cuisson vapeur r\u00e9versible et plats chauffants (2). * LUMIN est une marque d\u00e9pos\u00e9e de Weber-Stephen Products LLC et fait l\u2019objet d&#039;enregistrements ou de demandes en cours aux \u00c9tats-Unis et dans d\u2019autres pays.\u2022 Transformez votre barbecue en fumoir \u00e9lectrique pour cuire lentement des travers de porc et bien d&#039;autres mets encore\u2022 Deux plats chauffants pour un service de style buffet\u2022 Cuisson vapeur des fruits de mer et l\u00e9gumes sur toute la surface de cuisson\u2022 Nettoyage au lave-vaisselle de vos plats chauffants en acier inoxydable\" \/>\n<meta name=\"robots\" content=\"index, follow, max-snippet:-1, max-image-preview:large, max-video-preview:-1\" \/>\n<link rel=\"canonical\" href=\"https:\/\/www.grills-saveurs.ch\/fr\/produit\/lumin-versatlity-kit-med\/\" \/>\n<meta property=\"og:locale\" content=\"fr_FR\" \/>\n<meta property=\"og:type\" content=\"article\" \/>\n<meta property=\"og:title\" content=\"Lumin versatlity kit - med - Grills et Saveurs\" \/>\n<meta property=\"og:description\" content=\"Am\u00e9liorez les performances de votre barbecue \u00e9lectrique Lumin* avec ce kit polyvalent comprenant 4 pi\u00e8ces. Le r\u00e9servoir \u00e0 double fonction \u00e9tend la fonctionnalit\u00e9 de cuisson vapeur et de fumage de votre barbecue sur toute la surface de cuisson. Il transforme la fonction d\u2019infusion de fum\u00e9e de votre barbecue Lumin en fumoir \u00e9lectrique int\u00e9gral. Ajoutez simplement vos copeaux de bois Weber pr\u00e9f\u00e9r\u00e9s pour une cuisson lente \u00e0 basse temp\u00e9rature d&#039;aliments tels que travers et \u00e9chine de porc ou poitrine de boeuf. Il vous permet \u00e9galement de cuire \u00e0 la vapeur des l\u00e9gumes frais, un poisson entier ou un homard. Et \u00e0 l&#039;heure du repas, les convives profiteront d\u2019un service de style buffet gr\u00e2ce aux deux plats chauffants du kit qui maintiendront tous ces aliments savoureux \u00e0 la bonne temp\u00e9rature pendant des heures, sans les br\u00fbler ni les dess\u00e9cher. Comprend : R\u00e9servoir pour cuisson vapeur\/fumage, plaque pour cuisson vapeur r\u00e9versible et plats chauffants (2). * LUMIN est une marque d\u00e9pos\u00e9e de Weber-Stephen Products LLC et fait l\u2019objet d&#039;enregistrements ou de demandes en cours aux \u00c9tats-Unis et dans d\u2019autres pays.\u2022 Transformez votre barbecue en fumoir \u00e9lectrique pour cuire lentement des travers de porc et bien d&#039;autres mets encore\u2022 Deux plats chauffants pour un service de style buffet\u2022 Cuisson vapeur des fruits de mer et l\u00e9gumes sur toute la surface de cuisson\u2022 Nettoyage au lave-vaisselle de vos plats chauffants en acier inoxydable\" \/>\n<meta property=\"og:url\" content=\"https:\/\/www.grills-saveurs.ch\/fr\/produit\/lumin-versatlity-kit-med\/\" \/>\n<meta property=\"og:site_name\" content=\"Grills et Saveurs\" \/>\n<meta property=\"og:image\" content=\"https:\/\/www.grills-saveurs.ch\/fr\/wp-content\/uploads\/2024\/04\/6614D_1800x1800.png\" \/>\n\t<meta property=\"og:image:width\" content=\"800\" \/>\n\t<meta property=\"og:image:height\" content=\"800\" \/>\n\t<meta property=\"og:image:type\" content=\"image\/png\" \/>\n<meta name=\"twitter:card\" content=\"summary_large_image\" \/>\n<meta name=\"twitter:label1\" content=\"Dur\u00e9e de lecture estim\u00e9e\" \/>\n\t<meta name=\"twitter:data1\" content=\"1 minute\" \/>\n<script type=\"application\/ld+json\" class=\"yoast-schema-graph\">{\"@context\":\"https:\/\/schema.org\",\"@graph\":[{\"@type\":\"WebSite\",\"@id\":\"https:\/\/www.grills-saveurs.ch\/fr\/#website\",\"url\":\"https:\/\/www.grills-saveurs.ch\/fr\/\",\"name\":\"Grills et Saveurs\",\"description\":\"Barbecues, Grills, Planchas, Chemin\u00e9es jardin - Lausanne, Suisse Romande\",\"potentialAction\":[{\"@type\":\"SearchAction\",\"target\":{\"@type\":\"EntryPoint\",\"urlTemplate\":\"https:\/\/www.grills-saveurs.ch\/fr\/?s={search_term_string}\"},\"query-input\":\"required name=search_term_string\"}],\"inLanguage\":\"fr-FR\"},{\"@type\":\"ImageObject\",\"@id\":\"https:\/\/www.grills-saveurs.ch\/fr\/produit\/lumin-versatlity-kit-med\/#primaryimage\",\"inLanguage\":\"fr-FR\",\"url\":\"https:\/\/www.grills-saveurs.ch\/fr\/wp-content\/uploads\/2024\/04\/6614D_1800x1800.png\",\"contentUrl\":\"https:\/\/www.grills-saveurs.ch\/fr\/wp-content\/uploads\/2024\/04\/6614D_1800x1800.png\",\"width\":800,\"height\":800},{\"@type\":\"WebPage\",\"@id\":\"https:\/\/www.grills-saveurs.ch\/fr\/produit\/lumin-versatlity-kit-med\/#webpage\",\"url\":\"https:\/\/www.grills-saveurs.ch\/fr\/produit\/lumin-versatlity-kit-med\/\",\"name\":\"Lumin versatlity kit - med - Grills et Saveurs\",\"isPartOf\":{\"@id\":\"https:\/\/www.grills-saveurs.ch\/fr\/#website\"},\"primaryImageOfPage\":{\"@id\":\"https:\/\/www.grills-saveurs.ch\/fr\/produit\/lumin-versatlity-kit-med\/#primaryimage\"},\"datePublished\":\"2024-04-08T07:24:28+00:00\",\"dateModified\":\"2024-04-08T07:24:28+00:00\",\"description\":\"Am\u00e9liorez les performances de votre barbecue \u00e9lectrique Lumin* avec ce kit polyvalent comprenant 4 pi\u00e8ces. Le r\u00e9servoir \u00e0 double fonction \u00e9tend la fonctionnalit\u00e9 de cuisson vapeur et de fumage de votre barbecue sur toute la surface de cuisson. Il transforme la fonction d\u2019infusion de fum\u00e9e de votre barbecue Lumin en fumoir \u00e9lectrique int\u00e9gral. Ajoutez simplement vos copeaux de bois Weber pr\u00e9f\u00e9r\u00e9s pour une cuisson lente \u00e0 basse temp\u00e9rature d'aliments tels que travers et \u00e9chine de porc ou poitrine de boeuf. Il vous permet \u00e9galement de cuire \u00e0 la vapeur des l\u00e9gumes frais, un poisson entier ou un homard. Et \u00e0 l'heure du repas, les convives profiteront d\u2019un service de style buffet gr\u00e2ce aux deux plats chauffants du kit qui maintiendront tous ces aliments savoureux \u00e0 la bonne temp\u00e9rature pendant des heures, sans les br\u00fbler ni les dess\u00e9cher. Comprend : R\u00e9servoir pour cuisson vapeur\/fumage, plaque pour cuisson vapeur r\u00e9versible et plats chauffants (2). * LUMIN est une marque d\u00e9pos\u00e9e de Weber-Stephen Products LLC et fait l\u2019objet d'enregistrements ou de demandes en cours aux \u00c9tats-Unis et dans d\u2019autres pays.\u2022 Transformez votre barbecue en fumoir \u00e9lectrique pour cuire lentement des travers de porc et bien d'autres mets encore\u2022 Deux plats chauffants pour un service de style buffet\u2022 Cuisson vapeur des fruits de mer et l\u00e9gumes sur toute la surface de cuisson\u2022 Nettoyage au lave-vaisselle de vos plats chauffants en acier inoxydable\",\"breadcrumb\":{\"@id\":\"https:\/\/www.grills-saveurs.ch\/fr\/produit\/lumin-versatlity-kit-med\/#breadcrumb\"},\"inLanguage\":\"fr-FR\",\"potentialAction\":[{\"@type\":\"ReadAction\",\"target\":[\"https:\/\/www.grills-saveurs.ch\/fr\/produit\/lumin-versatlity-kit-med\/\"]}]},{\"@type\":\"BreadcrumbList\",\"@id\":\"https:\/\/www.grills-saveurs.ch\/fr\/produit\/lumin-versatlity-kit-med\/#breadcrumb\",\"itemListElement\":[{\"@type\":\"ListItem\",\"position\":1,\"name\":\"Accueil\",\"item\":\"https:\/\/www.grills-saveurs.ch\/fr\/\"},{\"@type\":\"ListItem\",\"position\":2,\"name\":\"Shop \/ Boutique\",\"item\":\"https:\/\/www.grills-saveurs.ch\/fr\/boutique\/\"},{\"@type\":\"ListItem\",\"position\":3,\"name\":\"Lumin versatlity kit &#8211; med\"}]}]}<\/script>\n<!-- \/ Yoast SEO plugin. -->","yoast_head_json":{"title":"Lumin versatlity kit - med - Grills et Saveurs","description":"Am\u00e9liorez les performances de votre barbecue \u00e9lectrique Lumin* avec ce kit polyvalent comprenant 4 pi\u00e8ces. Le r\u00e9servoir \u00e0 double fonction \u00e9tend la fonctionnalit\u00e9 de cuisson vapeur et de fumage de votre barbecue sur toute la surface de cuisson. Il transforme la fonction d\u2019infusion de fum\u00e9e de votre barbecue Lumin en fumoir \u00e9lectrique int\u00e9gral. Ajoutez simplement vos copeaux de bois Weber pr\u00e9f\u00e9r\u00e9s pour une cuisson lente \u00e0 basse temp\u00e9rature d'aliments tels que travers et \u00e9chine de porc ou poitrine de boeuf. Il vous permet \u00e9galement de cuire \u00e0 la vapeur des l\u00e9gumes frais, un poisson entier ou un homard. Et \u00e0 l'heure du repas, les convives profiteront d\u2019un service de style buffet gr\u00e2ce aux deux plats chauffants du kit qui maintiendront tous ces aliments savoureux \u00e0 la bonne temp\u00e9rature pendant des heures, sans les br\u00fbler ni les dess\u00e9cher. Comprend : R\u00e9servoir pour cuisson vapeur\/fumage, plaque pour cuisson vapeur r\u00e9versible et plats chauffants (2). * LUMIN est une marque d\u00e9pos\u00e9e de Weber-Stephen Products LLC et fait l\u2019objet d'enregistrements ou de demandes en cours aux \u00c9tats-Unis et dans d\u2019autres pays.\u2022 Transformez votre barbecue en fumoir \u00e9lectrique pour cuire lentement des travers de porc et bien d'autres mets encore\u2022 Deux plats chauffants pour un service de style buffet\u2022 Cuisson vapeur des fruits de mer et l\u00e9gumes sur toute la surface de cuisson\u2022 Nettoyage au lave-vaisselle de vos plats chauffants en acier inoxydable","robots":{"index":"index","follow":"follow","max-snippet":"max-snippet:-1","max-image-preview":"max-image-preview:large","max-video-preview":"max-video-preview:-1"},"canonical":"https:\/\/www.grills-saveurs.ch\/fr\/produit\/lumin-versatlity-kit-med\/","og_locale":"fr_FR","og_type":"article","og_title":"Lumin versatlity kit - med - Grills et Saveurs","og_description":"Am\u00e9liorez les performances de votre barbecue \u00e9lectrique Lumin* avec ce kit polyvalent comprenant 4 pi\u00e8ces. Le r\u00e9servoir \u00e0 double fonction \u00e9tend la fonctionnalit\u00e9 de cuisson vapeur et de fumage de votre barbecue sur toute la surface de cuisson. Il transforme la fonction d\u2019infusion de fum\u00e9e de votre barbecue Lumin en fumoir \u00e9lectrique int\u00e9gral. Ajoutez simplement vos copeaux de bois Weber pr\u00e9f\u00e9r\u00e9s pour une cuisson lente \u00e0 basse temp\u00e9rature d'aliments tels que travers et \u00e9chine de porc ou poitrine de boeuf. Il vous permet \u00e9galement de cuire \u00e0 la vapeur des l\u00e9gumes frais, un poisson entier ou un homard. Et \u00e0 l'heure du repas, les convives profiteront d\u2019un service de style buffet gr\u00e2ce aux deux plats chauffants du kit qui maintiendront tous ces aliments savoureux \u00e0 la bonne temp\u00e9rature pendant des heures, sans les br\u00fbler ni les dess\u00e9cher. Comprend : R\u00e9servoir pour cuisson vapeur\/fumage, plaque pour cuisson vapeur r\u00e9versible et plats chauffants (2). * LUMIN est une marque d\u00e9pos\u00e9e de Weber-Stephen Products LLC et fait l\u2019objet d'enregistrements ou de demandes en cours aux \u00c9tats-Unis et dans d\u2019autres pays.\u2022 Transformez votre barbecue en fumoir \u00e9lectrique pour cuire lentement des travers de porc et bien d'autres mets encore\u2022 Deux plats chauffants pour un service de style buffet\u2022 Cuisson vapeur des fruits de mer et l\u00e9gumes sur toute la surface de cuisson\u2022 Nettoyage au lave-vaisselle de vos plats chauffants en acier inoxydable","og_url":"https:\/\/www.grills-saveurs.ch\/fr\/produit\/lumin-versatlity-kit-med\/","og_site_name":"Grills et Saveurs","og_image":[{"width":800,"height":800,"url":"https:\/\/www.grills-saveurs.ch\/fr\/wp-content\/uploads\/2024\/04\/6614D_1800x1800.png","type":"image\/png"}],"twitter_card":"summary_large_image","twitter_misc":{"Dur\u00e9e de lecture estim\u00e9e":"1 minute"},"schema":{"@context":"https:\/\/schema.org","@graph":[{"@type":"WebSite","@id":"https:\/\/www.grills-saveurs.ch\/fr\/#website","url":"https:\/\/www.grills-saveurs.ch\/fr\/","name":"Grills et Saveurs","description":"Barbecues, Grills, Planchas, Chemin\u00e9es jardin - Lausanne, Suisse Romande","potentialAction":[{"@type":"SearchAction","target":{"@type":"EntryPoint","urlTemplate":"https:\/\/www.grills-saveurs.ch\/fr\/?s={search_term_string}"},"query-input":"required name=search_term_string"}],"inLanguage":"fr-FR"},{"@type":"ImageObject","@id":"https:\/\/www.grills-saveurs.ch\/fr\/produit\/lumin-versatlity-kit-med\/#primaryimage","inLanguage":"fr-FR","url":"https:\/\/www.grills-saveurs.ch\/fr\/wp-content\/uploads\/2024\/04\/6614D_1800x1800.png","contentUrl":"https:\/\/www.grills-saveurs.ch\/fr\/wp-content\/uploads\/2024\/04\/6614D_1800x1800.png","width":800,"height":800},{"@type":"WebPage","@id":"https:\/\/www.grills-saveurs.ch\/fr\/produit\/lumin-versatlity-kit-med\/#webpage","url":"https:\/\/www.grills-saveurs.ch\/fr\/produit\/lumin-versatlity-kit-med\/","name":"Lumin versatlity kit - med - Grills et Saveurs","isPartOf":{"@id":"https:\/\/www.grills-saveurs.ch\/fr\/#website"},"primaryImageOfPage":{"@id":"https:\/\/www.grills-saveurs.ch\/fr\/produit\/lumin-versatlity-kit-med\/#primaryimage"},"datePublished":"2024-04-08T07:24:28+00:00","dateModified":"2024-04-08T07:24:28+00:00","description":"Am\u00e9liorez les performances de votre barbecue \u00e9lectrique Lumin* avec ce kit polyvalent comprenant 4 pi\u00e8ces. Le r\u00e9servoir \u00e0 double fonction \u00e9tend la fonctionnalit\u00e9 de cuisson vapeur et de fumage de votre barbecue sur toute la surface de cuisson. Il transforme la fonction d\u2019infusion de fum\u00e9e de votre barbecue Lumin en fumoir \u00e9lectrique int\u00e9gral. Ajoutez simplement vos copeaux de bois Weber pr\u00e9f\u00e9r\u00e9s pour une cuisson lente \u00e0 basse temp\u00e9rature d'aliments tels que travers et \u00e9chine de porc ou poitrine de boeuf. Il vous permet \u00e9galement de cuire \u00e0 la vapeur des l\u00e9gumes frais, un poisson entier ou un homard. Et \u00e0 l'heure du repas, les convives profiteront d\u2019un service de style buffet gr\u00e2ce aux deux plats chauffants du kit qui maintiendront tous ces aliments savoureux \u00e0 la bonne temp\u00e9rature pendant des heures, sans les br\u00fbler ni les dess\u00e9cher. Comprend : R\u00e9servoir pour cuisson vapeur\/fumage, plaque pour cuisson vapeur r\u00e9versible et plats chauffants (2). * LUMIN est une marque d\u00e9pos\u00e9e de Weber-Stephen Products LLC et fait l\u2019objet d'enregistrements ou de demandes en cours aux \u00c9tats-Unis et dans d\u2019autres pays.\u2022 Transformez votre barbecue en fumoir \u00e9lectrique pour cuire lentement des travers de porc et bien d'autres mets encore\u2022 Deux plats chauffants pour un service de style buffet\u2022 Cuisson vapeur des fruits de mer et l\u00e9gumes sur toute la surface de cuisson\u2022 Nettoyage au lave-vaisselle de vos plats chauffants en acier inoxydable","breadcrumb":{"@id":"https:\/\/www.grills-saveurs.ch\/fr\/produit\/lumin-versatlity-kit-med\/#breadcrumb"},"inLanguage":"fr-FR","potentialAction":[{"@type":"ReadAction","target":["https:\/\/www.grills-saveurs.ch\/fr\/produit\/lumin-versatlity-kit-med\/"]}]},{"@type":"BreadcrumbList","@id":"https:\/\/www.grills-saveurs.ch\/fr\/produit\/lumin-versatlity-kit-med\/#breadcrumb","itemListElement":[{"@type":"ListItem","position":1,"name":"Accueil","item":"https:\/\/www.grills-saveurs.ch\/fr\/"},{"@type":"ListItem","position":2,"name":"Shop \/ Boutique","item":"https:\/\/www.grills-saveurs.ch\/fr\/boutique\/"},{"@type":"ListItem","position":3,"name":"Lumin versatlity kit &#8211; med"}]}]}},"_links":{"self":[{"href":"https:\/\/www.grills-saveurs.ch\/fr\/wp-json\/wp\/v2\/product\/9466"}],"collection":[{"href":"https:\/\/www.grills-saveurs.ch\/fr\/wp-json\/wp\/v2\/product"}],"about":[{"href":"https:\/\/www.grills-saveurs.ch\/fr\/wp-json\/wp\/v2\/types\/product"}],"wp:featuredmedia":[{"embeddable":true,"href":"https:\/\/www.grills-saveurs.ch\/fr\/wp-json\/wp\/v2\/media\/9468"}],"wp:attachment":[{"href":"https:\/\/www.grills-saveurs.ch\/fr\/wp-json\/wp\/v2\/media?parent=9466"}],"wp:term":[{"taxonomy":"product_cat","embeddable":true,"href":"https:\/\/www.grills-saveurs.ch\/fr\/wp-json\/wp\/v2\/product_cat?post=9466"},{"taxonomy":"product_tag","embeddable":true,"href":"https:\/\/www.grills-saveurs.ch\/fr\/wp-json\/wp\/v2\/product_tag?post=9466"}],"curies":[{"name":"wp","href":"https:\/\/api.w.org\/{rel}","templated":true}]}}