{"id":9472,"date":"2024-04-08T09:24:29","date_gmt":"2024-04-08T07:24:29","guid":{"rendered":"https:\/\/www.grills-saveurs.ch\/fr\/?post_type=product&#038;p=9472"},"modified":"2024-04-08T09:24:29","modified_gmt":"2024-04-08T07:24:29","slug":"kit-initial-pour-plancha-3-pieces","status":"publish","type":"product","link":"https:\/\/www.grills-saveurs.ch\/fr\/produit\/kit-initial-pour-plancha-3-pieces\/","title":{"rendered":"Kit Initial pour plancha &#8211; 3 pi\u00e8ces"},"content":{"rendered":"<p>Cuisson \u00e0 la plancha facile. Avec ce kit Initial pour plancha, vous pouvez tout pr\u00e9parer, des cr\u00eapes moelleuses aux fajitas savoureuses en passant par le croque-monsieur classique. Comprend : Spatule, grattoir et flacon souple pour plancha.<\/p>\n<p>\u2022 La spatule pour plancha permet de retourner et d\u00e9placer facilement les aliments plus lourds<br \/>\n\u2022 Le grattoir pour plancha \u00e9limine efficacement les graisses et salet\u00e9s<br \/>\n\u2022 Le flacon souple pour plancha permet de verser l&rsquo;assaisonnement, l&rsquo;huile et autres liquides<br \/>\n\u2022 Passe au lave-vaisselle<br \/>\n\u2022 Sans BPA<\/p>\n","protected":false},"excerpt":{"rendered":"<p>WB-6777<\/p>\n","protected":false},"featured_media":9473,"template":"","meta":[],"product_cat":[158,160],"product_tag":[],"yoast_head":"<!-- This site is optimized with the Yoast SEO plugin v18.2 - https:\/\/yoast.com\/wordpress\/plugins\/seo\/ -->\n<title>Kit Initial pour plancha - 3 pi\u00e8ces - Grills et Saveurs<\/title>\n<meta name=\"description\" content=\"Cuisson \u00e0 la plancha facile. Avec ce kit Initial pour plancha, vous pouvez tout pr\u00e9parer, des cr\u00eapes moelleuses aux fajitas savoureuses en passant par le croque-monsieur classique. Comprend : Spatule, grattoir et flacon souple pour plancha.\u2022 La spatule pour plancha permet de retourner et d\u00e9placer facilement les aliments plus lourds\u2022 Le grattoir pour plancha \u00e9limine efficacement les graisses et salet\u00e9s\u2022 Le flacon souple pour plancha permet de verser l&#039;assaisonnement, l&#039;huile et autres liquides\u2022 Passe au lave-vaisselle\u2022 Sans BPA\" \/>\n<meta name=\"robots\" content=\"index, follow, max-snippet:-1, max-image-preview:large, max-video-preview:-1\" \/>\n<link rel=\"canonical\" href=\"https:\/\/www.grills-saveurs.ch\/fr\/produit\/kit-initial-pour-plancha-3-pieces\/\" \/>\n<meta property=\"og:locale\" content=\"fr_FR\" \/>\n<meta property=\"og:type\" content=\"article\" \/>\n<meta property=\"og:title\" content=\"Kit Initial pour plancha - 3 pi\u00e8ces - Grills et Saveurs\" \/>\n<meta property=\"og:description\" content=\"Cuisson \u00e0 la plancha facile. Avec ce kit Initial pour plancha, vous pouvez tout pr\u00e9parer, des cr\u00eapes moelleuses aux fajitas savoureuses en passant par le croque-monsieur classique. Comprend : Spatule, grattoir et flacon souple pour plancha.\u2022 La spatule pour plancha permet de retourner et d\u00e9placer facilement les aliments plus lourds\u2022 Le grattoir pour plancha \u00e9limine efficacement les graisses et salet\u00e9s\u2022 Le flacon souple pour plancha permet de verser l&#039;assaisonnement, l&#039;huile et autres liquides\u2022 Passe au lave-vaisselle\u2022 Sans BPA\" \/>\n<meta property=\"og:url\" content=\"https:\/\/www.grills-saveurs.ch\/fr\/produit\/kit-initial-pour-plancha-3-pieces\/\" \/>\n<meta property=\"og:site_name\" content=\"Grills et Saveurs\" \/>\n<meta property=\"og:image\" content=\"https:\/\/www.grills-saveurs.ch\/fr\/wp-content\/uploads\/2024\/04\/6777_Rev3_1800x1800.png\" \/>\n\t<meta property=\"og:image:width\" content=\"800\" \/>\n\t<meta property=\"og:image:height\" content=\"800\" \/>\n\t<meta property=\"og:image:type\" content=\"image\/png\" \/>\n<meta name=\"twitter:card\" content=\"summary_large_image\" \/>\n<script type=\"application\/ld+json\" class=\"yoast-schema-graph\">{\"@context\":\"https:\/\/schema.org\",\"@graph\":[{\"@type\":\"WebSite\",\"@id\":\"https:\/\/www.grills-saveurs.ch\/fr\/#website\",\"url\":\"https:\/\/www.grills-saveurs.ch\/fr\/\",\"name\":\"Grills et Saveurs\",\"description\":\"Barbecues, Grills, Planchas, Chemin\u00e9es jardin - Lausanne, Suisse Romande\",\"potentialAction\":[{\"@type\":\"SearchAction\",\"target\":{\"@type\":\"EntryPoint\",\"urlTemplate\":\"https:\/\/www.grills-saveurs.ch\/fr\/?s={search_term_string}\"},\"query-input\":\"required name=search_term_string\"}],\"inLanguage\":\"fr-FR\"},{\"@type\":\"ImageObject\",\"@id\":\"https:\/\/www.grills-saveurs.ch\/fr\/produit\/kit-initial-pour-plancha-3-pieces\/#primaryimage\",\"inLanguage\":\"fr-FR\",\"url\":\"https:\/\/www.grills-saveurs.ch\/fr\/wp-content\/uploads\/2024\/04\/6777_Rev3_1800x1800.png\",\"contentUrl\":\"https:\/\/www.grills-saveurs.ch\/fr\/wp-content\/uploads\/2024\/04\/6777_Rev3_1800x1800.png\",\"width\":800,\"height\":800},{\"@type\":\"WebPage\",\"@id\":\"https:\/\/www.grills-saveurs.ch\/fr\/produit\/kit-initial-pour-plancha-3-pieces\/#webpage\",\"url\":\"https:\/\/www.grills-saveurs.ch\/fr\/produit\/kit-initial-pour-plancha-3-pieces\/\",\"name\":\"Kit Initial pour plancha - 3 pi\u00e8ces - Grills et Saveurs\",\"isPartOf\":{\"@id\":\"https:\/\/www.grills-saveurs.ch\/fr\/#website\"},\"primaryImageOfPage\":{\"@id\":\"https:\/\/www.grills-saveurs.ch\/fr\/produit\/kit-initial-pour-plancha-3-pieces\/#primaryimage\"},\"datePublished\":\"2024-04-08T07:24:29+00:00\",\"dateModified\":\"2024-04-08T07:24:29+00:00\",\"description\":\"Cuisson \u00e0 la plancha facile. Avec ce kit Initial pour plancha, vous pouvez tout pr\u00e9parer, des cr\u00eapes moelleuses aux fajitas savoureuses en passant par le croque-monsieur classique. Comprend : Spatule, grattoir et flacon souple pour plancha.\u2022 La spatule pour plancha permet de retourner et d\u00e9placer facilement les aliments plus lourds\u2022 Le grattoir pour plancha \u00e9limine efficacement les graisses et salet\u00e9s\u2022 Le flacon souple pour plancha permet de verser l'assaisonnement, l'huile et autres liquides\u2022 Passe au lave-vaisselle\u2022 Sans BPA\",\"breadcrumb\":{\"@id\":\"https:\/\/www.grills-saveurs.ch\/fr\/produit\/kit-initial-pour-plancha-3-pieces\/#breadcrumb\"},\"inLanguage\":\"fr-FR\",\"potentialAction\":[{\"@type\":\"ReadAction\",\"target\":[\"https:\/\/www.grills-saveurs.ch\/fr\/produit\/kit-initial-pour-plancha-3-pieces\/\"]}]},{\"@type\":\"BreadcrumbList\",\"@id\":\"https:\/\/www.grills-saveurs.ch\/fr\/produit\/kit-initial-pour-plancha-3-pieces\/#breadcrumb\",\"itemListElement\":[{\"@type\":\"ListItem\",\"position\":1,\"name\":\"Accueil\",\"item\":\"https:\/\/www.grills-saveurs.ch\/fr\/\"},{\"@type\":\"ListItem\",\"position\":2,\"name\":\"Shop \/ Boutique\",\"item\":\"https:\/\/www.grills-saveurs.ch\/fr\/boutique\/\"},{\"@type\":\"ListItem\",\"position\":3,\"name\":\"Kit Initial pour plancha &#8211; 3 pi\u00e8ces\"}]}]}<\/script>\n<!-- \/ Yoast SEO plugin. -->","yoast_head_json":{"title":"Kit Initial pour plancha - 3 pi\u00e8ces - Grills et Saveurs","description":"Cuisson \u00e0 la plancha facile. Avec ce kit Initial pour plancha, vous pouvez tout pr\u00e9parer, des cr\u00eapes moelleuses aux fajitas savoureuses en passant par le croque-monsieur classique. Comprend : Spatule, grattoir et flacon souple pour plancha.\u2022 La spatule pour plancha permet de retourner et d\u00e9placer facilement les aliments plus lourds\u2022 Le grattoir pour plancha \u00e9limine efficacement les graisses et salet\u00e9s\u2022 Le flacon souple pour plancha permet de verser l'assaisonnement, l'huile et autres liquides\u2022 Passe au lave-vaisselle\u2022 Sans BPA","robots":{"index":"index","follow":"follow","max-snippet":"max-snippet:-1","max-image-preview":"max-image-preview:large","max-video-preview":"max-video-preview:-1"},"canonical":"https:\/\/www.grills-saveurs.ch\/fr\/produit\/kit-initial-pour-plancha-3-pieces\/","og_locale":"fr_FR","og_type":"article","og_title":"Kit Initial pour plancha - 3 pi\u00e8ces - Grills et Saveurs","og_description":"Cuisson \u00e0 la plancha facile. Avec ce kit Initial pour plancha, vous pouvez tout pr\u00e9parer, des cr\u00eapes moelleuses aux fajitas savoureuses en passant par le croque-monsieur classique. Comprend : Spatule, grattoir et flacon souple pour plancha.\u2022 La spatule pour plancha permet de retourner et d\u00e9placer facilement les aliments plus lourds\u2022 Le grattoir pour plancha \u00e9limine efficacement les graisses et salet\u00e9s\u2022 Le flacon souple pour plancha permet de verser l'assaisonnement, l'huile et autres liquides\u2022 Passe au lave-vaisselle\u2022 Sans BPA","og_url":"https:\/\/www.grills-saveurs.ch\/fr\/produit\/kit-initial-pour-plancha-3-pieces\/","og_site_name":"Grills et Saveurs","og_image":[{"width":800,"height":800,"url":"https:\/\/www.grills-saveurs.ch\/fr\/wp-content\/uploads\/2024\/04\/6777_Rev3_1800x1800.png","type":"image\/png"}],"twitter_card":"summary_large_image","schema":{"@context":"https:\/\/schema.org","@graph":[{"@type":"WebSite","@id":"https:\/\/www.grills-saveurs.ch\/fr\/#website","url":"https:\/\/www.grills-saveurs.ch\/fr\/","name":"Grills et Saveurs","description":"Barbecues, Grills, Planchas, Chemin\u00e9es jardin - Lausanne, Suisse Romande","potentialAction":[{"@type":"SearchAction","target":{"@type":"EntryPoint","urlTemplate":"https:\/\/www.grills-saveurs.ch\/fr\/?s={search_term_string}"},"query-input":"required name=search_term_string"}],"inLanguage":"fr-FR"},{"@type":"ImageObject","@id":"https:\/\/www.grills-saveurs.ch\/fr\/produit\/kit-initial-pour-plancha-3-pieces\/#primaryimage","inLanguage":"fr-FR","url":"https:\/\/www.grills-saveurs.ch\/fr\/wp-content\/uploads\/2024\/04\/6777_Rev3_1800x1800.png","contentUrl":"https:\/\/www.grills-saveurs.ch\/fr\/wp-content\/uploads\/2024\/04\/6777_Rev3_1800x1800.png","width":800,"height":800},{"@type":"WebPage","@id":"https:\/\/www.grills-saveurs.ch\/fr\/produit\/kit-initial-pour-plancha-3-pieces\/#webpage","url":"https:\/\/www.grills-saveurs.ch\/fr\/produit\/kit-initial-pour-plancha-3-pieces\/","name":"Kit Initial pour plancha - 3 pi\u00e8ces - Grills et Saveurs","isPartOf":{"@id":"https:\/\/www.grills-saveurs.ch\/fr\/#website"},"primaryImageOfPage":{"@id":"https:\/\/www.grills-saveurs.ch\/fr\/produit\/kit-initial-pour-plancha-3-pieces\/#primaryimage"},"datePublished":"2024-04-08T07:24:29+00:00","dateModified":"2024-04-08T07:24:29+00:00","description":"Cuisson \u00e0 la plancha facile. Avec ce kit Initial pour plancha, vous pouvez tout pr\u00e9parer, des cr\u00eapes moelleuses aux fajitas savoureuses en passant par le croque-monsieur classique. Comprend : Spatule, grattoir et flacon souple pour plancha.\u2022 La spatule pour plancha permet de retourner et d\u00e9placer facilement les aliments plus lourds\u2022 Le grattoir pour plancha \u00e9limine efficacement les graisses et salet\u00e9s\u2022 Le flacon souple pour plancha permet de verser l'assaisonnement, l'huile et autres liquides\u2022 Passe au lave-vaisselle\u2022 Sans BPA","breadcrumb":{"@id":"https:\/\/www.grills-saveurs.ch\/fr\/produit\/kit-initial-pour-plancha-3-pieces\/#breadcrumb"},"inLanguage":"fr-FR","potentialAction":[{"@type":"ReadAction","target":["https:\/\/www.grills-saveurs.ch\/fr\/produit\/kit-initial-pour-plancha-3-pieces\/"]}]},{"@type":"BreadcrumbList","@id":"https:\/\/www.grills-saveurs.ch\/fr\/produit\/kit-initial-pour-plancha-3-pieces\/#breadcrumb","itemListElement":[{"@type":"ListItem","position":1,"name":"Accueil","item":"https:\/\/www.grills-saveurs.ch\/fr\/"},{"@type":"ListItem","position":2,"name":"Shop \/ Boutique","item":"https:\/\/www.grills-saveurs.ch\/fr\/boutique\/"},{"@type":"ListItem","position":3,"name":"Kit Initial pour plancha &#8211; 3 pi\u00e8ces"}]}]}},"_links":{"self":[{"href":"https:\/\/www.grills-saveurs.ch\/fr\/wp-json\/wp\/v2\/product\/9472"}],"collection":[{"href":"https:\/\/www.grills-saveurs.ch\/fr\/wp-json\/wp\/v2\/product"}],"about":[{"href":"https:\/\/www.grills-saveurs.ch\/fr\/wp-json\/wp\/v2\/types\/product"}],"wp:featuredmedia":[{"embeddable":true,"href":"https:\/\/www.grills-saveurs.ch\/fr\/wp-json\/wp\/v2\/media\/9473"}],"wp:attachment":[{"href":"https:\/\/www.grills-saveurs.ch\/fr\/wp-json\/wp\/v2\/media?parent=9472"}],"wp:term":[{"taxonomy":"product_cat","embeddable":true,"href":"https:\/\/www.grills-saveurs.ch\/fr\/wp-json\/wp\/v2\/product_cat?post=9472"},{"taxonomy":"product_tag","embeddable":true,"href":"https:\/\/www.grills-saveurs.ch\/fr\/wp-json\/wp\/v2\/product_tag?post=9472"}],"curies":[{"name":"wp","href":"https:\/\/api.w.org\/{rel}","templated":true}]}}