{"id":9474,"date":"2024-04-08T09:24:29","date_gmt":"2024-04-08T07:24:29","guid":{"rendered":"https:\/\/www.grills-saveurs.ch\/fr\/?post_type=product&#038;p=9474"},"modified":"2024-04-08T09:24:29","modified_gmt":"2024-04-08T07:24:29","slug":"grattoir-pour-plancha","status":"publish","type":"product","link":"https:\/\/www.grills-saveurs.ch\/fr\/produit\/grattoir-pour-plancha\/","title":{"rendered":"Grattoir pour plancha"},"content":{"rendered":"<p>Grattez les r\u00e9sidus de la recette pr\u00e9c\u00e9dente avec le grattoir pour plancha et commencez la cuisson d&rsquo;une nouvelle recette. Sa poign\u00e9e antid\u00e9rapante offre une bonne prise en main pour \u00e9liminer efficacement graisses et salet\u00e9s.<\/p>\n<p>\u2022 Gratte efficacement les graisses et salet\u00e9s<br \/>\n\u2022 Poign\u00e9e antid\u00e9rapante et facile \u00e0 saisir pour une prise en main confortable<br \/>\n\u2022 Passe au lave-vaisselle<\/p>\n","protected":false},"excerpt":{"rendered":"<p>WB-6781<\/p>\n","protected":false},"featured_media":9477,"template":"","meta":[],"product_cat":[158,160],"product_tag":[],"yoast_head":"<!-- This site is optimized with the Yoast SEO plugin v18.2 - https:\/\/yoast.com\/wordpress\/plugins\/seo\/ -->\n<title>Grattoir pour plancha - Grills et Saveurs<\/title>\n<meta name=\"description\" content=\"Grattez les r\u00e9sidus de la recette pr\u00e9c\u00e9dente avec le grattoir pour plancha et commencez la cuisson d&#039;une nouvelle recette. Sa poign\u00e9e antid\u00e9rapante offre une bonne prise en main pour \u00e9liminer efficacement graisses et salet\u00e9s.\u2022 Gratte efficacement les graisses et salet\u00e9s\u2022 Poign\u00e9e antid\u00e9rapante et facile \u00e0 saisir pour une prise en main confortable\u2022 Passe au lave-vaisselle\" \/>\n<meta name=\"robots\" content=\"index, follow, max-snippet:-1, max-image-preview:large, max-video-preview:-1\" \/>\n<link rel=\"canonical\" href=\"https:\/\/www.grills-saveurs.ch\/fr\/produit\/grattoir-pour-plancha\/\" \/>\n<meta property=\"og:locale\" content=\"fr_FR\" \/>\n<meta property=\"og:type\" content=\"article\" \/>\n<meta property=\"og:title\" content=\"Grattoir pour plancha - Grills et Saveurs\" \/>\n<meta property=\"og:description\" content=\"Grattez les r\u00e9sidus de la recette pr\u00e9c\u00e9dente avec le grattoir pour plancha et commencez la cuisson d&#039;une nouvelle recette. Sa poign\u00e9e antid\u00e9rapante offre une bonne prise en main pour \u00e9liminer efficacement graisses et salet\u00e9s.\u2022 Gratte efficacement les graisses et salet\u00e9s\u2022 Poign\u00e9e antid\u00e9rapante et facile \u00e0 saisir pour une prise en main confortable\u2022 Passe au lave-vaisselle\" \/>\n<meta property=\"og:url\" content=\"https:\/\/www.grills-saveurs.ch\/fr\/produit\/grattoir-pour-plancha\/\" \/>\n<meta property=\"og:site_name\" content=\"Grills et Saveurs\" \/>\n<meta property=\"og:image\" content=\"https:\/\/www.grills-saveurs.ch\/fr\/wp-content\/uploads\/2024\/04\/6781C_1800x1800.png\" \/>\n\t<meta property=\"og:image:width\" content=\"800\" \/>\n\t<meta property=\"og:image:height\" content=\"800\" \/>\n\t<meta property=\"og:image:type\" content=\"image\/png\" \/>\n<meta name=\"twitter:card\" content=\"summary_large_image\" \/>\n<script type=\"application\/ld+json\" class=\"yoast-schema-graph\">{\"@context\":\"https:\/\/schema.org\",\"@graph\":[{\"@type\":\"WebSite\",\"@id\":\"https:\/\/www.grills-saveurs.ch\/fr\/#website\",\"url\":\"https:\/\/www.grills-saveurs.ch\/fr\/\",\"name\":\"Grills et Saveurs\",\"description\":\"Barbecues, Grills, Planchas, Chemin\u00e9es jardin - Lausanne, Suisse Romande\",\"potentialAction\":[{\"@type\":\"SearchAction\",\"target\":{\"@type\":\"EntryPoint\",\"urlTemplate\":\"https:\/\/www.grills-saveurs.ch\/fr\/?s={search_term_string}\"},\"query-input\":\"required name=search_term_string\"}],\"inLanguage\":\"fr-FR\"},{\"@type\":\"ImageObject\",\"@id\":\"https:\/\/www.grills-saveurs.ch\/fr\/produit\/grattoir-pour-plancha\/#primaryimage\",\"inLanguage\":\"fr-FR\",\"url\":\"https:\/\/www.grills-saveurs.ch\/fr\/wp-content\/uploads\/2024\/04\/6781C_1800x1800.png\",\"contentUrl\":\"https:\/\/www.grills-saveurs.ch\/fr\/wp-content\/uploads\/2024\/04\/6781C_1800x1800.png\",\"width\":800,\"height\":800},{\"@type\":\"WebPage\",\"@id\":\"https:\/\/www.grills-saveurs.ch\/fr\/produit\/grattoir-pour-plancha\/#webpage\",\"url\":\"https:\/\/www.grills-saveurs.ch\/fr\/produit\/grattoir-pour-plancha\/\",\"name\":\"Grattoir pour plancha - Grills et Saveurs\",\"isPartOf\":{\"@id\":\"https:\/\/www.grills-saveurs.ch\/fr\/#website\"},\"primaryImageOfPage\":{\"@id\":\"https:\/\/www.grills-saveurs.ch\/fr\/produit\/grattoir-pour-plancha\/#primaryimage\"},\"datePublished\":\"2024-04-08T07:24:29+00:00\",\"dateModified\":\"2024-04-08T07:24:29+00:00\",\"description\":\"Grattez les r\u00e9sidus de la recette pr\u00e9c\u00e9dente avec le grattoir pour plancha et commencez la cuisson d'une nouvelle recette. Sa poign\u00e9e antid\u00e9rapante offre une bonne prise en main pour \u00e9liminer efficacement graisses et salet\u00e9s.\u2022 Gratte efficacement les graisses et salet\u00e9s\u2022 Poign\u00e9e antid\u00e9rapante et facile \u00e0 saisir pour une prise en main confortable\u2022 Passe au lave-vaisselle\",\"breadcrumb\":{\"@id\":\"https:\/\/www.grills-saveurs.ch\/fr\/produit\/grattoir-pour-plancha\/#breadcrumb\"},\"inLanguage\":\"fr-FR\",\"potentialAction\":[{\"@type\":\"ReadAction\",\"target\":[\"https:\/\/www.grills-saveurs.ch\/fr\/produit\/grattoir-pour-plancha\/\"]}]},{\"@type\":\"BreadcrumbList\",\"@id\":\"https:\/\/www.grills-saveurs.ch\/fr\/produit\/grattoir-pour-plancha\/#breadcrumb\",\"itemListElement\":[{\"@type\":\"ListItem\",\"position\":1,\"name\":\"Accueil\",\"item\":\"https:\/\/www.grills-saveurs.ch\/fr\/\"},{\"@type\":\"ListItem\",\"position\":2,\"name\":\"Shop \/ Boutique\",\"item\":\"https:\/\/www.grills-saveurs.ch\/fr\/boutique\/\"},{\"@type\":\"ListItem\",\"position\":3,\"name\":\"Grattoir pour plancha\"}]}]}<\/script>\n<!-- \/ Yoast SEO plugin. -->","yoast_head_json":{"title":"Grattoir pour plancha - Grills et Saveurs","description":"Grattez les r\u00e9sidus de la recette pr\u00e9c\u00e9dente avec le grattoir pour plancha et commencez la cuisson d'une nouvelle recette. Sa poign\u00e9e antid\u00e9rapante offre une bonne prise en main pour \u00e9liminer efficacement graisses et salet\u00e9s.\u2022 Gratte efficacement les graisses et salet\u00e9s\u2022 Poign\u00e9e antid\u00e9rapante et facile \u00e0 saisir pour une prise en main confortable\u2022 Passe au lave-vaisselle","robots":{"index":"index","follow":"follow","max-snippet":"max-snippet:-1","max-image-preview":"max-image-preview:large","max-video-preview":"max-video-preview:-1"},"canonical":"https:\/\/www.grills-saveurs.ch\/fr\/produit\/grattoir-pour-plancha\/","og_locale":"fr_FR","og_type":"article","og_title":"Grattoir pour plancha - Grills et Saveurs","og_description":"Grattez les r\u00e9sidus de la recette pr\u00e9c\u00e9dente avec le grattoir pour plancha et commencez la cuisson d'une nouvelle recette. Sa poign\u00e9e antid\u00e9rapante offre une bonne prise en main pour \u00e9liminer efficacement graisses et salet\u00e9s.\u2022 Gratte efficacement les graisses et salet\u00e9s\u2022 Poign\u00e9e antid\u00e9rapante et facile \u00e0 saisir pour une prise en main confortable\u2022 Passe au lave-vaisselle","og_url":"https:\/\/www.grills-saveurs.ch\/fr\/produit\/grattoir-pour-plancha\/","og_site_name":"Grills et Saveurs","og_image":[{"width":800,"height":800,"url":"https:\/\/www.grills-saveurs.ch\/fr\/wp-content\/uploads\/2024\/04\/6781C_1800x1800.png","type":"image\/png"}],"twitter_card":"summary_large_image","schema":{"@context":"https:\/\/schema.org","@graph":[{"@type":"WebSite","@id":"https:\/\/www.grills-saveurs.ch\/fr\/#website","url":"https:\/\/www.grills-saveurs.ch\/fr\/","name":"Grills et Saveurs","description":"Barbecues, Grills, Planchas, Chemin\u00e9es jardin - Lausanne, Suisse Romande","potentialAction":[{"@type":"SearchAction","target":{"@type":"EntryPoint","urlTemplate":"https:\/\/www.grills-saveurs.ch\/fr\/?s={search_term_string}"},"query-input":"required name=search_term_string"}],"inLanguage":"fr-FR"},{"@type":"ImageObject","@id":"https:\/\/www.grills-saveurs.ch\/fr\/produit\/grattoir-pour-plancha\/#primaryimage","inLanguage":"fr-FR","url":"https:\/\/www.grills-saveurs.ch\/fr\/wp-content\/uploads\/2024\/04\/6781C_1800x1800.png","contentUrl":"https:\/\/www.grills-saveurs.ch\/fr\/wp-content\/uploads\/2024\/04\/6781C_1800x1800.png","width":800,"height":800},{"@type":"WebPage","@id":"https:\/\/www.grills-saveurs.ch\/fr\/produit\/grattoir-pour-plancha\/#webpage","url":"https:\/\/www.grills-saveurs.ch\/fr\/produit\/grattoir-pour-plancha\/","name":"Grattoir pour plancha - Grills et Saveurs","isPartOf":{"@id":"https:\/\/www.grills-saveurs.ch\/fr\/#website"},"primaryImageOfPage":{"@id":"https:\/\/www.grills-saveurs.ch\/fr\/produit\/grattoir-pour-plancha\/#primaryimage"},"datePublished":"2024-04-08T07:24:29+00:00","dateModified":"2024-04-08T07:24:29+00:00","description":"Grattez les r\u00e9sidus de la recette pr\u00e9c\u00e9dente avec le grattoir pour plancha et commencez la cuisson d'une nouvelle recette. Sa poign\u00e9e antid\u00e9rapante offre une bonne prise en main pour \u00e9liminer efficacement graisses et salet\u00e9s.\u2022 Gratte efficacement les graisses et salet\u00e9s\u2022 Poign\u00e9e antid\u00e9rapante et facile \u00e0 saisir pour une prise en main confortable\u2022 Passe au lave-vaisselle","breadcrumb":{"@id":"https:\/\/www.grills-saveurs.ch\/fr\/produit\/grattoir-pour-plancha\/#breadcrumb"},"inLanguage":"fr-FR","potentialAction":[{"@type":"ReadAction","target":["https:\/\/www.grills-saveurs.ch\/fr\/produit\/grattoir-pour-plancha\/"]}]},{"@type":"BreadcrumbList","@id":"https:\/\/www.grills-saveurs.ch\/fr\/produit\/grattoir-pour-plancha\/#breadcrumb","itemListElement":[{"@type":"ListItem","position":1,"name":"Accueil","item":"https:\/\/www.grills-saveurs.ch\/fr\/"},{"@type":"ListItem","position":2,"name":"Shop \/ Boutique","item":"https:\/\/www.grills-saveurs.ch\/fr\/boutique\/"},{"@type":"ListItem","position":3,"name":"Grattoir pour plancha"}]}]}},"_links":{"self":[{"href":"https:\/\/www.grills-saveurs.ch\/fr\/wp-json\/wp\/v2\/product\/9474"}],"collection":[{"href":"https:\/\/www.grills-saveurs.ch\/fr\/wp-json\/wp\/v2\/product"}],"about":[{"href":"https:\/\/www.grills-saveurs.ch\/fr\/wp-json\/wp\/v2\/types\/product"}],"wp:featuredmedia":[{"embeddable":true,"href":"https:\/\/www.grills-saveurs.ch\/fr\/wp-json\/wp\/v2\/media\/9477"}],"wp:attachment":[{"href":"https:\/\/www.grills-saveurs.ch\/fr\/wp-json\/wp\/v2\/media?parent=9474"}],"wp:term":[{"taxonomy":"product_cat","embeddable":true,"href":"https:\/\/www.grills-saveurs.ch\/fr\/wp-json\/wp\/v2\/product_cat?post=9474"},{"taxonomy":"product_tag","embeddable":true,"href":"https:\/\/www.grills-saveurs.ch\/fr\/wp-json\/wp\/v2\/product_tag?post=9474"}],"curies":[{"name":"wp","href":"https:\/\/api.w.org\/{rel}","templated":true}]}}