{"id":9478,"date":"2024-04-08T09:24:29","date_gmt":"2024-04-08T07:24:29","guid":{"rendered":"https:\/\/www.grills-saveurs.ch\/fr\/?post_type=product&#038;p=9478"},"modified":"2024-04-08T09:24:29","modified_gmt":"2024-04-08T07:24:29","slug":"plancha-integrale-pour-serie-genesis-300","status":"publish","type":"product","link":"https:\/\/www.grills-saveurs.ch\/fr\/produit\/plancha-integrale-pour-serie-genesis-300\/","title":{"rendered":"Plancha int\u00e9grale pour s\u00e9rie Genesis 300"},"content":{"rendered":"<p>Cuisinez \u00e0 la plancha sur votre barbecue existant avec la plancha int\u00e9grale Genesis. Con\u00e7ue pour s\u2019adapter parfaitement \u00e0 votre barbecue \u00e0 gaz Genesis 300, vous pouvez transformer toute la surface de cuisson en quelques secondes. Fabriqu\u00e9e en fonte \u00e9maill\u00e9e, cette plancha utilise les br\u00fbleurs sup\u00e9rieurs de votre barbecue pour fournir une chaleur uniforme d\u2019un bord \u00e0 l\u2019autre. Des cr\u00eapes aux oeufs en passant par les fruits de mer et les l\u00e9gumes, vous aurez le contr\u00f4le total de la pr\u00e9paration de chaque plat, assiette apr\u00e8s assiette, pour des r\u00e9sultats dignes d\u2019un restaurant. De plus, le syst\u00e8me de gestion des graisses est con\u00e7u pour \u00eatre compatible avec votre barbecue. Il \u00e9vite les d\u00e9versements et r\u00e9cup\u00e8re efficacement les graisses pour limiter les salet\u00e9s. Savourez le meilleur des deux mondes avec un seul barbecue. Posez votre plancha.<\/p>\n<p>\u2022 Pour barbecues \u00e0 gaz s\u00e9ries Genesis et Genesis II 300, mod\u00e8les 2016 et plus r\u00e9cents<br \/>\n\u2022 Plancha con\u00e7ue pour transformer facilement toute la surface de cuisson<br \/>\n\u2022 Le syst\u00e8me compatible de gestion des graisses pr\u00e9vient les d\u00e9versements et capture les graisses<br \/>\n\u2022 En fonte \u00e9maill\u00e9e<br \/>\n\u2022 La construction durable permet d\u2019obtenir une chaleur uniforme pour faire sauter, dorer ou saisir<br \/>\n\u2022 Bords relev\u00e9s pour maintenir les aliments, l\u2019huile et l\u2019assaisonnement en place<\/p>\n","protected":false},"excerpt":{"rendered":"<p>WB-6791<\/p>\n","protected":false},"featured_media":9479,"template":"","meta":[],"product_cat":[162],"product_tag":[],"yoast_head":"<!-- This site is optimized with the Yoast SEO plugin v18.2 - https:\/\/yoast.com\/wordpress\/plugins\/seo\/ -->\n<title>Plancha int\u00e9grale pour s\u00e9rie Genesis 300 - Grills et Saveurs<\/title>\n<meta name=\"description\" content=\"Cuisinez \u00e0 la plancha sur votre barbecue existant avec la plancha int\u00e9grale Genesis. Con\u00e7ue pour s\u2019adapter parfaitement \u00e0 votre barbecue \u00e0 gaz Genesis 300, vous pouvez transformer toute la surface de cuisson en quelques secondes. Fabriqu\u00e9e en fonte \u00e9maill\u00e9e, cette plancha utilise les br\u00fbleurs sup\u00e9rieurs de votre barbecue pour fournir une chaleur uniforme d\u2019un bord \u00e0 l\u2019autre. Des cr\u00eapes aux oeufs en passant par les fruits de mer et les l\u00e9gumes, vous aurez le contr\u00f4le total de la pr\u00e9paration de chaque plat, assiette apr\u00e8s assiette, pour des r\u00e9sultats dignes d\u2019un restaurant. De plus, le syst\u00e8me de gestion des graisses est con\u00e7u pour \u00eatre compatible avec votre barbecue. Il \u00e9vite les d\u00e9versements et r\u00e9cup\u00e8re efficacement les graisses pour limiter les salet\u00e9s. Savourez le meilleur des deux mondes avec un seul barbecue. Posez votre plancha.\u2022 Pour barbecues \u00e0 gaz s\u00e9ries Genesis et Genesis II 300, mod\u00e8les 2016 et plus r\u00e9cents\u2022 Plancha con\u00e7ue pour transformer facilement toute la surface de cuisson\u2022 Le syst\u00e8me compatible de gestion des graisses pr\u00e9vient les d\u00e9versements et capture les graisses\u2022 En fonte \u00e9maill\u00e9e\u2022 La construction durable permet d\u2019obtenir une chaleur uniforme pour faire sauter, dorer ou saisir\u2022 Bords relev\u00e9s pour maintenir les aliments, l\u2019huile et l\u2019assaisonnement en place\" \/>\n<meta name=\"robots\" content=\"index, follow, max-snippet:-1, max-image-preview:large, max-video-preview:-1\" \/>\n<link rel=\"canonical\" href=\"https:\/\/www.grills-saveurs.ch\/fr\/produit\/plancha-integrale-pour-serie-genesis-300\/\" \/>\n<meta property=\"og:locale\" content=\"fr_FR\" \/>\n<meta property=\"og:type\" content=\"article\" \/>\n<meta property=\"og:title\" content=\"Plancha int\u00e9grale pour s\u00e9rie Genesis 300 - Grills et Saveurs\" \/>\n<meta property=\"og:description\" content=\"Cuisinez \u00e0 la plancha sur votre barbecue existant avec la plancha int\u00e9grale Genesis. Con\u00e7ue pour s\u2019adapter parfaitement \u00e0 votre barbecue \u00e0 gaz Genesis 300, vous pouvez transformer toute la surface de cuisson en quelques secondes. Fabriqu\u00e9e en fonte \u00e9maill\u00e9e, cette plancha utilise les br\u00fbleurs sup\u00e9rieurs de votre barbecue pour fournir une chaleur uniforme d\u2019un bord \u00e0 l\u2019autre. Des cr\u00eapes aux oeufs en passant par les fruits de mer et les l\u00e9gumes, vous aurez le contr\u00f4le total de la pr\u00e9paration de chaque plat, assiette apr\u00e8s assiette, pour des r\u00e9sultats dignes d\u2019un restaurant. De plus, le syst\u00e8me de gestion des graisses est con\u00e7u pour \u00eatre compatible avec votre barbecue. Il \u00e9vite les d\u00e9versements et r\u00e9cup\u00e8re efficacement les graisses pour limiter les salet\u00e9s. Savourez le meilleur des deux mondes avec un seul barbecue. Posez votre plancha.\u2022 Pour barbecues \u00e0 gaz s\u00e9ries Genesis et Genesis II 300, mod\u00e8les 2016 et plus r\u00e9cents\u2022 Plancha con\u00e7ue pour transformer facilement toute la surface de cuisson\u2022 Le syst\u00e8me compatible de gestion des graisses pr\u00e9vient les d\u00e9versements et capture les graisses\u2022 En fonte \u00e9maill\u00e9e\u2022 La construction durable permet d\u2019obtenir une chaleur uniforme pour faire sauter, dorer ou saisir\u2022 Bords relev\u00e9s pour maintenir les aliments, l\u2019huile et l\u2019assaisonnement en place\" \/>\n<meta property=\"og:url\" content=\"https:\/\/www.grills-saveurs.ch\/fr\/produit\/plancha-integrale-pour-serie-genesis-300\/\" \/>\n<meta property=\"og:site_name\" content=\"Grills et Saveurs\" \/>\n<meta property=\"og:image\" content=\"https:\/\/www.grills-saveurs.ch\/fr\/wp-content\/uploads\/2024\/04\/6791A_1800x1800.png\" \/>\n\t<meta property=\"og:image:width\" content=\"800\" \/>\n\t<meta property=\"og:image:height\" content=\"800\" \/>\n\t<meta property=\"og:image:type\" content=\"image\/png\" \/>\n<meta name=\"twitter:card\" content=\"summary_large_image\" \/>\n<meta name=\"twitter:label1\" content=\"Dur\u00e9e de lecture estim\u00e9e\" \/>\n\t<meta name=\"twitter:data1\" content=\"1 minute\" \/>\n<script type=\"application\/ld+json\" class=\"yoast-schema-graph\">{\"@context\":\"https:\/\/schema.org\",\"@graph\":[{\"@type\":\"WebSite\",\"@id\":\"https:\/\/www.grills-saveurs.ch\/fr\/#website\",\"url\":\"https:\/\/www.grills-saveurs.ch\/fr\/\",\"name\":\"Grills et Saveurs\",\"description\":\"Barbecues, Grills, Planchas, Chemin\u00e9es jardin - Lausanne, Suisse Romande\",\"potentialAction\":[{\"@type\":\"SearchAction\",\"target\":{\"@type\":\"EntryPoint\",\"urlTemplate\":\"https:\/\/www.grills-saveurs.ch\/fr\/?s={search_term_string}\"},\"query-input\":\"required name=search_term_string\"}],\"inLanguage\":\"fr-FR\"},{\"@type\":\"ImageObject\",\"@id\":\"https:\/\/www.grills-saveurs.ch\/fr\/produit\/plancha-integrale-pour-serie-genesis-300\/#primaryimage\",\"inLanguage\":\"fr-FR\",\"url\":\"https:\/\/www.grills-saveurs.ch\/fr\/wp-content\/uploads\/2024\/04\/6791A_1800x1800.png\",\"contentUrl\":\"https:\/\/www.grills-saveurs.ch\/fr\/wp-content\/uploads\/2024\/04\/6791A_1800x1800.png\",\"width\":800,\"height\":800},{\"@type\":\"WebPage\",\"@id\":\"https:\/\/www.grills-saveurs.ch\/fr\/produit\/plancha-integrale-pour-serie-genesis-300\/#webpage\",\"url\":\"https:\/\/www.grills-saveurs.ch\/fr\/produit\/plancha-integrale-pour-serie-genesis-300\/\",\"name\":\"Plancha int\u00e9grale pour s\u00e9rie Genesis 300 - Grills et Saveurs\",\"isPartOf\":{\"@id\":\"https:\/\/www.grills-saveurs.ch\/fr\/#website\"},\"primaryImageOfPage\":{\"@id\":\"https:\/\/www.grills-saveurs.ch\/fr\/produit\/plancha-integrale-pour-serie-genesis-300\/#primaryimage\"},\"datePublished\":\"2024-04-08T07:24:29+00:00\",\"dateModified\":\"2024-04-08T07:24:29+00:00\",\"description\":\"Cuisinez \u00e0 la plancha sur votre barbecue existant avec la plancha int\u00e9grale Genesis. Con\u00e7ue pour s\u2019adapter parfaitement \u00e0 votre barbecue \u00e0 gaz Genesis 300, vous pouvez transformer toute la surface de cuisson en quelques secondes. Fabriqu\u00e9e en fonte \u00e9maill\u00e9e, cette plancha utilise les br\u00fbleurs sup\u00e9rieurs de votre barbecue pour fournir une chaleur uniforme d\u2019un bord \u00e0 l\u2019autre. Des cr\u00eapes aux oeufs en passant par les fruits de mer et les l\u00e9gumes, vous aurez le contr\u00f4le total de la pr\u00e9paration de chaque plat, assiette apr\u00e8s assiette, pour des r\u00e9sultats dignes d\u2019un restaurant. De plus, le syst\u00e8me de gestion des graisses est con\u00e7u pour \u00eatre compatible avec votre barbecue. Il \u00e9vite les d\u00e9versements et r\u00e9cup\u00e8re efficacement les graisses pour limiter les salet\u00e9s. Savourez le meilleur des deux mondes avec un seul barbecue. Posez votre plancha.\u2022 Pour barbecues \u00e0 gaz s\u00e9ries Genesis et Genesis II 300, mod\u00e8les 2016 et plus r\u00e9cents\u2022 Plancha con\u00e7ue pour transformer facilement toute la surface de cuisson\u2022 Le syst\u00e8me compatible de gestion des graisses pr\u00e9vient les d\u00e9versements et capture les graisses\u2022 En fonte \u00e9maill\u00e9e\u2022 La construction durable permet d\u2019obtenir une chaleur uniforme pour faire sauter, dorer ou saisir\u2022 Bords relev\u00e9s pour maintenir les aliments, l\u2019huile et l\u2019assaisonnement en place\",\"breadcrumb\":{\"@id\":\"https:\/\/www.grills-saveurs.ch\/fr\/produit\/plancha-integrale-pour-serie-genesis-300\/#breadcrumb\"},\"inLanguage\":\"fr-FR\",\"potentialAction\":[{\"@type\":\"ReadAction\",\"target\":[\"https:\/\/www.grills-saveurs.ch\/fr\/produit\/plancha-integrale-pour-serie-genesis-300\/\"]}]},{\"@type\":\"BreadcrumbList\",\"@id\":\"https:\/\/www.grills-saveurs.ch\/fr\/produit\/plancha-integrale-pour-serie-genesis-300\/#breadcrumb\",\"itemListElement\":[{\"@type\":\"ListItem\",\"position\":1,\"name\":\"Accueil\",\"item\":\"https:\/\/www.grills-saveurs.ch\/fr\/\"},{\"@type\":\"ListItem\",\"position\":2,\"name\":\"Shop \/ Boutique\",\"item\":\"https:\/\/www.grills-saveurs.ch\/fr\/boutique\/\"},{\"@type\":\"ListItem\",\"position\":3,\"name\":\"Plancha int\u00e9grale pour s\u00e9rie Genesis 300\"}]}]}<\/script>\n<!-- \/ Yoast SEO plugin. -->","yoast_head_json":{"title":"Plancha int\u00e9grale pour s\u00e9rie Genesis 300 - Grills et Saveurs","description":"Cuisinez \u00e0 la plancha sur votre barbecue existant avec la plancha int\u00e9grale Genesis. Con\u00e7ue pour s\u2019adapter parfaitement \u00e0 votre barbecue \u00e0 gaz Genesis 300, vous pouvez transformer toute la surface de cuisson en quelques secondes. Fabriqu\u00e9e en fonte \u00e9maill\u00e9e, cette plancha utilise les br\u00fbleurs sup\u00e9rieurs de votre barbecue pour fournir une chaleur uniforme d\u2019un bord \u00e0 l\u2019autre. Des cr\u00eapes aux oeufs en passant par les fruits de mer et les l\u00e9gumes, vous aurez le contr\u00f4le total de la pr\u00e9paration de chaque plat, assiette apr\u00e8s assiette, pour des r\u00e9sultats dignes d\u2019un restaurant. De plus, le syst\u00e8me de gestion des graisses est con\u00e7u pour \u00eatre compatible avec votre barbecue. Il \u00e9vite les d\u00e9versements et r\u00e9cup\u00e8re efficacement les graisses pour limiter les salet\u00e9s. Savourez le meilleur des deux mondes avec un seul barbecue. Posez votre plancha.\u2022 Pour barbecues \u00e0 gaz s\u00e9ries Genesis et Genesis II 300, mod\u00e8les 2016 et plus r\u00e9cents\u2022 Plancha con\u00e7ue pour transformer facilement toute la surface de cuisson\u2022 Le syst\u00e8me compatible de gestion des graisses pr\u00e9vient les d\u00e9versements et capture les graisses\u2022 En fonte \u00e9maill\u00e9e\u2022 La construction durable permet d\u2019obtenir une chaleur uniforme pour faire sauter, dorer ou saisir\u2022 Bords relev\u00e9s pour maintenir les aliments, l\u2019huile et l\u2019assaisonnement en place","robots":{"index":"index","follow":"follow","max-snippet":"max-snippet:-1","max-image-preview":"max-image-preview:large","max-video-preview":"max-video-preview:-1"},"canonical":"https:\/\/www.grills-saveurs.ch\/fr\/produit\/plancha-integrale-pour-serie-genesis-300\/","og_locale":"fr_FR","og_type":"article","og_title":"Plancha int\u00e9grale pour s\u00e9rie Genesis 300 - Grills et Saveurs","og_description":"Cuisinez \u00e0 la plancha sur votre barbecue existant avec la plancha int\u00e9grale Genesis. Con\u00e7ue pour s\u2019adapter parfaitement \u00e0 votre barbecue \u00e0 gaz Genesis 300, vous pouvez transformer toute la surface de cuisson en quelques secondes. Fabriqu\u00e9e en fonte \u00e9maill\u00e9e, cette plancha utilise les br\u00fbleurs sup\u00e9rieurs de votre barbecue pour fournir une chaleur uniforme d\u2019un bord \u00e0 l\u2019autre. Des cr\u00eapes aux oeufs en passant par les fruits de mer et les l\u00e9gumes, vous aurez le contr\u00f4le total de la pr\u00e9paration de chaque plat, assiette apr\u00e8s assiette, pour des r\u00e9sultats dignes d\u2019un restaurant. De plus, le syst\u00e8me de gestion des graisses est con\u00e7u pour \u00eatre compatible avec votre barbecue. Il \u00e9vite les d\u00e9versements et r\u00e9cup\u00e8re efficacement les graisses pour limiter les salet\u00e9s. Savourez le meilleur des deux mondes avec un seul barbecue. Posez votre plancha.\u2022 Pour barbecues \u00e0 gaz s\u00e9ries Genesis et Genesis II 300, mod\u00e8les 2016 et plus r\u00e9cents\u2022 Plancha con\u00e7ue pour transformer facilement toute la surface de cuisson\u2022 Le syst\u00e8me compatible de gestion des graisses pr\u00e9vient les d\u00e9versements et capture les graisses\u2022 En fonte \u00e9maill\u00e9e\u2022 La construction durable permet d\u2019obtenir une chaleur uniforme pour faire sauter, dorer ou saisir\u2022 Bords relev\u00e9s pour maintenir les aliments, l\u2019huile et l\u2019assaisonnement en place","og_url":"https:\/\/www.grills-saveurs.ch\/fr\/produit\/plancha-integrale-pour-serie-genesis-300\/","og_site_name":"Grills et Saveurs","og_image":[{"width":800,"height":800,"url":"https:\/\/www.grills-saveurs.ch\/fr\/wp-content\/uploads\/2024\/04\/6791A_1800x1800.png","type":"image\/png"}],"twitter_card":"summary_large_image","twitter_misc":{"Dur\u00e9e de lecture estim\u00e9e":"1 minute"},"schema":{"@context":"https:\/\/schema.org","@graph":[{"@type":"WebSite","@id":"https:\/\/www.grills-saveurs.ch\/fr\/#website","url":"https:\/\/www.grills-saveurs.ch\/fr\/","name":"Grills et Saveurs","description":"Barbecues, Grills, Planchas, Chemin\u00e9es jardin - Lausanne, Suisse Romande","potentialAction":[{"@type":"SearchAction","target":{"@type":"EntryPoint","urlTemplate":"https:\/\/www.grills-saveurs.ch\/fr\/?s={search_term_string}"},"query-input":"required name=search_term_string"}],"inLanguage":"fr-FR"},{"@type":"ImageObject","@id":"https:\/\/www.grills-saveurs.ch\/fr\/produit\/plancha-integrale-pour-serie-genesis-300\/#primaryimage","inLanguage":"fr-FR","url":"https:\/\/www.grills-saveurs.ch\/fr\/wp-content\/uploads\/2024\/04\/6791A_1800x1800.png","contentUrl":"https:\/\/www.grills-saveurs.ch\/fr\/wp-content\/uploads\/2024\/04\/6791A_1800x1800.png","width":800,"height":800},{"@type":"WebPage","@id":"https:\/\/www.grills-saveurs.ch\/fr\/produit\/plancha-integrale-pour-serie-genesis-300\/#webpage","url":"https:\/\/www.grills-saveurs.ch\/fr\/produit\/plancha-integrale-pour-serie-genesis-300\/","name":"Plancha int\u00e9grale pour s\u00e9rie Genesis 300 - Grills et Saveurs","isPartOf":{"@id":"https:\/\/www.grills-saveurs.ch\/fr\/#website"},"primaryImageOfPage":{"@id":"https:\/\/www.grills-saveurs.ch\/fr\/produit\/plancha-integrale-pour-serie-genesis-300\/#primaryimage"},"datePublished":"2024-04-08T07:24:29+00:00","dateModified":"2024-04-08T07:24:29+00:00","description":"Cuisinez \u00e0 la plancha sur votre barbecue existant avec la plancha int\u00e9grale Genesis. Con\u00e7ue pour s\u2019adapter parfaitement \u00e0 votre barbecue \u00e0 gaz Genesis 300, vous pouvez transformer toute la surface de cuisson en quelques secondes. Fabriqu\u00e9e en fonte \u00e9maill\u00e9e, cette plancha utilise les br\u00fbleurs sup\u00e9rieurs de votre barbecue pour fournir une chaleur uniforme d\u2019un bord \u00e0 l\u2019autre. Des cr\u00eapes aux oeufs en passant par les fruits de mer et les l\u00e9gumes, vous aurez le contr\u00f4le total de la pr\u00e9paration de chaque plat, assiette apr\u00e8s assiette, pour des r\u00e9sultats dignes d\u2019un restaurant. De plus, le syst\u00e8me de gestion des graisses est con\u00e7u pour \u00eatre compatible avec votre barbecue. Il \u00e9vite les d\u00e9versements et r\u00e9cup\u00e8re efficacement les graisses pour limiter les salet\u00e9s. Savourez le meilleur des deux mondes avec un seul barbecue. Posez votre plancha.\u2022 Pour barbecues \u00e0 gaz s\u00e9ries Genesis et Genesis II 300, mod\u00e8les 2016 et plus r\u00e9cents\u2022 Plancha con\u00e7ue pour transformer facilement toute la surface de cuisson\u2022 Le syst\u00e8me compatible de gestion des graisses pr\u00e9vient les d\u00e9versements et capture les graisses\u2022 En fonte \u00e9maill\u00e9e\u2022 La construction durable permet d\u2019obtenir une chaleur uniforme pour faire sauter, dorer ou saisir\u2022 Bords relev\u00e9s pour maintenir les aliments, l\u2019huile et l\u2019assaisonnement en place","breadcrumb":{"@id":"https:\/\/www.grills-saveurs.ch\/fr\/produit\/plancha-integrale-pour-serie-genesis-300\/#breadcrumb"},"inLanguage":"fr-FR","potentialAction":[{"@type":"ReadAction","target":["https:\/\/www.grills-saveurs.ch\/fr\/produit\/plancha-integrale-pour-serie-genesis-300\/"]}]},{"@type":"BreadcrumbList","@id":"https:\/\/www.grills-saveurs.ch\/fr\/produit\/plancha-integrale-pour-serie-genesis-300\/#breadcrumb","itemListElement":[{"@type":"ListItem","position":1,"name":"Accueil","item":"https:\/\/www.grills-saveurs.ch\/fr\/"},{"@type":"ListItem","position":2,"name":"Shop \/ Boutique","item":"https:\/\/www.grills-saveurs.ch\/fr\/boutique\/"},{"@type":"ListItem","position":3,"name":"Plancha int\u00e9grale pour s\u00e9rie Genesis 300"}]}]}},"_links":{"self":[{"href":"https:\/\/www.grills-saveurs.ch\/fr\/wp-json\/wp\/v2\/product\/9478"}],"collection":[{"href":"https:\/\/www.grills-saveurs.ch\/fr\/wp-json\/wp\/v2\/product"}],"about":[{"href":"https:\/\/www.grills-saveurs.ch\/fr\/wp-json\/wp\/v2\/types\/product"}],"wp:featuredmedia":[{"embeddable":true,"href":"https:\/\/www.grills-saveurs.ch\/fr\/wp-json\/wp\/v2\/media\/9479"}],"wp:attachment":[{"href":"https:\/\/www.grills-saveurs.ch\/fr\/wp-json\/wp\/v2\/media?parent=9478"}],"wp:term":[{"taxonomy":"product_cat","embeddable":true,"href":"https:\/\/www.grills-saveurs.ch\/fr\/wp-json\/wp\/v2\/product_cat?post=9478"},{"taxonomy":"product_tag","embeddable":true,"href":"https:\/\/www.grills-saveurs.ch\/fr\/wp-json\/wp\/v2\/product_tag?post=9478"}],"curies":[{"name":"wp","href":"https:\/\/api.w.org\/{rel}","templated":true}]}}