{"id":9484,"date":"2024-04-05T16:56:54","date_gmt":"2024-04-05T14:56:54","guid":{"rendered":"https:\/\/www.grills-saveurs.ch\/fr\/?post_type=product&#038;p=9484"},"modified":"2024-04-08T09:24:31","modified_gmt":"2024-04-08T07:24:31","slug":"planche-a-decouper-weber","status":"publish","type":"product","link":"https:\/\/www.grills-saveurs.ch\/fr\/produit\/planche-a-decouper-weber\/","title":{"rendered":"Planche \u00e0 d\u00e9couper Weber"},"content":{"rendered":"<p>Magnifique kit de planches fonctionnelles \u00e0 d\u00e9couper Weber Original, qui comprend une planche en bambou et 3 planches en vinyle, \u00e0 utiliser en fonction du type d&rsquo;aliment\u00a0: viande, poisson, pain ou l\u00e9gumes. Avec r\u00e9cup\u00e9rateur de jus extra-profond et extr\u00e9mit\u00e9s antid\u00e9rapantes.<\/p>\n","protected":false},"excerpt":{"rendered":"<p>WB-17176<\/p>\n","protected":false},"featured_media":9487,"template":"","meta":[],"product_cat":[158,174],"product_tag":[],"yoast_head":"<!-- This site is optimized with the Yoast SEO plugin v18.2 - https:\/\/yoast.com\/wordpress\/plugins\/seo\/ -->\n<title>Planche \u00e0 d\u00e9couper Weber - Grills et Saveurs<\/title>\n<meta name=\"description\" content=\"Magnifique kit de planches fonctionnelles \u00e0 d\u00e9couper Weber Original, qui comprend une planche en bambou et 3 planches en vinyle, \u00e0 utiliser en fonction du type d&#039;aliment : viande, poisson, pain ou l\u00e9gumes. Avec r\u00e9cup\u00e9rateur de jus extra-profond et extr\u00e9mit\u00e9s antid\u00e9rapantes.\" \/>\n<meta name=\"robots\" content=\"index, follow, max-snippet:-1, max-image-preview:large, max-video-preview:-1\" \/>\n<link rel=\"canonical\" href=\"https:\/\/www.grills-saveurs.ch\/fr\/produit\/planche-a-decouper-weber\/\" \/>\n<meta property=\"og:locale\" content=\"fr_FR\" \/>\n<meta property=\"og:type\" content=\"article\" \/>\n<meta property=\"og:title\" content=\"Planche \u00e0 d\u00e9couper Weber - Grills et Saveurs\" \/>\n<meta property=\"og:description\" content=\"Magnifique kit de planches fonctionnelles \u00e0 d\u00e9couper Weber Original, qui comprend une planche en bambou et 3 planches en vinyle, \u00e0 utiliser en fonction du type d&#039;aliment : viande, poisson, pain ou l\u00e9gumes. Avec r\u00e9cup\u00e9rateur de jus extra-profond et extr\u00e9mit\u00e9s antid\u00e9rapantes.\" \/>\n<meta property=\"og:url\" content=\"https:\/\/www.grills-saveurs.ch\/fr\/produit\/planche-a-decouper-weber\/\" \/>\n<meta property=\"og:site_name\" content=\"Grills et Saveurs\" \/>\n<meta property=\"article:modified_time\" content=\"2024-04-08T07:24:31+00:00\" \/>\n<meta property=\"og:image\" content=\"https:\/\/www.grills-saveurs.ch\/fr\/wp-content\/uploads\/2024\/04\/set-de-planches-a-decouper-weber-original.png\" \/>\n\t<meta property=\"og:image:width\" content=\"800\" \/>\n\t<meta property=\"og:image:height\" content=\"800\" \/>\n\t<meta property=\"og:image:type\" content=\"image\/png\" \/>\n<meta name=\"twitter:card\" content=\"summary_large_image\" \/>\n<script type=\"application\/ld+json\" class=\"yoast-schema-graph\">{\"@context\":\"https:\/\/schema.org\",\"@graph\":[{\"@type\":\"WebSite\",\"@id\":\"https:\/\/www.grills-saveurs.ch\/fr\/#website\",\"url\":\"https:\/\/www.grills-saveurs.ch\/fr\/\",\"name\":\"Grills et Saveurs\",\"description\":\"Barbecues, Grills, Planchas, Chemin\u00e9es jardin - Lausanne, Suisse Romande\",\"potentialAction\":[{\"@type\":\"SearchAction\",\"target\":{\"@type\":\"EntryPoint\",\"urlTemplate\":\"https:\/\/www.grills-saveurs.ch\/fr\/?s={search_term_string}\"},\"query-input\":\"required name=search_term_string\"}],\"inLanguage\":\"fr-FR\"},{\"@type\":\"ImageObject\",\"@id\":\"https:\/\/www.grills-saveurs.ch\/fr\/produit\/planche-a-decouper-weber\/#primaryimage\",\"inLanguage\":\"fr-FR\",\"url\":\"https:\/\/www.grills-saveurs.ch\/fr\/wp-content\/uploads\/2024\/04\/set-de-planches-a-decouper-weber-original.png\",\"contentUrl\":\"https:\/\/www.grills-saveurs.ch\/fr\/wp-content\/uploads\/2024\/04\/set-de-planches-a-decouper-weber-original.png\",\"width\":800,\"height\":800},{\"@type\":\"WebPage\",\"@id\":\"https:\/\/www.grills-saveurs.ch\/fr\/produit\/planche-a-decouper-weber\/#webpage\",\"url\":\"https:\/\/www.grills-saveurs.ch\/fr\/produit\/planche-a-decouper-weber\/\",\"name\":\"Planche \u00e0 d\u00e9couper Weber - Grills et Saveurs\",\"isPartOf\":{\"@id\":\"https:\/\/www.grills-saveurs.ch\/fr\/#website\"},\"primaryImageOfPage\":{\"@id\":\"https:\/\/www.grills-saveurs.ch\/fr\/produit\/planche-a-decouper-weber\/#primaryimage\"},\"datePublished\":\"2024-04-05T14:56:54+00:00\",\"dateModified\":\"2024-04-08T07:24:31+00:00\",\"description\":\"Magnifique kit de planches fonctionnelles \u00e0 d\u00e9couper Weber Original, qui comprend une planche en bambou et 3 planches en vinyle, \u00e0 utiliser en fonction du type d'aliment : viande, poisson, pain ou l\u00e9gumes. Avec r\u00e9cup\u00e9rateur de jus extra-profond et extr\u00e9mit\u00e9s antid\u00e9rapantes.\",\"breadcrumb\":{\"@id\":\"https:\/\/www.grills-saveurs.ch\/fr\/produit\/planche-a-decouper-weber\/#breadcrumb\"},\"inLanguage\":\"fr-FR\",\"potentialAction\":[{\"@type\":\"ReadAction\",\"target\":[\"https:\/\/www.grills-saveurs.ch\/fr\/produit\/planche-a-decouper-weber\/\"]}]},{\"@type\":\"BreadcrumbList\",\"@id\":\"https:\/\/www.grills-saveurs.ch\/fr\/produit\/planche-a-decouper-weber\/#breadcrumb\",\"itemListElement\":[{\"@type\":\"ListItem\",\"position\":1,\"name\":\"Accueil\",\"item\":\"https:\/\/www.grills-saveurs.ch\/fr\/\"},{\"@type\":\"ListItem\",\"position\":2,\"name\":\"Shop \/ Boutique\",\"item\":\"https:\/\/www.grills-saveurs.ch\/fr\/boutique\/\"},{\"@type\":\"ListItem\",\"position\":3,\"name\":\"Planche \u00e0 d\u00e9couper Weber\"}]}]}<\/script>\n<!-- \/ Yoast SEO plugin. -->","yoast_head_json":{"title":"Planche \u00e0 d\u00e9couper Weber - Grills et Saveurs","description":"Magnifique kit de planches fonctionnelles \u00e0 d\u00e9couper Weber Original, qui comprend une planche en bambou et 3 planches en vinyle, \u00e0 utiliser en fonction du type d'aliment : viande, poisson, pain ou l\u00e9gumes. Avec r\u00e9cup\u00e9rateur de jus extra-profond et extr\u00e9mit\u00e9s antid\u00e9rapantes.","robots":{"index":"index","follow":"follow","max-snippet":"max-snippet:-1","max-image-preview":"max-image-preview:large","max-video-preview":"max-video-preview:-1"},"canonical":"https:\/\/www.grills-saveurs.ch\/fr\/produit\/planche-a-decouper-weber\/","og_locale":"fr_FR","og_type":"article","og_title":"Planche \u00e0 d\u00e9couper Weber - Grills et Saveurs","og_description":"Magnifique kit de planches fonctionnelles \u00e0 d\u00e9couper Weber Original, qui comprend une planche en bambou et 3 planches en vinyle, \u00e0 utiliser en fonction du type d'aliment : viande, poisson, pain ou l\u00e9gumes. Avec r\u00e9cup\u00e9rateur de jus extra-profond et extr\u00e9mit\u00e9s antid\u00e9rapantes.","og_url":"https:\/\/www.grills-saveurs.ch\/fr\/produit\/planche-a-decouper-weber\/","og_site_name":"Grills et Saveurs","article_modified_time":"2024-04-08T07:24:31+00:00","og_image":[{"width":800,"height":800,"url":"https:\/\/www.grills-saveurs.ch\/fr\/wp-content\/uploads\/2024\/04\/set-de-planches-a-decouper-weber-original.png","type":"image\/png"}],"twitter_card":"summary_large_image","schema":{"@context":"https:\/\/schema.org","@graph":[{"@type":"WebSite","@id":"https:\/\/www.grills-saveurs.ch\/fr\/#website","url":"https:\/\/www.grills-saveurs.ch\/fr\/","name":"Grills et Saveurs","description":"Barbecues, Grills, Planchas, Chemin\u00e9es jardin - Lausanne, Suisse Romande","potentialAction":[{"@type":"SearchAction","target":{"@type":"EntryPoint","urlTemplate":"https:\/\/www.grills-saveurs.ch\/fr\/?s={search_term_string}"},"query-input":"required name=search_term_string"}],"inLanguage":"fr-FR"},{"@type":"ImageObject","@id":"https:\/\/www.grills-saveurs.ch\/fr\/produit\/planche-a-decouper-weber\/#primaryimage","inLanguage":"fr-FR","url":"https:\/\/www.grills-saveurs.ch\/fr\/wp-content\/uploads\/2024\/04\/set-de-planches-a-decouper-weber-original.png","contentUrl":"https:\/\/www.grills-saveurs.ch\/fr\/wp-content\/uploads\/2024\/04\/set-de-planches-a-decouper-weber-original.png","width":800,"height":800},{"@type":"WebPage","@id":"https:\/\/www.grills-saveurs.ch\/fr\/produit\/planche-a-decouper-weber\/#webpage","url":"https:\/\/www.grills-saveurs.ch\/fr\/produit\/planche-a-decouper-weber\/","name":"Planche \u00e0 d\u00e9couper Weber - Grills et Saveurs","isPartOf":{"@id":"https:\/\/www.grills-saveurs.ch\/fr\/#website"},"primaryImageOfPage":{"@id":"https:\/\/www.grills-saveurs.ch\/fr\/produit\/planche-a-decouper-weber\/#primaryimage"},"datePublished":"2024-04-05T14:56:54+00:00","dateModified":"2024-04-08T07:24:31+00:00","description":"Magnifique kit de planches fonctionnelles \u00e0 d\u00e9couper Weber Original, qui comprend une planche en bambou et 3 planches en vinyle, \u00e0 utiliser en fonction du type d'aliment : viande, poisson, pain ou l\u00e9gumes. Avec r\u00e9cup\u00e9rateur de jus extra-profond et extr\u00e9mit\u00e9s antid\u00e9rapantes.","breadcrumb":{"@id":"https:\/\/www.grills-saveurs.ch\/fr\/produit\/planche-a-decouper-weber\/#breadcrumb"},"inLanguage":"fr-FR","potentialAction":[{"@type":"ReadAction","target":["https:\/\/www.grills-saveurs.ch\/fr\/produit\/planche-a-decouper-weber\/"]}]},{"@type":"BreadcrumbList","@id":"https:\/\/www.grills-saveurs.ch\/fr\/produit\/planche-a-decouper-weber\/#breadcrumb","itemListElement":[{"@type":"ListItem","position":1,"name":"Accueil","item":"https:\/\/www.grills-saveurs.ch\/fr\/"},{"@type":"ListItem","position":2,"name":"Shop \/ Boutique","item":"https:\/\/www.grills-saveurs.ch\/fr\/boutique\/"},{"@type":"ListItem","position":3,"name":"Planche \u00e0 d\u00e9couper Weber"}]}]}},"_links":{"self":[{"href":"https:\/\/www.grills-saveurs.ch\/fr\/wp-json\/wp\/v2\/product\/9484"}],"collection":[{"href":"https:\/\/www.grills-saveurs.ch\/fr\/wp-json\/wp\/v2\/product"}],"about":[{"href":"https:\/\/www.grills-saveurs.ch\/fr\/wp-json\/wp\/v2\/types\/product"}],"wp:featuredmedia":[{"embeddable":true,"href":"https:\/\/www.grills-saveurs.ch\/fr\/wp-json\/wp\/v2\/media\/9487"}],"wp:attachment":[{"href":"https:\/\/www.grills-saveurs.ch\/fr\/wp-json\/wp\/v2\/media?parent=9484"}],"wp:term":[{"taxonomy":"product_cat","embeddable":true,"href":"https:\/\/www.grills-saveurs.ch\/fr\/wp-json\/wp\/v2\/product_cat?post=9484"},{"taxonomy":"product_tag","embeddable":true,"href":"https:\/\/www.grills-saveurs.ch\/fr\/wp-json\/wp\/v2\/product_tag?post=9484"}],"curies":[{"name":"wp","href":"https:\/\/api.w.org\/{rel}","templated":true}]}}