{"id":9496,"date":"2024-04-08T09:24:30","date_gmt":"2024-04-08T07:24:30","guid":{"rendered":"https:\/\/www.grills-saveurs.ch\/fr\/?post_type=product&#038;p=9496"},"modified":"2024-04-08T09:24:31","modified_gmt":"2024-04-08T07:24:31","slug":"spatule-weber","status":"publish","type":"product","link":"https:\/\/www.grills-saveurs.ch\/fr\/produit\/spatule-weber\/","title":{"rendered":"Spatule Weber"},"content":{"rendered":"<p>Du poisson grill\u00e9 ou \u00e0 la vapeur, des steaks d\u00e9licieux, des falafels ou des boulettes de viande. Quel que soit le menu, veillez \u00e0 disposer de l&rsquo;outil ad\u00e9quat pour le retourner. La spatule s&rsquo;accorde avec toutes les cuisines, et son nylon thermor\u00e9sistant permet de l&rsquo;utiliser sur n&rsquo;importe quelle surface sans la rayer.<\/p>\n","protected":false},"excerpt":{"rendered":"<p>WB-17572<\/p>\n","protected":false},"featured_media":9498,"template":"","meta":[],"product_cat":[158,160],"product_tag":[],"yoast_head":"<!-- This site is optimized with the Yoast SEO plugin v18.2 - https:\/\/yoast.com\/wordpress\/plugins\/seo\/ -->\n<title>Spatule Weber - Grills et Saveurs<\/title>\n<meta name=\"description\" content=\"Du poisson grill\u00e9 ou \u00e0 la vapeur, des steaks d\u00e9licieux, des falafels ou des boulettes de viande. Quel que soit le menu, veillez \u00e0 disposer de l&#039;outil ad\u00e9quat pour le retourner. La spatule s&#039;accorde avec toutes les cuisines, et son nylon thermor\u00e9sistant permet de l&#039;utiliser sur n&#039;importe quelle surface sans la rayer.\" \/>\n<meta name=\"robots\" content=\"index, follow, max-snippet:-1, max-image-preview:large, max-video-preview:-1\" \/>\n<link rel=\"canonical\" href=\"https:\/\/www.grills-saveurs.ch\/fr\/produit\/spatule-weber\/\" \/>\n<meta property=\"og:locale\" content=\"fr_FR\" \/>\n<meta property=\"og:type\" content=\"article\" \/>\n<meta property=\"og:title\" content=\"Spatule Weber - Grills et Saveurs\" \/>\n<meta property=\"og:description\" content=\"Du poisson grill\u00e9 ou \u00e0 la vapeur, des steaks d\u00e9licieux, des falafels ou des boulettes de viande. Quel que soit le menu, veillez \u00e0 disposer de l&#039;outil ad\u00e9quat pour le retourner. La spatule s&#039;accorde avec toutes les cuisines, et son nylon thermor\u00e9sistant permet de l&#039;utiliser sur n&#039;importe quelle surface sans la rayer.\" \/>\n<meta property=\"og:url\" content=\"https:\/\/www.grills-saveurs.ch\/fr\/produit\/spatule-weber\/\" \/>\n<meta property=\"og:site_name\" content=\"Grills et Saveurs\" \/>\n<meta property=\"article:modified_time\" content=\"2024-04-08T07:24:31+00:00\" \/>\n<meta property=\"og:image\" content=\"https:\/\/www.grills-saveurs.ch\/fr\/wp-content\/uploads\/2024\/04\/17572.png\" \/>\n\t<meta property=\"og:image:width\" content=\"800\" \/>\n\t<meta property=\"og:image:height\" content=\"800\" \/>\n\t<meta property=\"og:image:type\" content=\"image\/png\" \/>\n<meta name=\"twitter:card\" content=\"summary_large_image\" \/>\n<script type=\"application\/ld+json\" class=\"yoast-schema-graph\">{\"@context\":\"https:\/\/schema.org\",\"@graph\":[{\"@type\":\"WebSite\",\"@id\":\"https:\/\/www.grills-saveurs.ch\/fr\/#website\",\"url\":\"https:\/\/www.grills-saveurs.ch\/fr\/\",\"name\":\"Grills et Saveurs\",\"description\":\"Barbecues, Grills, Planchas, Chemin\u00e9es jardin - Lausanne, Suisse Romande\",\"potentialAction\":[{\"@type\":\"SearchAction\",\"target\":{\"@type\":\"EntryPoint\",\"urlTemplate\":\"https:\/\/www.grills-saveurs.ch\/fr\/?s={search_term_string}\"},\"query-input\":\"required name=search_term_string\"}],\"inLanguage\":\"fr-FR\"},{\"@type\":\"ImageObject\",\"@id\":\"https:\/\/www.grills-saveurs.ch\/fr\/produit\/spatule-weber\/#primaryimage\",\"inLanguage\":\"fr-FR\",\"url\":\"https:\/\/www.grills-saveurs.ch\/fr\/wp-content\/uploads\/2024\/04\/17572.png\",\"contentUrl\":\"https:\/\/www.grills-saveurs.ch\/fr\/wp-content\/uploads\/2024\/04\/17572.png\",\"width\":800,\"height\":800},{\"@type\":\"WebPage\",\"@id\":\"https:\/\/www.grills-saveurs.ch\/fr\/produit\/spatule-weber\/#webpage\",\"url\":\"https:\/\/www.grills-saveurs.ch\/fr\/produit\/spatule-weber\/\",\"name\":\"Spatule Weber - Grills et Saveurs\",\"isPartOf\":{\"@id\":\"https:\/\/www.grills-saveurs.ch\/fr\/#website\"},\"primaryImageOfPage\":{\"@id\":\"https:\/\/www.grills-saveurs.ch\/fr\/produit\/spatule-weber\/#primaryimage\"},\"datePublished\":\"2024-04-08T07:24:30+00:00\",\"dateModified\":\"2024-04-08T07:24:31+00:00\",\"description\":\"Du poisson grill\u00e9 ou \u00e0 la vapeur, des steaks d\u00e9licieux, des falafels ou des boulettes de viande. Quel que soit le menu, veillez \u00e0 disposer de l'outil ad\u00e9quat pour le retourner. La spatule s'accorde avec toutes les cuisines, et son nylon thermor\u00e9sistant permet de l'utiliser sur n'importe quelle surface sans la rayer.\",\"breadcrumb\":{\"@id\":\"https:\/\/www.grills-saveurs.ch\/fr\/produit\/spatule-weber\/#breadcrumb\"},\"inLanguage\":\"fr-FR\",\"potentialAction\":[{\"@type\":\"ReadAction\",\"target\":[\"https:\/\/www.grills-saveurs.ch\/fr\/produit\/spatule-weber\/\"]}]},{\"@type\":\"BreadcrumbList\",\"@id\":\"https:\/\/www.grills-saveurs.ch\/fr\/produit\/spatule-weber\/#breadcrumb\",\"itemListElement\":[{\"@type\":\"ListItem\",\"position\":1,\"name\":\"Accueil\",\"item\":\"https:\/\/www.grills-saveurs.ch\/fr\/\"},{\"@type\":\"ListItem\",\"position\":2,\"name\":\"Shop \/ Boutique\",\"item\":\"https:\/\/www.grills-saveurs.ch\/fr\/boutique\/\"},{\"@type\":\"ListItem\",\"position\":3,\"name\":\"Spatule Weber\"}]}]}<\/script>\n<!-- \/ Yoast SEO plugin. -->","yoast_head_json":{"title":"Spatule Weber - Grills et Saveurs","description":"Du poisson grill\u00e9 ou \u00e0 la vapeur, des steaks d\u00e9licieux, des falafels ou des boulettes de viande. Quel que soit le menu, veillez \u00e0 disposer de l'outil ad\u00e9quat pour le retourner. La spatule s'accorde avec toutes les cuisines, et son nylon thermor\u00e9sistant permet de l'utiliser sur n'importe quelle surface sans la rayer.","robots":{"index":"index","follow":"follow","max-snippet":"max-snippet:-1","max-image-preview":"max-image-preview:large","max-video-preview":"max-video-preview:-1"},"canonical":"https:\/\/www.grills-saveurs.ch\/fr\/produit\/spatule-weber\/","og_locale":"fr_FR","og_type":"article","og_title":"Spatule Weber - Grills et Saveurs","og_description":"Du poisson grill\u00e9 ou \u00e0 la vapeur, des steaks d\u00e9licieux, des falafels ou des boulettes de viande. Quel que soit le menu, veillez \u00e0 disposer de l'outil ad\u00e9quat pour le retourner. La spatule s'accorde avec toutes les cuisines, et son nylon thermor\u00e9sistant permet de l'utiliser sur n'importe quelle surface sans la rayer.","og_url":"https:\/\/www.grills-saveurs.ch\/fr\/produit\/spatule-weber\/","og_site_name":"Grills et Saveurs","article_modified_time":"2024-04-08T07:24:31+00:00","og_image":[{"width":800,"height":800,"url":"https:\/\/www.grills-saveurs.ch\/fr\/wp-content\/uploads\/2024\/04\/17572.png","type":"image\/png"}],"twitter_card":"summary_large_image","schema":{"@context":"https:\/\/schema.org","@graph":[{"@type":"WebSite","@id":"https:\/\/www.grills-saveurs.ch\/fr\/#website","url":"https:\/\/www.grills-saveurs.ch\/fr\/","name":"Grills et Saveurs","description":"Barbecues, Grills, Planchas, Chemin\u00e9es jardin - Lausanne, Suisse Romande","potentialAction":[{"@type":"SearchAction","target":{"@type":"EntryPoint","urlTemplate":"https:\/\/www.grills-saveurs.ch\/fr\/?s={search_term_string}"},"query-input":"required name=search_term_string"}],"inLanguage":"fr-FR"},{"@type":"ImageObject","@id":"https:\/\/www.grills-saveurs.ch\/fr\/produit\/spatule-weber\/#primaryimage","inLanguage":"fr-FR","url":"https:\/\/www.grills-saveurs.ch\/fr\/wp-content\/uploads\/2024\/04\/17572.png","contentUrl":"https:\/\/www.grills-saveurs.ch\/fr\/wp-content\/uploads\/2024\/04\/17572.png","width":800,"height":800},{"@type":"WebPage","@id":"https:\/\/www.grills-saveurs.ch\/fr\/produit\/spatule-weber\/#webpage","url":"https:\/\/www.grills-saveurs.ch\/fr\/produit\/spatule-weber\/","name":"Spatule Weber - Grills et Saveurs","isPartOf":{"@id":"https:\/\/www.grills-saveurs.ch\/fr\/#website"},"primaryImageOfPage":{"@id":"https:\/\/www.grills-saveurs.ch\/fr\/produit\/spatule-weber\/#primaryimage"},"datePublished":"2024-04-08T07:24:30+00:00","dateModified":"2024-04-08T07:24:31+00:00","description":"Du poisson grill\u00e9 ou \u00e0 la vapeur, des steaks d\u00e9licieux, des falafels ou des boulettes de viande. Quel que soit le menu, veillez \u00e0 disposer de l'outil ad\u00e9quat pour le retourner. La spatule s'accorde avec toutes les cuisines, et son nylon thermor\u00e9sistant permet de l'utiliser sur n'importe quelle surface sans la rayer.","breadcrumb":{"@id":"https:\/\/www.grills-saveurs.ch\/fr\/produit\/spatule-weber\/#breadcrumb"},"inLanguage":"fr-FR","potentialAction":[{"@type":"ReadAction","target":["https:\/\/www.grills-saveurs.ch\/fr\/produit\/spatule-weber\/"]}]},{"@type":"BreadcrumbList","@id":"https:\/\/www.grills-saveurs.ch\/fr\/produit\/spatule-weber\/#breadcrumb","itemListElement":[{"@type":"ListItem","position":1,"name":"Accueil","item":"https:\/\/www.grills-saveurs.ch\/fr\/"},{"@type":"ListItem","position":2,"name":"Shop \/ Boutique","item":"https:\/\/www.grills-saveurs.ch\/fr\/boutique\/"},{"@type":"ListItem","position":3,"name":"Spatule Weber"}]}]}},"_links":{"self":[{"href":"https:\/\/www.grills-saveurs.ch\/fr\/wp-json\/wp\/v2\/product\/9496"}],"collection":[{"href":"https:\/\/www.grills-saveurs.ch\/fr\/wp-json\/wp\/v2\/product"}],"about":[{"href":"https:\/\/www.grills-saveurs.ch\/fr\/wp-json\/wp\/v2\/types\/product"}],"wp:featuredmedia":[{"embeddable":true,"href":"https:\/\/www.grills-saveurs.ch\/fr\/wp-json\/wp\/v2\/media\/9498"}],"wp:attachment":[{"href":"https:\/\/www.grills-saveurs.ch\/fr\/wp-json\/wp\/v2\/media?parent=9496"}],"wp:term":[{"taxonomy":"product_cat","embeddable":true,"href":"https:\/\/www.grills-saveurs.ch\/fr\/wp-json\/wp\/v2\/product_cat?post=9496"},{"taxonomy":"product_tag","embeddable":true,"href":"https:\/\/www.grills-saveurs.ch\/fr\/wp-json\/wp\/v2\/product_tag?post=9496"}],"curies":[{"name":"wp","href":"https:\/\/api.w.org\/{rel}","templated":true}]}}