{"id":9503,"date":"2024-04-08T09:24:31","date_gmt":"2024-04-08T07:24:31","guid":{"rendered":"https:\/\/www.grills-saveurs.ch\/fr\/?post_type=product&#038;p=9503"},"modified":"2024-04-08T09:24:32","modified_gmt":"2024-04-08T07:24:32","slug":"raucherchips-bitburger-premium-pils","status":"publish","type":"product","link":"https:\/\/www.grills-saveurs.ch\/fr\/produit\/raucherchips-bitburger-premium-pils\/","title":{"rendered":"R\u00e4ucherchips Bitburger Premium Pils"},"content":{"rendered":"<p>Le m\u00e9lange soigneusement s\u00e9lectionn\u00e9 de bois de h\u00eatre et de bi\u00e8re Bitburger Premium Pils donne \u00e0 ton plat pr\u00e9f\u00e9r\u00e9 un go\u00fbt unique. Les chips de fumage conviennent \u00e0 toutes les sortes de viandes, de l\u00e9gumes et de fromages et garantissent un go\u00fbt sucr\u00e9 et fruit\u00e9 avec un ar\u00f4me de fum\u00e9e particulier. Essaie les chips fum\u00e9es avec diff\u00e9rentes recettes et aliments et d\u00e9couvre un nouveau go\u00fbt irr\u00e9sistible.<\/p>\n<p>&#8211; Fabriqu\u00e9 dans l&rsquo;Union europ\u00e9enne \u00e0 partir de bois certifi\u00e9 FSC\u00ae (FSC\u00ae 100%) et issu d&rsquo;une exploitation durable.<\/p>\n<p>Traduit avec DeepL.com (version gratuite)<\/p>\n","protected":false},"excerpt":{"rendered":"<p>WB-17782<\/p>\n","protected":false},"featured_media":9504,"template":"","meta":[],"product_cat":[165],"product_tag":[],"yoast_head":"<!-- This site is optimized with the Yoast SEO plugin v18.2 - https:\/\/yoast.com\/wordpress\/plugins\/seo\/ -->\n<title>R\u00e4ucherchips Bitburger Premium Pils - Grills et Saveurs<\/title>\n<meta name=\"description\" content=\"Le m\u00e9lange soigneusement s\u00e9lectionn\u00e9 de bois de h\u00eatre et de bi\u00e8re Bitburger Premium Pils donne \u00e0 ton plat pr\u00e9f\u00e9r\u00e9 un go\u00fbt unique. Les chips de fumage conviennent \u00e0 toutes les sortes de viandes, de l\u00e9gumes et de fromages et garantissent un go\u00fbt sucr\u00e9 et fruit\u00e9 avec un ar\u00f4me de fum\u00e9e particulier. Essaie les chips fum\u00e9es avec diff\u00e9rentes recettes et aliments et d\u00e9couvre un nouveau go\u00fbt irr\u00e9sistible.- Fabriqu\u00e9 dans l&#039;Union europ\u00e9enne \u00e0 partir de bois certifi\u00e9 FSC\u00ae (FSC\u00ae 100%) et issu d&#039;une exploitation durable.Traduit avec DeepL.com (version gratuite)\" \/>\n<meta name=\"robots\" content=\"index, follow, max-snippet:-1, max-image-preview:large, max-video-preview:-1\" \/>\n<link rel=\"canonical\" href=\"https:\/\/www.grills-saveurs.ch\/fr\/produit\/raucherchips-bitburger-premium-pils\/\" \/>\n<meta property=\"og:locale\" content=\"fr_FR\" \/>\n<meta property=\"og:type\" content=\"article\" \/>\n<meta property=\"og:title\" content=\"R\u00e4ucherchips Bitburger Premium Pils - Grills et Saveurs\" \/>\n<meta property=\"og:description\" content=\"Le m\u00e9lange soigneusement s\u00e9lectionn\u00e9 de bois de h\u00eatre et de bi\u00e8re Bitburger Premium Pils donne \u00e0 ton plat pr\u00e9f\u00e9r\u00e9 un go\u00fbt unique. Les chips de fumage conviennent \u00e0 toutes les sortes de viandes, de l\u00e9gumes et de fromages et garantissent un go\u00fbt sucr\u00e9 et fruit\u00e9 avec un ar\u00f4me de fum\u00e9e particulier. Essaie les chips fum\u00e9es avec diff\u00e9rentes recettes et aliments et d\u00e9couvre un nouveau go\u00fbt irr\u00e9sistible.- Fabriqu\u00e9 dans l&#039;Union europ\u00e9enne \u00e0 partir de bois certifi\u00e9 FSC\u00ae (FSC\u00ae 100%) et issu d&#039;une exploitation durable.Traduit avec DeepL.com (version gratuite)\" \/>\n<meta property=\"og:url\" content=\"https:\/\/www.grills-saveurs.ch\/fr\/produit\/raucherchips-bitburger-premium-pils\/\" \/>\n<meta property=\"og:site_name\" content=\"Grills et Saveurs\" \/>\n<meta property=\"article:modified_time\" content=\"2024-04-08T07:24:32+00:00\" \/>\n<meta property=\"og:image\" content=\"https:\/\/www.grills-saveurs.ch\/fr\/wp-content\/uploads\/2024\/04\/P-W-8798823088178-2.jpg\" \/>\n\t<meta property=\"og:image:width\" content=\"470\" \/>\n\t<meta property=\"og:image:height\" content=\"858\" \/>\n\t<meta property=\"og:image:type\" content=\"image\/jpeg\" \/>\n<meta name=\"twitter:card\" content=\"summary_large_image\" \/>\n<meta name=\"twitter:label1\" content=\"Dur\u00e9e de lecture estim\u00e9e\" \/>\n\t<meta name=\"twitter:data1\" content=\"1 minute\" \/>\n<script type=\"application\/ld+json\" class=\"yoast-schema-graph\">{\"@context\":\"https:\/\/schema.org\",\"@graph\":[{\"@type\":\"WebSite\",\"@id\":\"https:\/\/www.grills-saveurs.ch\/fr\/#website\",\"url\":\"https:\/\/www.grills-saveurs.ch\/fr\/\",\"name\":\"Grills et Saveurs\",\"description\":\"Barbecues, Grills, Planchas, Chemin\u00e9es jardin - Lausanne, Suisse Romande\",\"potentialAction\":[{\"@type\":\"SearchAction\",\"target\":{\"@type\":\"EntryPoint\",\"urlTemplate\":\"https:\/\/www.grills-saveurs.ch\/fr\/?s={search_term_string}\"},\"query-input\":\"required name=search_term_string\"}],\"inLanguage\":\"fr-FR\"},{\"@type\":\"ImageObject\",\"@id\":\"https:\/\/www.grills-saveurs.ch\/fr\/produit\/raucherchips-bitburger-premium-pils\/#primaryimage\",\"inLanguage\":\"fr-FR\",\"url\":\"https:\/\/www.grills-saveurs.ch\/fr\/wp-content\/uploads\/2024\/04\/P-W-8798823088178-2.jpg\",\"contentUrl\":\"https:\/\/www.grills-saveurs.ch\/fr\/wp-content\/uploads\/2024\/04\/P-W-8798823088178-2.jpg\",\"width\":470,\"height\":858},{\"@type\":\"WebPage\",\"@id\":\"https:\/\/www.grills-saveurs.ch\/fr\/produit\/raucherchips-bitburger-premium-pils\/#webpage\",\"url\":\"https:\/\/www.grills-saveurs.ch\/fr\/produit\/raucherchips-bitburger-premium-pils\/\",\"name\":\"R\u00e4ucherchips Bitburger Premium Pils - Grills et Saveurs\",\"isPartOf\":{\"@id\":\"https:\/\/www.grills-saveurs.ch\/fr\/#website\"},\"primaryImageOfPage\":{\"@id\":\"https:\/\/www.grills-saveurs.ch\/fr\/produit\/raucherchips-bitburger-premium-pils\/#primaryimage\"},\"datePublished\":\"2024-04-08T07:24:31+00:00\",\"dateModified\":\"2024-04-08T07:24:32+00:00\",\"description\":\"Le m\u00e9lange soigneusement s\u00e9lectionn\u00e9 de bois de h\u00eatre et de bi\u00e8re Bitburger Premium Pils donne \u00e0 ton plat pr\u00e9f\u00e9r\u00e9 un go\u00fbt unique. Les chips de fumage conviennent \u00e0 toutes les sortes de viandes, de l\u00e9gumes et de fromages et garantissent un go\u00fbt sucr\u00e9 et fruit\u00e9 avec un ar\u00f4me de fum\u00e9e particulier. Essaie les chips fum\u00e9es avec diff\u00e9rentes recettes et aliments et d\u00e9couvre un nouveau go\u00fbt irr\u00e9sistible.- Fabriqu\u00e9 dans l'Union europ\u00e9enne \u00e0 partir de bois certifi\u00e9 FSC\u00ae (FSC\u00ae 100%) et issu d'une exploitation durable.Traduit avec DeepL.com (version gratuite)\",\"breadcrumb\":{\"@id\":\"https:\/\/www.grills-saveurs.ch\/fr\/produit\/raucherchips-bitburger-premium-pils\/#breadcrumb\"},\"inLanguage\":\"fr-FR\",\"potentialAction\":[{\"@type\":\"ReadAction\",\"target\":[\"https:\/\/www.grills-saveurs.ch\/fr\/produit\/raucherchips-bitburger-premium-pils\/\"]}]},{\"@type\":\"BreadcrumbList\",\"@id\":\"https:\/\/www.grills-saveurs.ch\/fr\/produit\/raucherchips-bitburger-premium-pils\/#breadcrumb\",\"itemListElement\":[{\"@type\":\"ListItem\",\"position\":1,\"name\":\"Accueil\",\"item\":\"https:\/\/www.grills-saveurs.ch\/fr\/\"},{\"@type\":\"ListItem\",\"position\":2,\"name\":\"Shop \/ Boutique\",\"item\":\"https:\/\/www.grills-saveurs.ch\/fr\/boutique\/\"},{\"@type\":\"ListItem\",\"position\":3,\"name\":\"R\u00e4ucherchips Bitburger Premium Pils\"}]}]}<\/script>\n<!-- \/ Yoast SEO plugin. -->","yoast_head_json":{"title":"R\u00e4ucherchips Bitburger Premium Pils - Grills et Saveurs","description":"Le m\u00e9lange soigneusement s\u00e9lectionn\u00e9 de bois de h\u00eatre et de bi\u00e8re Bitburger Premium Pils donne \u00e0 ton plat pr\u00e9f\u00e9r\u00e9 un go\u00fbt unique. Les chips de fumage conviennent \u00e0 toutes les sortes de viandes, de l\u00e9gumes et de fromages et garantissent un go\u00fbt sucr\u00e9 et fruit\u00e9 avec un ar\u00f4me de fum\u00e9e particulier. Essaie les chips fum\u00e9es avec diff\u00e9rentes recettes et aliments et d\u00e9couvre un nouveau go\u00fbt irr\u00e9sistible.- Fabriqu\u00e9 dans l'Union europ\u00e9enne \u00e0 partir de bois certifi\u00e9 FSC\u00ae (FSC\u00ae 100%) et issu d'une exploitation durable.Traduit avec DeepL.com (version gratuite)","robots":{"index":"index","follow":"follow","max-snippet":"max-snippet:-1","max-image-preview":"max-image-preview:large","max-video-preview":"max-video-preview:-1"},"canonical":"https:\/\/www.grills-saveurs.ch\/fr\/produit\/raucherchips-bitburger-premium-pils\/","og_locale":"fr_FR","og_type":"article","og_title":"R\u00e4ucherchips Bitburger Premium Pils - Grills et Saveurs","og_description":"Le m\u00e9lange soigneusement s\u00e9lectionn\u00e9 de bois de h\u00eatre et de bi\u00e8re Bitburger Premium Pils donne \u00e0 ton plat pr\u00e9f\u00e9r\u00e9 un go\u00fbt unique. Les chips de fumage conviennent \u00e0 toutes les sortes de viandes, de l\u00e9gumes et de fromages et garantissent un go\u00fbt sucr\u00e9 et fruit\u00e9 avec un ar\u00f4me de fum\u00e9e particulier. Essaie les chips fum\u00e9es avec diff\u00e9rentes recettes et aliments et d\u00e9couvre un nouveau go\u00fbt irr\u00e9sistible.- Fabriqu\u00e9 dans l'Union europ\u00e9enne \u00e0 partir de bois certifi\u00e9 FSC\u00ae (FSC\u00ae 100%) et issu d'une exploitation durable.Traduit avec DeepL.com (version gratuite)","og_url":"https:\/\/www.grills-saveurs.ch\/fr\/produit\/raucherchips-bitburger-premium-pils\/","og_site_name":"Grills et Saveurs","article_modified_time":"2024-04-08T07:24:32+00:00","og_image":[{"width":470,"height":858,"url":"https:\/\/www.grills-saveurs.ch\/fr\/wp-content\/uploads\/2024\/04\/P-W-8798823088178-2.jpg","type":"image\/jpeg"}],"twitter_card":"summary_large_image","twitter_misc":{"Dur\u00e9e de lecture estim\u00e9e":"1 minute"},"schema":{"@context":"https:\/\/schema.org","@graph":[{"@type":"WebSite","@id":"https:\/\/www.grills-saveurs.ch\/fr\/#website","url":"https:\/\/www.grills-saveurs.ch\/fr\/","name":"Grills et Saveurs","description":"Barbecues, Grills, Planchas, Chemin\u00e9es jardin - Lausanne, Suisse Romande","potentialAction":[{"@type":"SearchAction","target":{"@type":"EntryPoint","urlTemplate":"https:\/\/www.grills-saveurs.ch\/fr\/?s={search_term_string}"},"query-input":"required name=search_term_string"}],"inLanguage":"fr-FR"},{"@type":"ImageObject","@id":"https:\/\/www.grills-saveurs.ch\/fr\/produit\/raucherchips-bitburger-premium-pils\/#primaryimage","inLanguage":"fr-FR","url":"https:\/\/www.grills-saveurs.ch\/fr\/wp-content\/uploads\/2024\/04\/P-W-8798823088178-2.jpg","contentUrl":"https:\/\/www.grills-saveurs.ch\/fr\/wp-content\/uploads\/2024\/04\/P-W-8798823088178-2.jpg","width":470,"height":858},{"@type":"WebPage","@id":"https:\/\/www.grills-saveurs.ch\/fr\/produit\/raucherchips-bitburger-premium-pils\/#webpage","url":"https:\/\/www.grills-saveurs.ch\/fr\/produit\/raucherchips-bitburger-premium-pils\/","name":"R\u00e4ucherchips Bitburger Premium Pils - Grills et Saveurs","isPartOf":{"@id":"https:\/\/www.grills-saveurs.ch\/fr\/#website"},"primaryImageOfPage":{"@id":"https:\/\/www.grills-saveurs.ch\/fr\/produit\/raucherchips-bitburger-premium-pils\/#primaryimage"},"datePublished":"2024-04-08T07:24:31+00:00","dateModified":"2024-04-08T07:24:32+00:00","description":"Le m\u00e9lange soigneusement s\u00e9lectionn\u00e9 de bois de h\u00eatre et de bi\u00e8re Bitburger Premium Pils donne \u00e0 ton plat pr\u00e9f\u00e9r\u00e9 un go\u00fbt unique. Les chips de fumage conviennent \u00e0 toutes les sortes de viandes, de l\u00e9gumes et de fromages et garantissent un go\u00fbt sucr\u00e9 et fruit\u00e9 avec un ar\u00f4me de fum\u00e9e particulier. Essaie les chips fum\u00e9es avec diff\u00e9rentes recettes et aliments et d\u00e9couvre un nouveau go\u00fbt irr\u00e9sistible.- Fabriqu\u00e9 dans l'Union europ\u00e9enne \u00e0 partir de bois certifi\u00e9 FSC\u00ae (FSC\u00ae 100%) et issu d'une exploitation durable.Traduit avec DeepL.com (version gratuite)","breadcrumb":{"@id":"https:\/\/www.grills-saveurs.ch\/fr\/produit\/raucherchips-bitburger-premium-pils\/#breadcrumb"},"inLanguage":"fr-FR","potentialAction":[{"@type":"ReadAction","target":["https:\/\/www.grills-saveurs.ch\/fr\/produit\/raucherchips-bitburger-premium-pils\/"]}]},{"@type":"BreadcrumbList","@id":"https:\/\/www.grills-saveurs.ch\/fr\/produit\/raucherchips-bitburger-premium-pils\/#breadcrumb","itemListElement":[{"@type":"ListItem","position":1,"name":"Accueil","item":"https:\/\/www.grills-saveurs.ch\/fr\/"},{"@type":"ListItem","position":2,"name":"Shop \/ Boutique","item":"https:\/\/www.grills-saveurs.ch\/fr\/boutique\/"},{"@type":"ListItem","position":3,"name":"R\u00e4ucherchips Bitburger Premium Pils"}]}]}},"_links":{"self":[{"href":"https:\/\/www.grills-saveurs.ch\/fr\/wp-json\/wp\/v2\/product\/9503"}],"collection":[{"href":"https:\/\/www.grills-saveurs.ch\/fr\/wp-json\/wp\/v2\/product"}],"about":[{"href":"https:\/\/www.grills-saveurs.ch\/fr\/wp-json\/wp\/v2\/types\/product"}],"wp:featuredmedia":[{"embeddable":true,"href":"https:\/\/www.grills-saveurs.ch\/fr\/wp-json\/wp\/v2\/media\/9504"}],"wp:attachment":[{"href":"https:\/\/www.grills-saveurs.ch\/fr\/wp-json\/wp\/v2\/media?parent=9503"}],"wp:term":[{"taxonomy":"product_cat","embeddable":true,"href":"https:\/\/www.grills-saveurs.ch\/fr\/wp-json\/wp\/v2\/product_cat?post=9503"},{"taxonomy":"product_tag","embeddable":true,"href":"https:\/\/www.grills-saveurs.ch\/fr\/wp-json\/wp\/v2\/product_tag?post=9503"}],"curies":[{"name":"wp","href":"https:\/\/api.w.org\/{rel}","templated":true}]}}