{"id":9505,"date":"2024-04-08T09:24:32","date_gmt":"2024-04-08T07:24:32","guid":{"rendered":"https:\/\/www.grills-saveurs.ch\/fr\/?post_type=product&#038;p=9505"},"modified":"2024-04-08T09:24:32","modified_gmt":"2024-04-08T07:24:32","slug":"raucheraufsatz-fur-smokey-mountain-cooker-57-cm-7473","status":"publish","type":"product","link":"https:\/\/www.grills-saveurs.ch\/fr\/produit\/raucheraufsatz-fur-smokey-mountain-cooker-57-cm-7473\/","title":{"rendered":"R\u00e4ucheraufsatz f\u00fcr Smokey Mountain Cooker 57 cm (7473)"},"content":{"rendered":"<p>Cet accessoire de fumage de Weber simplifie la pr\u00e9paration parfaite des aliments fum\u00e9s dans le Smokey Mountain Cooker. Les 8 crochets \u00e0 poisson et les 3 supports de Weber maintiennent le poisson ou la viande pendant le fumage. Convient pour le Smokey Mountain Cooker, 57 cm.<\/p>\n","protected":false},"excerpt":{"rendered":"<p>WB-7473<\/p>\n","protected":false},"featured_media":9509,"template":"","meta":[],"product_cat":[160,166],"product_tag":[],"yoast_head":"<!-- This site is optimized with the Yoast SEO plugin v18.2 - https:\/\/yoast.com\/wordpress\/plugins\/seo\/ -->\n<title>R\u00e4ucheraufsatz f\u00fcr Smokey Mountain Cooker 57 cm (7473) - Grills et Saveurs<\/title>\n<meta name=\"description\" content=\"Cet accessoire de fumage de Weber simplifie la pr\u00e9paration parfaite des aliments fum\u00e9s dans le Smokey Mountain Cooker. Les 8 crochets \u00e0 poisson et les 3 supports de Weber maintiennent le poisson ou la viande pendant le fumage. Convient pour le Smokey Mountain Cooker, 57 cm.\" \/>\n<meta name=\"robots\" content=\"index, follow, max-snippet:-1, max-image-preview:large, max-video-preview:-1\" \/>\n<link rel=\"canonical\" href=\"https:\/\/www.grills-saveurs.ch\/fr\/produit\/raucheraufsatz-fur-smokey-mountain-cooker-57-cm-7473\/\" \/>\n<meta property=\"og:locale\" content=\"fr_FR\" \/>\n<meta property=\"og:type\" content=\"article\" \/>\n<meta property=\"og:title\" content=\"R\u00e4ucheraufsatz f\u00fcr Smokey Mountain Cooker 57 cm (7473) - Grills et Saveurs\" \/>\n<meta property=\"og:description\" content=\"Cet accessoire de fumage de Weber simplifie la pr\u00e9paration parfaite des aliments fum\u00e9s dans le Smokey Mountain Cooker. Les 8 crochets \u00e0 poisson et les 3 supports de Weber maintiennent le poisson ou la viande pendant le fumage. Convient pour le Smokey Mountain Cooker, 57 cm.\" \/>\n<meta property=\"og:url\" content=\"https:\/\/www.grills-saveurs.ch\/fr\/produit\/raucheraufsatz-fur-smokey-mountain-cooker-57-cm-7473\/\" \/>\n<meta property=\"og:site_name\" content=\"Grills et Saveurs\" \/>\n<meta property=\"og:image\" content=\"https:\/\/www.grills-saveurs.ch\/fr\/wp-content\/uploads\/2024\/04\/cmyk_7473D14_ml.jpg\" \/>\n\t<meta property=\"og:image:width\" content=\"448\" \/>\n\t<meta property=\"og:image:height\" content=\"360\" \/>\n\t<meta property=\"og:image:type\" content=\"image\/jpeg\" \/>\n<meta name=\"twitter:card\" content=\"summary_large_image\" \/>\n<script type=\"application\/ld+json\" class=\"yoast-schema-graph\">{\"@context\":\"https:\/\/schema.org\",\"@graph\":[{\"@type\":\"WebSite\",\"@id\":\"https:\/\/www.grills-saveurs.ch\/fr\/#website\",\"url\":\"https:\/\/www.grills-saveurs.ch\/fr\/\",\"name\":\"Grills et Saveurs\",\"description\":\"Barbecues, Grills, Planchas, Chemin\u00e9es jardin - Lausanne, Suisse Romande\",\"potentialAction\":[{\"@type\":\"SearchAction\",\"target\":{\"@type\":\"EntryPoint\",\"urlTemplate\":\"https:\/\/www.grills-saveurs.ch\/fr\/?s={search_term_string}\"},\"query-input\":\"required name=search_term_string\"}],\"inLanguage\":\"fr-FR\"},{\"@type\":\"ImageObject\",\"@id\":\"https:\/\/www.grills-saveurs.ch\/fr\/produit\/raucheraufsatz-fur-smokey-mountain-cooker-57-cm-7473\/#primaryimage\",\"inLanguage\":\"fr-FR\",\"url\":\"https:\/\/www.grills-saveurs.ch\/fr\/wp-content\/uploads\/2024\/04\/cmyk_7473D14_ml.jpg\",\"contentUrl\":\"https:\/\/www.grills-saveurs.ch\/fr\/wp-content\/uploads\/2024\/04\/cmyk_7473D14_ml.jpg\",\"width\":448,\"height\":360},{\"@type\":\"WebPage\",\"@id\":\"https:\/\/www.grills-saveurs.ch\/fr\/produit\/raucheraufsatz-fur-smokey-mountain-cooker-57-cm-7473\/#webpage\",\"url\":\"https:\/\/www.grills-saveurs.ch\/fr\/produit\/raucheraufsatz-fur-smokey-mountain-cooker-57-cm-7473\/\",\"name\":\"R\u00e4ucheraufsatz f\u00fcr Smokey Mountain Cooker 57 cm (7473) - Grills et Saveurs\",\"isPartOf\":{\"@id\":\"https:\/\/www.grills-saveurs.ch\/fr\/#website\"},\"primaryImageOfPage\":{\"@id\":\"https:\/\/www.grills-saveurs.ch\/fr\/produit\/raucheraufsatz-fur-smokey-mountain-cooker-57-cm-7473\/#primaryimage\"},\"datePublished\":\"2024-04-08T07:24:32+00:00\",\"dateModified\":\"2024-04-08T07:24:32+00:00\",\"description\":\"Cet accessoire de fumage de Weber simplifie la pr\u00e9paration parfaite des aliments fum\u00e9s dans le Smokey Mountain Cooker. Les 8 crochets \u00e0 poisson et les 3 supports de Weber maintiennent le poisson ou la viande pendant le fumage. Convient pour le Smokey Mountain Cooker, 57 cm.\",\"breadcrumb\":{\"@id\":\"https:\/\/www.grills-saveurs.ch\/fr\/produit\/raucheraufsatz-fur-smokey-mountain-cooker-57-cm-7473\/#breadcrumb\"},\"inLanguage\":\"fr-FR\",\"potentialAction\":[{\"@type\":\"ReadAction\",\"target\":[\"https:\/\/www.grills-saveurs.ch\/fr\/produit\/raucheraufsatz-fur-smokey-mountain-cooker-57-cm-7473\/\"]}]},{\"@type\":\"BreadcrumbList\",\"@id\":\"https:\/\/www.grills-saveurs.ch\/fr\/produit\/raucheraufsatz-fur-smokey-mountain-cooker-57-cm-7473\/#breadcrumb\",\"itemListElement\":[{\"@type\":\"ListItem\",\"position\":1,\"name\":\"Accueil\",\"item\":\"https:\/\/www.grills-saveurs.ch\/fr\/\"},{\"@type\":\"ListItem\",\"position\":2,\"name\":\"Shop \/ Boutique\",\"item\":\"https:\/\/www.grills-saveurs.ch\/fr\/boutique\/\"},{\"@type\":\"ListItem\",\"position\":3,\"name\":\"R\u00e4ucheraufsatz f\u00fcr Smokey Mountain Cooker 57 cm (7473)\"}]}]}<\/script>\n<!-- \/ Yoast SEO plugin. -->","yoast_head_json":{"title":"R\u00e4ucheraufsatz f\u00fcr Smokey Mountain Cooker 57 cm (7473) - Grills et Saveurs","description":"Cet accessoire de fumage de Weber simplifie la pr\u00e9paration parfaite des aliments fum\u00e9s dans le Smokey Mountain Cooker. Les 8 crochets \u00e0 poisson et les 3 supports de Weber maintiennent le poisson ou la viande pendant le fumage. Convient pour le Smokey Mountain Cooker, 57 cm.","robots":{"index":"index","follow":"follow","max-snippet":"max-snippet:-1","max-image-preview":"max-image-preview:large","max-video-preview":"max-video-preview:-1"},"canonical":"https:\/\/www.grills-saveurs.ch\/fr\/produit\/raucheraufsatz-fur-smokey-mountain-cooker-57-cm-7473\/","og_locale":"fr_FR","og_type":"article","og_title":"R\u00e4ucheraufsatz f\u00fcr Smokey Mountain Cooker 57 cm (7473) - Grills et Saveurs","og_description":"Cet accessoire de fumage de Weber simplifie la pr\u00e9paration parfaite des aliments fum\u00e9s dans le Smokey Mountain Cooker. Les 8 crochets \u00e0 poisson et les 3 supports de Weber maintiennent le poisson ou la viande pendant le fumage. Convient pour le Smokey Mountain Cooker, 57 cm.","og_url":"https:\/\/www.grills-saveurs.ch\/fr\/produit\/raucheraufsatz-fur-smokey-mountain-cooker-57-cm-7473\/","og_site_name":"Grills et Saveurs","og_image":[{"width":448,"height":360,"url":"https:\/\/www.grills-saveurs.ch\/fr\/wp-content\/uploads\/2024\/04\/cmyk_7473D14_ml.jpg","type":"image\/jpeg"}],"twitter_card":"summary_large_image","schema":{"@context":"https:\/\/schema.org","@graph":[{"@type":"WebSite","@id":"https:\/\/www.grills-saveurs.ch\/fr\/#website","url":"https:\/\/www.grills-saveurs.ch\/fr\/","name":"Grills et Saveurs","description":"Barbecues, Grills, Planchas, Chemin\u00e9es jardin - Lausanne, Suisse Romande","potentialAction":[{"@type":"SearchAction","target":{"@type":"EntryPoint","urlTemplate":"https:\/\/www.grills-saveurs.ch\/fr\/?s={search_term_string}"},"query-input":"required name=search_term_string"}],"inLanguage":"fr-FR"},{"@type":"ImageObject","@id":"https:\/\/www.grills-saveurs.ch\/fr\/produit\/raucheraufsatz-fur-smokey-mountain-cooker-57-cm-7473\/#primaryimage","inLanguage":"fr-FR","url":"https:\/\/www.grills-saveurs.ch\/fr\/wp-content\/uploads\/2024\/04\/cmyk_7473D14_ml.jpg","contentUrl":"https:\/\/www.grills-saveurs.ch\/fr\/wp-content\/uploads\/2024\/04\/cmyk_7473D14_ml.jpg","width":448,"height":360},{"@type":"WebPage","@id":"https:\/\/www.grills-saveurs.ch\/fr\/produit\/raucheraufsatz-fur-smokey-mountain-cooker-57-cm-7473\/#webpage","url":"https:\/\/www.grills-saveurs.ch\/fr\/produit\/raucheraufsatz-fur-smokey-mountain-cooker-57-cm-7473\/","name":"R\u00e4ucheraufsatz f\u00fcr Smokey Mountain Cooker 57 cm (7473) - Grills et Saveurs","isPartOf":{"@id":"https:\/\/www.grills-saveurs.ch\/fr\/#website"},"primaryImageOfPage":{"@id":"https:\/\/www.grills-saveurs.ch\/fr\/produit\/raucheraufsatz-fur-smokey-mountain-cooker-57-cm-7473\/#primaryimage"},"datePublished":"2024-04-08T07:24:32+00:00","dateModified":"2024-04-08T07:24:32+00:00","description":"Cet accessoire de fumage de Weber simplifie la pr\u00e9paration parfaite des aliments fum\u00e9s dans le Smokey Mountain Cooker. Les 8 crochets \u00e0 poisson et les 3 supports de Weber maintiennent le poisson ou la viande pendant le fumage. Convient pour le Smokey Mountain Cooker, 57 cm.","breadcrumb":{"@id":"https:\/\/www.grills-saveurs.ch\/fr\/produit\/raucheraufsatz-fur-smokey-mountain-cooker-57-cm-7473\/#breadcrumb"},"inLanguage":"fr-FR","potentialAction":[{"@type":"ReadAction","target":["https:\/\/www.grills-saveurs.ch\/fr\/produit\/raucheraufsatz-fur-smokey-mountain-cooker-57-cm-7473\/"]}]},{"@type":"BreadcrumbList","@id":"https:\/\/www.grills-saveurs.ch\/fr\/produit\/raucheraufsatz-fur-smokey-mountain-cooker-57-cm-7473\/#breadcrumb","itemListElement":[{"@type":"ListItem","position":1,"name":"Accueil","item":"https:\/\/www.grills-saveurs.ch\/fr\/"},{"@type":"ListItem","position":2,"name":"Shop \/ Boutique","item":"https:\/\/www.grills-saveurs.ch\/fr\/boutique\/"},{"@type":"ListItem","position":3,"name":"R\u00e4ucheraufsatz f\u00fcr Smokey Mountain Cooker 57 cm (7473)"}]}]}},"_links":{"self":[{"href":"https:\/\/www.grills-saveurs.ch\/fr\/wp-json\/wp\/v2\/product\/9505"}],"collection":[{"href":"https:\/\/www.grills-saveurs.ch\/fr\/wp-json\/wp\/v2\/product"}],"about":[{"href":"https:\/\/www.grills-saveurs.ch\/fr\/wp-json\/wp\/v2\/types\/product"}],"wp:featuredmedia":[{"embeddable":true,"href":"https:\/\/www.grills-saveurs.ch\/fr\/wp-json\/wp\/v2\/media\/9509"}],"wp:attachment":[{"href":"https:\/\/www.grills-saveurs.ch\/fr\/wp-json\/wp\/v2\/media?parent=9505"}],"wp:term":[{"taxonomy":"product_cat","embeddable":true,"href":"https:\/\/www.grills-saveurs.ch\/fr\/wp-json\/wp\/v2\/product_cat?post=9505"},{"taxonomy":"product_tag","embeddable":true,"href":"https:\/\/www.grills-saveurs.ch\/fr\/wp-json\/wp\/v2\/product_tag?post=9505"}],"curies":[{"name":"wp","href":"https:\/\/api.w.org\/{rel}","templated":true}]}}