{"id":9515,"date":"2024-04-08T09:24:55","date_gmt":"2024-04-08T07:24:55","guid":{"rendered":"https:\/\/www.grills-saveurs.ch\/fr\/?post_type=product&#038;p=9515"},"modified":"2024-04-08T09:24:55","modified_gmt":"2024-04-08T07:24:55","slug":"spirit-3b-13-barquette-aluminium","status":"publish","type":"product","link":"https:\/\/www.grills-saveurs.ch\/fr\/produit\/spirit-3b-13-barquette-aluminium\/","title":{"rendered":"Spirit 3B 13 Barquette aluminium"},"content":{"rendered":"<p>Le kit de cuve \u00e0 esprit Weber convient aux mod\u00e8les Spirit 200 et 300 fabriqu\u00e9s \u00e0 partir de 2009 et plus r\u00e9cents. Le kit comprend 1 bac r\u00e9cup\u00e9rateur et 2 plateaux d&rsquo;\u00e9gouttement jetables. Support de po\u00eale non inclus. Dimensions : 21,6 x 16,5 x 3,8 cm. Compatible avec les grilles suivantes : 4411001 (2009) Spirit 210 Barbecue \u00e0 gaz 4411411 (2009) Spirit 210 Barbecue \u00e0 gaz 4420301 (2010) Spirit 310. 42100 1 (2009) Spirit 310 Barbecue \u00e0 gaz 4421301 (2009) Spirit 310 Barbecue \u00e0 gaz 4421411 (2009) Spirit 310 Barbecue \u00e0 gaz 4430301 (2010) Spirit 320 Grill \u00e0 gaz 4430411 (2010) Spirit 320) 0 barbecue \u00e0 gaz 40 cm 431001 (2009) Spirit 320 Barbecue \u00e0 gaz 4431301 (2009) Spirit 320 Barbecue \u00e0 gaz 4511001 (2009) Spirit 210 Barbecue \u00e0 gaz 4521001 (2009) Spirit 310 Barbecue \u00e0 gaz 4521 (201 (2001 (20001 9) Spirit 31. 0 Barbecue \u00e0 gaz 4531001 (2009) Spirit 320 Barbecue \u00e0 gaz 4531301 (2009) Spirit 320<\/p>\n","protected":false},"excerpt":{"rendered":"<p>WB-83156<\/p>\n","protected":false},"featured_media":9516,"template":"","meta":[],"product_cat":[158],"product_tag":[],"yoast_head":"<!-- This site is optimized with the Yoast SEO plugin v18.2 - https:\/\/yoast.com\/wordpress\/plugins\/seo\/ -->\n<title>Spirit 3B 13 Barquette aluminium - Grills et Saveurs<\/title>\n<meta name=\"description\" content=\"Le kit de cuve \u00e0 esprit Weber convient aux mod\u00e8les Spirit 200 et 300 fabriqu\u00e9s \u00e0 partir de 2009 et plus r\u00e9cents. Le kit comprend 1 bac r\u00e9cup\u00e9rateur et 2 plateaux d&#039;\u00e9gouttement jetables. Support de po\u00eale non inclus. Dimensions : 21,6 x 16,5 x 3,8 cm. Compatible avec les grilles suivantes : 4411001 (2009) Spirit 210 Barbecue \u00e0 gaz 4411411 (2009) Spirit 210 Barbecue \u00e0 gaz 4420301 (2010) Spirit 310. 42100 1 (2009) Spirit 310 Barbecue \u00e0 gaz 4421301 (2009) Spirit 310 Barbecue \u00e0 gaz 4421411 (2009) Spirit 310 Barbecue \u00e0 gaz 4430301 (2010) Spirit 320 Grill \u00e0 gaz 4430411 (2010) Spirit 320) 0 barbecue \u00e0 gaz 40 cm 431001 (2009) Spirit 320 Barbecue \u00e0 gaz 4431301 (2009) Spirit 320 Barbecue \u00e0 gaz 4511001 (2009) Spirit 210 Barbecue \u00e0 gaz 4521001 (2009) Spirit 310 Barbecue \u00e0 gaz 4521 (201 (2001 (20001 9) Spirit 31. 0 Barbecue \u00e0 gaz 4531001 (2009) Spirit 320 Barbecue \u00e0 gaz 4531301 (2009) Spirit 320\" \/>\n<meta name=\"robots\" content=\"index, follow, max-snippet:-1, max-image-preview:large, max-video-preview:-1\" \/>\n<link rel=\"canonical\" href=\"https:\/\/www.grills-saveurs.ch\/fr\/produit\/spirit-3b-13-barquette-aluminium\/\" \/>\n<meta property=\"og:locale\" content=\"fr_FR\" \/>\n<meta property=\"og:type\" content=\"article\" \/>\n<meta property=\"og:title\" content=\"Spirit 3B 13 Barquette aluminium - Grills et Saveurs\" \/>\n<meta property=\"og:description\" content=\"Le kit de cuve \u00e0 esprit Weber convient aux mod\u00e8les Spirit 200 et 300 fabriqu\u00e9s \u00e0 partir de 2009 et plus r\u00e9cents. Le kit comprend 1 bac r\u00e9cup\u00e9rateur et 2 plateaux d&#039;\u00e9gouttement jetables. Support de po\u00eale non inclus. Dimensions : 21,6 x 16,5 x 3,8 cm. Compatible avec les grilles suivantes : 4411001 (2009) Spirit 210 Barbecue \u00e0 gaz 4411411 (2009) Spirit 210 Barbecue \u00e0 gaz 4420301 (2010) Spirit 310. 42100 1 (2009) Spirit 310 Barbecue \u00e0 gaz 4421301 (2009) Spirit 310 Barbecue \u00e0 gaz 4421411 (2009) Spirit 310 Barbecue \u00e0 gaz 4430301 (2010) Spirit 320 Grill \u00e0 gaz 4430411 (2010) Spirit 320) 0 barbecue \u00e0 gaz 40 cm 431001 (2009) Spirit 320 Barbecue \u00e0 gaz 4431301 (2009) Spirit 320 Barbecue \u00e0 gaz 4511001 (2009) Spirit 210 Barbecue \u00e0 gaz 4521001 (2009) Spirit 310 Barbecue \u00e0 gaz 4521 (201 (2001 (20001 9) Spirit 31. 0 Barbecue \u00e0 gaz 4531001 (2009) Spirit 320 Barbecue \u00e0 gaz 4531301 (2009) Spirit 320\" \/>\n<meta property=\"og:url\" content=\"https:\/\/www.grills-saveurs.ch\/fr\/produit\/spirit-3b-13-barquette-aluminium\/\" \/>\n<meta property=\"og:site_name\" content=\"Grills et Saveurs\" \/>\n<meta property=\"og:image\" content=\"https:\/\/www.grills-saveurs.ch\/fr\/wp-content\/uploads\/2024\/04\/71BRC-eJ8L._AC_SL1500_.jpg\" \/>\n\t<meta property=\"og:image:width\" content=\"1379\" \/>\n\t<meta property=\"og:image:height\" content=\"1500\" \/>\n\t<meta property=\"og:image:type\" content=\"image\/jpeg\" \/>\n<meta name=\"twitter:card\" content=\"summary_large_image\" \/>\n<script type=\"application\/ld+json\" class=\"yoast-schema-graph\">{\"@context\":\"https:\/\/schema.org\",\"@graph\":[{\"@type\":\"WebSite\",\"@id\":\"https:\/\/www.grills-saveurs.ch\/fr\/#website\",\"url\":\"https:\/\/www.grills-saveurs.ch\/fr\/\",\"name\":\"Grills et Saveurs\",\"description\":\"Barbecues, Grills, Planchas, Chemin\u00e9es jardin - Lausanne, Suisse Romande\",\"potentialAction\":[{\"@type\":\"SearchAction\",\"target\":{\"@type\":\"EntryPoint\",\"urlTemplate\":\"https:\/\/www.grills-saveurs.ch\/fr\/?s={search_term_string}\"},\"query-input\":\"required name=search_term_string\"}],\"inLanguage\":\"fr-FR\"},{\"@type\":\"ImageObject\",\"@id\":\"https:\/\/www.grills-saveurs.ch\/fr\/produit\/spirit-3b-13-barquette-aluminium\/#primaryimage\",\"inLanguage\":\"fr-FR\",\"url\":\"https:\/\/www.grills-saveurs.ch\/fr\/wp-content\/uploads\/2024\/04\/71BRC-eJ8L._AC_SL1500_.jpg\",\"contentUrl\":\"https:\/\/www.grills-saveurs.ch\/fr\/wp-content\/uploads\/2024\/04\/71BRC-eJ8L._AC_SL1500_.jpg\",\"width\":1379,\"height\":1500},{\"@type\":\"WebPage\",\"@id\":\"https:\/\/www.grills-saveurs.ch\/fr\/produit\/spirit-3b-13-barquette-aluminium\/#webpage\",\"url\":\"https:\/\/www.grills-saveurs.ch\/fr\/produit\/spirit-3b-13-barquette-aluminium\/\",\"name\":\"Spirit 3B 13 Barquette aluminium - Grills et Saveurs\",\"isPartOf\":{\"@id\":\"https:\/\/www.grills-saveurs.ch\/fr\/#website\"},\"primaryImageOfPage\":{\"@id\":\"https:\/\/www.grills-saveurs.ch\/fr\/produit\/spirit-3b-13-barquette-aluminium\/#primaryimage\"},\"datePublished\":\"2024-04-08T07:24:55+00:00\",\"dateModified\":\"2024-04-08T07:24:55+00:00\",\"description\":\"Le kit de cuve \u00e0 esprit Weber convient aux mod\u00e8les Spirit 200 et 300 fabriqu\u00e9s \u00e0 partir de 2009 et plus r\u00e9cents. Le kit comprend 1 bac r\u00e9cup\u00e9rateur et 2 plateaux d'\u00e9gouttement jetables. Support de po\u00eale non inclus. Dimensions : 21,6 x 16,5 x 3,8 cm. Compatible avec les grilles suivantes : 4411001 (2009) Spirit 210 Barbecue \u00e0 gaz 4411411 (2009) Spirit 210 Barbecue \u00e0 gaz 4420301 (2010) Spirit 310. 42100 1 (2009) Spirit 310 Barbecue \u00e0 gaz 4421301 (2009) Spirit 310 Barbecue \u00e0 gaz 4421411 (2009) Spirit 310 Barbecue \u00e0 gaz 4430301 (2010) Spirit 320 Grill \u00e0 gaz 4430411 (2010) Spirit 320) 0 barbecue \u00e0 gaz 40 cm 431001 (2009) Spirit 320 Barbecue \u00e0 gaz 4431301 (2009) Spirit 320 Barbecue \u00e0 gaz 4511001 (2009) Spirit 210 Barbecue \u00e0 gaz 4521001 (2009) Spirit 310 Barbecue \u00e0 gaz 4521 (201 (2001 (20001 9) Spirit 31. 0 Barbecue \u00e0 gaz 4531001 (2009) Spirit 320 Barbecue \u00e0 gaz 4531301 (2009) Spirit 320\",\"breadcrumb\":{\"@id\":\"https:\/\/www.grills-saveurs.ch\/fr\/produit\/spirit-3b-13-barquette-aluminium\/#breadcrumb\"},\"inLanguage\":\"fr-FR\",\"potentialAction\":[{\"@type\":\"ReadAction\",\"target\":[\"https:\/\/www.grills-saveurs.ch\/fr\/produit\/spirit-3b-13-barquette-aluminium\/\"]}]},{\"@type\":\"BreadcrumbList\",\"@id\":\"https:\/\/www.grills-saveurs.ch\/fr\/produit\/spirit-3b-13-barquette-aluminium\/#breadcrumb\",\"itemListElement\":[{\"@type\":\"ListItem\",\"position\":1,\"name\":\"Accueil\",\"item\":\"https:\/\/www.grills-saveurs.ch\/fr\/\"},{\"@type\":\"ListItem\",\"position\":2,\"name\":\"Shop \/ Boutique\",\"item\":\"https:\/\/www.grills-saveurs.ch\/fr\/boutique\/\"},{\"@type\":\"ListItem\",\"position\":3,\"name\":\"Spirit 3B 13 Barquette aluminium\"}]}]}<\/script>\n<!-- \/ Yoast SEO plugin. -->","yoast_head_json":{"title":"Spirit 3B 13 Barquette aluminium - Grills et Saveurs","description":"Le kit de cuve \u00e0 esprit Weber convient aux mod\u00e8les Spirit 200 et 300 fabriqu\u00e9s \u00e0 partir de 2009 et plus r\u00e9cents. Le kit comprend 1 bac r\u00e9cup\u00e9rateur et 2 plateaux d'\u00e9gouttement jetables. Support de po\u00eale non inclus. Dimensions : 21,6 x 16,5 x 3,8 cm. Compatible avec les grilles suivantes : 4411001 (2009) Spirit 210 Barbecue \u00e0 gaz 4411411 (2009) Spirit 210 Barbecue \u00e0 gaz 4420301 (2010) Spirit 310. 42100 1 (2009) Spirit 310 Barbecue \u00e0 gaz 4421301 (2009) Spirit 310 Barbecue \u00e0 gaz 4421411 (2009) Spirit 310 Barbecue \u00e0 gaz 4430301 (2010) Spirit 320 Grill \u00e0 gaz 4430411 (2010) Spirit 320) 0 barbecue \u00e0 gaz 40 cm 431001 (2009) Spirit 320 Barbecue \u00e0 gaz 4431301 (2009) Spirit 320 Barbecue \u00e0 gaz 4511001 (2009) Spirit 210 Barbecue \u00e0 gaz 4521001 (2009) Spirit 310 Barbecue \u00e0 gaz 4521 (201 (2001 (20001 9) Spirit 31. 0 Barbecue \u00e0 gaz 4531001 (2009) Spirit 320 Barbecue \u00e0 gaz 4531301 (2009) Spirit 320","robots":{"index":"index","follow":"follow","max-snippet":"max-snippet:-1","max-image-preview":"max-image-preview:large","max-video-preview":"max-video-preview:-1"},"canonical":"https:\/\/www.grills-saveurs.ch\/fr\/produit\/spirit-3b-13-barquette-aluminium\/","og_locale":"fr_FR","og_type":"article","og_title":"Spirit 3B 13 Barquette aluminium - Grills et Saveurs","og_description":"Le kit de cuve \u00e0 esprit Weber convient aux mod\u00e8les Spirit 200 et 300 fabriqu\u00e9s \u00e0 partir de 2009 et plus r\u00e9cents. Le kit comprend 1 bac r\u00e9cup\u00e9rateur et 2 plateaux d'\u00e9gouttement jetables. Support de po\u00eale non inclus. Dimensions : 21,6 x 16,5 x 3,8 cm. Compatible avec les grilles suivantes : 4411001 (2009) Spirit 210 Barbecue \u00e0 gaz 4411411 (2009) Spirit 210 Barbecue \u00e0 gaz 4420301 (2010) Spirit 310. 42100 1 (2009) Spirit 310 Barbecue \u00e0 gaz 4421301 (2009) Spirit 310 Barbecue \u00e0 gaz 4421411 (2009) Spirit 310 Barbecue \u00e0 gaz 4430301 (2010) Spirit 320 Grill \u00e0 gaz 4430411 (2010) Spirit 320) 0 barbecue \u00e0 gaz 40 cm 431001 (2009) Spirit 320 Barbecue \u00e0 gaz 4431301 (2009) Spirit 320 Barbecue \u00e0 gaz 4511001 (2009) Spirit 210 Barbecue \u00e0 gaz 4521001 (2009) Spirit 310 Barbecue \u00e0 gaz 4521 (201 (2001 (20001 9) Spirit 31. 0 Barbecue \u00e0 gaz 4531001 (2009) Spirit 320 Barbecue \u00e0 gaz 4531301 (2009) Spirit 320","og_url":"https:\/\/www.grills-saveurs.ch\/fr\/produit\/spirit-3b-13-barquette-aluminium\/","og_site_name":"Grills et Saveurs","og_image":[{"width":1379,"height":1500,"url":"https:\/\/www.grills-saveurs.ch\/fr\/wp-content\/uploads\/2024\/04\/71BRC-eJ8L._AC_SL1500_.jpg","type":"image\/jpeg"}],"twitter_card":"summary_large_image","schema":{"@context":"https:\/\/schema.org","@graph":[{"@type":"WebSite","@id":"https:\/\/www.grills-saveurs.ch\/fr\/#website","url":"https:\/\/www.grills-saveurs.ch\/fr\/","name":"Grills et Saveurs","description":"Barbecues, Grills, Planchas, Chemin\u00e9es jardin - Lausanne, Suisse Romande","potentialAction":[{"@type":"SearchAction","target":{"@type":"EntryPoint","urlTemplate":"https:\/\/www.grills-saveurs.ch\/fr\/?s={search_term_string}"},"query-input":"required name=search_term_string"}],"inLanguage":"fr-FR"},{"@type":"ImageObject","@id":"https:\/\/www.grills-saveurs.ch\/fr\/produit\/spirit-3b-13-barquette-aluminium\/#primaryimage","inLanguage":"fr-FR","url":"https:\/\/www.grills-saveurs.ch\/fr\/wp-content\/uploads\/2024\/04\/71BRC-eJ8L._AC_SL1500_.jpg","contentUrl":"https:\/\/www.grills-saveurs.ch\/fr\/wp-content\/uploads\/2024\/04\/71BRC-eJ8L._AC_SL1500_.jpg","width":1379,"height":1500},{"@type":"WebPage","@id":"https:\/\/www.grills-saveurs.ch\/fr\/produit\/spirit-3b-13-barquette-aluminium\/#webpage","url":"https:\/\/www.grills-saveurs.ch\/fr\/produit\/spirit-3b-13-barquette-aluminium\/","name":"Spirit 3B 13 Barquette aluminium - Grills et Saveurs","isPartOf":{"@id":"https:\/\/www.grills-saveurs.ch\/fr\/#website"},"primaryImageOfPage":{"@id":"https:\/\/www.grills-saveurs.ch\/fr\/produit\/spirit-3b-13-barquette-aluminium\/#primaryimage"},"datePublished":"2024-04-08T07:24:55+00:00","dateModified":"2024-04-08T07:24:55+00:00","description":"Le kit de cuve \u00e0 esprit Weber convient aux mod\u00e8les Spirit 200 et 300 fabriqu\u00e9s \u00e0 partir de 2009 et plus r\u00e9cents. Le kit comprend 1 bac r\u00e9cup\u00e9rateur et 2 plateaux d'\u00e9gouttement jetables. Support de po\u00eale non inclus. Dimensions : 21,6 x 16,5 x 3,8 cm. Compatible avec les grilles suivantes : 4411001 (2009) Spirit 210 Barbecue \u00e0 gaz 4411411 (2009) Spirit 210 Barbecue \u00e0 gaz 4420301 (2010) Spirit 310. 42100 1 (2009) Spirit 310 Barbecue \u00e0 gaz 4421301 (2009) Spirit 310 Barbecue \u00e0 gaz 4421411 (2009) Spirit 310 Barbecue \u00e0 gaz 4430301 (2010) Spirit 320 Grill \u00e0 gaz 4430411 (2010) Spirit 320) 0 barbecue \u00e0 gaz 40 cm 431001 (2009) Spirit 320 Barbecue \u00e0 gaz 4431301 (2009) Spirit 320 Barbecue \u00e0 gaz 4511001 (2009) Spirit 210 Barbecue \u00e0 gaz 4521001 (2009) Spirit 310 Barbecue \u00e0 gaz 4521 (201 (2001 (20001 9) Spirit 31. 0 Barbecue \u00e0 gaz 4531001 (2009) Spirit 320 Barbecue \u00e0 gaz 4531301 (2009) Spirit 320","breadcrumb":{"@id":"https:\/\/www.grills-saveurs.ch\/fr\/produit\/spirit-3b-13-barquette-aluminium\/#breadcrumb"},"inLanguage":"fr-FR","potentialAction":[{"@type":"ReadAction","target":["https:\/\/www.grills-saveurs.ch\/fr\/produit\/spirit-3b-13-barquette-aluminium\/"]}]},{"@type":"BreadcrumbList","@id":"https:\/\/www.grills-saveurs.ch\/fr\/produit\/spirit-3b-13-barquette-aluminium\/#breadcrumb","itemListElement":[{"@type":"ListItem","position":1,"name":"Accueil","item":"https:\/\/www.grills-saveurs.ch\/fr\/"},{"@type":"ListItem","position":2,"name":"Shop \/ Boutique","item":"https:\/\/www.grills-saveurs.ch\/fr\/boutique\/"},{"@type":"ListItem","position":3,"name":"Spirit 3B 13 Barquette aluminium"}]}]}},"_links":{"self":[{"href":"https:\/\/www.grills-saveurs.ch\/fr\/wp-json\/wp\/v2\/product\/9515"}],"collection":[{"href":"https:\/\/www.grills-saveurs.ch\/fr\/wp-json\/wp\/v2\/product"}],"about":[{"href":"https:\/\/www.grills-saveurs.ch\/fr\/wp-json\/wp\/v2\/types\/product"}],"wp:featuredmedia":[{"embeddable":true,"href":"https:\/\/www.grills-saveurs.ch\/fr\/wp-json\/wp\/v2\/media\/9516"}],"wp:attachment":[{"href":"https:\/\/www.grills-saveurs.ch\/fr\/wp-json\/wp\/v2\/media?parent=9515"}],"wp:term":[{"taxonomy":"product_cat","embeddable":true,"href":"https:\/\/www.grills-saveurs.ch\/fr\/wp-json\/wp\/v2\/product_cat?post=9515"},{"taxonomy":"product_tag","embeddable":true,"href":"https:\/\/www.grills-saveurs.ch\/fr\/wp-json\/wp\/v2\/product_tag?post=9515"}],"curies":[{"name":"wp","href":"https:\/\/api.w.org\/{rel}","templated":true}]}}