{"id":9518,"date":"2024-04-08T09:24:55","date_gmt":"2024-04-08T07:24:55","guid":{"rendered":"https:\/\/www.grills-saveurs.ch\/fr\/?post_type=product&#038;p=9518"},"modified":"2024-04-08T09:24:56","modified_gmt":"2024-04-08T07:24:56","slug":"plan-de-travail-frontal-pour-smokefire-ex4-gbs","status":"publish","type":"product","link":"https:\/\/www.grills-saveurs.ch\/fr\/produit\/plan-de-travail-frontal-pour-smokefire-ex4-gbs\/","title":{"rendered":"Plan de travail frontal pour Smokefire EX4 GBS"},"content":{"rendered":"<p>L&rsquo;\u00e9tag\u00e8re avant en acier inoxydable apporte plus de 1 600 cm2 d&rsquo;espace de travail suppl\u00e9mentaire. Elle peut supporter jusqu&rsquo;\u00e0 9 kg de nourriture et d&rsquo;accessoires de barbecue, y compris des outils, des plats et des planches de d\u00e9coupe. Les clips sous la table sont sp\u00e9cifiquement con\u00e7us pour ranger la grille de cuisson sup\u00e9rieure lorsqu&rsquo;elle n&rsquo;est pas utilis\u00e9e.<\/p>\n<p>\u2022 Se fixe facilement \u00e0 l&rsquo;avant du barbecue \u00e0 granul\u00e9s de bois SmokeFire<br \/>\n\u2022 Ajoute environ 1 600 cm2 d&rsquo;espace de travail et peut contenir jusqu&rsquo;\u00e0 9 kg<br \/>\n\u2022 S&rsquo;installe d&rsquo;une seule main pour pouvoir b\u00e9n\u00e9ficier de plus d&rsquo;espace pour vos plats<br \/>\n\u2022 Se replie lorsqu&rsquo;elle n&rsquo;est pas utilis\u00e9e<br \/>\n\u2022 Compatible avec la housse Smokefire Premium (vendue s\u00e9par\u00e9ment) lorsque le plan de travail est d\u00e9pli\u00e9 ou repli\u00e9.<\/p>\n","protected":false},"excerpt":{"rendered":"<p>WB-7002<\/p>\n","protected":false},"featured_media":9520,"template":"","meta":[],"product_cat":[15,116,170],"product_tag":[],"yoast_head":"<!-- This site is optimized with the Yoast SEO plugin v18.2 - https:\/\/yoast.com\/wordpress\/plugins\/seo\/ -->\n<title>Plan de travail frontal pour Smokefire EX4 GBS - Grills et Saveurs<\/title>\n<meta name=\"description\" content=\"L&#039;\u00e9tag\u00e8re avant en acier inoxydable apporte plus de 1 600 cm2 d&#039;espace de travail suppl\u00e9mentaire. Elle peut supporter jusqu&#039;\u00e0 9 kg de nourriture et d&#039;accessoires de barbecue, y compris des outils, des plats et des planches de d\u00e9coupe. Les clips sous la table sont sp\u00e9cifiquement con\u00e7us pour ranger la grille de cuisson sup\u00e9rieure lorsqu&#039;elle n&#039;est pas utilis\u00e9e.\u2022 Se fixe facilement \u00e0 l&#039;avant du barbecue \u00e0 granul\u00e9s de bois SmokeFire\u2022 Ajoute environ 1 600 cm2 d&#039;espace de travail et peut contenir jusqu&#039;\u00e0 9 kg\u2022 S&#039;installe d&#039;une seule main pour pouvoir b\u00e9n\u00e9ficier de plus d&#039;espace pour vos plats\u2022 Se replie lorsqu&#039;elle n&#039;est pas utilis\u00e9e\u2022 Compatible avec la housse Smokefire Premium (vendue s\u00e9par\u00e9ment) lorsque le plan de travail est d\u00e9pli\u00e9 ou repli\u00e9.\" \/>\n<meta name=\"robots\" content=\"index, follow, max-snippet:-1, max-image-preview:large, max-video-preview:-1\" \/>\n<link rel=\"canonical\" href=\"https:\/\/www.grills-saveurs.ch\/fr\/produit\/plan-de-travail-frontal-pour-smokefire-ex4-gbs\/\" \/>\n<meta property=\"og:locale\" content=\"fr_FR\" \/>\n<meta property=\"og:type\" content=\"article\" \/>\n<meta property=\"og:title\" content=\"Plan de travail frontal pour Smokefire EX4 GBS - Grills et Saveurs\" \/>\n<meta property=\"og:description\" content=\"L&#039;\u00e9tag\u00e8re avant en acier inoxydable apporte plus de 1 600 cm2 d&#039;espace de travail suppl\u00e9mentaire. Elle peut supporter jusqu&#039;\u00e0 9 kg de nourriture et d&#039;accessoires de barbecue, y compris des outils, des plats et des planches de d\u00e9coupe. Les clips sous la table sont sp\u00e9cifiquement con\u00e7us pour ranger la grille de cuisson sup\u00e9rieure lorsqu&#039;elle n&#039;est pas utilis\u00e9e.\u2022 Se fixe facilement \u00e0 l&#039;avant du barbecue \u00e0 granul\u00e9s de bois SmokeFire\u2022 Ajoute environ 1 600 cm2 d&#039;espace de travail et peut contenir jusqu&#039;\u00e0 9 kg\u2022 S&#039;installe d&#039;une seule main pour pouvoir b\u00e9n\u00e9ficier de plus d&#039;espace pour vos plats\u2022 Se replie lorsqu&#039;elle n&#039;est pas utilis\u00e9e\u2022 Compatible avec la housse Smokefire Premium (vendue s\u00e9par\u00e9ment) lorsque le plan de travail est d\u00e9pli\u00e9 ou repli\u00e9.\" \/>\n<meta property=\"og:url\" content=\"https:\/\/www.grills-saveurs.ch\/fr\/produit\/plan-de-travail-frontal-pour-smokefire-ex4-gbs\/\" \/>\n<meta property=\"og:site_name\" content=\"Grills et Saveurs\" \/>\n<meta property=\"article:modified_time\" content=\"2024-04-08T07:24:56+00:00\" \/>\n<meta property=\"og:image\" content=\"https:\/\/www.grills-saveurs.ch\/fr\/wp-content\/uploads\/2024\/04\/7002_up_1800x1800.png\" \/>\n\t<meta property=\"og:image:width\" content=\"800\" \/>\n\t<meta property=\"og:image:height\" content=\"800\" \/>\n\t<meta property=\"og:image:type\" content=\"image\/png\" \/>\n<meta name=\"twitter:card\" content=\"summary_large_image\" \/>\n<meta name=\"twitter:label1\" content=\"Dur\u00e9e de lecture estim\u00e9e\" \/>\n\t<meta name=\"twitter:data1\" content=\"1 minute\" \/>\n<script type=\"application\/ld+json\" class=\"yoast-schema-graph\">{\"@context\":\"https:\/\/schema.org\",\"@graph\":[{\"@type\":\"WebSite\",\"@id\":\"https:\/\/www.grills-saveurs.ch\/fr\/#website\",\"url\":\"https:\/\/www.grills-saveurs.ch\/fr\/\",\"name\":\"Grills et Saveurs\",\"description\":\"Barbecues, Grills, Planchas, Chemin\u00e9es jardin - Lausanne, Suisse Romande\",\"potentialAction\":[{\"@type\":\"SearchAction\",\"target\":{\"@type\":\"EntryPoint\",\"urlTemplate\":\"https:\/\/www.grills-saveurs.ch\/fr\/?s={search_term_string}\"},\"query-input\":\"required name=search_term_string\"}],\"inLanguage\":\"fr-FR\"},{\"@type\":\"ImageObject\",\"@id\":\"https:\/\/www.grills-saveurs.ch\/fr\/produit\/plan-de-travail-frontal-pour-smokefire-ex4-gbs\/#primaryimage\",\"inLanguage\":\"fr-FR\",\"url\":\"https:\/\/www.grills-saveurs.ch\/fr\/wp-content\/uploads\/2024\/04\/7002_up_1800x1800.png\",\"contentUrl\":\"https:\/\/www.grills-saveurs.ch\/fr\/wp-content\/uploads\/2024\/04\/7002_up_1800x1800.png\",\"width\":800,\"height\":800},{\"@type\":\"WebPage\",\"@id\":\"https:\/\/www.grills-saveurs.ch\/fr\/produit\/plan-de-travail-frontal-pour-smokefire-ex4-gbs\/#webpage\",\"url\":\"https:\/\/www.grills-saveurs.ch\/fr\/produit\/plan-de-travail-frontal-pour-smokefire-ex4-gbs\/\",\"name\":\"Plan de travail frontal pour Smokefire EX4 GBS - Grills et Saveurs\",\"isPartOf\":{\"@id\":\"https:\/\/www.grills-saveurs.ch\/fr\/#website\"},\"primaryImageOfPage\":{\"@id\":\"https:\/\/www.grills-saveurs.ch\/fr\/produit\/plan-de-travail-frontal-pour-smokefire-ex4-gbs\/#primaryimage\"},\"datePublished\":\"2024-04-08T07:24:55+00:00\",\"dateModified\":\"2024-04-08T07:24:56+00:00\",\"description\":\"L'\u00e9tag\u00e8re avant en acier inoxydable apporte plus de 1 600 cm2 d'espace de travail suppl\u00e9mentaire. Elle peut supporter jusqu'\u00e0 9 kg de nourriture et d'accessoires de barbecue, y compris des outils, des plats et des planches de d\u00e9coupe. Les clips sous la table sont sp\u00e9cifiquement con\u00e7us pour ranger la grille de cuisson sup\u00e9rieure lorsqu'elle n'est pas utilis\u00e9e.\u2022 Se fixe facilement \u00e0 l'avant du barbecue \u00e0 granul\u00e9s de bois SmokeFire\u2022 Ajoute environ 1 600 cm2 d'espace de travail et peut contenir jusqu'\u00e0 9 kg\u2022 S'installe d'une seule main pour pouvoir b\u00e9n\u00e9ficier de plus d'espace pour vos plats\u2022 Se replie lorsqu'elle n'est pas utilis\u00e9e\u2022 Compatible avec la housse Smokefire Premium (vendue s\u00e9par\u00e9ment) lorsque le plan de travail est d\u00e9pli\u00e9 ou repli\u00e9.\",\"breadcrumb\":{\"@id\":\"https:\/\/www.grills-saveurs.ch\/fr\/produit\/plan-de-travail-frontal-pour-smokefire-ex4-gbs\/#breadcrumb\"},\"inLanguage\":\"fr-FR\",\"potentialAction\":[{\"@type\":\"ReadAction\",\"target\":[\"https:\/\/www.grills-saveurs.ch\/fr\/produit\/plan-de-travail-frontal-pour-smokefire-ex4-gbs\/\"]}]},{\"@type\":\"BreadcrumbList\",\"@id\":\"https:\/\/www.grills-saveurs.ch\/fr\/produit\/plan-de-travail-frontal-pour-smokefire-ex4-gbs\/#breadcrumb\",\"itemListElement\":[{\"@type\":\"ListItem\",\"position\":1,\"name\":\"Accueil\",\"item\":\"https:\/\/www.grills-saveurs.ch\/fr\/\"},{\"@type\":\"ListItem\",\"position\":2,\"name\":\"Shop \/ Boutique\",\"item\":\"https:\/\/www.grills-saveurs.ch\/fr\/boutique\/\"},{\"@type\":\"ListItem\",\"position\":3,\"name\":\"Plan de travail frontal pour Smokefire EX4 GBS\"}]}]}<\/script>\n<!-- \/ Yoast SEO plugin. -->","yoast_head_json":{"title":"Plan de travail frontal pour Smokefire EX4 GBS - Grills et Saveurs","description":"L'\u00e9tag\u00e8re avant en acier inoxydable apporte plus de 1 600 cm2 d'espace de travail suppl\u00e9mentaire. Elle peut supporter jusqu'\u00e0 9 kg de nourriture et d'accessoires de barbecue, y compris des outils, des plats et des planches de d\u00e9coupe. Les clips sous la table sont sp\u00e9cifiquement con\u00e7us pour ranger la grille de cuisson sup\u00e9rieure lorsqu'elle n'est pas utilis\u00e9e.\u2022 Se fixe facilement \u00e0 l'avant du barbecue \u00e0 granul\u00e9s de bois SmokeFire\u2022 Ajoute environ 1 600 cm2 d'espace de travail et peut contenir jusqu'\u00e0 9 kg\u2022 S'installe d'une seule main pour pouvoir b\u00e9n\u00e9ficier de plus d'espace pour vos plats\u2022 Se replie lorsqu'elle n'est pas utilis\u00e9e\u2022 Compatible avec la housse Smokefire Premium (vendue s\u00e9par\u00e9ment) lorsque le plan de travail est d\u00e9pli\u00e9 ou repli\u00e9.","robots":{"index":"index","follow":"follow","max-snippet":"max-snippet:-1","max-image-preview":"max-image-preview:large","max-video-preview":"max-video-preview:-1"},"canonical":"https:\/\/www.grills-saveurs.ch\/fr\/produit\/plan-de-travail-frontal-pour-smokefire-ex4-gbs\/","og_locale":"fr_FR","og_type":"article","og_title":"Plan de travail frontal pour Smokefire EX4 GBS - Grills et Saveurs","og_description":"L'\u00e9tag\u00e8re avant en acier inoxydable apporte plus de 1 600 cm2 d'espace de travail suppl\u00e9mentaire. Elle peut supporter jusqu'\u00e0 9 kg de nourriture et d'accessoires de barbecue, y compris des outils, des plats et des planches de d\u00e9coupe. Les clips sous la table sont sp\u00e9cifiquement con\u00e7us pour ranger la grille de cuisson sup\u00e9rieure lorsqu'elle n'est pas utilis\u00e9e.\u2022 Se fixe facilement \u00e0 l'avant du barbecue \u00e0 granul\u00e9s de bois SmokeFire\u2022 Ajoute environ 1 600 cm2 d'espace de travail et peut contenir jusqu'\u00e0 9 kg\u2022 S'installe d'une seule main pour pouvoir b\u00e9n\u00e9ficier de plus d'espace pour vos plats\u2022 Se replie lorsqu'elle n'est pas utilis\u00e9e\u2022 Compatible avec la housse Smokefire Premium (vendue s\u00e9par\u00e9ment) lorsque le plan de travail est d\u00e9pli\u00e9 ou repli\u00e9.","og_url":"https:\/\/www.grills-saveurs.ch\/fr\/produit\/plan-de-travail-frontal-pour-smokefire-ex4-gbs\/","og_site_name":"Grills et Saveurs","article_modified_time":"2024-04-08T07:24:56+00:00","og_image":[{"width":800,"height":800,"url":"https:\/\/www.grills-saveurs.ch\/fr\/wp-content\/uploads\/2024\/04\/7002_up_1800x1800.png","type":"image\/png"}],"twitter_card":"summary_large_image","twitter_misc":{"Dur\u00e9e de lecture estim\u00e9e":"1 minute"},"schema":{"@context":"https:\/\/schema.org","@graph":[{"@type":"WebSite","@id":"https:\/\/www.grills-saveurs.ch\/fr\/#website","url":"https:\/\/www.grills-saveurs.ch\/fr\/","name":"Grills et Saveurs","description":"Barbecues, Grills, Planchas, Chemin\u00e9es jardin - Lausanne, Suisse Romande","potentialAction":[{"@type":"SearchAction","target":{"@type":"EntryPoint","urlTemplate":"https:\/\/www.grills-saveurs.ch\/fr\/?s={search_term_string}"},"query-input":"required name=search_term_string"}],"inLanguage":"fr-FR"},{"@type":"ImageObject","@id":"https:\/\/www.grills-saveurs.ch\/fr\/produit\/plan-de-travail-frontal-pour-smokefire-ex4-gbs\/#primaryimage","inLanguage":"fr-FR","url":"https:\/\/www.grills-saveurs.ch\/fr\/wp-content\/uploads\/2024\/04\/7002_up_1800x1800.png","contentUrl":"https:\/\/www.grills-saveurs.ch\/fr\/wp-content\/uploads\/2024\/04\/7002_up_1800x1800.png","width":800,"height":800},{"@type":"WebPage","@id":"https:\/\/www.grills-saveurs.ch\/fr\/produit\/plan-de-travail-frontal-pour-smokefire-ex4-gbs\/#webpage","url":"https:\/\/www.grills-saveurs.ch\/fr\/produit\/plan-de-travail-frontal-pour-smokefire-ex4-gbs\/","name":"Plan de travail frontal pour Smokefire EX4 GBS - Grills et Saveurs","isPartOf":{"@id":"https:\/\/www.grills-saveurs.ch\/fr\/#website"},"primaryImageOfPage":{"@id":"https:\/\/www.grills-saveurs.ch\/fr\/produit\/plan-de-travail-frontal-pour-smokefire-ex4-gbs\/#primaryimage"},"datePublished":"2024-04-08T07:24:55+00:00","dateModified":"2024-04-08T07:24:56+00:00","description":"L'\u00e9tag\u00e8re avant en acier inoxydable apporte plus de 1 600 cm2 d'espace de travail suppl\u00e9mentaire. Elle peut supporter jusqu'\u00e0 9 kg de nourriture et d'accessoires de barbecue, y compris des outils, des plats et des planches de d\u00e9coupe. Les clips sous la table sont sp\u00e9cifiquement con\u00e7us pour ranger la grille de cuisson sup\u00e9rieure lorsqu'elle n'est pas utilis\u00e9e.\u2022 Se fixe facilement \u00e0 l'avant du barbecue \u00e0 granul\u00e9s de bois SmokeFire\u2022 Ajoute environ 1 600 cm2 d'espace de travail et peut contenir jusqu'\u00e0 9 kg\u2022 S'installe d'une seule main pour pouvoir b\u00e9n\u00e9ficier de plus d'espace pour vos plats\u2022 Se replie lorsqu'elle n'est pas utilis\u00e9e\u2022 Compatible avec la housse Smokefire Premium (vendue s\u00e9par\u00e9ment) lorsque le plan de travail est d\u00e9pli\u00e9 ou repli\u00e9.","breadcrumb":{"@id":"https:\/\/www.grills-saveurs.ch\/fr\/produit\/plan-de-travail-frontal-pour-smokefire-ex4-gbs\/#breadcrumb"},"inLanguage":"fr-FR","potentialAction":[{"@type":"ReadAction","target":["https:\/\/www.grills-saveurs.ch\/fr\/produit\/plan-de-travail-frontal-pour-smokefire-ex4-gbs\/"]}]},{"@type":"BreadcrumbList","@id":"https:\/\/www.grills-saveurs.ch\/fr\/produit\/plan-de-travail-frontal-pour-smokefire-ex4-gbs\/#breadcrumb","itemListElement":[{"@type":"ListItem","position":1,"name":"Accueil","item":"https:\/\/www.grills-saveurs.ch\/fr\/"},{"@type":"ListItem","position":2,"name":"Shop \/ Boutique","item":"https:\/\/www.grills-saveurs.ch\/fr\/boutique\/"},{"@type":"ListItem","position":3,"name":"Plan de travail frontal pour Smokefire EX4 GBS"}]}]}},"_links":{"self":[{"href":"https:\/\/www.grills-saveurs.ch\/fr\/wp-json\/wp\/v2\/product\/9518"}],"collection":[{"href":"https:\/\/www.grills-saveurs.ch\/fr\/wp-json\/wp\/v2\/product"}],"about":[{"href":"https:\/\/www.grills-saveurs.ch\/fr\/wp-json\/wp\/v2\/types\/product"}],"wp:featuredmedia":[{"embeddable":true,"href":"https:\/\/www.grills-saveurs.ch\/fr\/wp-json\/wp\/v2\/media\/9520"}],"wp:attachment":[{"href":"https:\/\/www.grills-saveurs.ch\/fr\/wp-json\/wp\/v2\/media?parent=9518"}],"wp:term":[{"taxonomy":"product_cat","embeddable":true,"href":"https:\/\/www.grills-saveurs.ch\/fr\/wp-json\/wp\/v2\/product_cat?post=9518"},{"taxonomy":"product_tag","embeddable":true,"href":"https:\/\/www.grills-saveurs.ch\/fr\/wp-json\/wp\/v2\/product_tag?post=9518"}],"curies":[{"name":"wp","href":"https:\/\/api.w.org\/{rel}","templated":true}]}}