{"id":9522,"date":"2024-04-07T15:30:25","date_gmt":"2024-04-07T13:30:25","guid":{"rendered":"https:\/\/www.grills-saveurs.ch\/fr\/?post_type=product&#038;p=9522"},"modified":"2024-06-04T19:00:06","modified_gmt":"2024-06-04T17:00:06","slug":"barbecue-electrique-lumin-et-support-avec-pieds","status":"publish","type":"product","link":"https:\/\/www.grills-saveurs.ch\/fr\/produit\/barbecue-electrique-lumin-et-support-avec-pieds\/","title":{"rendered":"Barbecue \u00e9lectrique Lumin et support avec pieds"},"content":{"rendered":"<p>Gr\u00e2ce \u00e0 ses temp\u00e9ratures \u00e9lev\u00e9es et sa polyvalence in\u00e9gal\u00e9e, le barbecue \u00e9lectrique Lumin* de Weber propulse le barbecue urbain d&rsquo;ext\u00e9rieur vers de nouveaux sommets. Ce barbecue multifonction atteint une temp\u00e9rature sup\u00e9rieure \u00e0 315\u00a0\u00b0C, ce qui permet d\u2019obtenir une cuisson \u00e0 feu vif de haute qualit\u00e9, tandis que l\u2019infusion de fum\u00e9e renforce la saveur grill\u00e9e recherch\u00e9e. Il permet \u00e9galement de maintenir les aliments au chaud pour que chacun puisse se servir. Le support avec pieds pliable est facile \u00e0 installer et offre un espace suppl\u00e9mentaire et des crochets porte-ustensiles int\u00e9gr\u00e9s. Moderne et pratique, le nouveau barbecue \u00e9lectrique Lumin et support avec pieds de Weber est con\u00e7u pour s\u2019adapter \u00e0 vos go\u00fbts et \u00e0 votre espace ext\u00e9rieur. *\u00a0LUMIN est une marque d\u00e9pos\u00e9e de Weber-Stephen Products LLC et fait l\u2019objet d&rsquo;enregistrements ou de demandes en cours aux \u00c9tats-Unis et dans d\u2019autres pays.<\/p>\n<p>\u2022 Atteint des temp\u00e9ratures vraiment \u00e9lev\u00e9es, sup\u00e9rieures \u00e0 315\u00a0\u00b0C<br \/>\n\u2022 Saisie, fumage, cuisson \u00e0 la vapeur ou \u00e0 l\u2019eau avec diff\u00e9rents r\u00e9glages de cuisson<br \/>\n\u2022 Maintient les plats au chaud afin que chacun puisse se servir<br \/>\n\u2022 Permet de d\u00e9congeler des aliments pendant le pr\u00e9chauffage du barbecue<br \/>\n\u2022 Barbecue compact avec support pliable pour un rangement et un acc\u00e8s faciles<\/p>\n<div class=\"spec\">Dimensions &#8211; Couvercle ouvert (cm) : 130.00cm H x 90.00cm L x 61.00cm P<\/div>\n<div class=\"spec\">Dimensions &#8211; Couvercle ferm\u00e9 (cm) : 94.00cm H x 90.00cm L x 48.50cm P<\/div>\n<div class=\"spec\">Surface totale de cuisson (cm) : 1562 cm2<\/div>\n<div class=\"spec\">Poids (kg)20.50<\/div>\n<div class=\"spec\">Type d\u2019\u00e9nergie : \u00c9lectrique<\/div>\n<div class=\"spec\">Grilles de cuisson : Grilles de cuisson en fonte d\u2019acier \u00e9maill\u00e9e<\/div>\n<div class=\"spec\">Puissance : 230v = 2200 Watts<\/div>\n<div class=\"spec\">Temp\u00e9rature max. du barbecue : 315 \u00b0C+<\/div>\n<div class=\"spec\">Longueur du c\u00e2ble d&rsquo;alimentation : Cordon \u00e9lectrique 1,8 m<\/div>\n<div class=\"spec\">Thermom\u00e8tre int\u00e9gr\u00e9 au couvercle<\/div>\n<p>&nbsp;<\/p>\n","protected":false},"excerpt":{"rendered":"<p>WB-92010894<\/p>\n","protected":false},"featured_media":9524,"template":"","meta":[],"product_cat":[260],"product_tag":[],"yoast_head":"<!-- This site is optimized with the Yoast SEO plugin v18.2 - https:\/\/yoast.com\/wordpress\/plugins\/seo\/ -->\n<title>Barbecue \u00e9lectrique Lumin et support avec pieds - Grills et Saveurs<\/title>\n<meta name=\"description\" content=\"Gr\u00e2ce \u00e0 ses temp\u00e9ratures \u00e9lev\u00e9es et sa polyvalence in\u00e9gal\u00e9e, le barbecue \u00e9lectrique Lumin* de Weber propulse le barbecue urbain d&#039;ext\u00e9rieur vers de nouveaux sommets. Ce barbecue multifonction atteint une temp\u00e9rature sup\u00e9rieure \u00e0 315 \u00b0C, ce qui permet d\u2019obtenir une cuisson \u00e0 feu vif de haute qualit\u00e9, tandis que l\u2019infusion de fum\u00e9e renforce la saveur grill\u00e9e recherch\u00e9e. Il permet \u00e9galement de maintenir les aliments au chaud pour que chacun puisse se servir. Le support avec pieds pliable est facile \u00e0 installer et offre un espace suppl\u00e9mentaire et des crochets porte-ustensiles int\u00e9gr\u00e9s. Moderne et pratique, le nouveau barbecue \u00e9lectrique Lumin et support avec pieds de Weber est con\u00e7u pour s\u2019adapter \u00e0 vos go\u00fbts et \u00e0 votre espace ext\u00e9rieur. * LUMIN est une marque d\u00e9pos\u00e9e de Weber-Stephen Products LLC et fait l\u2019objet d&#039;enregistrements ou de demandes en cours aux \u00c9tats-Unis et dans d\u2019autres pays.\u2022 Atteint des temp\u00e9ratures vraiment \u00e9lev\u00e9es, sup\u00e9rieures \u00e0 315 \u00b0C\u2022 Saisie, fumage, cuisson \u00e0 la vapeur ou \u00e0 l\u2019eau avec diff\u00e9rents r\u00e9glages de cuisson\u2022 Maintient les plats au chaud afin que chacun puisse se servir\u2022 Permet de d\u00e9congeler des aliments pendant le pr\u00e9chauffage du barbecue\u2022 Barbecue compact avec support pliable pour un rangement et un acc\u00e8s faciles\" \/>\n<meta name=\"robots\" content=\"index, follow, max-snippet:-1, max-image-preview:large, max-video-preview:-1\" \/>\n<link rel=\"canonical\" href=\"https:\/\/www.grills-saveurs.ch\/fr\/produit\/barbecue-electrique-lumin-et-support-avec-pieds\/\" \/>\n<meta property=\"og:locale\" content=\"fr_FR\" \/>\n<meta property=\"og:type\" content=\"article\" \/>\n<meta property=\"og:title\" content=\"Barbecue \u00e9lectrique Lumin et support avec pieds - Grills et Saveurs\" \/>\n<meta property=\"og:description\" content=\"Gr\u00e2ce \u00e0 ses temp\u00e9ratures \u00e9lev\u00e9es et sa polyvalence in\u00e9gal\u00e9e, le barbecue \u00e9lectrique Lumin* de Weber propulse le barbecue urbain d&#039;ext\u00e9rieur vers de nouveaux sommets. Ce barbecue multifonction atteint une temp\u00e9rature sup\u00e9rieure \u00e0 315 \u00b0C, ce qui permet d\u2019obtenir une cuisson \u00e0 feu vif de haute qualit\u00e9, tandis que l\u2019infusion de fum\u00e9e renforce la saveur grill\u00e9e recherch\u00e9e. Il permet \u00e9galement de maintenir les aliments au chaud pour que chacun puisse se servir. Le support avec pieds pliable est facile \u00e0 installer et offre un espace suppl\u00e9mentaire et des crochets porte-ustensiles int\u00e9gr\u00e9s. Moderne et pratique, le nouveau barbecue \u00e9lectrique Lumin et support avec pieds de Weber est con\u00e7u pour s\u2019adapter \u00e0 vos go\u00fbts et \u00e0 votre espace ext\u00e9rieur. * LUMIN est une marque d\u00e9pos\u00e9e de Weber-Stephen Products LLC et fait l\u2019objet d&#039;enregistrements ou de demandes en cours aux \u00c9tats-Unis et dans d\u2019autres pays.\u2022 Atteint des temp\u00e9ratures vraiment \u00e9lev\u00e9es, sup\u00e9rieures \u00e0 315 \u00b0C\u2022 Saisie, fumage, cuisson \u00e0 la vapeur ou \u00e0 l\u2019eau avec diff\u00e9rents r\u00e9glages de cuisson\u2022 Maintient les plats au chaud afin que chacun puisse se servir\u2022 Permet de d\u00e9congeler des aliments pendant le pr\u00e9chauffage du barbecue\u2022 Barbecue compact avec support pliable pour un rangement et un acc\u00e8s faciles\" \/>\n<meta property=\"og:url\" content=\"https:\/\/www.grills-saveurs.ch\/fr\/produit\/barbecue-electrique-lumin-et-support-avec-pieds\/\" \/>\n<meta property=\"og:site_name\" content=\"Grills et Saveurs\" \/>\n<meta property=\"article:modified_time\" content=\"2024-06-04T17:00:06+00:00\" \/>\n<meta property=\"og:image\" content=\"https:\/\/www.grills-saveurs.ch\/fr\/wp-content\/uploads\/2024\/04\/92010901YM5_1800x1800.png\" \/>\n\t<meta property=\"og:image:width\" content=\"800\" \/>\n\t<meta property=\"og:image:height\" content=\"800\" \/>\n\t<meta property=\"og:image:type\" content=\"image\/png\" \/>\n<meta name=\"twitter:card\" content=\"summary_large_image\" \/>\n<meta name=\"twitter:label1\" content=\"Dur\u00e9e de lecture estim\u00e9e\" \/>\n\t<meta name=\"twitter:data1\" content=\"1 minute\" \/>\n<script type=\"application\/ld+json\" class=\"yoast-schema-graph\">{\"@context\":\"https:\/\/schema.org\",\"@graph\":[{\"@type\":\"WebSite\",\"@id\":\"https:\/\/www.grills-saveurs.ch\/fr\/#website\",\"url\":\"https:\/\/www.grills-saveurs.ch\/fr\/\",\"name\":\"Grills et Saveurs\",\"description\":\"Barbecues, Grills, Planchas, Chemin\u00e9es jardin - Lausanne, Suisse Romande\",\"potentialAction\":[{\"@type\":\"SearchAction\",\"target\":{\"@type\":\"EntryPoint\",\"urlTemplate\":\"https:\/\/www.grills-saveurs.ch\/fr\/?s={search_term_string}\"},\"query-input\":\"required name=search_term_string\"}],\"inLanguage\":\"fr-FR\"},{\"@type\":\"ImageObject\",\"@id\":\"https:\/\/www.grills-saveurs.ch\/fr\/produit\/barbecue-electrique-lumin-et-support-avec-pieds\/#primaryimage\",\"inLanguage\":\"fr-FR\",\"url\":\"https:\/\/www.grills-saveurs.ch\/fr\/wp-content\/uploads\/2024\/04\/92010901YM5_1800x1800.png\",\"contentUrl\":\"https:\/\/www.grills-saveurs.ch\/fr\/wp-content\/uploads\/2024\/04\/92010901YM5_1800x1800.png\",\"width\":800,\"height\":800},{\"@type\":\"WebPage\",\"@id\":\"https:\/\/www.grills-saveurs.ch\/fr\/produit\/barbecue-electrique-lumin-et-support-avec-pieds\/#webpage\",\"url\":\"https:\/\/www.grills-saveurs.ch\/fr\/produit\/barbecue-electrique-lumin-et-support-avec-pieds\/\",\"name\":\"Barbecue \u00e9lectrique Lumin et support avec pieds - Grills et Saveurs\",\"isPartOf\":{\"@id\":\"https:\/\/www.grills-saveurs.ch\/fr\/#website\"},\"primaryImageOfPage\":{\"@id\":\"https:\/\/www.grills-saveurs.ch\/fr\/produit\/barbecue-electrique-lumin-et-support-avec-pieds\/#primaryimage\"},\"datePublished\":\"2024-04-07T13:30:25+00:00\",\"dateModified\":\"2024-06-04T17:00:06+00:00\",\"description\":\"Gr\u00e2ce \u00e0 ses temp\u00e9ratures \u00e9lev\u00e9es et sa polyvalence in\u00e9gal\u00e9e, le barbecue \u00e9lectrique Lumin* de Weber propulse le barbecue urbain d'ext\u00e9rieur vers de nouveaux sommets. Ce barbecue multifonction atteint une temp\u00e9rature sup\u00e9rieure \u00e0 315 \u00b0C, ce qui permet d\u2019obtenir une cuisson \u00e0 feu vif de haute qualit\u00e9, tandis que l\u2019infusion de fum\u00e9e renforce la saveur grill\u00e9e recherch\u00e9e. Il permet \u00e9galement de maintenir les aliments au chaud pour que chacun puisse se servir. Le support avec pieds pliable est facile \u00e0 installer et offre un espace suppl\u00e9mentaire et des crochets porte-ustensiles int\u00e9gr\u00e9s. Moderne et pratique, le nouveau barbecue \u00e9lectrique Lumin et support avec pieds de Weber est con\u00e7u pour s\u2019adapter \u00e0 vos go\u00fbts et \u00e0 votre espace ext\u00e9rieur. * LUMIN est une marque d\u00e9pos\u00e9e de Weber-Stephen Products LLC et fait l\u2019objet d'enregistrements ou de demandes en cours aux \u00c9tats-Unis et dans d\u2019autres pays.\u2022 Atteint des temp\u00e9ratures vraiment \u00e9lev\u00e9es, sup\u00e9rieures \u00e0 315 \u00b0C\u2022 Saisie, fumage, cuisson \u00e0 la vapeur ou \u00e0 l\u2019eau avec diff\u00e9rents r\u00e9glages de cuisson\u2022 Maintient les plats au chaud afin que chacun puisse se servir\u2022 Permet de d\u00e9congeler des aliments pendant le pr\u00e9chauffage du barbecue\u2022 Barbecue compact avec support pliable pour un rangement et un acc\u00e8s faciles\",\"breadcrumb\":{\"@id\":\"https:\/\/www.grills-saveurs.ch\/fr\/produit\/barbecue-electrique-lumin-et-support-avec-pieds\/#breadcrumb\"},\"inLanguage\":\"fr-FR\",\"potentialAction\":[{\"@type\":\"ReadAction\",\"target\":[\"https:\/\/www.grills-saveurs.ch\/fr\/produit\/barbecue-electrique-lumin-et-support-avec-pieds\/\"]}]},{\"@type\":\"BreadcrumbList\",\"@id\":\"https:\/\/www.grills-saveurs.ch\/fr\/produit\/barbecue-electrique-lumin-et-support-avec-pieds\/#breadcrumb\",\"itemListElement\":[{\"@type\":\"ListItem\",\"position\":1,\"name\":\"Accueil\",\"item\":\"https:\/\/www.grills-saveurs.ch\/fr\/\"},{\"@type\":\"ListItem\",\"position\":2,\"name\":\"Shop \/ Boutique\",\"item\":\"https:\/\/www.grills-saveurs.ch\/fr\/boutique\/\"},{\"@type\":\"ListItem\",\"position\":3,\"name\":\"Barbecue \u00e9lectrique Lumin et support avec pieds\"}]}]}<\/script>\n<!-- \/ Yoast SEO plugin. -->","yoast_head_json":{"title":"Barbecue \u00e9lectrique Lumin et support avec pieds - Grills et Saveurs","description":"Gr\u00e2ce \u00e0 ses temp\u00e9ratures \u00e9lev\u00e9es et sa polyvalence in\u00e9gal\u00e9e, le barbecue \u00e9lectrique Lumin* de Weber propulse le barbecue urbain d'ext\u00e9rieur vers de nouveaux sommets. Ce barbecue multifonction atteint une temp\u00e9rature sup\u00e9rieure \u00e0 315 \u00b0C, ce qui permet d\u2019obtenir une cuisson \u00e0 feu vif de haute qualit\u00e9, tandis que l\u2019infusion de fum\u00e9e renforce la saveur grill\u00e9e recherch\u00e9e. Il permet \u00e9galement de maintenir les aliments au chaud pour que chacun puisse se servir. Le support avec pieds pliable est facile \u00e0 installer et offre un espace suppl\u00e9mentaire et des crochets porte-ustensiles int\u00e9gr\u00e9s. Moderne et pratique, le nouveau barbecue \u00e9lectrique Lumin et support avec pieds de Weber est con\u00e7u pour s\u2019adapter \u00e0 vos go\u00fbts et \u00e0 votre espace ext\u00e9rieur. * LUMIN est une marque d\u00e9pos\u00e9e de Weber-Stephen Products LLC et fait l\u2019objet d'enregistrements ou de demandes en cours aux \u00c9tats-Unis et dans d\u2019autres pays.\u2022 Atteint des temp\u00e9ratures vraiment \u00e9lev\u00e9es, sup\u00e9rieures \u00e0 315 \u00b0C\u2022 Saisie, fumage, cuisson \u00e0 la vapeur ou \u00e0 l\u2019eau avec diff\u00e9rents r\u00e9glages de cuisson\u2022 Maintient les plats au chaud afin que chacun puisse se servir\u2022 Permet de d\u00e9congeler des aliments pendant le pr\u00e9chauffage du barbecue\u2022 Barbecue compact avec support pliable pour un rangement et un acc\u00e8s faciles","robots":{"index":"index","follow":"follow","max-snippet":"max-snippet:-1","max-image-preview":"max-image-preview:large","max-video-preview":"max-video-preview:-1"},"canonical":"https:\/\/www.grills-saveurs.ch\/fr\/produit\/barbecue-electrique-lumin-et-support-avec-pieds\/","og_locale":"fr_FR","og_type":"article","og_title":"Barbecue \u00e9lectrique Lumin et support avec pieds - Grills et Saveurs","og_description":"Gr\u00e2ce \u00e0 ses temp\u00e9ratures \u00e9lev\u00e9es et sa polyvalence in\u00e9gal\u00e9e, le barbecue \u00e9lectrique Lumin* de Weber propulse le barbecue urbain d'ext\u00e9rieur vers de nouveaux sommets. Ce barbecue multifonction atteint une temp\u00e9rature sup\u00e9rieure \u00e0 315 \u00b0C, ce qui permet d\u2019obtenir une cuisson \u00e0 feu vif de haute qualit\u00e9, tandis que l\u2019infusion de fum\u00e9e renforce la saveur grill\u00e9e recherch\u00e9e. Il permet \u00e9galement de maintenir les aliments au chaud pour que chacun puisse se servir. Le support avec pieds pliable est facile \u00e0 installer et offre un espace suppl\u00e9mentaire et des crochets porte-ustensiles int\u00e9gr\u00e9s. Moderne et pratique, le nouveau barbecue \u00e9lectrique Lumin et support avec pieds de Weber est con\u00e7u pour s\u2019adapter \u00e0 vos go\u00fbts et \u00e0 votre espace ext\u00e9rieur. * LUMIN est une marque d\u00e9pos\u00e9e de Weber-Stephen Products LLC et fait l\u2019objet d'enregistrements ou de demandes en cours aux \u00c9tats-Unis et dans d\u2019autres pays.\u2022 Atteint des temp\u00e9ratures vraiment \u00e9lev\u00e9es, sup\u00e9rieures \u00e0 315 \u00b0C\u2022 Saisie, fumage, cuisson \u00e0 la vapeur ou \u00e0 l\u2019eau avec diff\u00e9rents r\u00e9glages de cuisson\u2022 Maintient les plats au chaud afin que chacun puisse se servir\u2022 Permet de d\u00e9congeler des aliments pendant le pr\u00e9chauffage du barbecue\u2022 Barbecue compact avec support pliable pour un rangement et un acc\u00e8s faciles","og_url":"https:\/\/www.grills-saveurs.ch\/fr\/produit\/barbecue-electrique-lumin-et-support-avec-pieds\/","og_site_name":"Grills et Saveurs","article_modified_time":"2024-06-04T17:00:06+00:00","og_image":[{"width":800,"height":800,"url":"https:\/\/www.grills-saveurs.ch\/fr\/wp-content\/uploads\/2024\/04\/92010901YM5_1800x1800.png","type":"image\/png"}],"twitter_card":"summary_large_image","twitter_misc":{"Dur\u00e9e de lecture estim\u00e9e":"1 minute"},"schema":{"@context":"https:\/\/schema.org","@graph":[{"@type":"WebSite","@id":"https:\/\/www.grills-saveurs.ch\/fr\/#website","url":"https:\/\/www.grills-saveurs.ch\/fr\/","name":"Grills et Saveurs","description":"Barbecues, Grills, Planchas, Chemin\u00e9es jardin - Lausanne, Suisse Romande","potentialAction":[{"@type":"SearchAction","target":{"@type":"EntryPoint","urlTemplate":"https:\/\/www.grills-saveurs.ch\/fr\/?s={search_term_string}"},"query-input":"required name=search_term_string"}],"inLanguage":"fr-FR"},{"@type":"ImageObject","@id":"https:\/\/www.grills-saveurs.ch\/fr\/produit\/barbecue-electrique-lumin-et-support-avec-pieds\/#primaryimage","inLanguage":"fr-FR","url":"https:\/\/www.grills-saveurs.ch\/fr\/wp-content\/uploads\/2024\/04\/92010901YM5_1800x1800.png","contentUrl":"https:\/\/www.grills-saveurs.ch\/fr\/wp-content\/uploads\/2024\/04\/92010901YM5_1800x1800.png","width":800,"height":800},{"@type":"WebPage","@id":"https:\/\/www.grills-saveurs.ch\/fr\/produit\/barbecue-electrique-lumin-et-support-avec-pieds\/#webpage","url":"https:\/\/www.grills-saveurs.ch\/fr\/produit\/barbecue-electrique-lumin-et-support-avec-pieds\/","name":"Barbecue \u00e9lectrique Lumin et support avec pieds - Grills et Saveurs","isPartOf":{"@id":"https:\/\/www.grills-saveurs.ch\/fr\/#website"},"primaryImageOfPage":{"@id":"https:\/\/www.grills-saveurs.ch\/fr\/produit\/barbecue-electrique-lumin-et-support-avec-pieds\/#primaryimage"},"datePublished":"2024-04-07T13:30:25+00:00","dateModified":"2024-06-04T17:00:06+00:00","description":"Gr\u00e2ce \u00e0 ses temp\u00e9ratures \u00e9lev\u00e9es et sa polyvalence in\u00e9gal\u00e9e, le barbecue \u00e9lectrique Lumin* de Weber propulse le barbecue urbain d'ext\u00e9rieur vers de nouveaux sommets. Ce barbecue multifonction atteint une temp\u00e9rature sup\u00e9rieure \u00e0 315 \u00b0C, ce qui permet d\u2019obtenir une cuisson \u00e0 feu vif de haute qualit\u00e9, tandis que l\u2019infusion de fum\u00e9e renforce la saveur grill\u00e9e recherch\u00e9e. Il permet \u00e9galement de maintenir les aliments au chaud pour que chacun puisse se servir. Le support avec pieds pliable est facile \u00e0 installer et offre un espace suppl\u00e9mentaire et des crochets porte-ustensiles int\u00e9gr\u00e9s. Moderne et pratique, le nouveau barbecue \u00e9lectrique Lumin et support avec pieds de Weber est con\u00e7u pour s\u2019adapter \u00e0 vos go\u00fbts et \u00e0 votre espace ext\u00e9rieur. * LUMIN est une marque d\u00e9pos\u00e9e de Weber-Stephen Products LLC et fait l\u2019objet d'enregistrements ou de demandes en cours aux \u00c9tats-Unis et dans d\u2019autres pays.\u2022 Atteint des temp\u00e9ratures vraiment \u00e9lev\u00e9es, sup\u00e9rieures \u00e0 315 \u00b0C\u2022 Saisie, fumage, cuisson \u00e0 la vapeur ou \u00e0 l\u2019eau avec diff\u00e9rents r\u00e9glages de cuisson\u2022 Maintient les plats au chaud afin que chacun puisse se servir\u2022 Permet de d\u00e9congeler des aliments pendant le pr\u00e9chauffage du barbecue\u2022 Barbecue compact avec support pliable pour un rangement et un acc\u00e8s faciles","breadcrumb":{"@id":"https:\/\/www.grills-saveurs.ch\/fr\/produit\/barbecue-electrique-lumin-et-support-avec-pieds\/#breadcrumb"},"inLanguage":"fr-FR","potentialAction":[{"@type":"ReadAction","target":["https:\/\/www.grills-saveurs.ch\/fr\/produit\/barbecue-electrique-lumin-et-support-avec-pieds\/"]}]},{"@type":"BreadcrumbList","@id":"https:\/\/www.grills-saveurs.ch\/fr\/produit\/barbecue-electrique-lumin-et-support-avec-pieds\/#breadcrumb","itemListElement":[{"@type":"ListItem","position":1,"name":"Accueil","item":"https:\/\/www.grills-saveurs.ch\/fr\/"},{"@type":"ListItem","position":2,"name":"Shop \/ Boutique","item":"https:\/\/www.grills-saveurs.ch\/fr\/boutique\/"},{"@type":"ListItem","position":3,"name":"Barbecue \u00e9lectrique Lumin et support avec pieds"}]}]}},"_links":{"self":[{"href":"https:\/\/www.grills-saveurs.ch\/fr\/wp-json\/wp\/v2\/product\/9522"}],"collection":[{"href":"https:\/\/www.grills-saveurs.ch\/fr\/wp-json\/wp\/v2\/product"}],"about":[{"href":"https:\/\/www.grills-saveurs.ch\/fr\/wp-json\/wp\/v2\/types\/product"}],"wp:featuredmedia":[{"embeddable":true,"href":"https:\/\/www.grills-saveurs.ch\/fr\/wp-json\/wp\/v2\/media\/9524"}],"wp:attachment":[{"href":"https:\/\/www.grills-saveurs.ch\/fr\/wp-json\/wp\/v2\/media?parent=9522"}],"wp:term":[{"taxonomy":"product_cat","embeddable":true,"href":"https:\/\/www.grills-saveurs.ch\/fr\/wp-json\/wp\/v2\/product_cat?post=9522"},{"taxonomy":"product_tag","embeddable":true,"href":"https:\/\/www.grills-saveurs.ch\/fr\/wp-json\/wp\/v2\/product_tag?post=9522"}],"curies":[{"name":"wp","href":"https:\/\/api.w.org\/{rel}","templated":true}]}}