{"id":9537,"date":"2024-04-11T10:52:54","date_gmt":"2024-04-11T08:52:54","guid":{"rendered":"https:\/\/www.grills-saveurs.ch\/fr\/?post_type=product&#038;p=9537"},"modified":"2025-06-15T16:33:48","modified_gmt":"2025-06-15T14:33:48","slug":"barbecue-encastrable-grandhall-pro-elite-4","status":"publish","type":"product","link":"https:\/\/www.grills-saveurs.ch\/fr\/produit\/barbecue-encastrable-grandhall-pro-elite-4\/","title":{"rendered":"Barbecue encastrable Grandhall &#8211; Pro Elite 4"},"content":{"rendered":"<h2>Barbecue encastrable \u00e0 gaz Grandhall &#8211; 4 br\u00fbleurs<\/h2>\n<p>Ce barbecue encastrable Grandhall Pro Elite 4 est un must-have pour les amateurs de cuisine en ext\u00e9rieur. Fabriqu\u00e9 enti\u00e8rement en acier inoxydable de qualit\u00e9 sup\u00e9rieure, il ajoutera une touche moderne et \u00e9l\u00e9gante \u00e0 votre jardin ou votre terrasse.<\/p>\n<p>Avec une surface de cuisson g\u00e9n\u00e9reuse de 72 cm x 45 cm, vous pourrez pr\u00e9parer de d\u00e9licieux repas pour vos invit\u00e9s. La surface de cuisson est divis\u00e9e en trois grilles en fonte et une plaque chauffante en fonte pour une r\u00e9partition uniforme de la chaleur et un nettoyage facile. Une grille chauffante chrom\u00e9e se trouve \u00e9galement \u00e0 l&rsquo;arri\u00e8re pour garder vos plats au chaud.<\/p>\n<p>Les cinq boutons de commande de gaz sont facilement accessibles sur le panneau de commande avant, ainsi que le bouton d&rsquo;allumage \u00e9lectronique pour une utilisation facile et intuitive. De plus, le br\u00fbleur arri\u00e8re infrarouge atteint des temp\u00e9ratures \u00e9lev\u00e9es en quelques minutes, ce qui est parfait pour saisir et sceller rapidement la viande pour lui donner une belle cro\u00fbte croustillante \u00e0 l&rsquo;ext\u00e9rieur tout en pr\u00e9servant l&rsquo;int\u00e9rieur juteux.<\/p>\n<p>Ce barbecue Grandhall est con\u00e7u pour \u00eatre encastr\u00e9 dans la ma\u00e7onnerie de votre patio, offrant une solution \u00e9l\u00e9gante et discr\u00e8te pour votre cuisine ext\u00e9rieure. Livr\u00e9 enti\u00e8rement assembl\u00e9, il est facile \u00e0 installer et garantit une durabilit\u00e9 \u00e0 long terme pour des ann\u00e9es de d\u00e9licieux repas en plein air.<\/p>\n<p><strong>CARACT\u00c9RISTIQUES<\/strong><\/p>\n<ul>\n<li>1 Plaque de cuisson en fonte<\/li>\n<li>3 grilles de cuisson en fonte<\/li>\n<li>4 Br\u00fbleurs en acier inoxydable de 14 Kw ensemble<\/li>\n<li>1 R\u00e9tro br\u00fbleur infrarouge de 4,6 Kw<\/li>\n<li>Corps de grille en aluminium enti\u00e8rement moul\u00e9<\/li>\n<li>Allumage \u00e9lectronique par bouton-poussoir<\/li>\n<li>Grille de maintien au chaud<\/li>\n<li>Grillade indirecte<\/li>\n<li>Bac de r\u00e9cup\u00e9ration amovible avec poign\u00e9e en acier inoxydable<\/li>\n<li>Thermom\u00e8tre int\u00e9gr\u00e9 dans le couvercle<\/li>\n<li>Fonctionne avec le gaz butane et propane.<\/li>\n<li>Dimensions : 81,5 x 51 x 63,4 cm<\/li>\n<li>Surface de grill : 72 x 45 cm<\/li>\n<\/ul>\n","protected":false},"excerpt":{"rendered":"<p>K04000309A, GHA-2925.20<\/p>\n","protected":false},"featured_media":9541,"template":"","meta":[],"product_cat":[260,240],"product_tag":[],"yoast_head":"<!-- This site is optimized with the Yoast SEO plugin v18.2 - https:\/\/yoast.com\/wordpress\/plugins\/seo\/ -->\n<title>Barbecue encastrable Grandhall - Pro Elite 4 - Grills et Saveurs<\/title>\n<meta name=\"description\" content=\"Barbecue encastrable \u00e0 gaz Grandhall - 4 br\u00fbleursCe barbecue encastrable Grandhall Pro Elite 4 est un must-have pour les amateurs de cuisine en ext\u00e9rieur. Fabriqu\u00e9 enti\u00e8rement en acier inoxydable de qualit\u00e9 sup\u00e9rieure, il ajoutera une touche moderne et \u00e9l\u00e9gante \u00e0 votre jardin ou votre terrasse.Avec une surface de cuisson g\u00e9n\u00e9reuse de 72 cm x 45 cm, vous pourrez pr\u00e9parer de d\u00e9licieux repas pour vos invit\u00e9s. La surface de cuisson est divis\u00e9e en trois grilles en fonte et une plaque chauffante en fonte pour une r\u00e9partition uniforme de la chaleur et un nettoyage facile. Une grille chauffante chrom\u00e9e se trouve \u00e9galement \u00e0 l&#039;arri\u00e8re pour garder vos plats au chaud.Les cinq boutons de commande de gaz sont facilement accessibles sur le panneau de commande avant, ainsi que le bouton d&#039;allumage \u00e9lectronique pour une utilisation facile et intuitive. De plus, le br\u00fbleur arri\u00e8re infrarouge atteint des temp\u00e9ratures \u00e9lev\u00e9es en quelques minutes, ce qui est parfait pour saisir et sceller rapidement la viande pour lui donner une belle cro\u00fbte croustillante \u00e0 l&#039;ext\u00e9rieur tout en pr\u00e9servant l&#039;int\u00e9rieur juteux.Ce barbecue Grandhall est con\u00e7u pour \u00eatre encastr\u00e9 dans la ma\u00e7onnerie de votre patio, offrant une solution \u00e9l\u00e9gante et discr\u00e8te pour votre cuisine ext\u00e9rieure. Livr\u00e9 enti\u00e8rement assembl\u00e9, il est facile \u00e0 installer et garantit une durabilit\u00e9 \u00e0 long terme pour des ann\u00e9es de d\u00e9licieux repas en plein air.CARACT\u00c9RISTIQUES1 Plaque de cuisson en fonte3 grilles de cuisson en fonte4 Br\u00fbleurs en acier inoxydable de 14 Kw ensemble1 R\u00e9tro br\u00fbleur infrarouge de 4,6 KwCorps de grille en aluminium enti\u00e8rement moul\u00e9Allumage \u00e9lectronique par bouton-poussoirGrille de maintien au chaudGrillade indirecteBac de r\u00e9cup\u00e9ration amovible avec poign\u00e9e en acier inoxydableThermom\u00e8tre int\u00e9gr\u00e9 dans le couvercleFonctionne avec le gaz butane et propane.Dimensions : 81,5 x 51 x 63,4 cmSurface de grill : 72 x 45 cm\" \/>\n<meta name=\"robots\" content=\"index, follow, max-snippet:-1, max-image-preview:large, max-video-preview:-1\" \/>\n<link rel=\"canonical\" href=\"https:\/\/www.grills-saveurs.ch\/fr\/produit\/barbecue-encastrable-grandhall-pro-elite-4\/\" \/>\n<meta property=\"og:locale\" content=\"fr_FR\" \/>\n<meta property=\"og:type\" content=\"article\" \/>\n<meta property=\"og:title\" content=\"Barbecue encastrable Grandhall - Pro Elite 4 - Grills et Saveurs\" \/>\n<meta property=\"og:description\" content=\"Barbecue encastrable \u00e0 gaz Grandhall - 4 br\u00fbleursCe barbecue encastrable Grandhall Pro Elite 4 est un must-have pour les amateurs de cuisine en ext\u00e9rieur. Fabriqu\u00e9 enti\u00e8rement en acier inoxydable de qualit\u00e9 sup\u00e9rieure, il ajoutera une touche moderne et \u00e9l\u00e9gante \u00e0 votre jardin ou votre terrasse.Avec une surface de cuisson g\u00e9n\u00e9reuse de 72 cm x 45 cm, vous pourrez pr\u00e9parer de d\u00e9licieux repas pour vos invit\u00e9s. La surface de cuisson est divis\u00e9e en trois grilles en fonte et une plaque chauffante en fonte pour une r\u00e9partition uniforme de la chaleur et un nettoyage facile. Une grille chauffante chrom\u00e9e se trouve \u00e9galement \u00e0 l&#039;arri\u00e8re pour garder vos plats au chaud.Les cinq boutons de commande de gaz sont facilement accessibles sur le panneau de commande avant, ainsi que le bouton d&#039;allumage \u00e9lectronique pour une utilisation facile et intuitive. De plus, le br\u00fbleur arri\u00e8re infrarouge atteint des temp\u00e9ratures \u00e9lev\u00e9es en quelques minutes, ce qui est parfait pour saisir et sceller rapidement la viande pour lui donner une belle cro\u00fbte croustillante \u00e0 l&#039;ext\u00e9rieur tout en pr\u00e9servant l&#039;int\u00e9rieur juteux.Ce barbecue Grandhall est con\u00e7u pour \u00eatre encastr\u00e9 dans la ma\u00e7onnerie de votre patio, offrant une solution \u00e9l\u00e9gante et discr\u00e8te pour votre cuisine ext\u00e9rieure. Livr\u00e9 enti\u00e8rement assembl\u00e9, il est facile \u00e0 installer et garantit une durabilit\u00e9 \u00e0 long terme pour des ann\u00e9es de d\u00e9licieux repas en plein air.CARACT\u00c9RISTIQUES1 Plaque de cuisson en fonte3 grilles de cuisson en fonte4 Br\u00fbleurs en acier inoxydable de 14 Kw ensemble1 R\u00e9tro br\u00fbleur infrarouge de 4,6 KwCorps de grille en aluminium enti\u00e8rement moul\u00e9Allumage \u00e9lectronique par bouton-poussoirGrille de maintien au chaudGrillade indirecteBac de r\u00e9cup\u00e9ration amovible avec poign\u00e9e en acier inoxydableThermom\u00e8tre int\u00e9gr\u00e9 dans le couvercleFonctionne avec le gaz butane et propane.Dimensions : 81,5 x 51 x 63,4 cmSurface de grill : 72 x 45 cm\" \/>\n<meta property=\"og:url\" content=\"https:\/\/www.grills-saveurs.ch\/fr\/produit\/barbecue-encastrable-grandhall-pro-elite-4\/\" \/>\n<meta property=\"og:site_name\" content=\"Grills et Saveurs\" \/>\n<meta property=\"article:modified_time\" content=\"2025-06-15T14:33:48+00:00\" \/>\n<meta property=\"og:image\" content=\"https:\/\/www.grills-saveurs.ch\/fr\/wp-content\/uploads\/2024\/04\/pro-elite_1920x1920.jpg\" \/>\n\t<meta property=\"og:image:width\" content=\"1000\" \/>\n\t<meta property=\"og:image:height\" content=\"1000\" \/>\n\t<meta property=\"og:image:type\" content=\"image\/jpeg\" \/>\n<meta name=\"twitter:card\" content=\"summary_large_image\" \/>\n<meta name=\"twitter:label1\" content=\"Dur\u00e9e de lecture estim\u00e9e\" \/>\n\t<meta name=\"twitter:data1\" content=\"2 minutes\" \/>\n<script type=\"application\/ld+json\" class=\"yoast-schema-graph\">{\"@context\":\"https:\/\/schema.org\",\"@graph\":[{\"@type\":\"WebSite\",\"@id\":\"https:\/\/www.grills-saveurs.ch\/fr\/#website\",\"url\":\"https:\/\/www.grills-saveurs.ch\/fr\/\",\"name\":\"Grills et Saveurs\",\"description\":\"Barbecues, Grills, Planchas, Chemin\u00e9es jardin - Lausanne, Suisse Romande\",\"potentialAction\":[{\"@type\":\"SearchAction\",\"target\":{\"@type\":\"EntryPoint\",\"urlTemplate\":\"https:\/\/www.grills-saveurs.ch\/fr\/?s={search_term_string}\"},\"query-input\":\"required name=search_term_string\"}],\"inLanguage\":\"fr-FR\"},{\"@type\":\"ImageObject\",\"@id\":\"https:\/\/www.grills-saveurs.ch\/fr\/produit\/barbecue-encastrable-grandhall-pro-elite-4\/#primaryimage\",\"inLanguage\":\"fr-FR\",\"url\":\"https:\/\/www.grills-saveurs.ch\/fr\/wp-content\/uploads\/2024\/04\/pro-elite_1920x1920.jpg\",\"contentUrl\":\"https:\/\/www.grills-saveurs.ch\/fr\/wp-content\/uploads\/2024\/04\/pro-elite_1920x1920.jpg\",\"width\":1000,\"height\":1000},{\"@type\":\"WebPage\",\"@id\":\"https:\/\/www.grills-saveurs.ch\/fr\/produit\/barbecue-encastrable-grandhall-pro-elite-4\/#webpage\",\"url\":\"https:\/\/www.grills-saveurs.ch\/fr\/produit\/barbecue-encastrable-grandhall-pro-elite-4\/\",\"name\":\"Barbecue encastrable Grandhall - Pro Elite 4 - Grills et Saveurs\",\"isPartOf\":{\"@id\":\"https:\/\/www.grills-saveurs.ch\/fr\/#website\"},\"primaryImageOfPage\":{\"@id\":\"https:\/\/www.grills-saveurs.ch\/fr\/produit\/barbecue-encastrable-grandhall-pro-elite-4\/#primaryimage\"},\"datePublished\":\"2024-04-11T08:52:54+00:00\",\"dateModified\":\"2025-06-15T14:33:48+00:00\",\"description\":\"Barbecue encastrable \u00e0 gaz Grandhall - 4 br\u00fbleursCe barbecue encastrable Grandhall Pro Elite 4 est un must-have pour les amateurs de cuisine en ext\u00e9rieur. Fabriqu\u00e9 enti\u00e8rement en acier inoxydable de qualit\u00e9 sup\u00e9rieure, il ajoutera une touche moderne et \u00e9l\u00e9gante \u00e0 votre jardin ou votre terrasse.Avec une surface de cuisson g\u00e9n\u00e9reuse de 72 cm x 45 cm, vous pourrez pr\u00e9parer de d\u00e9licieux repas pour vos invit\u00e9s. La surface de cuisson est divis\u00e9e en trois grilles en fonte et une plaque chauffante en fonte pour une r\u00e9partition uniforme de la chaleur et un nettoyage facile. Une grille chauffante chrom\u00e9e se trouve \u00e9galement \u00e0 l'arri\u00e8re pour garder vos plats au chaud.Les cinq boutons de commande de gaz sont facilement accessibles sur le panneau de commande avant, ainsi que le bouton d'allumage \u00e9lectronique pour une utilisation facile et intuitive. De plus, le br\u00fbleur arri\u00e8re infrarouge atteint des temp\u00e9ratures \u00e9lev\u00e9es en quelques minutes, ce qui est parfait pour saisir et sceller rapidement la viande pour lui donner une belle cro\u00fbte croustillante \u00e0 l'ext\u00e9rieur tout en pr\u00e9servant l'int\u00e9rieur juteux.Ce barbecue Grandhall est con\u00e7u pour \u00eatre encastr\u00e9 dans la ma\u00e7onnerie de votre patio, offrant une solution \u00e9l\u00e9gante et discr\u00e8te pour votre cuisine ext\u00e9rieure. Livr\u00e9 enti\u00e8rement assembl\u00e9, il est facile \u00e0 installer et garantit une durabilit\u00e9 \u00e0 long terme pour des ann\u00e9es de d\u00e9licieux repas en plein air.CARACT\u00c9RISTIQUES1 Plaque de cuisson en fonte3 grilles de cuisson en fonte4 Br\u00fbleurs en acier inoxydable de 14 Kw ensemble1 R\u00e9tro br\u00fbleur infrarouge de 4,6 KwCorps de grille en aluminium enti\u00e8rement moul\u00e9Allumage \u00e9lectronique par bouton-poussoirGrille de maintien au chaudGrillade indirecteBac de r\u00e9cup\u00e9ration amovible avec poign\u00e9e en acier inoxydableThermom\u00e8tre int\u00e9gr\u00e9 dans le couvercleFonctionne avec le gaz butane et propane.Dimensions : 81,5 x 51 x 63,4 cmSurface de grill : 72 x 45 cm\",\"breadcrumb\":{\"@id\":\"https:\/\/www.grills-saveurs.ch\/fr\/produit\/barbecue-encastrable-grandhall-pro-elite-4\/#breadcrumb\"},\"inLanguage\":\"fr-FR\",\"potentialAction\":[{\"@type\":\"ReadAction\",\"target\":[\"https:\/\/www.grills-saveurs.ch\/fr\/produit\/barbecue-encastrable-grandhall-pro-elite-4\/\"]}]},{\"@type\":\"BreadcrumbList\",\"@id\":\"https:\/\/www.grills-saveurs.ch\/fr\/produit\/barbecue-encastrable-grandhall-pro-elite-4\/#breadcrumb\",\"itemListElement\":[{\"@type\":\"ListItem\",\"position\":1,\"name\":\"Accueil\",\"item\":\"https:\/\/www.grills-saveurs.ch\/fr\/\"},{\"@type\":\"ListItem\",\"position\":2,\"name\":\"Shop \/ Boutique\",\"item\":\"https:\/\/www.grills-saveurs.ch\/fr\/boutique\/\"},{\"@type\":\"ListItem\",\"position\":3,\"name\":\"Barbecue encastrable Grandhall &#8211; Pro Elite 4\"}]}]}<\/script>\n<!-- \/ Yoast SEO plugin. -->","yoast_head_json":{"title":"Barbecue encastrable Grandhall - Pro Elite 4 - Grills et Saveurs","description":"Barbecue encastrable \u00e0 gaz Grandhall - 4 br\u00fbleursCe barbecue encastrable Grandhall Pro Elite 4 est un must-have pour les amateurs de cuisine en ext\u00e9rieur. Fabriqu\u00e9 enti\u00e8rement en acier inoxydable de qualit\u00e9 sup\u00e9rieure, il ajoutera une touche moderne et \u00e9l\u00e9gante \u00e0 votre jardin ou votre terrasse.Avec une surface de cuisson g\u00e9n\u00e9reuse de 72 cm x 45 cm, vous pourrez pr\u00e9parer de d\u00e9licieux repas pour vos invit\u00e9s. La surface de cuisson est divis\u00e9e en trois grilles en fonte et une plaque chauffante en fonte pour une r\u00e9partition uniforme de la chaleur et un nettoyage facile. Une grille chauffante chrom\u00e9e se trouve \u00e9galement \u00e0 l'arri\u00e8re pour garder vos plats au chaud.Les cinq boutons de commande de gaz sont facilement accessibles sur le panneau de commande avant, ainsi que le bouton d'allumage \u00e9lectronique pour une utilisation facile et intuitive. De plus, le br\u00fbleur arri\u00e8re infrarouge atteint des temp\u00e9ratures \u00e9lev\u00e9es en quelques minutes, ce qui est parfait pour saisir et sceller rapidement la viande pour lui donner une belle cro\u00fbte croustillante \u00e0 l'ext\u00e9rieur tout en pr\u00e9servant l'int\u00e9rieur juteux.Ce barbecue Grandhall est con\u00e7u pour \u00eatre encastr\u00e9 dans la ma\u00e7onnerie de votre patio, offrant une solution \u00e9l\u00e9gante et discr\u00e8te pour votre cuisine ext\u00e9rieure. Livr\u00e9 enti\u00e8rement assembl\u00e9, il est facile \u00e0 installer et garantit une durabilit\u00e9 \u00e0 long terme pour des ann\u00e9es de d\u00e9licieux repas en plein air.CARACT\u00c9RISTIQUES1 Plaque de cuisson en fonte3 grilles de cuisson en fonte4 Br\u00fbleurs en acier inoxydable de 14 Kw ensemble1 R\u00e9tro br\u00fbleur infrarouge de 4,6 KwCorps de grille en aluminium enti\u00e8rement moul\u00e9Allumage \u00e9lectronique par bouton-poussoirGrille de maintien au chaudGrillade indirecteBac de r\u00e9cup\u00e9ration amovible avec poign\u00e9e en acier inoxydableThermom\u00e8tre int\u00e9gr\u00e9 dans le couvercleFonctionne avec le gaz butane et propane.Dimensions : 81,5 x 51 x 63,4 cmSurface de grill : 72 x 45 cm","robots":{"index":"index","follow":"follow","max-snippet":"max-snippet:-1","max-image-preview":"max-image-preview:large","max-video-preview":"max-video-preview:-1"},"canonical":"https:\/\/www.grills-saveurs.ch\/fr\/produit\/barbecue-encastrable-grandhall-pro-elite-4\/","og_locale":"fr_FR","og_type":"article","og_title":"Barbecue encastrable Grandhall - Pro Elite 4 - Grills et Saveurs","og_description":"Barbecue encastrable \u00e0 gaz Grandhall - 4 br\u00fbleursCe barbecue encastrable Grandhall Pro Elite 4 est un must-have pour les amateurs de cuisine en ext\u00e9rieur. Fabriqu\u00e9 enti\u00e8rement en acier inoxydable de qualit\u00e9 sup\u00e9rieure, il ajoutera une touche moderne et \u00e9l\u00e9gante \u00e0 votre jardin ou votre terrasse.Avec une surface de cuisson g\u00e9n\u00e9reuse de 72 cm x 45 cm, vous pourrez pr\u00e9parer de d\u00e9licieux repas pour vos invit\u00e9s. La surface de cuisson est divis\u00e9e en trois grilles en fonte et une plaque chauffante en fonte pour une r\u00e9partition uniforme de la chaleur et un nettoyage facile. Une grille chauffante chrom\u00e9e se trouve \u00e9galement \u00e0 l'arri\u00e8re pour garder vos plats au chaud.Les cinq boutons de commande de gaz sont facilement accessibles sur le panneau de commande avant, ainsi que le bouton d'allumage \u00e9lectronique pour une utilisation facile et intuitive. De plus, le br\u00fbleur arri\u00e8re infrarouge atteint des temp\u00e9ratures \u00e9lev\u00e9es en quelques minutes, ce qui est parfait pour saisir et sceller rapidement la viande pour lui donner une belle cro\u00fbte croustillante \u00e0 l'ext\u00e9rieur tout en pr\u00e9servant l'int\u00e9rieur juteux.Ce barbecue Grandhall est con\u00e7u pour \u00eatre encastr\u00e9 dans la ma\u00e7onnerie de votre patio, offrant une solution \u00e9l\u00e9gante et discr\u00e8te pour votre cuisine ext\u00e9rieure. Livr\u00e9 enti\u00e8rement assembl\u00e9, il est facile \u00e0 installer et garantit une durabilit\u00e9 \u00e0 long terme pour des ann\u00e9es de d\u00e9licieux repas en plein air.CARACT\u00c9RISTIQUES1 Plaque de cuisson en fonte3 grilles de cuisson en fonte4 Br\u00fbleurs en acier inoxydable de 14 Kw ensemble1 R\u00e9tro br\u00fbleur infrarouge de 4,6 KwCorps de grille en aluminium enti\u00e8rement moul\u00e9Allumage \u00e9lectronique par bouton-poussoirGrille de maintien au chaudGrillade indirecteBac de r\u00e9cup\u00e9ration amovible avec poign\u00e9e en acier inoxydableThermom\u00e8tre int\u00e9gr\u00e9 dans le couvercleFonctionne avec le gaz butane et propane.Dimensions : 81,5 x 51 x 63,4 cmSurface de grill : 72 x 45 cm","og_url":"https:\/\/www.grills-saveurs.ch\/fr\/produit\/barbecue-encastrable-grandhall-pro-elite-4\/","og_site_name":"Grills et Saveurs","article_modified_time":"2025-06-15T14:33:48+00:00","og_image":[{"width":1000,"height":1000,"url":"https:\/\/www.grills-saveurs.ch\/fr\/wp-content\/uploads\/2024\/04\/pro-elite_1920x1920.jpg","type":"image\/jpeg"}],"twitter_card":"summary_large_image","twitter_misc":{"Dur\u00e9e de lecture estim\u00e9e":"2 minutes"},"schema":{"@context":"https:\/\/schema.org","@graph":[{"@type":"WebSite","@id":"https:\/\/www.grills-saveurs.ch\/fr\/#website","url":"https:\/\/www.grills-saveurs.ch\/fr\/","name":"Grills et Saveurs","description":"Barbecues, Grills, Planchas, Chemin\u00e9es jardin - Lausanne, Suisse Romande","potentialAction":[{"@type":"SearchAction","target":{"@type":"EntryPoint","urlTemplate":"https:\/\/www.grills-saveurs.ch\/fr\/?s={search_term_string}"},"query-input":"required name=search_term_string"}],"inLanguage":"fr-FR"},{"@type":"ImageObject","@id":"https:\/\/www.grills-saveurs.ch\/fr\/produit\/barbecue-encastrable-grandhall-pro-elite-4\/#primaryimage","inLanguage":"fr-FR","url":"https:\/\/www.grills-saveurs.ch\/fr\/wp-content\/uploads\/2024\/04\/pro-elite_1920x1920.jpg","contentUrl":"https:\/\/www.grills-saveurs.ch\/fr\/wp-content\/uploads\/2024\/04\/pro-elite_1920x1920.jpg","width":1000,"height":1000},{"@type":"WebPage","@id":"https:\/\/www.grills-saveurs.ch\/fr\/produit\/barbecue-encastrable-grandhall-pro-elite-4\/#webpage","url":"https:\/\/www.grills-saveurs.ch\/fr\/produit\/barbecue-encastrable-grandhall-pro-elite-4\/","name":"Barbecue encastrable Grandhall - Pro Elite 4 - Grills et Saveurs","isPartOf":{"@id":"https:\/\/www.grills-saveurs.ch\/fr\/#website"},"primaryImageOfPage":{"@id":"https:\/\/www.grills-saveurs.ch\/fr\/produit\/barbecue-encastrable-grandhall-pro-elite-4\/#primaryimage"},"datePublished":"2024-04-11T08:52:54+00:00","dateModified":"2025-06-15T14:33:48+00:00","description":"Barbecue encastrable \u00e0 gaz Grandhall - 4 br\u00fbleursCe barbecue encastrable Grandhall Pro Elite 4 est un must-have pour les amateurs de cuisine en ext\u00e9rieur. Fabriqu\u00e9 enti\u00e8rement en acier inoxydable de qualit\u00e9 sup\u00e9rieure, il ajoutera une touche moderne et \u00e9l\u00e9gante \u00e0 votre jardin ou votre terrasse.Avec une surface de cuisson g\u00e9n\u00e9reuse de 72 cm x 45 cm, vous pourrez pr\u00e9parer de d\u00e9licieux repas pour vos invit\u00e9s. La surface de cuisson est divis\u00e9e en trois grilles en fonte et une plaque chauffante en fonte pour une r\u00e9partition uniforme de la chaleur et un nettoyage facile. Une grille chauffante chrom\u00e9e se trouve \u00e9galement \u00e0 l'arri\u00e8re pour garder vos plats au chaud.Les cinq boutons de commande de gaz sont facilement accessibles sur le panneau de commande avant, ainsi que le bouton d'allumage \u00e9lectronique pour une utilisation facile et intuitive. De plus, le br\u00fbleur arri\u00e8re infrarouge atteint des temp\u00e9ratures \u00e9lev\u00e9es en quelques minutes, ce qui est parfait pour saisir et sceller rapidement la viande pour lui donner une belle cro\u00fbte croustillante \u00e0 l'ext\u00e9rieur tout en pr\u00e9servant l'int\u00e9rieur juteux.Ce barbecue Grandhall est con\u00e7u pour \u00eatre encastr\u00e9 dans la ma\u00e7onnerie de votre patio, offrant une solution \u00e9l\u00e9gante et discr\u00e8te pour votre cuisine ext\u00e9rieure. Livr\u00e9 enti\u00e8rement assembl\u00e9, il est facile \u00e0 installer et garantit une durabilit\u00e9 \u00e0 long terme pour des ann\u00e9es de d\u00e9licieux repas en plein air.CARACT\u00c9RISTIQUES1 Plaque de cuisson en fonte3 grilles de cuisson en fonte4 Br\u00fbleurs en acier inoxydable de 14 Kw ensemble1 R\u00e9tro br\u00fbleur infrarouge de 4,6 KwCorps de grille en aluminium enti\u00e8rement moul\u00e9Allumage \u00e9lectronique par bouton-poussoirGrille de maintien au chaudGrillade indirecteBac de r\u00e9cup\u00e9ration amovible avec poign\u00e9e en acier inoxydableThermom\u00e8tre int\u00e9gr\u00e9 dans le couvercleFonctionne avec le gaz butane et propane.Dimensions : 81,5 x 51 x 63,4 cmSurface de grill : 72 x 45 cm","breadcrumb":{"@id":"https:\/\/www.grills-saveurs.ch\/fr\/produit\/barbecue-encastrable-grandhall-pro-elite-4\/#breadcrumb"},"inLanguage":"fr-FR","potentialAction":[{"@type":"ReadAction","target":["https:\/\/www.grills-saveurs.ch\/fr\/produit\/barbecue-encastrable-grandhall-pro-elite-4\/"]}]},{"@type":"BreadcrumbList","@id":"https:\/\/www.grills-saveurs.ch\/fr\/produit\/barbecue-encastrable-grandhall-pro-elite-4\/#breadcrumb","itemListElement":[{"@type":"ListItem","position":1,"name":"Accueil","item":"https:\/\/www.grills-saveurs.ch\/fr\/"},{"@type":"ListItem","position":2,"name":"Shop \/ Boutique","item":"https:\/\/www.grills-saveurs.ch\/fr\/boutique\/"},{"@type":"ListItem","position":3,"name":"Barbecue encastrable Grandhall &#8211; Pro Elite 4"}]}]}},"_links":{"self":[{"href":"https:\/\/www.grills-saveurs.ch\/fr\/wp-json\/wp\/v2\/product\/9537"}],"collection":[{"href":"https:\/\/www.grills-saveurs.ch\/fr\/wp-json\/wp\/v2\/product"}],"about":[{"href":"https:\/\/www.grills-saveurs.ch\/fr\/wp-json\/wp\/v2\/types\/product"}],"wp:featuredmedia":[{"embeddable":true,"href":"https:\/\/www.grills-saveurs.ch\/fr\/wp-json\/wp\/v2\/media\/9541"}],"wp:attachment":[{"href":"https:\/\/www.grills-saveurs.ch\/fr\/wp-json\/wp\/v2\/media?parent=9537"}],"wp:term":[{"taxonomy":"product_cat","embeddable":true,"href":"https:\/\/www.grills-saveurs.ch\/fr\/wp-json\/wp\/v2\/product_cat?post=9537"},{"taxonomy":"product_tag","embeddable":true,"href":"https:\/\/www.grills-saveurs.ch\/fr\/wp-json\/wp\/v2\/product_tag?post=9537"}],"curies":[{"name":"wp","href":"https:\/\/api.w.org\/{rel}","templated":true}]}}