{"id":9543,"date":"2024-04-11T10:52:54","date_gmt":"2024-04-11T08:52:54","guid":{"rendered":"https:\/\/www.grills-saveurs.ch\/fr\/?post_type=product&#038;p=9543"},"modified":"2024-06-01T20:56:58","modified_gmt":"2024-06-01T18:56:58","slug":"support-grandhall-premium","status":"publish","type":"product","link":"https:\/\/www.grills-saveurs.ch\/fr\/produit\/support-grandhall-premium\/","title":{"rendered":"Support Grandhall Premium"},"content":{"rendered":"<p>Le support Grandhall Premium est le pendant du barbecue encastrable Premium G3. L&rsquo;armoire inf\u00e9rieure se compose d&rsquo;un corps noble en noir, dot\u00e9 d&rsquo;une porte d&rsquo;armoire \u00e0 un seul battant, qui supporte en toute s\u00e9curit\u00e9 le barbecue encastrable Premium G3. Dans l&rsquo;armoire, tu as suffisamment d&rsquo;espace de rangement pour une bouteille de gaz jusqu&rsquo;\u00e0 11 kg. De plus, le soubassement dispose de deux \u00e9tag\u00e8res lat\u00e9rales qui te permettent de ranger tes accessoires de barbecue ou ta boisson fra\u00eeche pendant que tu grilles.<\/p>\n<p>Si une cuisine d&rsquo;ext\u00e9rieur est trop rigide pour toi et que tu pr\u00e9f\u00e8res quelque chose d&rsquo;un peu plus mobile, ce support est fait pour toi. En effet, tu peux man\u0153uvrer ton barbecue sans probl\u00e8me gr\u00e2ce aux 4 roues pivotantes. Deux roues peuvent \u00eatre bloqu\u00e9es, de sorte que le barbecue et le meuble bas restent bien en place et ne peuvent pas rouler de mani\u00e8re incontr\u00f4l\u00e9e.<\/p>\n<p>Traduit avec DeepL.com (version gratuite)<\/p>\n<p>Chariot de barbecue avec roulettes pivotantes<br \/>\npour barbecue encastrable Premium G3<br \/>\navec deux tablettes lat\u00e9rales<br \/>\nplace pour une bouteille de gaz jusqu&rsquo;\u00e0 11kg<br \/>\navec porte d&rsquo;armoire inf\u00e9rieure \u00e0 un battant<\/p>\n","protected":false},"excerpt":{"rendered":"<p>K03000071A<\/p>\n","protected":false},"featured_media":9544,"template":"","meta":[],"product_cat":[260],"product_tag":[],"yoast_head":"<!-- This site is optimized with the Yoast SEO plugin v18.2 - https:\/\/yoast.com\/wordpress\/plugins\/seo\/ -->\n<title>Support Grandhall Premium - Grills et Saveurs<\/title>\n<meta name=\"description\" content=\"Le support Grandhall Premium est le pendant du barbecue encastrable Premium G3. L&#039;armoire inf\u00e9rieure se compose d&#039;un corps noble en noir, dot\u00e9 d&#039;une porte d&#039;armoire \u00e0 un seul battant, qui supporte en toute s\u00e9curit\u00e9 le barbecue encastrable Premium G3. Dans l&#039;armoire, tu as suffisamment d&#039;espace de rangement pour une bouteille de gaz jusqu&#039;\u00e0 11 kg. De plus, le soubassement dispose de deux \u00e9tag\u00e8res lat\u00e9rales qui te permettent de ranger tes accessoires de barbecue ou ta boisson fra\u00eeche pendant que tu grilles.Si une cuisine d&#039;ext\u00e9rieur est trop rigide pour toi et que tu pr\u00e9f\u00e8res quelque chose d&#039;un peu plus mobile, ce support est fait pour toi. En effet, tu peux man\u0153uvrer ton barbecue sans probl\u00e8me gr\u00e2ce aux 4 roues pivotantes. Deux roues peuvent \u00eatre bloqu\u00e9es, de sorte que le barbecue et le meuble bas restent bien en place et ne peuvent pas rouler de mani\u00e8re incontr\u00f4l\u00e9e.Traduit avec DeepL.com (version gratuite)Chariot de barbecue avec roulettes pivotantes pour barbecue encastrable Premium G3. Avec deux tablettes lat\u00e9rales. Place pour une bouteille de gaz jusqu&#039;\u00e0 11kg. Avec porte d&#039;armoire inf\u00e9rieure \u00e0 un battant\" \/>\n<meta name=\"robots\" content=\"index, follow, max-snippet:-1, max-image-preview:large, max-video-preview:-1\" \/>\n<link rel=\"canonical\" href=\"https:\/\/www.grills-saveurs.ch\/fr\/produit\/support-grandhall-premium\/\" \/>\n<meta property=\"og:locale\" content=\"fr_FR\" \/>\n<meta property=\"og:type\" content=\"article\" \/>\n<meta property=\"og:title\" content=\"Support Grandhall Premium - Grills et Saveurs\" \/>\n<meta property=\"og:description\" content=\"Le support Grandhall Premium est le pendant du barbecue encastrable Premium G3. L&#039;armoire inf\u00e9rieure se compose d&#039;un corps noble en noir, dot\u00e9 d&#039;une porte d&#039;armoire \u00e0 un seul battant, qui supporte en toute s\u00e9curit\u00e9 le barbecue encastrable Premium G3. Dans l&#039;armoire, tu as suffisamment d&#039;espace de rangement pour une bouteille de gaz jusqu&#039;\u00e0 11 kg. De plus, le soubassement dispose de deux \u00e9tag\u00e8res lat\u00e9rales qui te permettent de ranger tes accessoires de barbecue ou ta boisson fra\u00eeche pendant que tu grilles.Si une cuisine d&#039;ext\u00e9rieur est trop rigide pour toi et que tu pr\u00e9f\u00e8res quelque chose d&#039;un peu plus mobile, ce support est fait pour toi. En effet, tu peux man\u0153uvrer ton barbecue sans probl\u00e8me gr\u00e2ce aux 4 roues pivotantes. Deux roues peuvent \u00eatre bloqu\u00e9es, de sorte que le barbecue et le meuble bas restent bien en place et ne peuvent pas rouler de mani\u00e8re incontr\u00f4l\u00e9e.Traduit avec DeepL.com (version gratuite)Chariot de barbecue avec roulettes pivotantes pour barbecue encastrable Premium G3. Avec deux tablettes lat\u00e9rales. Place pour une bouteille de gaz jusqu&#039;\u00e0 11kg. Avec porte d&#039;armoire inf\u00e9rieure \u00e0 un battant\" \/>\n<meta property=\"og:url\" content=\"https:\/\/www.grills-saveurs.ch\/fr\/produit\/support-grandhall-premium\/\" \/>\n<meta property=\"og:site_name\" content=\"Grills et Saveurs\" \/>\n<meta property=\"article:modified_time\" content=\"2024-06-01T18:56:58+00:00\" \/>\n<meta property=\"og:image\" content=\"https:\/\/www.grills-saveurs.ch\/fr\/wp-content\/uploads\/2024\/04\/grandhall-premium-untergestell-1_1920x1920.jpg\" \/>\n\t<meta property=\"og:image:width\" content=\"1280\" \/>\n\t<meta property=\"og:image:height\" content=\"1280\" \/>\n\t<meta property=\"og:image:type\" content=\"image\/jpeg\" \/>\n<meta name=\"twitter:card\" content=\"summary_large_image\" \/>\n<meta name=\"twitter:label1\" content=\"Dur\u00e9e de lecture estim\u00e9e\" \/>\n\t<meta name=\"twitter:data1\" content=\"1 minute\" \/>\n<script type=\"application\/ld+json\" class=\"yoast-schema-graph\">{\"@context\":\"https:\/\/schema.org\",\"@graph\":[{\"@type\":\"WebSite\",\"@id\":\"https:\/\/www.grills-saveurs.ch\/fr\/#website\",\"url\":\"https:\/\/www.grills-saveurs.ch\/fr\/\",\"name\":\"Grills et Saveurs\",\"description\":\"Barbecues, Grills, Planchas, Chemin\u00e9es jardin - Lausanne, Suisse Romande\",\"potentialAction\":[{\"@type\":\"SearchAction\",\"target\":{\"@type\":\"EntryPoint\",\"urlTemplate\":\"https:\/\/www.grills-saveurs.ch\/fr\/?s={search_term_string}\"},\"query-input\":\"required name=search_term_string\"}],\"inLanguage\":\"fr-FR\"},{\"@type\":\"ImageObject\",\"@id\":\"https:\/\/www.grills-saveurs.ch\/fr\/produit\/support-grandhall-premium\/#primaryimage\",\"inLanguage\":\"fr-FR\",\"url\":\"https:\/\/www.grills-saveurs.ch\/fr\/wp-content\/uploads\/2024\/04\/grandhall-premium-untergestell-1_1920x1920.jpg\",\"contentUrl\":\"https:\/\/www.grills-saveurs.ch\/fr\/wp-content\/uploads\/2024\/04\/grandhall-premium-untergestell-1_1920x1920.jpg\",\"width\":1280,\"height\":1280},{\"@type\":\"WebPage\",\"@id\":\"https:\/\/www.grills-saveurs.ch\/fr\/produit\/support-grandhall-premium\/#webpage\",\"url\":\"https:\/\/www.grills-saveurs.ch\/fr\/produit\/support-grandhall-premium\/\",\"name\":\"Support Grandhall Premium - Grills et Saveurs\",\"isPartOf\":{\"@id\":\"https:\/\/www.grills-saveurs.ch\/fr\/#website\"},\"primaryImageOfPage\":{\"@id\":\"https:\/\/www.grills-saveurs.ch\/fr\/produit\/support-grandhall-premium\/#primaryimage\"},\"datePublished\":\"2024-04-11T08:52:54+00:00\",\"dateModified\":\"2024-06-01T18:56:58+00:00\",\"description\":\"Le support Grandhall Premium est le pendant du barbecue encastrable Premium G3. L'armoire inf\u00e9rieure se compose d'un corps noble en noir, dot\u00e9 d'une porte d'armoire \u00e0 un seul battant, qui supporte en toute s\u00e9curit\u00e9 le barbecue encastrable Premium G3. Dans l'armoire, tu as suffisamment d'espace de rangement pour une bouteille de gaz jusqu'\u00e0 11 kg. De plus, le soubassement dispose de deux \u00e9tag\u00e8res lat\u00e9rales qui te permettent de ranger tes accessoires de barbecue ou ta boisson fra\u00eeche pendant que tu grilles.Si une cuisine d'ext\u00e9rieur est trop rigide pour toi et que tu pr\u00e9f\u00e8res quelque chose d'un peu plus mobile, ce support est fait pour toi. En effet, tu peux man\u0153uvrer ton barbecue sans probl\u00e8me gr\u00e2ce aux 4 roues pivotantes. Deux roues peuvent \u00eatre bloqu\u00e9es, de sorte que le barbecue et le meuble bas restent bien en place et ne peuvent pas rouler de mani\u00e8re incontr\u00f4l\u00e9e.Traduit avec DeepL.com (version gratuite)Chariot de barbecue avec roulettes pivotantes pour barbecue encastrable Premium G3. Avec deux tablettes lat\u00e9rales. Place pour une bouteille de gaz jusqu'\u00e0 11kg. Avec porte d'armoire inf\u00e9rieure \u00e0 un battant\",\"breadcrumb\":{\"@id\":\"https:\/\/www.grills-saveurs.ch\/fr\/produit\/support-grandhall-premium\/#breadcrumb\"},\"inLanguage\":\"fr-FR\",\"potentialAction\":[{\"@type\":\"ReadAction\",\"target\":[\"https:\/\/www.grills-saveurs.ch\/fr\/produit\/support-grandhall-premium\/\"]}]},{\"@type\":\"BreadcrumbList\",\"@id\":\"https:\/\/www.grills-saveurs.ch\/fr\/produit\/support-grandhall-premium\/#breadcrumb\",\"itemListElement\":[{\"@type\":\"ListItem\",\"position\":1,\"name\":\"Accueil\",\"item\":\"https:\/\/www.grills-saveurs.ch\/fr\/\"},{\"@type\":\"ListItem\",\"position\":2,\"name\":\"Shop \/ Boutique\",\"item\":\"https:\/\/www.grills-saveurs.ch\/fr\/boutique\/\"},{\"@type\":\"ListItem\",\"position\":3,\"name\":\"Support Grandhall Premium\"}]}]}<\/script>\n<!-- \/ Yoast SEO plugin. -->","yoast_head_json":{"title":"Support Grandhall Premium - Grills et Saveurs","description":"Le support Grandhall Premium est le pendant du barbecue encastrable Premium G3. L'armoire inf\u00e9rieure se compose d'un corps noble en noir, dot\u00e9 d'une porte d'armoire \u00e0 un seul battant, qui supporte en toute s\u00e9curit\u00e9 le barbecue encastrable Premium G3. Dans l'armoire, tu as suffisamment d'espace de rangement pour une bouteille de gaz jusqu'\u00e0 11 kg. De plus, le soubassement dispose de deux \u00e9tag\u00e8res lat\u00e9rales qui te permettent de ranger tes accessoires de barbecue ou ta boisson fra\u00eeche pendant que tu grilles.Si une cuisine d'ext\u00e9rieur est trop rigide pour toi et que tu pr\u00e9f\u00e8res quelque chose d'un peu plus mobile, ce support est fait pour toi. En effet, tu peux man\u0153uvrer ton barbecue sans probl\u00e8me gr\u00e2ce aux 4 roues pivotantes. Deux roues peuvent \u00eatre bloqu\u00e9es, de sorte que le barbecue et le meuble bas restent bien en place et ne peuvent pas rouler de mani\u00e8re incontr\u00f4l\u00e9e.Traduit avec DeepL.com (version gratuite)Chariot de barbecue avec roulettes pivotantes pour barbecue encastrable Premium G3. Avec deux tablettes lat\u00e9rales. Place pour une bouteille de gaz jusqu'\u00e0 11kg. Avec porte d'armoire inf\u00e9rieure \u00e0 un battant","robots":{"index":"index","follow":"follow","max-snippet":"max-snippet:-1","max-image-preview":"max-image-preview:large","max-video-preview":"max-video-preview:-1"},"canonical":"https:\/\/www.grills-saveurs.ch\/fr\/produit\/support-grandhall-premium\/","og_locale":"fr_FR","og_type":"article","og_title":"Support Grandhall Premium - Grills et Saveurs","og_description":"Le support Grandhall Premium est le pendant du barbecue encastrable Premium G3. L'armoire inf\u00e9rieure se compose d'un corps noble en noir, dot\u00e9 d'une porte d'armoire \u00e0 un seul battant, qui supporte en toute s\u00e9curit\u00e9 le barbecue encastrable Premium G3. Dans l'armoire, tu as suffisamment d'espace de rangement pour une bouteille de gaz jusqu'\u00e0 11 kg. De plus, le soubassement dispose de deux \u00e9tag\u00e8res lat\u00e9rales qui te permettent de ranger tes accessoires de barbecue ou ta boisson fra\u00eeche pendant que tu grilles.Si une cuisine d'ext\u00e9rieur est trop rigide pour toi et que tu pr\u00e9f\u00e8res quelque chose d'un peu plus mobile, ce support est fait pour toi. En effet, tu peux man\u0153uvrer ton barbecue sans probl\u00e8me gr\u00e2ce aux 4 roues pivotantes. Deux roues peuvent \u00eatre bloqu\u00e9es, de sorte que le barbecue et le meuble bas restent bien en place et ne peuvent pas rouler de mani\u00e8re incontr\u00f4l\u00e9e.Traduit avec DeepL.com (version gratuite)Chariot de barbecue avec roulettes pivotantes pour barbecue encastrable Premium G3. Avec deux tablettes lat\u00e9rales. Place pour une bouteille de gaz jusqu'\u00e0 11kg. Avec porte d'armoire inf\u00e9rieure \u00e0 un battant","og_url":"https:\/\/www.grills-saveurs.ch\/fr\/produit\/support-grandhall-premium\/","og_site_name":"Grills et Saveurs","article_modified_time":"2024-06-01T18:56:58+00:00","og_image":[{"width":1280,"height":1280,"url":"https:\/\/www.grills-saveurs.ch\/fr\/wp-content\/uploads\/2024\/04\/grandhall-premium-untergestell-1_1920x1920.jpg","type":"image\/jpeg"}],"twitter_card":"summary_large_image","twitter_misc":{"Dur\u00e9e de lecture estim\u00e9e":"1 minute"},"schema":{"@context":"https:\/\/schema.org","@graph":[{"@type":"WebSite","@id":"https:\/\/www.grills-saveurs.ch\/fr\/#website","url":"https:\/\/www.grills-saveurs.ch\/fr\/","name":"Grills et Saveurs","description":"Barbecues, Grills, Planchas, Chemin\u00e9es jardin - Lausanne, Suisse Romande","potentialAction":[{"@type":"SearchAction","target":{"@type":"EntryPoint","urlTemplate":"https:\/\/www.grills-saveurs.ch\/fr\/?s={search_term_string}"},"query-input":"required name=search_term_string"}],"inLanguage":"fr-FR"},{"@type":"ImageObject","@id":"https:\/\/www.grills-saveurs.ch\/fr\/produit\/support-grandhall-premium\/#primaryimage","inLanguage":"fr-FR","url":"https:\/\/www.grills-saveurs.ch\/fr\/wp-content\/uploads\/2024\/04\/grandhall-premium-untergestell-1_1920x1920.jpg","contentUrl":"https:\/\/www.grills-saveurs.ch\/fr\/wp-content\/uploads\/2024\/04\/grandhall-premium-untergestell-1_1920x1920.jpg","width":1280,"height":1280},{"@type":"WebPage","@id":"https:\/\/www.grills-saveurs.ch\/fr\/produit\/support-grandhall-premium\/#webpage","url":"https:\/\/www.grills-saveurs.ch\/fr\/produit\/support-grandhall-premium\/","name":"Support Grandhall Premium - Grills et Saveurs","isPartOf":{"@id":"https:\/\/www.grills-saveurs.ch\/fr\/#website"},"primaryImageOfPage":{"@id":"https:\/\/www.grills-saveurs.ch\/fr\/produit\/support-grandhall-premium\/#primaryimage"},"datePublished":"2024-04-11T08:52:54+00:00","dateModified":"2024-06-01T18:56:58+00:00","description":"Le support Grandhall Premium est le pendant du barbecue encastrable Premium G3. L'armoire inf\u00e9rieure se compose d'un corps noble en noir, dot\u00e9 d'une porte d'armoire \u00e0 un seul battant, qui supporte en toute s\u00e9curit\u00e9 le barbecue encastrable Premium G3. Dans l'armoire, tu as suffisamment d'espace de rangement pour une bouteille de gaz jusqu'\u00e0 11 kg. De plus, le soubassement dispose de deux \u00e9tag\u00e8res lat\u00e9rales qui te permettent de ranger tes accessoires de barbecue ou ta boisson fra\u00eeche pendant que tu grilles.Si une cuisine d'ext\u00e9rieur est trop rigide pour toi et que tu pr\u00e9f\u00e8res quelque chose d'un peu plus mobile, ce support est fait pour toi. En effet, tu peux man\u0153uvrer ton barbecue sans probl\u00e8me gr\u00e2ce aux 4 roues pivotantes. Deux roues peuvent \u00eatre bloqu\u00e9es, de sorte que le barbecue et le meuble bas restent bien en place et ne peuvent pas rouler de mani\u00e8re incontr\u00f4l\u00e9e.Traduit avec DeepL.com (version gratuite)Chariot de barbecue avec roulettes pivotantes pour barbecue encastrable Premium G3. Avec deux tablettes lat\u00e9rales. Place pour une bouteille de gaz jusqu'\u00e0 11kg. Avec porte d'armoire inf\u00e9rieure \u00e0 un battant","breadcrumb":{"@id":"https:\/\/www.grills-saveurs.ch\/fr\/produit\/support-grandhall-premium\/#breadcrumb"},"inLanguage":"fr-FR","potentialAction":[{"@type":"ReadAction","target":["https:\/\/www.grills-saveurs.ch\/fr\/produit\/support-grandhall-premium\/"]}]},{"@type":"BreadcrumbList","@id":"https:\/\/www.grills-saveurs.ch\/fr\/produit\/support-grandhall-premium\/#breadcrumb","itemListElement":[{"@type":"ListItem","position":1,"name":"Accueil","item":"https:\/\/www.grills-saveurs.ch\/fr\/"},{"@type":"ListItem","position":2,"name":"Shop \/ Boutique","item":"https:\/\/www.grills-saveurs.ch\/fr\/boutique\/"},{"@type":"ListItem","position":3,"name":"Support Grandhall Premium"}]}]}},"_links":{"self":[{"href":"https:\/\/www.grills-saveurs.ch\/fr\/wp-json\/wp\/v2\/product\/9543"}],"collection":[{"href":"https:\/\/www.grills-saveurs.ch\/fr\/wp-json\/wp\/v2\/product"}],"about":[{"href":"https:\/\/www.grills-saveurs.ch\/fr\/wp-json\/wp\/v2\/types\/product"}],"wp:featuredmedia":[{"embeddable":true,"href":"https:\/\/www.grills-saveurs.ch\/fr\/wp-json\/wp\/v2\/media\/9544"}],"wp:attachment":[{"href":"https:\/\/www.grills-saveurs.ch\/fr\/wp-json\/wp\/v2\/media?parent=9543"}],"wp:term":[{"taxonomy":"product_cat","embeddable":true,"href":"https:\/\/www.grills-saveurs.ch\/fr\/wp-json\/wp\/v2\/product_cat?post=9543"},{"taxonomy":"product_tag","embeddable":true,"href":"https:\/\/www.grills-saveurs.ch\/fr\/wp-json\/wp\/v2\/product_tag?post=9543"}],"curies":[{"name":"wp","href":"https:\/\/api.w.org\/{rel}","templated":true}]}}