{"id":9736,"date":"2024-11-12T15:39:24","date_gmt":"2024-11-12T14:39:24","guid":{"rendered":"https:\/\/www.grills-saveurs.ch\/fr\/?post_type=product&#038;p=9736"},"modified":"2024-11-12T15:53:40","modified_gmt":"2024-11-12T14:53:40","slug":"pelle-ronde-a-pizza","status":"publish","type":"product","link":"https:\/\/www.grills-saveurs.ch\/fr\/produit\/pelle-ronde-a-pizza\/","title":{"rendered":"Pelle ronde \u00e0 pizza"},"content":{"rendered":"<p><strong>CARACT\u00c9RISTIQUES<\/strong><\/p>\n<ul>\n<li>Pelle en aluminium<\/li>\n<li>largeur :170mm<\/li>\n<li>profondeur : 805mm<\/li>\n<\/ul>\n<p>&nbsp;<\/p>\n<p>3380.03<\/p>\n","protected":false},"excerpt":{"rendered":"<p>La pelle \u00e0 pizza en aluminium ultra-mince est parfaite pour retourner votre four \u00e0 pizza afin qu&rsquo;elle cuise parfaitement.<\/p>\n","protected":false},"featured_media":9737,"template":"","meta":[],"product_cat":[233,236],"product_tag":[84],"yoast_head":"<!-- This site is optimized with the Yoast SEO plugin v18.2 - https:\/\/yoast.com\/wordpress\/plugins\/seo\/ -->\n<title>Pelle ronde \u00e0 pizza - Grills et Saveurs<\/title>\n<meta name=\"description\" content=\"La pelle \u00e0 pizza en aluminium ultra-mince est parfaite pour retourner votre four \u00e0 pizza afin qu&#039;elle cuise parfaitement.\" \/>\n<meta name=\"robots\" content=\"index, follow, max-snippet:-1, max-image-preview:large, max-video-preview:-1\" \/>\n<link rel=\"canonical\" href=\"https:\/\/www.grills-saveurs.ch\/fr\/produit\/pelle-ronde-a-pizza\/\" \/>\n<meta property=\"og:locale\" content=\"fr_FR\" \/>\n<meta property=\"og:type\" content=\"article\" \/>\n<meta property=\"og:title\" content=\"Pelle ronde \u00e0 pizza - Grills et Saveurs\" \/>\n<meta property=\"og:description\" content=\"La pelle \u00e0 pizza en aluminium ultra-mince est parfaite pour retourner votre four \u00e0 pizza afin qu&#039;elle cuise parfaitement.\" \/>\n<meta property=\"og:url\" content=\"https:\/\/www.grills-saveurs.ch\/fr\/produit\/pelle-ronde-a-pizza\/\" \/>\n<meta property=\"og:site_name\" content=\"Grills et Saveurs\" \/>\n<meta property=\"article:modified_time\" content=\"2024-11-12T14:53:40+00:00\" \/>\n<meta name=\"twitter:card\" content=\"summary_large_image\" \/>\n<meta name=\"twitter:image\" content=\"https:\/\/www.grills-saveurs.ch\/fr\/wp-content\/uploads\/2024\/11\/sfb9ax7o.bmp\" \/>\n<script type=\"application\/ld+json\" class=\"yoast-schema-graph\">{\"@context\":\"https:\/\/schema.org\",\"@graph\":[{\"@type\":\"WebSite\",\"@id\":\"https:\/\/www.grills-saveurs.ch\/fr\/#website\",\"url\":\"https:\/\/www.grills-saveurs.ch\/fr\/\",\"name\":\"Grills et Saveurs\",\"description\":\"Barbecues, Grills, Planchas, Chemin\u00e9es jardin - Lausanne, Suisse Romande\",\"potentialAction\":[{\"@type\":\"SearchAction\",\"target\":{\"@type\":\"EntryPoint\",\"urlTemplate\":\"https:\/\/www.grills-saveurs.ch\/fr\/?s={search_term_string}\"},\"query-input\":\"required name=search_term_string\"}],\"inLanguage\":\"fr-FR\"},{\"@type\":\"ImageObject\",\"@id\":\"https:\/\/www.grills-saveurs.ch\/fr\/produit\/pelle-ronde-a-pizza\/#primaryimage\",\"inLanguage\":\"fr-FR\",\"url\":\"https:\/\/www.grills-saveurs.ch\/fr\/wp-content\/uploads\/2024\/11\/sfb9ax7o.bmp\",\"contentUrl\":\"https:\/\/www.grills-saveurs.ch\/fr\/wp-content\/uploads\/2024\/11\/sfb9ax7o.bmp\",\"width\":1284,\"height\":1282},{\"@type\":\"WebPage\",\"@id\":\"https:\/\/www.grills-saveurs.ch\/fr\/produit\/pelle-ronde-a-pizza\/#webpage\",\"url\":\"https:\/\/www.grills-saveurs.ch\/fr\/produit\/pelle-ronde-a-pizza\/\",\"name\":\"Pelle ronde \u00e0 pizza - Grills et Saveurs\",\"isPartOf\":{\"@id\":\"https:\/\/www.grills-saveurs.ch\/fr\/#website\"},\"primaryImageOfPage\":{\"@id\":\"https:\/\/www.grills-saveurs.ch\/fr\/produit\/pelle-ronde-a-pizza\/#primaryimage\"},\"datePublished\":\"2024-11-12T14:39:24+00:00\",\"dateModified\":\"2024-11-12T14:53:40+00:00\",\"description\":\"La pelle \u00e0 pizza en aluminium ultra-mince est parfaite pour retourner votre four \u00e0 pizza afin qu'elle cuise parfaitement.\",\"breadcrumb\":{\"@id\":\"https:\/\/www.grills-saveurs.ch\/fr\/produit\/pelle-ronde-a-pizza\/#breadcrumb\"},\"inLanguage\":\"fr-FR\",\"potentialAction\":[{\"@type\":\"ReadAction\",\"target\":[\"https:\/\/www.grills-saveurs.ch\/fr\/produit\/pelle-ronde-a-pizza\/\"]}]},{\"@type\":\"BreadcrumbList\",\"@id\":\"https:\/\/www.grills-saveurs.ch\/fr\/produit\/pelle-ronde-a-pizza\/#breadcrumb\",\"itemListElement\":[{\"@type\":\"ListItem\",\"position\":1,\"name\":\"Accueil\",\"item\":\"https:\/\/www.grills-saveurs.ch\/fr\/\"},{\"@type\":\"ListItem\",\"position\":2,\"name\":\"Shop \/ Boutique\",\"item\":\"https:\/\/www.grills-saveurs.ch\/fr\/boutique\/\"},{\"@type\":\"ListItem\",\"position\":3,\"name\":\"Pelle ronde \u00e0 pizza\"}]}]}<\/script>\n<!-- \/ Yoast SEO plugin. -->","yoast_head_json":{"title":"Pelle ronde \u00e0 pizza - Grills et Saveurs","description":"La pelle \u00e0 pizza en aluminium ultra-mince est parfaite pour retourner votre four \u00e0 pizza afin qu'elle cuise parfaitement.","robots":{"index":"index","follow":"follow","max-snippet":"max-snippet:-1","max-image-preview":"max-image-preview:large","max-video-preview":"max-video-preview:-1"},"canonical":"https:\/\/www.grills-saveurs.ch\/fr\/produit\/pelle-ronde-a-pizza\/","og_locale":"fr_FR","og_type":"article","og_title":"Pelle ronde \u00e0 pizza - Grills et Saveurs","og_description":"La pelle \u00e0 pizza en aluminium ultra-mince est parfaite pour retourner votre four \u00e0 pizza afin qu'elle cuise parfaitement.","og_url":"https:\/\/www.grills-saveurs.ch\/fr\/produit\/pelle-ronde-a-pizza\/","og_site_name":"Grills et Saveurs","article_modified_time":"2024-11-12T14:53:40+00:00","twitter_card":"summary_large_image","twitter_image":"https:\/\/www.grills-saveurs.ch\/fr\/wp-content\/uploads\/2024\/11\/sfb9ax7o.bmp","schema":{"@context":"https:\/\/schema.org","@graph":[{"@type":"WebSite","@id":"https:\/\/www.grills-saveurs.ch\/fr\/#website","url":"https:\/\/www.grills-saveurs.ch\/fr\/","name":"Grills et Saveurs","description":"Barbecues, Grills, Planchas, Chemin\u00e9es jardin - Lausanne, Suisse Romande","potentialAction":[{"@type":"SearchAction","target":{"@type":"EntryPoint","urlTemplate":"https:\/\/www.grills-saveurs.ch\/fr\/?s={search_term_string}"},"query-input":"required name=search_term_string"}],"inLanguage":"fr-FR"},{"@type":"ImageObject","@id":"https:\/\/www.grills-saveurs.ch\/fr\/produit\/pelle-ronde-a-pizza\/#primaryimage","inLanguage":"fr-FR","url":"https:\/\/www.grills-saveurs.ch\/fr\/wp-content\/uploads\/2024\/11\/sfb9ax7o.bmp","contentUrl":"https:\/\/www.grills-saveurs.ch\/fr\/wp-content\/uploads\/2024\/11\/sfb9ax7o.bmp","width":1284,"height":1282},{"@type":"WebPage","@id":"https:\/\/www.grills-saveurs.ch\/fr\/produit\/pelle-ronde-a-pizza\/#webpage","url":"https:\/\/www.grills-saveurs.ch\/fr\/produit\/pelle-ronde-a-pizza\/","name":"Pelle ronde \u00e0 pizza - Grills et Saveurs","isPartOf":{"@id":"https:\/\/www.grills-saveurs.ch\/fr\/#website"},"primaryImageOfPage":{"@id":"https:\/\/www.grills-saveurs.ch\/fr\/produit\/pelle-ronde-a-pizza\/#primaryimage"},"datePublished":"2024-11-12T14:39:24+00:00","dateModified":"2024-11-12T14:53:40+00:00","description":"La pelle \u00e0 pizza en aluminium ultra-mince est parfaite pour retourner votre four \u00e0 pizza afin qu'elle cuise parfaitement.","breadcrumb":{"@id":"https:\/\/www.grills-saveurs.ch\/fr\/produit\/pelle-ronde-a-pizza\/#breadcrumb"},"inLanguage":"fr-FR","potentialAction":[{"@type":"ReadAction","target":["https:\/\/www.grills-saveurs.ch\/fr\/produit\/pelle-ronde-a-pizza\/"]}]},{"@type":"BreadcrumbList","@id":"https:\/\/www.grills-saveurs.ch\/fr\/produit\/pelle-ronde-a-pizza\/#breadcrumb","itemListElement":[{"@type":"ListItem","position":1,"name":"Accueil","item":"https:\/\/www.grills-saveurs.ch\/fr\/"},{"@type":"ListItem","position":2,"name":"Shop \/ Boutique","item":"https:\/\/www.grills-saveurs.ch\/fr\/boutique\/"},{"@type":"ListItem","position":3,"name":"Pelle ronde \u00e0 pizza"}]}]}},"_links":{"self":[{"href":"https:\/\/www.grills-saveurs.ch\/fr\/wp-json\/wp\/v2\/product\/9736"}],"collection":[{"href":"https:\/\/www.grills-saveurs.ch\/fr\/wp-json\/wp\/v2\/product"}],"about":[{"href":"https:\/\/www.grills-saveurs.ch\/fr\/wp-json\/wp\/v2\/types\/product"}],"wp:featuredmedia":[{"embeddable":true,"href":"https:\/\/www.grills-saveurs.ch\/fr\/wp-json\/wp\/v2\/media\/9737"}],"wp:attachment":[{"href":"https:\/\/www.grills-saveurs.ch\/fr\/wp-json\/wp\/v2\/media?parent=9736"}],"wp:term":[{"taxonomy":"product_cat","embeddable":true,"href":"https:\/\/www.grills-saveurs.ch\/fr\/wp-json\/wp\/v2\/product_cat?post=9736"},{"taxonomy":"product_tag","embeddable":true,"href":"https:\/\/www.grills-saveurs.ch\/fr\/wp-json\/wp\/v2\/product_tag?post=9736"}],"curies":[{"name":"wp","href":"https:\/\/api.w.org\/{rel}","templated":true}]}}